{"id":9757,"date":"2022-09-12T14:36:27","date_gmt":"2022-09-12T12:36:27","guid":{"rendered":"https:\/\/agora.xtec.cat\/escola-santroc\/?page_id=9757"},"modified":"2022-09-15T15:17:40","modified_gmt":"2022-09-15T13:17:40","slug":"estrategia-digitau","status":"publish","type":"page","link":"https:\/\/agora.xtec.cat\/escola-santroc\/lescola\/comissions\/estrategia-digitau\/","title":{"rendered":"Estrat\u00e8gia digitau"},"content":{"rendered":"<p>Ei era encargada de<strong> definir e implementar era estrat\u00e9gia que v\u00f2 seguir era esc\u00f2la en relacion damb es tecnologies digitaus<\/strong>, damb er objectiu qu\u2019er alumnat, es m\u00e8stres e eth centre artenhen eth niv\u00e8u m\u00e8s naut possible de maduresa e compet\u00e9ncia digitau des d\u2019ua prespectiva d\u2019innovacion e de milhora contunha.<\/p>\n<p><a href=\"https:\/\/sites.google.com\/view\/escolasantroc-bossost\/estrategia-digitau-de-centre\">SITES EDC<\/a><\/p>\n","protected":false},"excerpt":{"rendered":"<p>Ei era encargada de definir e implementar era estrat\u00e9gia que v\u00f2 seguir era esc\u00f2la en relacion damb es tecnologies digitaus, damb er objectiu qu\u2019er alumnat, es m\u00e8stres e eth centre artenhen eth niv\u00e8u m\u00e8s naut possible de maduresa e compet\u00e9ncia digitau des d\u2019ua prespectiva d\u2019innovacion&hellip;  <a href=\"https:\/\/agora.xtec.cat\/escola-santroc\/lescola\/comissions\/estrategia-digitau\/\" title=\"Read Estrat\u00e8gia digitau\">Llegeix m\u00e9s\u00bb<\/a><\/p>\n","protected":false},"author":1,"featured_media":0,"parent":9750,"menu_order":40,"comment_status":"closed","ping_status":"closed","template":"page-templates\/side-menu.php","meta":{"_bbp_topic_count":0,"_bbp_reply_count":0,"_bbp_total_topic_count":0,"_bbp_total_reply_count":0,"_bbp_voice_count":0,"_bbp_anonymous_reply_count":0,"_bbp_topic_count_hidden":0,"_bbp_reply_count_hidden":0,"_bbp_forum_subforum_count":0,"footnotes":""},"class_list":["post-9757","page","type-page","status-publish","hentry"],"post_mailing_queue_ids":[],"_links":{"self":[{"href":"https:\/\/agora.xtec.cat\/escola-santroc\/wp-json\/wp\/v2\/pages\/9757","targetHints":{"allow":["GET"]}}],"collection":[{"href":"https:\/\/agora.xtec.cat\/escola-santroc\/wp-json\/wp\/v2\/pages"}],"about":[{"href":"https:\/\/agora.xtec.cat\/escola-santroc\/wp-json\/wp\/v2\/types\/page"}],"author":[{"embeddable":true,"href":"https:\/\/agora.xtec.cat\/escola-santroc\/wp-json\/wp\/v2\/users\/1"}],"replies":[{"embeddable":true,"href":"https:\/\/agora.xtec.cat\/escola-santroc\/wp-json\/wp\/v2\/comments?post=9757"}],"version-history":[{"count":3,"href":"https:\/\/agora.xtec.cat\/escola-santroc\/wp-json\/wp\/v2\/pages\/9757\/revisions"}],"predecessor-version":[{"id":9861,"href":"https:\/\/agora.xtec.cat\/escola-santroc\/wp-json\/wp\/v2\/pages\/9757\/revisions\/9861"}],"up":[{"embeddable":true,"href":"https:\/\/agora.xtec.cat\/escola-santroc\/wp-json\/wp\/v2\/pages\/9750"}],"wp:attachment":[{"href":"https:\/\/agora.xtec.cat\/escola-santroc\/wp-json\/wp\/v2\/media?parent=9757"}],"curies":[{"name":"wp","href":"https:\/\/api.w.org\/{rel}","templated":true}]}}