{"id":9756,"date":"2022-09-12T14:36:27","date_gmt":"2022-09-12T12:36:27","guid":{"rendered":"https:\/\/agora.xtec.cat\/escola-santroc\/?page_id=9756"},"modified":"2022-09-15T14:02:24","modified_gmt":"2022-09-15T12:02:24","slug":"biblioteca","status":"publish","type":"page","link":"https:\/\/agora.xtec.cat\/escola-santroc\/lescola\/comissions\/biblioteca\/","title":{"rendered":"Bibliot\u00e8ca"},"content":{"rendered":"<p>Era Comission de bibliot\u00e8ca ei era encargada d\u2019<strong>organizar, dinamizar e prom\u00f2ir eth gust pera lectura en centre<\/strong>, tan dera mainad\u00e8ra coma des adults.<\/p>\n<p>Ei ua comission mixta, compausada per tres m\u00e8stres e dues representantes des familhes.<\/p>\n<p>Era esc\u00f2la a consolidat era implementacion des <strong>Itineraris Lectors<\/strong>, en tota era prim\u00e0ria, damb era finalitat de desvolupar eth gust pera lectura e ajudar ar escolanat a definir eth s\u00f2n pr\u00f2pri perfil lector. Es itinieraris aufrissen tres grads de dificultat, a on es alumnes p\u00f2den escu\u00e9lher eth tipe de lectura e g\u00e8nre\u00a0 segontes eth s\u00f2n niv\u00e8u lector.<\/p>\n<p><a href=\"https:\/\/agora.xtec.cat\/escola-santroc\/categoria\/biblioteca\/\">BL\u00d2G DERA BIBLIOT\u00c8CA<\/a><\/p>\n","protected":false},"excerpt":{"rendered":"<p>Era Comission de bibliot\u00e8ca ei era encargada d\u2019organizar, dinamizar e prom\u00f2ir eth gust pera lectura en centre, tan dera mainad\u00e8ra coma des adults.<br \/>\nEi ua comission mixta, compausada per tres m\u00e8stres e dues representantes des familhes.<br \/>\nEra esc\u00f2la a consolidat era implementacion des Itineraris Lectors, en tota&hellip;  <a href=\"https:\/\/agora.xtec.cat\/escola-santroc\/lescola\/comissions\/biblioteca\/\" title=\"Read Bibliot\u00e8ca\">Llegeix m\u00e9s\u00bb<\/a><\/p>\n","protected":false},"author":1,"featured_media":0,"parent":9750,"menu_order":30,"comment_status":"closed","ping_status":"closed","template":"page-templates\/side-menu.php","meta":{"_bbp_topic_count":0,"_bbp_reply_count":0,"_bbp_total_topic_count":0,"_bbp_total_reply_count":0,"_bbp_voice_count":0,"_bbp_anonymous_reply_count":0,"_bbp_topic_count_hidden":0,"_bbp_reply_count_hidden":0,"_bbp_forum_subforum_count":0,"footnotes":""},"class_list":["post-9756","page","type-page","status-publish","hentry"],"post_mailing_queue_ids":[],"_links":{"self":[{"href":"https:\/\/agora.xtec.cat\/escola-santroc\/wp-json\/wp\/v2\/pages\/9756","targetHints":{"allow":["GET"]}}],"collection":[{"href":"https:\/\/agora.xtec.cat\/escola-santroc\/wp-json\/wp\/v2\/pages"}],"about":[{"href":"https:\/\/agora.xtec.cat\/escola-santroc\/wp-json\/wp\/v2\/types\/page"}],"author":[{"embeddable":true,"href":"https:\/\/agora.xtec.cat\/escola-santroc\/wp-json\/wp\/v2\/users\/1"}],"replies":[{"embeddable":true,"href":"https:\/\/agora.xtec.cat\/escola-santroc\/wp-json\/wp\/v2\/comments?post=9756"}],"version-history":[{"count":4,"href":"https:\/\/agora.xtec.cat\/escola-santroc\/wp-json\/wp\/v2\/pages\/9756\/revisions"}],"predecessor-version":[{"id":9857,"href":"https:\/\/agora.xtec.cat\/escola-santroc\/wp-json\/wp\/v2\/pages\/9756\/revisions\/9857"}],"up":[{"embeddable":true,"href":"https:\/\/agora.xtec.cat\/escola-santroc\/wp-json\/wp\/v2\/pages\/9750"}],"wp:attachment":[{"href":"https:\/\/agora.xtec.cat\/escola-santroc\/wp-json\/wp\/v2\/media?parent=9756"}],"curies":[{"name":"wp","href":"https:\/\/api.w.org\/{rel}","templated":true}]}}