{"id":9755,"date":"2022-09-12T14:36:27","date_gmt":"2022-09-12T12:36:27","guid":{"rendered":"https:\/\/agora.xtec.cat\/escola-santroc\/?page_id=9755"},"modified":"2022-09-15T09:56:22","modified_gmt":"2022-09-15T07:56:22","slug":"activa-2","status":"publish","type":"page","link":"https:\/\/agora.xtec.cat\/escola-santroc\/lescola\/comissions\/activa-2\/","title":{"rendered":"Activa"},"content":{"rendered":"<p>Aguesta comission a coma <strong>objectiu organizar, dinamizar, h\u00e8r difosion des campanhes sensibilizadores e es h\u00e8stes dera esc\u00f2la en tot includir era votz der escolanat<\/strong>, a compdar des assemblades des infants.<\/p>\n<p>Ei ua comission mixta, compausada per tres m\u00e8stres e dues representantes des familhes.<\/p>\n","protected":false},"excerpt":{"rendered":"<p>Aguesta comission a coma objectiu organizar, dinamizar, h\u00e8r difosion des campanhes sensibilizadores e es h\u00e8stes dera esc\u00f2la en tot includir era votz der escolanat, a compdar des assemblades des infants.<br \/>\nEi ua comission mixta, compausada per tres m\u00e8stres e dues representantes des familhes.<\/p>\n","protected":false},"author":1,"featured_media":0,"parent":9750,"menu_order":20,"comment_status":"closed","ping_status":"closed","template":"page-templates\/side-menu.php","meta":{"_bbp_topic_count":0,"_bbp_reply_count":0,"_bbp_total_topic_count":0,"_bbp_total_reply_count":0,"_bbp_voice_count":0,"_bbp_anonymous_reply_count":0,"_bbp_topic_count_hidden":0,"_bbp_reply_count_hidden":0,"_bbp_forum_subforum_count":0,"footnotes":""},"class_list":["post-9755","page","type-page","status-publish","hentry"],"post_mailing_queue_ids":[],"_links":{"self":[{"href":"https:\/\/agora.xtec.cat\/escola-santroc\/wp-json\/wp\/v2\/pages\/9755","targetHints":{"allow":["GET"]}}],"collection":[{"href":"https:\/\/agora.xtec.cat\/escola-santroc\/wp-json\/wp\/v2\/pages"}],"about":[{"href":"https:\/\/agora.xtec.cat\/escola-santroc\/wp-json\/wp\/v2\/types\/page"}],"author":[{"embeddable":true,"href":"https:\/\/agora.xtec.cat\/escola-santroc\/wp-json\/wp\/v2\/users\/1"}],"replies":[{"embeddable":true,"href":"https:\/\/agora.xtec.cat\/escola-santroc\/wp-json\/wp\/v2\/comments?post=9755"}],"version-history":[{"count":3,"href":"https:\/\/agora.xtec.cat\/escola-santroc\/wp-json\/wp\/v2\/pages\/9755\/revisions"}],"predecessor-version":[{"id":9842,"href":"https:\/\/agora.xtec.cat\/escola-santroc\/wp-json\/wp\/v2\/pages\/9755\/revisions\/9842"}],"up":[{"embeddable":true,"href":"https:\/\/agora.xtec.cat\/escola-santroc\/wp-json\/wp\/v2\/pages\/9750"}],"wp:attachment":[{"href":"https:\/\/agora.xtec.cat\/escola-santroc\/wp-json\/wp\/v2\/media?parent=9755"}],"curies":[{"name":"wp","href":"https:\/\/api.w.org\/{rel}","templated":true}]}}