{"id":9754,"date":"2022-09-12T14:36:27","date_gmt":"2022-09-12T12:36:27","guid":{"rendered":"https:\/\/agora.xtec.cat\/escola-santroc\/?page_id=9754"},"modified":"2022-09-15T14:01:15","modified_gmt":"2022-09-15T12:01:15","slug":"escola-verda","status":"publish","type":"page","link":"https:\/\/agora.xtec.cat\/escola-santroc\/lescola\/comissions\/escola-verda\/","title":{"rendered":"Esc\u00f2la Verda"},"content":{"rendered":"<p>Era esc\u00f2la recebec eth distintiu d\u2019Esc\u00f2la Verda dera Generalitat de Catalonha.<\/p>\n<p>Era Comission Mixta d\u2019Esc\u00f2la Verda ei compausada peth director, dues m\u00e8stres e dus representants des familhes. Tanben, auem creat eth Comit\u00e8 Ambientau format per representants des m\u00e8stres, familhes, alumnes e eth director.\u00a0 Es dus organismes son es encargadi d\u2019amiar tot un seguit d\u2019accions entara proteccion deth n\u00f2ste entorn e\u00a0 era sensibilizacion ambientau dera mainad\u00e8ra. Eth programa includ\u00eds, entre d\u2019autes accions, agents verds en toti es corsi, creacion d\u2019un uart escolar, recuelhuda selectiva de residus,&#8230;<\/p>\n<p>Damb er <strong>objectiu finau d\u2019art\u00e9nher qu\u2019era Esc\u00f2la Verda sigue ua filosofia de centre<\/strong> present en toti es encastres dera vidada vidanta d\u2019aguest.<\/p>\n<p><a href=\"https:\/\/agora.xtec.cat\/escola-santroc\/categoria\/escola-verda\/\">BL\u00d2G ESC\u00d2LA VERDA<\/a><\/p>\n","protected":false},"excerpt":{"rendered":"<p>Era esc\u00f2la recebec eth distintiu d\u2019Esc\u00f2la Verda dera Generalitat de Catalonha.<br \/>\nEra Comission Mixta d\u2019Esc\u00f2la Verda ei compausada peth director, dues m\u00e8stres e dus representants des familhes. Tanben, auem creat eth Comit\u00e8 Ambientau format per representants des m\u00e8stres, familhes, alumnes e eth director.\u00a0 Es dus organismes&hellip;  <a href=\"https:\/\/agora.xtec.cat\/escola-santroc\/lescola\/comissions\/escola-verda\/\" title=\"Read Esc\u00f2la Verda\">Llegeix m\u00e9s\u00bb<\/a><\/p>\n","protected":false},"author":1,"featured_media":0,"parent":9750,"menu_order":10,"comment_status":"closed","ping_status":"closed","template":"page-templates\/side-menu.php","meta":{"_bbp_topic_count":0,"_bbp_reply_count":0,"_bbp_total_topic_count":0,"_bbp_total_reply_count":0,"_bbp_voice_count":0,"_bbp_anonymous_reply_count":0,"_bbp_topic_count_hidden":0,"_bbp_reply_count_hidden":0,"_bbp_forum_subforum_count":0,"footnotes":""},"class_list":["post-9754","page","type-page","status-publish","hentry"],"post_mailing_queue_ids":[],"_links":{"self":[{"href":"https:\/\/agora.xtec.cat\/escola-santroc\/wp-json\/wp\/v2\/pages\/9754","targetHints":{"allow":["GET"]}}],"collection":[{"href":"https:\/\/agora.xtec.cat\/escola-santroc\/wp-json\/wp\/v2\/pages"}],"about":[{"href":"https:\/\/agora.xtec.cat\/escola-santroc\/wp-json\/wp\/v2\/types\/page"}],"author":[{"embeddable":true,"href":"https:\/\/agora.xtec.cat\/escola-santroc\/wp-json\/wp\/v2\/users\/1"}],"replies":[{"embeddable":true,"href":"https:\/\/agora.xtec.cat\/escola-santroc\/wp-json\/wp\/v2\/comments?post=9754"}],"version-history":[{"count":4,"href":"https:\/\/agora.xtec.cat\/escola-santroc\/wp-json\/wp\/v2\/pages\/9754\/revisions"}],"predecessor-version":[{"id":9856,"href":"https:\/\/agora.xtec.cat\/escola-santroc\/wp-json\/wp\/v2\/pages\/9754\/revisions\/9856"}],"up":[{"embeddable":true,"href":"https:\/\/agora.xtec.cat\/escola-santroc\/wp-json\/wp\/v2\/pages\/9750"}],"wp:attachment":[{"href":"https:\/\/agora.xtec.cat\/escola-santroc\/wp-json\/wp\/v2\/media?parent=9754"}],"curies":[{"name":"wp","href":"https:\/\/api.w.org\/{rel}","templated":true}]}}