{"id":8820,"date":"2021-09-06T10:54:44","date_gmt":"2021-09-06T08:54:44","guid":{"rendered":"https:\/\/agora.xtec.cat\/escola-santroc\/?page_id=8820"},"modified":"2022-09-15T18:22:13","modified_gmt":"2022-09-15T16:22:13","slug":"steam","status":"publish","type":"page","link":"https:\/\/agora.xtec.cat\/escola-santroc\/que-hem\/projectes-e-plans\/steam\/","title":{"rendered":"STEAM"},"content":{"rendered":"<p>Eth centre, damb eth nau proj\u00e8cte de direccion, participe en <strong>Programa d&#8217;Innovacion STEAM<\/strong>. Aguesta participacion supause un comprom\u00eds per part dera esc\u00f2la en quan a formacion deth clautre, oganizacion e gesion pedagogica. Eth programa a ua durada de 4 ans, damb un acompanhament per part deth Departament d&#8217;Eduacacion eth quau aufr\u00eds ua mentoria as centres que i participen.<\/p>\n<p>Definim es STEAM com er art d&#8217;apr\u00e9ner sci\u00e9ncia e consist\u00eds en desvolupar era vocacion scientifica der escolanat damb era ajuda dera tecnologia, es matematiques, era enginheria e er art de forma integrada per miei de proj\u00e8ctes e reptes globaus e transversaus. Aguesti proj\u00e8ctes\/r\u00e8ptes se desvolupar\u00e0n gr\u00e0cies as metodolofies actives coma ara\u00a0 situacions d&#8217;aprendissatges funcionaus e contextualizades, adaptades as escolans e escolanes ent\u00e0 que poguen dar responsa as besonhs deth s.XXI.<\/p>\n<p>&nbsp;<\/p>\n<p>&nbsp;<\/p>\n","protected":false},"excerpt":{"rendered":"<p>Eth centre, damb eth nau proj\u00e8cte de direccion, participe en Programa d&#8217;Innovacion STEAM. Aguesta participacion supause un comprom\u00eds per part dera esc\u00f2la en quan a formacion deth clautre, oganizacion e gesion pedagogica. Eth programa a ua durada de 4 ans, damb un acompanhament per part&hellip;  <a href=\"https:\/\/agora.xtec.cat\/escola-santroc\/que-hem\/projectes-e-plans\/steam\/\" title=\"Read STEAM\">Llegeix m\u00e9s\u00bb<\/a><\/p>\n","protected":false},"author":1,"featured_media":0,"parent":1261,"menu_order":10,"comment_status":"closed","ping_status":"closed","template":"page-templates\/side-menu.php","meta":{"_bbp_topic_count":0,"_bbp_reply_count":0,"_bbp_total_topic_count":0,"_bbp_total_reply_count":0,"_bbp_voice_count":0,"_bbp_anonymous_reply_count":0,"_bbp_topic_count_hidden":0,"_bbp_reply_count_hidden":0,"_bbp_forum_subforum_count":0,"footnotes":""},"class_list":["post-8820","page","type-page","status-publish","hentry"],"post_mailing_queue_ids":[],"_links":{"self":[{"href":"https:\/\/agora.xtec.cat\/escola-santroc\/wp-json\/wp\/v2\/pages\/8820","targetHints":{"allow":["GET"]}}],"collection":[{"href":"https:\/\/agora.xtec.cat\/escola-santroc\/wp-json\/wp\/v2\/pages"}],"about":[{"href":"https:\/\/agora.xtec.cat\/escola-santroc\/wp-json\/wp\/v2\/types\/page"}],"author":[{"embeddable":true,"href":"https:\/\/agora.xtec.cat\/escola-santroc\/wp-json\/wp\/v2\/users\/1"}],"replies":[{"embeddable":true,"href":"https:\/\/agora.xtec.cat\/escola-santroc\/wp-json\/wp\/v2\/comments?post=8820"}],"version-history":[{"count":3,"href":"https:\/\/agora.xtec.cat\/escola-santroc\/wp-json\/wp\/v2\/pages\/8820\/revisions"}],"predecessor-version":[{"id":9881,"href":"https:\/\/agora.xtec.cat\/escola-santroc\/wp-json\/wp\/v2\/pages\/8820\/revisions\/9881"}],"up":[{"embeddable":true,"href":"https:\/\/agora.xtec.cat\/escola-santroc\/wp-json\/wp\/v2\/pages\/1261"}],"wp:attachment":[{"href":"https:\/\/agora.xtec.cat\/escola-santroc\/wp-json\/wp\/v2\/media?parent=8820"}],"curies":[{"name":"wp","href":"https:\/\/api.w.org\/{rel}","templated":true}]}}