{"id":64,"date":"2014-09-18T12:39:08","date_gmt":"2014-09-18T11:39:08","guid":{"rendered":"http:\/\/agora.xtec.cat\/escola-santroc\/?page_id=64"},"modified":"2022-09-12T18:22:08","modified_gmt":"2022-09-12T16:22:08","slug":"documents-centre","status":"publish","type":"page","link":"https:\/\/agora.xtec.cat\/escola-santroc\/que-hem\/documents-centre\/","title":{"rendered":"Documents de centre"},"content":{"rendered":"<p>En aguest espaci poderatz trapar enlaci dir\u00e8ctes des n\u00f2sti documents de centre qu&#8217;expliquen e planifiquen eth n\u00f2ste trabalh, objectius e normes.<\/p>\n<ul style=\"list-style-type: disc;\">\n<li><a href=\"https:\/\/agora.xtec.cat\/escola-santroc\/docs\/projecte-educatiu-de-centre-pec\/\">PEC<\/a>: Proj\u00e8cte Educatiu de Centre. Document principau dera mn\u00f2sta esc\u00f2la a on se definissen es tr\u00e8ts caracteristics e identitaris deth centre.<\/li>\n<li><a href=\"https:\/\/agora.xtec.cat\/escola-santroc\/docs\/nofc-sant-roc\/\">NOFC<\/a>: Normes de Foncionament e Organizacion de Centre<\/li>\n<li><a href=\"https:\/\/agora.xtec.cat\/escola-santroc\/docs\/projecte-linguistic\/\">PLC:<\/a> Proj\u00e8cte Ling\u00fcistic<\/li>\n<li><a href=\"https:\/\/agora.xtec.cat\/escola-santroc\/docs\/carta-de-compromis\/\">Carta de Comprom\u00eds<\/a><\/li>\n<li><a href=\"https:\/\/agora.xtec.cat\/escola-santroc\/docs\/projecte-de-convivencia\/\">Proj\u00e8cte de Conviv\u00e9ncia<\/a><\/li>\n<\/ul>\n<p>&nbsp;<\/p>\n","protected":false},"excerpt":{"rendered":"<p>En aguest espaci poderatz trapar enlaci dir\u00e8ctes des n\u00f2sti documents de centre qu&#8217;expliquen e planifiquen eth n\u00f2ste trabalh, objectius e normes.<\/p>\n<ul style=\"list-style-type: disc;\">\n<li><a href=\"https:\/\/agora.xtec.cat\/escola-santroc\/docs\/projecte-educatiu-de-centre-pec\/\">PEC<\/a>: Proj\u00e8cte Educatiu de Centre. Document principau dera mn\u00f2sta esc\u00f2la a on se definissen es tr\u00e8ts caracteristics e identitaris deth centre.<\/li>\n<li><a href=\"https:\/\/agora.xtec.cat\/escola-santroc\/docs\/nofc-sant-roc\/\">NOFC<\/a>:&hellip;  <a href=\"https:\/\/agora.xtec.cat\/escola-santroc\/que-hem\/documents-centre\/\" title=\"Read Documents de centre\">Llegeix m\u00e9s\u00bb<\/a><br \/>\n","protected":false},"author":1,"featured_media":0,"parent":9778,"menu_order":10,"comment_status":"closed","ping_status":"closed","template":"page-templates\/side-menu.php","meta":{"_bbp_topic_count":0,"_bbp_reply_count":0,"_bbp_total_topic_count":0,"_bbp_total_reply_count":0,"_bbp_voice_count":0,"_bbp_anonymous_reply_count":0,"_bbp_topic_count_hidden":0,"_bbp_reply_count_hidden":0,"_bbp_forum_subforum_count":0,"footnotes":""},"class_list":["post-64","page","type-page","status-publish","hentry"],"post_mailing_queue_ids":[],"_links":{"self":[{"href":"https:\/\/agora.xtec.cat\/escola-santroc\/wp-json\/wp\/v2\/pages\/64","targetHints":{"allow":["GET"]}}],"collection":[{"href":"https:\/\/agora.xtec.cat\/escola-santroc\/wp-json\/wp\/v2\/pages"}],"about":[{"href":"https:\/\/agora.xtec.cat\/escola-santroc\/wp-json\/wp\/v2\/types\/page"}],"author":[{"embeddable":true,"href":"https:\/\/agora.xtec.cat\/escola-santroc\/wp-json\/wp\/v2\/users\/1"}],"replies":[{"embeddable":true,"href":"https:\/\/agora.xtec.cat\/escola-santroc\/wp-json\/wp\/v2\/comments?post=64"}],"version-history":[{"count":4,"href":"https:\/\/agora.xtec.cat\/escola-santroc\/wp-json\/wp\/v2\/pages\/64\/revisions"}],"predecessor-version":[{"id":9738,"href":"https:\/\/agora.xtec.cat\/escola-santroc\/wp-json\/wp\/v2\/pages\/64\/revisions\/9738"}],"up":[{"embeddable":true,"href":"https:\/\/agora.xtec.cat\/escola-santroc\/wp-json\/wp\/v2\/pages\/9778"}],"wp:attachment":[{"href":"https:\/\/agora.xtec.cat\/escola-santroc\/wp-json\/wp\/v2\/media?parent=64"}],"curies":[{"name":"wp","href":"https:\/\/api.w.org\/{rel}","templated":true}]}}