{"id":4282,"date":"2019-09-13T12:03:35","date_gmt":"2019-09-13T10:03:35","guid":{"rendered":"http:\/\/agora.xtec.cat\/escola-santroc\/?page_id=4282"},"modified":"2022-09-12T19:09:51","modified_gmt":"2022-09-12T17:09:51","slug":"apairinam-eth-noste-patrimoni","status":"publish","type":"page","link":"https:\/\/agora.xtec.cat\/escola-santroc\/que-hem\/projectes-e-plans\/apairinam-eth-noste-patrimoni\/","title":{"rendered":"Apairinam eth n\u00f2ste patrim\u00f2ni"},"content":{"rendered":"<p>Eth coneishement deth patrim\u00f2ni locau des d\u2019un punt de vista istoric, artistic, culturau, naturau e scientific ei important t\u00e0 fomentar era implicacion des escolans en territ\u00f2ri e ena societat. Eth programa\u00a0<strong>Apairinam eth n\u00f2ste patrim\u00f2ni<\/strong>\u00a0ei basat ena idia der apairinament per part d\u2019un centre educatiu d\u2019un element deth patrim\u00f2ni monumentau, culturau, immateriau o naturau.<\/p>\n<p>Aguest proj\u00e8cte ei portat a t\u00e8rme de forma coordinada damb es auti centres dera Val d&#8217;Aran i coordinada peth Centre de Recorsi dera Val d&#8217;Aran<\/p>\n<p><a href=\"http:\/\/xtec.gencat.cat\/ca\/projectes\/apadrinemnostrepatrimoni\/centresparticipants\/\">Centres participants<\/a><\/p>\n<p><a href=\"http:\/\/xtec.gencat.cat\/ca\/projectes\/apadrinemnostrepatrimoni\/elementsapadrinats\/\">Mapa d&#8217;elements apairinats<\/a><\/p>\n<p>Elements apairinadi pera esc\u00f2la Sant R\u00f2c:<\/p>\n<p><em><strong><span style=\"color: #800080;\">Cors 2014-15 Gl\u00e9isa dera Purificacion de Boss\u00f2st<\/span><\/strong><\/em><\/p>\n<p><em><strong><span style=\"color: #800080;\">Cors 2015-16 Er Armari des sies claus<\/span><\/strong><\/em><\/p>\n<p><em><strong><span style=\"color: #800080;\">Cors 2016-17 Camin Reiau I<\/span><\/strong><\/em><\/p>\n<p><em><strong><span style=\"color: #800080;\">Cors 2017-18 Camin Reiau II<\/span><\/strong><\/em><\/p>\n<p><em><strong><span style=\"color: #800080;\">Cors 2018-19 Archiu Istoric dera Val d&#8217;Aran<\/span><\/strong><\/em><\/p>\n<p><em><strong><span style=\"color: #800080;\">Cors 2019-20 Arriu Garona<\/span><\/strong><\/em><\/p>\n<p>&nbsp;<\/p>\n","protected":false},"excerpt":{"rendered":"<p>Eth coneishement deth patrim\u00f2ni locau des d\u2019un punt de vista istoric, artistic, culturau, naturau e scientific ei important t\u00e0 fomentar era implicacion des escolans en territ\u00f2ri e ena societat. Eth programa\u00a0Apairinam eth n\u00f2ste patrim\u00f2ni\u00a0ei basat ena idia der apairinament per part d\u2019un centre educatiu d\u2019un&hellip;  <a href=\"https:\/\/agora.xtec.cat\/escola-santroc\/que-hem\/projectes-e-plans\/apairinam-eth-noste-patrimoni\/\" title=\"Read Apairinam eth n\u00f2ste patrim\u00f2ni\">Llegeix m\u00e9s\u00bb<\/a><\/p>\n","protected":false},"author":1,"featured_media":0,"parent":1261,"menu_order":80,"comment_status":"closed","ping_status":"closed","template":"page-templates\/side-menu.php","meta":{"_bbp_topic_count":0,"_bbp_reply_count":0,"_bbp_total_topic_count":0,"_bbp_total_reply_count":0,"_bbp_voice_count":0,"_bbp_anonymous_reply_count":0,"_bbp_topic_count_hidden":0,"_bbp_reply_count_hidden":0,"_bbp_forum_subforum_count":0,"footnotes":""},"class_list":["post-4282","page","type-page","status-publish","hentry"],"post_mailing_queue_ids":[],"_links":{"self":[{"href":"https:\/\/agora.xtec.cat\/escola-santroc\/wp-json\/wp\/v2\/pages\/4282","targetHints":{"allow":["GET"]}}],"collection":[{"href":"https:\/\/agora.xtec.cat\/escola-santroc\/wp-json\/wp\/v2\/pages"}],"about":[{"href":"https:\/\/agora.xtec.cat\/escola-santroc\/wp-json\/wp\/v2\/types\/page"}],"author":[{"embeddable":true,"href":"https:\/\/agora.xtec.cat\/escola-santroc\/wp-json\/wp\/v2\/users\/1"}],"replies":[{"embeddable":true,"href":"https:\/\/agora.xtec.cat\/escola-santroc\/wp-json\/wp\/v2\/comments?post=4282"}],"version-history":[{"count":2,"href":"https:\/\/agora.xtec.cat\/escola-santroc\/wp-json\/wp\/v2\/pages\/4282\/revisions"}],"predecessor-version":[{"id":4285,"href":"https:\/\/agora.xtec.cat\/escola-santroc\/wp-json\/wp\/v2\/pages\/4282\/revisions\/4285"}],"up":[{"embeddable":true,"href":"https:\/\/agora.xtec.cat\/escola-santroc\/wp-json\/wp\/v2\/pages\/1261"}],"wp:attachment":[{"href":"https:\/\/agora.xtec.cat\/escola-santroc\/wp-json\/wp\/v2\/media?parent=4282"}],"curies":[{"name":"wp","href":"https:\/\/api.w.org\/{rel}","templated":true}]}}