{"id":3920,"date":"2019-03-25T12:35:47","date_gmt":"2019-03-25T11:35:47","guid":{"rendered":"http:\/\/agora.xtec.cat\/escola-santroc\/?page_id=3920"},"modified":"2022-09-15T18:03:43","modified_gmt":"2022-09-15T16:03:43","slug":"biblioteca","status":"publish","type":"page","link":"https:\/\/agora.xtec.cat\/escola-santroc\/que-hem\/projectes-e-plans\/biblioteca\/","title":{"rendered":"Bibliot\u00e8ca Portaemplentes"},"content":{"rendered":"<p>Benvengudes e benvenguts tath bl\u00f2g dera n\u00f2sta Bibliot\u00e8ca.<br \/>\nEn aguest corn\u00e8r volem dif\u00f3ner es activitats restacades damb era lectura e era bibliot\u00e8ca. Tanben, a p\u00f2c a p\u00f2c, le volem ramplir damb enlaci a recorsi d\u2019inter\u00e8s t\u00e0s m\u00e8stres e t\u00e0s escolans e es sues familhes.<\/p>\n<p>Vos volem, tanben, rebrembar qu&#8217;eth servici de pr\u00e8st, t\u00e0s adults, dera n\u00f2sta bibliot\u00e8ca ei toti es deluns de 17:00 a 17:30 ores.<\/p>\n<p>Aguest cors, eth pr\u00e8st tara mainad\u00e8ra ser\u00e0 enes ores de lectura (laguens der orari lectiu).<\/p>\n<p><a href=\"https:\/\/agora.xtec.cat\/escola-santroc\/categoria\/biblioteca\/\"><img loading=\"lazy\" decoding=\"async\" class=\"alignnone size-full wp-image-3921\" src=\"https:\/\/agora.xtec.cat\/escola-santroc\/wp-content\/uploads\/usu759\/2019\/03\/BIBLIOTECA.png\" alt=\"\" width=\"329\" height=\"246\" srcset=\"https:\/\/agora.xtec.cat\/escola-santroc\/wp-content\/uploads\/usu759\/2019\/03\/BIBLIOTECA.png 329w, https:\/\/agora.xtec.cat\/escola-santroc\/wp-content\/uploads\/usu759\/2019\/03\/BIBLIOTECA-300x224.png 300w, https:\/\/agora.xtec.cat\/escola-santroc\/wp-content\/uploads\/usu759\/2019\/03\/BIBLIOTECA-200x150.png 200w\" sizes=\"auto, (max-width: 329px) 100vw, 329px\" \/><\/a><\/p>\n","protected":false},"excerpt":{"rendered":"<p>Benvengudes e benvenguts tath bl\u00f2g dera n\u00f2sta Bibliot\u00e8ca.<br \/>\nEn aguest corn\u00e8r volem dif\u00f3ner es activitats restacades damb era lectura e era bibliot\u00e8ca. Tanben, a p\u00f2c a p\u00f2c, le volem ramplir damb enlaci a recorsi d\u2019inter\u00e8s t\u00e0s m\u00e8stres e t\u00e0s escolans e es sues familhes.<br \/>\nVos volem, tanben,&hellip;  <a href=\"https:\/\/agora.xtec.cat\/escola-santroc\/que-hem\/projectes-e-plans\/biblioteca\/\" title=\"Read Bibliot\u00e8ca Portaemplentes\">Llegeix m\u00e9s\u00bb<\/a><\/p>\n","protected":false},"author":1,"featured_media":0,"parent":1261,"menu_order":40,"comment_status":"closed","ping_status":"closed","template":"page-templates\/side-menu.php","meta":{"_bbp_topic_count":0,"_bbp_reply_count":0,"_bbp_total_topic_count":0,"_bbp_total_reply_count":0,"_bbp_voice_count":0,"_bbp_anonymous_reply_count":0,"_bbp_topic_count_hidden":0,"_bbp_reply_count_hidden":0,"_bbp_forum_subforum_count":0,"footnotes":""},"class_list":["post-3920","page","type-page","status-publish","hentry"],"post_mailing_queue_ids":[],"_links":{"self":[{"href":"https:\/\/agora.xtec.cat\/escola-santroc\/wp-json\/wp\/v2\/pages\/3920","targetHints":{"allow":["GET"]}}],"collection":[{"href":"https:\/\/agora.xtec.cat\/escola-santroc\/wp-json\/wp\/v2\/pages"}],"about":[{"href":"https:\/\/agora.xtec.cat\/escola-santroc\/wp-json\/wp\/v2\/types\/page"}],"author":[{"embeddable":true,"href":"https:\/\/agora.xtec.cat\/escola-santroc\/wp-json\/wp\/v2\/users\/1"}],"replies":[{"embeddable":true,"href":"https:\/\/agora.xtec.cat\/escola-santroc\/wp-json\/wp\/v2\/comments?post=3920"}],"version-history":[{"count":3,"href":"https:\/\/agora.xtec.cat\/escola-santroc\/wp-json\/wp\/v2\/pages\/3920\/revisions"}],"predecessor-version":[{"id":9876,"href":"https:\/\/agora.xtec.cat\/escola-santroc\/wp-json\/wp\/v2\/pages\/3920\/revisions\/9876"}],"up":[{"embeddable":true,"href":"https:\/\/agora.xtec.cat\/escola-santroc\/wp-json\/wp\/v2\/pages\/1261"}],"wp:attachment":[{"href":"https:\/\/agora.xtec.cat\/escola-santroc\/wp-json\/wp\/v2\/media?parent=3920"}],"curies":[{"name":"wp","href":"https:\/\/api.w.org\/{rel}","templated":true}]}}