{"id":3859,"date":"2019-03-11T18:25:18","date_gmt":"2019-03-11T17:25:18","guid":{"rendered":"http:\/\/agora.xtec.cat\/escola-santroc\/?page_id=3859"},"modified":"2022-09-15T18:27:17","modified_gmt":"2022-09-15T16:27:17","slug":"xarxa-cb-projecte-da-on-neishen-es-porics","status":"publish","type":"page","link":"https:\/\/agora.xtec.cat\/escola-santroc\/que-hem\/projectes-e-plans\/xarxa-cb-projecte-da-on-neishen-es-porics\/","title":{"rendered":"Xarxa CB"},"content":{"rendered":"<p>Era Xarxa Compet\u00e9ncies Basiques ei un proj\u00e8cte d&#8217;innovacion, composat per ua equipa de m\u00e8stres d&#8217;educacion infantila, primaria e educacion segondaria que desvolopen eth trabalh per compet\u00e9ncies en s\u00f2ns centres. Creen airines de sup\u00f2rt ent\u00e0 orientar es proc\u00e8ssi de reflexion e gestion deth curriculum e es proc\u00e8ssi d&#8217;autoavaloracion.<\/p>\n<p><strong>QU\u00c9 H\u00c8M?<\/strong><\/p>\n<p>Fomentam er intercambi d&#8217;experi\u00e9ncies e era creacion de sabers compartidi. Compartim un mod\u00e8u de formacion docenta entre egals e en &#8220;hilat&#8221;, ent\u00e0 milhorar es aprendissatges der escolanat.<\/p>\n<p><strong>PERQU\u00c9 AC H\u00c8M?<\/strong><\/p>\n<ul>\n<li>Perque volem favorir que tot er escolanat <strong>aprengue m\u00e8s e milhor<\/strong>.<\/li>\n<li>Perque creiguem qu&#8217;er escolan a d&#8217;\u00e8ster eth <strong>protagonista<\/strong> deth s\u00f2n aprendissatge.<\/li>\n<li>Perque entenem era <strong>avaloracion<\/strong> coma un <strong>proc\u00e8s<\/strong> que favor\u00eds es aprendissatges.<\/li>\n<li>Perque sabem que quan\u00a0<strong>trabalham en equip<\/strong> s&#8217;apr\u00e9n m\u00e8s e milhor.<\/li>\n<li>Perque en un mon cambiant, volem prom\u00f2ir era <strong>iniciativa<\/strong> e era <strong>creativitat<\/strong> e eth <strong>gust per apr\u00e9ner<\/strong>.<\/li>\n<li>Perque volem qu&#8217;es n\u00f2sti escolans siguen <strong>competenti<\/strong> ent\u00e0 contunhar aprenent ath long de tota era vida.<\/li>\n<li>Perque sabem que cada escolan\/a ei unic e auem <strong>nautes espectatives<\/strong> ent\u00e0 cada un d&#8217;eri.<\/li>\n<\/ul>\n<p><strong>COMA AC H\u00c8M?<\/strong><\/p>\n<ul>\n<li>Trabalham cooperativament.<\/li>\n<li>Documentam es ah\u00e8rs ent\u00e0 compartir-los e evidenciar es milhores e es r\u00e8ptes.<\/li>\n<li>Participam toti e compartim coneishements e experi\u00e9ncies.<\/li>\n<li>Reflexionam e trabalham en hilat.<\/li>\n<li>H\u00e8m cambis petiti, m\u00e8s permanents e sostenibles.<\/li>\n<\/ul>\n<p>Aciu auetz er enla\u00e7 que vos portar\u00e0 tara plana dera XarxaCb a on traparatz m\u00e8s informacion:<\/p>\n<p><a href=\"http:\/\/xtec.gencat.cat\/ca\/curriculum\/xarxacb\">http:\/\/xtec.gencat.cat\/ca\/curriculum\/xarxacb<\/a><\/p>\n<p>Aciu auetz uns exemples d&#8217;<strong>instruments d&#8217;avaloracion<\/strong> qu&#8217;emplegam ent\u00e0 regular eth proc\u00e9s d&#8217;aprendissatge: ua <strong>base d&#8217;orientacion<\/strong> e ua <strong>rubrica<\/strong>.<\/p>\n<p><a href=\"https:\/\/agora.xtec.cat\/escola-santroc\/wp-content\/uploads\/usu759\/2019\/05\/Exemple-base-or-rubrica.jpg\"><img loading=\"lazy\" decoding=\"async\" class=\" wp-image-4022\" src=\"https:\/\/agora.xtec.cat\/escola-santroc\/wp-content\/uploads\/usu759\/2019\/05\/Exemple-base-or-rubrica.jpg\" alt=\"\" width=\"377\" height=\"492\" srcset=\"https:\/\/agora.xtec.cat\/escola-santroc\/wp-content\/uploads\/usu759\/2019\/05\/Exemple-base-or-rubrica.jpg 480w, https:\/\/agora.xtec.cat\/escola-santroc\/wp-content\/uploads\/usu759\/2019\/05\/Exemple-base-or-rubrica-230x300.jpg 230w\" sizes=\"auto, (max-width: 377px) 100vw, 377px\" \/><\/a><\/p>\n<p><a href=\"https:\/\/agora.xtec.cat\/escola-santroc\/wp-content\/uploads\/usu759\/2019\/05\/rubrica-porics-bona-768x789.png\"><img loading=\"lazy\" decoding=\"async\" class=\"alignnone wp-image-4031\" src=\"https:\/\/agora.xtec.cat\/escola-santroc\/wp-content\/uploads\/usu759\/2019\/05\/rubrica-porics-bona-768x789.png\" alt=\"\" width=\"424\" height=\"436\" srcset=\"https:\/\/agora.xtec.cat\/escola-santroc\/wp-content\/uploads\/usu759\/2019\/05\/rubrica-porics-bona-768x789.png 768w, https:\/\/agora.xtec.cat\/escola-santroc\/wp-content\/uploads\/usu759\/2019\/05\/rubrica-porics-bona-768x789-292x300.png 292w\" sizes=\"auto, (max-width: 424px) 100vw, 424px\" \/><\/a><\/p>\n","protected":false},"excerpt":{"rendered":"<p>Era Xarxa Compet\u00e9ncies Basiques ei un proj\u00e8cte d&#8217;innovacion, composat per ua equipa de m\u00e8stres d&#8217;educacion infantila, primaria e educacion segondaria que desvolopen eth trabalh per compet\u00e9ncies en s\u00f2ns centres. Creen airines de sup\u00f2rt ent\u00e0 orientar es proc\u00e8ssi de reflexion e gestion deth curriculum e es&hellip;  <a href=\"https:\/\/agora.xtec.cat\/escola-santroc\/que-hem\/projectes-e-plans\/xarxa-cb-projecte-da-on-neishen-es-porics\/\" title=\"Read Xarxa CB\">Llegeix m\u00e9s\u00bb<\/a><\/p>\n","protected":false},"author":1,"featured_media":0,"parent":1261,"menu_order":90,"comment_status":"closed","ping_status":"closed","template":"page-templates\/side-menu.php","meta":{"_bbp_topic_count":0,"_bbp_reply_count":0,"_bbp_total_topic_count":0,"_bbp_total_reply_count":0,"_bbp_voice_count":0,"_bbp_anonymous_reply_count":0,"_bbp_topic_count_hidden":0,"_bbp_reply_count_hidden":0,"_bbp_forum_subforum_count":0,"footnotes":""},"class_list":["post-3859","page","type-page","status-publish","hentry"],"post_mailing_queue_ids":[],"_links":{"self":[{"href":"https:\/\/agora.xtec.cat\/escola-santroc\/wp-json\/wp\/v2\/pages\/3859","targetHints":{"allow":["GET"]}}],"collection":[{"href":"https:\/\/agora.xtec.cat\/escola-santroc\/wp-json\/wp\/v2\/pages"}],"about":[{"href":"https:\/\/agora.xtec.cat\/escola-santroc\/wp-json\/wp\/v2\/types\/page"}],"author":[{"embeddable":true,"href":"https:\/\/agora.xtec.cat\/escola-santroc\/wp-json\/wp\/v2\/users\/1"}],"replies":[{"embeddable":true,"href":"https:\/\/agora.xtec.cat\/escola-santroc\/wp-json\/wp\/v2\/comments?post=3859"}],"version-history":[{"count":4,"href":"https:\/\/agora.xtec.cat\/escola-santroc\/wp-json\/wp\/v2\/pages\/3859\/revisions"}],"predecessor-version":[{"id":9884,"href":"https:\/\/agora.xtec.cat\/escola-santroc\/wp-json\/wp\/v2\/pages\/3859\/revisions\/9884"}],"up":[{"embeddable":true,"href":"https:\/\/agora.xtec.cat\/escola-santroc\/wp-json\/wp\/v2\/pages\/1261"}],"wp:attachment":[{"href":"https:\/\/agora.xtec.cat\/escola-santroc\/wp-json\/wp\/v2\/media?parent=3859"}],"curies":[{"name":"wp","href":"https:\/\/api.w.org\/{rel}","templated":true}]}}