{"id":38,"date":"2014-09-18T12:34:08","date_gmt":"2014-09-18T11:34:08","guid":{"rendered":"http:\/\/agora.xtec.cat\/escola-santroc\/?page_id=38"},"modified":"2021-09-06T10:11:23","modified_gmt":"2021-09-06T08:11:23","slug":"salut","status":"publish","type":"page","link":"https:\/\/agora.xtec.cat\/escola-santroc\/lescola\/salut\/","title":{"rendered":"Salut"},"content":{"rendered":"<p>Vos informam de b\u00e8res actuacions qu&#8217;amiam a t\u00e8rme en centre restacades damb era salut der escolanat:<\/p>\n<p><strong>ADMINISTRACION DE MEDICAMENTS AS ESCOLANS\/ES:<\/strong><\/p>\n<p>Ent\u00e0 poder administrar un medicament ar escolan\/a, tostemp que sigue imprescindible h\u00e8r-lo en orari lectiu, cau qu\u2019eth pair, mair o tutor\/a legau ap\u00f2rti ua rec\u00e8pta o informe deth m\u00e8tge damb eth n\u00f2m der alumne,\u00a0 eth n\u00f2m deth medicament a pr\u00e9ner e era pauta d&#8217;administracion. Tanben, cau ua autorizacion signada peth pair, mair o tutor\/a legau adre\u00e7ada ara direccion a on se demane era administracion deth medicament ar escolan\/a.<\/p>\n<p>En tot seguir es recomanacions deth Departament de Salut e era Societat Catalana de Pediatria, s\u2019a includit eth paracetam\u00f2l ena farmaci\u00f2la deth centre. Ent\u00e0 administrar-lo, cau auer era autorizacion signada des pairs, mairs o tutors legaus. En n\u00f2ste apartat de documents traparatz ua m\u00f2stra dera\u00a0huelha d&#8217;autorizacion entara administracion de paracetam\u00f2l.<\/p>\n<p><strong>MALAUTIES<\/strong><\/p>\n<p>En cas de contagi de malauties infectocontagioses (polhs, varicel\u00b7la, conjuntivitis&#8230;), er alumne <u>demorar\u00e0 en casa <\/u>enquia qu\u2019eth servici de pediatria ac aconselhe e s&#8217;ac comunicar\u00e0 ath centre.<\/p>\n<p><strong>ALL\u00c9RGIES<\/strong><\/p>\n<p>Es familhes an d\u2019informar ara esc\u00f2la de quinsevolh all\u00e9rgia o ua d&#8217;auta particularitat sanit\u00e0ria deth s\u00f2n hilh\/a.<\/p>\n<p><strong>VACUNES E REVISIONS DENTAUS<\/strong><\/p>\n<p>Era esc\u00f2la se coordine damb er Espitau de Vielha entara administracion de vacunes ar escolanat de 6au., \u00a0atau coma t\u00e0s revisions dentaus des escolans\/es des cicle iniciau, cicle miei e 6au cors.<\/p>\n<p><strong>PLAN DE CONSUM DE FRUTES E ORTAL\u00c9CIES<\/strong><\/p>\n<p>Des deth cors 2013-2014, eth centre participe en &#8220;Programa de Fruita i Hortalisses a les escoles&#8221; del Departament d&#8217;Agricultura, Ramaderia, Pesca i Alimentaci\u00f3 de la Generalitat. Es objectius son:<\/p>\n<ul>\n<li>Aufrir fruta e ortal\u00e9cies gratu\u00eftes.<\/li>\n<li>Informar sus es beneficis der increment deth consum d&#8217;aguests aliments.<\/li>\n<li>Realizar activitats ent\u00e0 aquerir era abituda deth consum de fruta.<\/li>\n<\/ul>\n<p>&nbsp;<\/p>\n<p><em><strong>Webs d&#8217;inter\u00e8s:<\/strong><\/em><\/p>\n<ul>\n<li>Famillha e esc\u00f2la:\u00a0<a href=\"http:\/\/familiaiescola.gencat.cat\/ca\/\">http:\/\/familiaiescola.gencat.cat\/ca\/\u00a0<\/a><\/li>\n<li><a style=\"font-family: inherit; font-size: 1em;\" href=\"http:\/\/canalsalut.gencat.cat\/ca\/detalls\/article\/Polls-00001#bloc3\">Par\u00e0sits: Els polls del\u00a0cap<\/a><\/li>\n<\/ul>\n<p>&nbsp;<\/p>\n<p>&nbsp;<\/p>\n<p>&nbsp;<\/p>\n<p>&nbsp;<\/p>\n","protected":false},"excerpt":{"rendered":"<p>Vos informam de b\u00e8res actuacions qu&#8217;amiam a t\u00e8rme en centre restacades damb era salut der escolanat:<br \/>\nADMINISTRACION DE MEDICAMENTS AS ESCOLANS\/ES:<br \/>\nEnt\u00e0 poder administrar un medicament ar escolan\/a, tostemp que sigue imprescindible h\u00e8r-lo en orari lectiu, cau qu\u2019eth pair, mair o tutor\/a legau ap\u00f2rti ua rec\u00e8pta o&hellip;  <a href=\"https:\/\/agora.xtec.cat\/escola-santroc\/lescola\/salut\/\" title=\"Read Salut\">Llegeix m\u00e9s\u00bb<\/a><\/p>\n","protected":false},"author":1,"featured_media":0,"parent":22,"menu_order":80,"comment_status":"closed","ping_status":"closed","template":"page-templates\/side-menu.php","meta":{"_bbp_topic_count":0,"_bbp_reply_count":0,"_bbp_total_topic_count":0,"_bbp_total_reply_count":0,"_bbp_voice_count":0,"_bbp_anonymous_reply_count":0,"_bbp_topic_count_hidden":0,"_bbp_reply_count_hidden":0,"_bbp_forum_subforum_count":0,"footnotes":""},"class_list":["post-38","page","type-page","status-publish","hentry"],"post_mailing_queue_ids":[],"_links":{"self":[{"href":"https:\/\/agora.xtec.cat\/escola-santroc\/wp-json\/wp\/v2\/pages\/38","targetHints":{"allow":["GET"]}}],"collection":[{"href":"https:\/\/agora.xtec.cat\/escola-santroc\/wp-json\/wp\/v2\/pages"}],"about":[{"href":"https:\/\/agora.xtec.cat\/escola-santroc\/wp-json\/wp\/v2\/types\/page"}],"author":[{"embeddable":true,"href":"https:\/\/agora.xtec.cat\/escola-santroc\/wp-json\/wp\/v2\/users\/1"}],"replies":[{"embeddable":true,"href":"https:\/\/agora.xtec.cat\/escola-santroc\/wp-json\/wp\/v2\/comments?post=38"}],"version-history":[{"count":4,"href":"https:\/\/agora.xtec.cat\/escola-santroc\/wp-json\/wp\/v2\/pages\/38\/revisions"}],"predecessor-version":[{"id":8817,"href":"https:\/\/agora.xtec.cat\/escola-santroc\/wp-json\/wp\/v2\/pages\/38\/revisions\/8817"}],"up":[{"embeddable":true,"href":"https:\/\/agora.xtec.cat\/escola-santroc\/wp-json\/wp\/v2\/pages\/22"}],"wp:attachment":[{"href":"https:\/\/agora.xtec.cat\/escola-santroc\/wp-json\/wp\/v2\/media?parent=38"}],"curies":[{"name":"wp","href":"https:\/\/api.w.org\/{rel}","templated":true}]}}