{"id":3734,"date":"2019-02-18T13:43:12","date_gmt":"2019-02-18T12:43:12","guid":{"rendered":"http:\/\/agora.xtec.cat\/escola-santroc\/?page_id=3734"},"modified":"2022-09-15T18:24:43","modified_gmt":"2022-09-15T16:24:43","slug":"ilec","status":"publish","type":"page","link":"https:\/\/agora.xtec.cat\/escola-santroc\/que-hem\/projectes-e-plans\/ilec\/","title":{"rendered":"ILEC o Plan d&#8217;Impuls ara Lectura"},"content":{"rendered":"<h4><\/h4>\n<p><a href=\"https:\/\/agora.xtec.cat\/escola-santroc\/wp-content\/uploads\/usu759\/2019\/02\/ILEC.jpg\"><img loading=\"lazy\" decoding=\"async\" class=\"alignnone size-full wp-image-3735\" src=\"https:\/\/agora.xtec.cat\/escola-santroc\/wp-content\/uploads\/usu759\/2019\/02\/ILEC.jpg\" alt=\"\" width=\"626\" height=\"167\" srcset=\"https:\/\/agora.xtec.cat\/escola-santroc\/wp-content\/uploads\/usu759\/2019\/02\/ILEC.jpg 626w, https:\/\/agora.xtec.cat\/escola-santroc\/wp-content\/uploads\/usu759\/2019\/02\/ILEC-300x80.jpg 300w\" sizes=\"auto, (max-width: 626px) 100vw, 626px\" \/><\/a><\/p>\n<p>Des deth cors 2013\/2014, era esc\u00f2la amie a t\u00e8rme eth Plan d&#8217;Impuls ara Lectura, un proj\u00e8cte qu&#8217;a coma objectiu principau prom\u00f2ir era lectura sistematica en toti es airaus e mat\u00e8ries deth curriculum, pr&#8217;amor qu&#8217;era lectura ei ena base dera m\u00e0ger part des aprendissatges. Se v\u00f2 aumentar era compet\u00e9ncia comunicativa ling\u00fcistica e eth desvolopament dera abituda lectora, ent\u00e0 formar boni lectors qu\u2019aprenguen e que les shaute li\u00e9ger.<\/p>\n<p>Eth Plan d\u2019Impuls ara Lectura se fonamente en tres eishi:<\/p>\n<p><strong>Saber li\u00e9ger: <\/strong>Er aprendissatge dera lectura coma desvolopament dera capacitat de li\u00e9ger, compr\u00e9ner e interpretar t\u00e8xti.<\/p>\n<p><strong>Li\u00e9ger ent\u00e0 apr\u00e9ner:<\/strong> Er emplec dera lectura entar aprendissatge. Es escolans\/es an d\u2019auer era capacitat d\u2019emplegar era lectura coma esturment entar acc\u00e9s ara informacion.<\/p>\n<p><strong>Gust per li\u00e9ger<\/strong><strong>: <\/strong>Eth gust per li\u00e9ger s\u2019aquer\u00eds en tot desvolopar era abituda lectora, en tot prom\u00f2ir era lectura sistematica, en tot apr\u00e9ner a reflexionar sus \u00e7\u00f2 que s\u2019a liejut e en tot compartir damb es auti. Es activitats d\u2019animacion ara lectura dera bibliot\u00e8ca escolara son un recors f\u00f2r\u00e7a efica\u00e7 ent\u00e0 arribar a formar boni lectors.<\/p>\n<p>Eth centre trabalhe sistematicament damb er alumnat es estrategies lectores qu&#8217;an d&#8217;aquerir ent\u00e0 esdevier lectors competenti (h\u00e8r-se preguntes, infer\u00e9ncies, trapar era idia generau&#8230;.).<\/p>\n<p>Eth pap\u00e8r des familhes ei tanben fonamentau, ja qu\u2019ei de besonh acompanhar as escolans\/es, pendent tota era etapa d\u2019educacion infantila e prim\u00e0ria en aqueriment des estrategies de lectura e ena formacion de bones abitudes de lectura. Entad a\u00e7\u00f2, ei essenciau trapar ua estona di\u00e0ria (de 10 a 20 menutes) ent\u00e0 li\u00e9ger damb era mainad\u00e8ra o li\u00e9ger ath s\u00f2n costat ent\u00e0 refortilhar es abitudes de bon lector e era lectura auton\u00f2ma.<\/p>\n<p>Eth Departament d\u2019Educacion met a disposicion des centres educatius orientacions, pautes e formacion as m\u00e8stres e as familhes ent\u00e0 incorporar era lectura coma eish vertebrador des aprendissatges, cadun des deth s\u00f2n encastre de responsabilitat.<\/p>\n<p>En enla\u00e7 que segu\u00eds podetz obt\u00eder m\u00e8s informacion:<\/p>\n<p><a href=\"https:\/\/xtec.gencat.cat\/ca\/projectes\/lectura\/impulslectura\/\">https:\/\/xtec.gencat.cat\/ca\/projectes\/lectura\/impulslectura\/<\/a><\/p>\n<p>&nbsp;<\/p>\n","protected":false},"excerpt":{"rendered":"<p><a href=\"https:\/\/agora.xtec.cat\/escola-santroc\/wp-content\/uploads\/usu759\/2019\/02\/ILEC.jpg\"><\/a><br \/>\nDes deth cors 2013\/2014, era esc\u00f2la amie a t\u00e8rme eth Plan d&#8217;Impuls ara Lectura, un proj\u00e8cte qu&#8217;a coma objectiu principau prom\u00f2ir era lectura sistematica en toti es airaus e mat\u00e8ries deth curriculum, pr&#8217;amor qu&#8217;era lectura ei ena base dera m\u00e0ger part des aprendissatges. Se&hellip;  <a href=\"https:\/\/agora.xtec.cat\/escola-santroc\/que-hem\/projectes-e-plans\/ilec\/\" title=\"Read ILEC o Plan d&#8217;Impuls ara Lectura\">Llegeix m\u00e9s\u00bb<\/a><\/p>\n","protected":false},"author":1,"featured_media":0,"parent":1261,"menu_order":70,"comment_status":"closed","ping_status":"closed","template":"page-templates\/side-menu.php","meta":{"_bbp_topic_count":0,"_bbp_reply_count":0,"_bbp_total_topic_count":0,"_bbp_total_reply_count":0,"_bbp_voice_count":0,"_bbp_anonymous_reply_count":0,"_bbp_topic_count_hidden":0,"_bbp_reply_count_hidden":0,"_bbp_forum_subforum_count":0,"footnotes":""},"class_list":["post-3734","page","type-page","status-publish","hentry"],"post_mailing_queue_ids":[],"_links":{"self":[{"href":"https:\/\/agora.xtec.cat\/escola-santroc\/wp-json\/wp\/v2\/pages\/3734","targetHints":{"allow":["GET"]}}],"collection":[{"href":"https:\/\/agora.xtec.cat\/escola-santroc\/wp-json\/wp\/v2\/pages"}],"about":[{"href":"https:\/\/agora.xtec.cat\/escola-santroc\/wp-json\/wp\/v2\/types\/page"}],"author":[{"embeddable":true,"href":"https:\/\/agora.xtec.cat\/escola-santroc\/wp-json\/wp\/v2\/users\/1"}],"replies":[{"embeddable":true,"href":"https:\/\/agora.xtec.cat\/escola-santroc\/wp-json\/wp\/v2\/comments?post=3734"}],"version-history":[{"count":4,"href":"https:\/\/agora.xtec.cat\/escola-santroc\/wp-json\/wp\/v2\/pages\/3734\/revisions"}],"predecessor-version":[{"id":9883,"href":"https:\/\/agora.xtec.cat\/escola-santroc\/wp-json\/wp\/v2\/pages\/3734\/revisions\/9883"}],"up":[{"embeddable":true,"href":"https:\/\/agora.xtec.cat\/escola-santroc\/wp-json\/wp\/v2\/pages\/1261"}],"wp:attachment":[{"href":"https:\/\/agora.xtec.cat\/escola-santroc\/wp-json\/wp\/v2\/media?parent=3734"}],"curies":[{"name":"wp","href":"https:\/\/api.w.org\/{rel}","templated":true}]}}