{"id":3731,"date":"2019-02-18T13:38:27","date_gmt":"2019-02-18T12:38:27","guid":{"rendered":"http:\/\/agora.xtec.cat\/escola-santroc\/?page_id=3731"},"modified":"2022-09-15T18:23:49","modified_gmt":"2022-09-15T16:23:49","slug":"til","status":"publish","type":"page","link":"https:\/\/agora.xtec.cat\/escola-santroc\/que-hem\/projectes-e-plans\/til\/","title":{"rendered":"Avancem cap el TIL"},"content":{"rendered":"<p><a href=\"https:\/\/agora.xtec.cat\/escola-santroc\/wp-content\/uploads\/usu759\/2019\/03\/avancem.png\"><img loading=\"lazy\" decoding=\"async\" class=\"wp-image-3886 alignright\" src=\"https:\/\/agora.xtec.cat\/escola-santroc\/wp-content\/uploads\/usu759\/2019\/03\/avancem.png\" alt=\"\" width=\"407\" height=\"240\" \/><\/a>Eth tractament integrat de leng\u00fces (TIL) ei ua prepausa metodologica basada en enfocamen<span style=\"font-family: inherit; font-size: 1em;\">t comunicatiu der ensenhament e er aprendissatge des diu\u00e8rses leng\u00fces curriculares que s\u2019impartissen\u00a0 en centre. Prepause un trabalh collaboratiu entre eth professorat de totes es leng\u00fces dera esc\u00f2la a compdar de toti es elements que <\/span><span style=\"font-family: inherit; font-size: 1em;\">compartissen, facilite eth desvolopament competenciau der escolanat e prom\u00f2 un aprendissatge actiu, m\u00e8s pregond e significatiu, ve\u00efculat a trau\u00e8s de totes es leng\u00fces.<\/span><\/p>\n<p>Aguest enfocament prom\u00f2 tanben era reflexion metaling\u00fcistica conscient per part dera mainad\u00e8ra e eth contrast entre formes ling\u00fcistiques. Aquer\u00f2\u00a0 favor\u00eds un aprendissatge m\u00e8s interrelacionat entre totes es leng\u00fces e airaus.<\/p>\n<p>Aplicar aguest enfocament ena aula implique trabalhar encastres comuns des leng\u00fces (conc\u00e8ptes generaus sus es leng\u00fces, procediments e abitudes de reflexion ling\u00fcistica, actituds de resp\u00e8cte e valoracion, etc.) des de quinsevolh lengua. Talaments, signifique amiar ua coer\u00e9ncia metodologica, en sentit que totes es leng\u00fces s\u2019ensenhar\u00e0n des d\u2019ua metodologia comuna\u00a0 e orientada tar emplec.<\/p>\n<p><a href=\"https:\/\/view.genial.ly\/5c6be1e57d15495764e2f901\">Presentacion deth programa &#8220;Avancem&#8221; dera Esc\u00f2la Sant R\u00f2c<\/a><\/p>\n","protected":false},"excerpt":{"rendered":"<p><a href=\"https:\/\/agora.xtec.cat\/escola-santroc\/wp-content\/uploads\/usu759\/2019\/03\/avancem.png\"><\/a>Eth tractament integrat de leng\u00fces (TIL) ei ua prepausa metodologica basada en enfocament comunicatiu der ensenhament e er aprendissatge des diu\u00e8rses leng\u00fces curriculares que s\u2019impartissen\u00a0 en centre. Prepause un trabalh collaboratiu entre eth professorat de totes es leng\u00fces dera esc\u00f2la a compdar de toti&hellip;  <a href=\"https:\/\/agora.xtec.cat\/escola-santroc\/que-hem\/projectes-e-plans\/til\/\" title=\"Read Avancem cap el TIL\">Llegeix m\u00e9s\u00bb<\/a><\/p>\n","protected":false},"author":1,"featured_media":0,"parent":1261,"menu_order":60,"comment_status":"closed","ping_status":"closed","template":"page-templates\/side-menu.php","meta":{"_bbp_topic_count":0,"_bbp_reply_count":0,"_bbp_total_topic_count":0,"_bbp_total_reply_count":0,"_bbp_voice_count":0,"_bbp_anonymous_reply_count":0,"_bbp_topic_count_hidden":0,"_bbp_reply_count_hidden":0,"_bbp_forum_subforum_count":0,"footnotes":""},"class_list":["post-3731","page","type-page","status-publish","hentry"],"post_mailing_queue_ids":[],"_links":{"self":[{"href":"https:\/\/agora.xtec.cat\/escola-santroc\/wp-json\/wp\/v2\/pages\/3731","targetHints":{"allow":["GET"]}}],"collection":[{"href":"https:\/\/agora.xtec.cat\/escola-santroc\/wp-json\/wp\/v2\/pages"}],"about":[{"href":"https:\/\/agora.xtec.cat\/escola-santroc\/wp-json\/wp\/v2\/types\/page"}],"author":[{"embeddable":true,"href":"https:\/\/agora.xtec.cat\/escola-santroc\/wp-json\/wp\/v2\/users\/1"}],"replies":[{"embeddable":true,"href":"https:\/\/agora.xtec.cat\/escola-santroc\/wp-json\/wp\/v2\/comments?post=3731"}],"version-history":[{"count":4,"href":"https:\/\/agora.xtec.cat\/escola-santroc\/wp-json\/wp\/v2\/pages\/3731\/revisions"}],"predecessor-version":[{"id":9882,"href":"https:\/\/agora.xtec.cat\/escola-santroc\/wp-json\/wp\/v2\/pages\/3731\/revisions\/9882"}],"up":[{"embeddable":true,"href":"https:\/\/agora.xtec.cat\/escola-santroc\/wp-json\/wp\/v2\/pages\/1261"}],"wp:attachment":[{"href":"https:\/\/agora.xtec.cat\/escola-santroc\/wp-json\/wp\/v2\/media?parent=3731"}],"curies":[{"name":"wp","href":"https:\/\/api.w.org\/{rel}","templated":true}]}}