{"id":3726,"date":"2019-02-18T13:35:16","date_gmt":"2019-02-18T12:35:16","guid":{"rendered":"http:\/\/agora.xtec.cat\/escola-santroc\/?page_id=3726"},"modified":"2022-09-12T19:03:21","modified_gmt":"2022-09-12T17:03:21","slug":"escola-verda","status":"publish","type":"page","link":"https:\/\/agora.xtec.cat\/escola-santroc\/que-hem\/projectes-e-plans\/escola-verda\/","title":{"rendered":"Escola verda"},"content":{"rendered":"<p><a href=\"https:\/\/agora.xtec.cat\/escola-santroc\/wp-content\/uploads\/usu759\/2019\/02\/SomEscolaVerda.jpg\"><img loading=\"lazy\" decoding=\"async\" class=\"wp-image-3727 alignright\" src=\"https:\/\/agora.xtec.cat\/escola-santroc\/wp-content\/uploads\/usu759\/2019\/02\/SomEscolaVerda-1024x416.jpg\" alt=\"\" width=\"467\" height=\"190\" srcset=\"https:\/\/agora.xtec.cat\/escola-santroc\/wp-content\/uploads\/usu759\/2019\/02\/SomEscolaVerda-1024x416.jpg 1024w, https:\/\/agora.xtec.cat\/escola-santroc\/wp-content\/uploads\/usu759\/2019\/02\/SomEscolaVerda-300x122.jpg 300w, https:\/\/agora.xtec.cat\/escola-santroc\/wp-content\/uploads\/usu759\/2019\/02\/SomEscolaVerda-768x312.jpg 768w, https:\/\/agora.xtec.cat\/escola-santroc\/wp-content\/uploads\/usu759\/2019\/02\/SomEscolaVerda.jpg 1374w\" sizes=\"auto, (max-width: 467px) 100vw, 467px\" \/><\/a><\/p>\n<p>El programa escoles verdes sorgeix com un comprom\u00eds per donar suport a tots els centres educatius de Catalunya que volen innovar, incloure, avan\u00e7ar, sistematitzar i organitzar accions educatives que tinguin la finalitat d&#8217;afrontar, des de l&#8217;educaci\u00f3, els nous reptes i valors de la sostenibilitat.<\/p>\n<p>I, per tant, es plantegen tres grans objectius:<\/p>\n<ul>\n<li>Ajudar els centres a incorporar els valors de l&#8217;educaci\u00f3 per a la sostenibilitat en tots els \u00e0mbits de la vida del centre (curr\u00edculum, gesti\u00f3, relacions amb l&#8217;entorn, etc.).<\/li>\n<li>Promoure la participaci\u00f3 i la implicaci\u00f3 activa de la comunitat educativa en la millora del seu entorn.<\/li>\n<li>Afavorir l&#8217;intercanvi entre els centres que comparteixen uns mateixos objectius.<\/li>\n<\/ul>\n<p>El curs 2018\/2019 l\u2019escola Sant R\u00f2c ens hem adherit a aquest programa d\u2019escoles verdes.<\/p>\n<p>Aquest cors 2019\/2020, seguirem amb la formaci\u00f3 i la implementaci\u00f3 d&#8217;accions a l&#8217;escola.<\/p>\n","protected":false},"excerpt":{"rendered":"<p><a href=\"https:\/\/agora.xtec.cat\/escola-santroc\/wp-content\/uploads\/usu759\/2019\/02\/SomEscolaVerda.jpg\"><\/a><br \/>\nEl programa escoles verdes sorgeix com un comprom\u00eds per donar suport a tots els centres educatius de Catalunya que volen innovar, incloure, avan\u00e7ar, sistematitzar i organitzar accions educatives que tinguin la finalitat d&#8217;afrontar, des de l&#8217;educaci\u00f3, els nous reptes i valors de la sostenibilitat.<br \/>\nI,&hellip;  <a href=\"https:\/\/agora.xtec.cat\/escola-santroc\/que-hem\/projectes-e-plans\/escola-verda\/\" title=\"Read Escola verda\">Llegeix m\u00e9s\u00bb<\/a><\/p>\n","protected":false},"author":1,"featured_media":0,"parent":1261,"menu_order":20,"comment_status":"closed","ping_status":"closed","template":"page-templates\/side-menu.php","meta":{"_bbp_topic_count":0,"_bbp_reply_count":0,"_bbp_total_topic_count":0,"_bbp_total_reply_count":0,"_bbp_voice_count":0,"_bbp_anonymous_reply_count":0,"_bbp_topic_count_hidden":0,"_bbp_reply_count_hidden":0,"_bbp_forum_subforum_count":0,"footnotes":""},"class_list":["post-3726","page","type-page","status-publish","hentry"],"post_mailing_queue_ids":[],"_links":{"self":[{"href":"https:\/\/agora.xtec.cat\/escola-santroc\/wp-json\/wp\/v2\/pages\/3726","targetHints":{"allow":["GET"]}}],"collection":[{"href":"https:\/\/agora.xtec.cat\/escola-santroc\/wp-json\/wp\/v2\/pages"}],"about":[{"href":"https:\/\/agora.xtec.cat\/escola-santroc\/wp-json\/wp\/v2\/types\/page"}],"author":[{"embeddable":true,"href":"https:\/\/agora.xtec.cat\/escola-santroc\/wp-json\/wp\/v2\/users\/1"}],"replies":[{"embeddable":true,"href":"https:\/\/agora.xtec.cat\/escola-santroc\/wp-json\/wp\/v2\/comments?post=3726"}],"version-history":[{"count":4,"href":"https:\/\/agora.xtec.cat\/escola-santroc\/wp-json\/wp\/v2\/pages\/3726\/revisions"}],"predecessor-version":[{"id":4346,"href":"https:\/\/agora.xtec.cat\/escola-santroc\/wp-json\/wp\/v2\/pages\/3726\/revisions\/4346"}],"up":[{"embeddable":true,"href":"https:\/\/agora.xtec.cat\/escola-santroc\/wp-json\/wp\/v2\/pages\/1261"}],"wp:attachment":[{"href":"https:\/\/agora.xtec.cat\/escola-santroc\/wp-json\/wp\/v2\/media?parent=3726"}],"curies":[{"name":"wp","href":"https:\/\/api.w.org\/{rel}","templated":true}]}}