{"id":34,"date":"2014-09-18T12:32:18","date_gmt":"2014-09-18T11:32:18","guid":{"rendered":"http:\/\/agora.xtec.cat\/escola-santroc\/?page_id=34"},"modified":"2021-09-06T10:07:06","modified_gmt":"2021-09-06T08:07:06","slug":"oferta-educativa","status":"publish","type":"page","link":"https:\/\/agora.xtec.cat\/escola-santroc\/lescola\/oferta-educativa\/","title":{"rendered":"Of\u00e8rta educativa"},"content":{"rendered":"<p><span style=\"text-decoration: underline;\"><strong>EDUCACION INFANTILA<\/strong><\/span>:\u00a0etapa que contribus\u00eds ath desvolopament emocionau e afectiu, fisic e motor, sociau e cognitiu dera mainad\u00e8ra en collaboracion damb es familhes. Era esc\u00f2la proporcione as mainatges e mainades un clima de confidan\u00e7a a on se senten acuelhudi ent\u00e0 cr\u00e9isher e apr\u00e9ner.<\/p>\n<ul style=\"list-style-type: square;\">\n<li>2n cicle: des 3 as 6 ans.<\/li>\n<li>Eth cors comence en seteme e acabe en junh.<\/li>\n<li>Er orari ei de 9 a 13 ores e de 15 a 17 ores.<\/li>\n<\/ul>\n<p><span style=\"text-decoration: underline;\"><strong>EDUCACION PRIM\u00c0RIA:<\/strong><\/span> En aguesta etapa, se consoliden es abitudes, coneishements e destreses fonamentaus. Era esc\u00f2la se convert\u00eds en un encastre de conviv\u00e9ncia e cultura. S&#8217;empleguen metodologies innovadores que potencien eth trabalh cooperatiu, en tot qu&#8217;es escolans e escolanes satisf\u00e8n es s\u00f2ns besonhs e inter\u00e8ssi.<\/p>\n<p>Aguesta etapa se distribus\u00eds en tres cicles, de dus corsi cadun:<\/p>\n<ul style=\"list-style-type: square;\">\n<li><strong>Cicle Iniciau<\/strong>, que compren prum\u00e8r e dusau, des 6 as 8 ans<\/li>\n<li><strong>Cicle Miei<\/strong>, que compren tresau e quatau, des 8 as 10 ans<\/li>\n<li><strong>Cicle superior<\/strong>, que compren cincau e siesau, des 10 as 12 ans<\/li>\n<li>Eth cors comence en seteme e acabe en junh.<\/li>\n<li>Er orari ei de 9 a 13 ores e de 15 a 17 ores.<\/li>\n<\/ul>\n<p>&nbsp;<\/p>\n","protected":false},"excerpt":{"rendered":"<p>EDUCACION INFANTILA:\u00a0etapa que contribus\u00eds ath desvolopament emocionau e afectiu, fisic e motor, sociau e cognitiu dera mainad\u00e8ra en collaboracion damb es familhes. Era esc\u00f2la proporcione as mainatges e mainades un clima de confidan\u00e7a a on se senten acuelhudi ent\u00e0 cr\u00e9isher e apr\u00e9ner.<\/p>\n<ul style=\"list-style-type: square;\">\n<li>2n cicle:&hellip;  <a href=\"https:\/\/agora.xtec.cat\/escola-santroc\/lescola\/oferta-educativa\/\" title=\"Read Of\u00e8rta educativa\">Llegeix m\u00e9s\u00bb<\/a><br \/>\n","protected":false},"author":1,"featured_media":0,"parent":22,"menu_order":60,"comment_status":"closed","ping_status":"closed","template":"page-templates\/side-menu.php","meta":{"_bbp_topic_count":0,"_bbp_reply_count":0,"_bbp_total_topic_count":0,"_bbp_total_reply_count":0,"_bbp_voice_count":0,"_bbp_anonymous_reply_count":0,"_bbp_topic_count_hidden":0,"_bbp_reply_count_hidden":0,"_bbp_forum_subforum_count":0,"footnotes":""},"class_list":["post-34","page","type-page","status-publish","hentry"],"post_mailing_queue_ids":[],"_links":{"self":[{"href":"https:\/\/agora.xtec.cat\/escola-santroc\/wp-json\/wp\/v2\/pages\/34","targetHints":{"allow":["GET"]}}],"collection":[{"href":"https:\/\/agora.xtec.cat\/escola-santroc\/wp-json\/wp\/v2\/pages"}],"about":[{"href":"https:\/\/agora.xtec.cat\/escola-santroc\/wp-json\/wp\/v2\/types\/page"}],"author":[{"embeddable":true,"href":"https:\/\/agora.xtec.cat\/escola-santroc\/wp-json\/wp\/v2\/users\/1"}],"replies":[{"embeddable":true,"href":"https:\/\/agora.xtec.cat\/escola-santroc\/wp-json\/wp\/v2\/comments?post=34"}],"version-history":[{"count":4,"href":"https:\/\/agora.xtec.cat\/escola-santroc\/wp-json\/wp\/v2\/pages\/34\/revisions"}],"predecessor-version":[{"id":8815,"href":"https:\/\/agora.xtec.cat\/escola-santroc\/wp-json\/wp\/v2\/pages\/34\/revisions\/8815"}],"up":[{"embeddable":true,"href":"https:\/\/agora.xtec.cat\/escola-santroc\/wp-json\/wp\/v2\/pages\/22"}],"wp:attachment":[{"href":"https:\/\/agora.xtec.cat\/escola-santroc\/wp-json\/wp\/v2\/media?parent=34"}],"curies":[{"name":"wp","href":"https:\/\/api.w.org\/{rel}","templated":true}]}}