{"id":3119,"date":"2018-09-15T16:35:59","date_gmt":"2018-09-15T14:35:59","guid":{"rendered":"http:\/\/agora.xtec.cat\/escola-santroc\/?page_id=3119"},"modified":"2025-09-15T11:09:58","modified_gmt":"2025-09-15T09:09:58","slug":"qui-em","status":"publish","type":"page","link":"https:\/\/agora.xtec.cat\/escola-santroc\/lescola\/qui-em\/","title":{"rendered":"Equipa docenta"},"content":{"rendered":"<h5>Era equipa docenta deth cors 2025-26 dera esc\u00f2la Sant R\u00f2c de Boss\u00f2st ei formada per:<\/h5>\n<p>&nbsp;<\/p>\n<p><strong>Equipa directiva:<\/strong><\/p>\n<ul>\n<li><strong>Director:<\/strong> Jaume Badia Fust\u00e9<\/li>\n<li><strong>Cap d&#8217;estudis:<\/strong> Irene Barbal Forment<\/li>\n<li><strong>Secret\u00e0ria:<\/strong> Sira Ortiz Pan\u00e9<\/li>\n<\/ul>\n<pre><\/pre>\n<ul>\n<li><strong>Personau PAS: <\/strong>Ana Mar\u00eda Rodr\u00edguez Quirantes<\/li>\n<\/ul>\n<p><strong>Tutores e Tutors:<\/strong><\/p>\n<ul>\n<li><strong>I3-I4-I5: <\/strong>M\u00aa Mar Cerezuela Calavera<\/li>\n<li><strong>1\u00e8r-2au:<\/strong> Maite Mouzo Bar\u00e9s\u00a0<strong><br \/>\n<\/strong><\/li>\n<li><strong>3au: <\/strong>Vanesa Se\u00f1\u00eds Garrido<\/li>\n<li><strong>4au: <\/strong>Miriam Cabr\u00e9 Dom\u00ednguez<\/li>\n<li><strong>5au:\u00a0<\/strong>Irene Barbal Forment<\/li>\n<li><strong>6au:<\/strong> Ana Cuito Bautista<\/li>\n<\/ul>\n<p><strong>Especialistes:<\/strong><\/p>\n<ul>\n<li><strong>Educacion Fisica:<\/strong> Jaume Badia Fust\u00e9<\/li>\n<li><strong>Lengua Anglesa: <\/strong>Jana Alonso Floren\u00e7a<\/li>\n<\/ul>\n<p><strong>D&#8217;auti m\u00e8stres:<\/strong><\/p>\n<ul>\n<li><strong>Religion:\u00a0<\/strong>Mariona Brito Riart<\/li>\n<li><strong>Prim\u00e0ria: <\/strong>Ares Medan Delaurens e Marc Vendrell D\u00edaz<\/li>\n<\/ul>\n<p><strong>Personau de sup\u00f2rt:<\/strong><\/p>\n<ul>\n<li><strong>Auxiliara de conv\u00e8rsa:<\/strong> Natalia Parra Carrera<\/li>\n<li><strong>Referent PCTEI:\u00a0<\/strong>Cristina Prades<\/li>\n<li><strong>Monitoratge de sup\u00f2rt ena educacion infantila:\u00a0<\/strong>Y\u00e9sica Navarro Contreras<\/li>\n<\/ul>\n<p><strong>Equipa d&#8217;assessorament e orientacion psicopedagogica:<\/strong><\/p>\n<ul>\n<li><strong>Logopeda:<\/strong> Noem\u00ed Caubet Chac\u00f3n<\/li>\n<li><strong>Psicopedagoga:<\/strong> Cristina Riu Aun\u00f2s<\/li>\n<li><strong>Fisioterapeuta<\/strong>: Laura L\u00f3pez Amate<\/li>\n<li><strong>Trabalhadora sociau:<\/strong> Marta Casas Sitjas<\/li>\n<\/ul>\n","protected":false},"excerpt":{"rendered":"<p>Era equipa docenta deth cors 2025-26 dera esc\u00f2la Sant R\u00f2c de Boss\u00f2st ei formada per:<br \/>\n&nbsp;<br \/>\nEquipa directiva:<\/p>\n<ul>\n<li>Director: Jaume Badia Fust\u00e9<\/li>\n<li>Cap d&#8217;estudis: Irene Barbal Forment<\/li>\n<li>Secret\u00e0ria: Sira Ortiz Pan\u00e9<\/li>\n<\/ul>\n<ul>\n<li>Personau PAS: Ana Mar\u00eda Rodr\u00edguez Quirantes<\/li>\n<\/ul>\n<p>Tutores e Tutors:<\/p>\n<ul>\n<li>I3-I4-I5: M\u00aa Mar Cerezuela Calavera<\/li>\n<li>1\u00e8r-2au: Maite Mouzo Bar\u00e9s\u00a0\n<\/li>\n<li>3au: Vanesa Se\u00f1\u00eds Garrido<\/li>\n<li>4au: Miriam Cabr\u00e9&hellip;  <a href=\"https:\/\/agora.xtec.cat\/escola-santroc\/lescola\/qui-em\/\" title=\"Read Equipa docenta\">Llegeix m\u00e9s\u00bb<\/a><br \/>\n","protected":false},"author":1,"featured_media":0,"parent":22,"menu_order":15,"comment_status":"closed","ping_status":"closed","template":"page-templates\/side-menu.php","meta":{"_bbp_topic_count":0,"_bbp_reply_count":0,"_bbp_total_topic_count":0,"_bbp_total_reply_count":0,"_bbp_voice_count":0,"_bbp_anonymous_reply_count":0,"_bbp_topic_count_hidden":0,"_bbp_reply_count_hidden":0,"_bbp_forum_subforum_count":0,"footnotes":""},"class_list":["post-3119","page","type-page","status-publish","hentry"],"post_mailing_queue_ids":[],"_links":{"self":[{"href":"https:\/\/agora.xtec.cat\/escola-santroc\/wp-json\/wp\/v2\/pages\/3119","targetHints":{"allow":["GET"]}}],"collection":[{"href":"https:\/\/agora.xtec.cat\/escola-santroc\/wp-json\/wp\/v2\/pages"}],"about":[{"href":"https:\/\/agora.xtec.cat\/escola-santroc\/wp-json\/wp\/v2\/types\/page"}],"author":[{"embeddable":true,"href":"https:\/\/agora.xtec.cat\/escola-santroc\/wp-json\/wp\/v2\/users\/1"}],"replies":[{"embeddable":true,"href":"https:\/\/agora.xtec.cat\/escola-santroc\/wp-json\/wp\/v2\/comments?post=3119"}],"version-history":[{"count":6,"href":"https:\/\/agora.xtec.cat\/escola-santroc\/wp-json\/wp\/v2\/pages\/3119\/revisions"}],"predecessor-version":[{"id":12846,"href":"https:\/\/agora.xtec.cat\/escola-santroc\/wp-json\/wp\/v2\/pages\/3119\/revisions\/12846"}],"up":[{"embeddable":true,"href":"https:\/\/agora.xtec.cat\/escola-santroc\/wp-json\/wp\/v2\/pages\/22"}],"wp:attachment":[{"href":"https:\/\/agora.xtec.cat\/escola-santroc\/wp-json\/wp\/v2\/media?parent=3119"}],"curies":[{"name":"wp","href":"https:\/\/api.w.org\/{rel}","templated":true}]}}