{"id":28,"date":"2014-09-18T12:29:35","date_gmt":"2014-09-18T11:29:35","guid":{"rendered":"http:\/\/agora.xtec.cat\/escola-santroc\/?page_id=28"},"modified":"2025-10-15T13:46:24","modified_gmt":"2025-10-15T11:46:24","slug":"conselh-escolar","status":"publish","type":"page","link":"https:\/\/agora.xtec.cat\/escola-santroc\/lescola\/conselh-escolar\/","title":{"rendered":"Conselh escolar"},"content":{"rendered":"<p>Ei er organ de participacion des diu\u00e8rsi sectors dera comunitat educativa en gov\u00e8rn deth centre.<\/p>\n<p><strong>Eth n\u00f2ste Conselh escolar ei format per tres sectors de quate membres cadun, en totau 12, a m\u00e8s dera secret\u00e0ria, qu&#8217;a veu m\u00e8s non v\u00f2t:<\/strong><\/p>\n<ul>\n<li><strong style=\"font-family: inherit; font-size: 1em;\">Sector administracion:<\/strong><\/li>\n<li style=\"list-style-type: none;\">\n<ul>\n<li>Director: Jaume Badia Fust\u00e9.<\/li>\n<li>Cap d&#8217;Estudis: Irene Barbal Forment.<\/li>\n<li>Representanta der ajuntament: Montserrat de Burgos Barb\u00e9.<\/li>\n<li>Auxiliar administrativa: Ana Mar\u00eda Rodr\u00edguez Quirantes.<\/li>\n<\/ul>\n<\/li>\n<li><strong>Sector m\u00e8stres:<\/strong>\n<ul>\n<li>Maite Mouzo Bares.<\/li>\n<li>M\u00edriam Cabr\u00e9 Dom\u00ednguez.<\/li>\n<li>M\u00aa Mar Cerezuela Calavera.<em><br \/>\n<\/em><\/li>\n<li>Vacant<\/li>\n<\/ul>\n<\/li>\n<li><strong>Sector familhes:<\/strong>\n<ul>\n<li>Representanta dera AFA: Marta Rodr\u00edguez Rom\u00e1n.<\/li>\n<li>Representanta des familhes: Andrea C\u00e1ceres Palacios.<\/li>\n<li>Representanta des familhes: Eva Ruiz Garcia.<\/li>\n<li>Representanta des familhes: Yolanda Ballarin Orus.<\/li>\n<\/ul>\n<\/li>\n<\/ul>\n<p>Era foncion principau ei participar ena presa de decisions en relacion damb aqueri t\u00e8mes importants entath foncionament e organizacion deth centre:\u00a0 proj\u00e8cte educatiu, programacion annau, gestion economica e d\u2019auti.<\/p>\n<p>Ent\u00e0 poder participar enes eleccions deth conselh escolar (se realizen cada dus ans e se c\u00e0mbien era meitat des s\u00f2ns membres) vos podetz presentar coma candidats e tanben participar eth dia des eleccions en tot escu\u00e9lher ath v\u00f2ste representant.<\/p>\n<p>&nbsp;<\/p>\n<p><a href=\"https:\/\/agora.xtec.cat\/escola-santroc\/general\/acords-cors-21-22\/\">Ac\u00f2rds Conselh Escolar Cors 2023-24<\/a><\/p>\n<p><a href=\"https:\/\/agora.xtec.cat\/escola-santroc\/?p=12147&amp;preview=true\">Ac\u00f2rds Conselh Escolar Cors 2024-25<\/a><\/p>\n<p>&nbsp;<\/p>\n<p>&nbsp;<\/p>\n","protected":false},"excerpt":{"rendered":"<p>Ei er organ de participacion des diu\u00e8rsi sectors dera comunitat educativa en gov\u00e8rn deth centre.<br \/>\nEth n\u00f2ste Conselh escolar ei format per tres sectors de quate membres cadun, en totau 12, a m\u00e8s dera secret\u00e0ria, qu&#8217;a veu m\u00e8s non v\u00f2t:<\/p>\n<ul>\n<li>Sector administracion:<\/li>\n<li style=\"list-style-type: none;\">\n<ul>\n<li>Director: Jaume Badia Fust\u00e9.<\/li>\n<li>Cap&hellip;  <a href=\"https:\/\/agora.xtec.cat\/escola-santroc\/lescola\/conselh-escolar\/\" title=\"Read Conselh escolar\">Llegeix m\u00e9s\u00bb<\/a><br \/>\n","protected":false},"author":1,"featured_media":0,"parent":22,"menu_order":30,"comment_status":"closed","ping_status":"closed","template":"page-templates\/side-menu.php","meta":{"_bbp_topic_count":0,"_bbp_reply_count":0,"_bbp_total_topic_count":0,"_bbp_total_reply_count":0,"_bbp_voice_count":0,"_bbp_anonymous_reply_count":0,"_bbp_topic_count_hidden":0,"_bbp_reply_count_hidden":0,"_bbp_forum_subforum_count":0,"footnotes":""},"class_list":["post-28","page","type-page","status-publish","hentry"],"post_mailing_queue_ids":[],"_links":{"self":[{"href":"https:\/\/agora.xtec.cat\/escola-santroc\/wp-json\/wp\/v2\/pages\/28","targetHints":{"allow":["GET"]}}],"collection":[{"href":"https:\/\/agora.xtec.cat\/escola-santroc\/wp-json\/wp\/v2\/pages"}],"about":[{"href":"https:\/\/agora.xtec.cat\/escola-santroc\/wp-json\/wp\/v2\/types\/page"}],"author":[{"embeddable":true,"href":"https:\/\/agora.xtec.cat\/escola-santroc\/wp-json\/wp\/v2\/users\/1"}],"replies":[{"embeddable":true,"href":"https:\/\/agora.xtec.cat\/escola-santroc\/wp-json\/wp\/v2\/comments?post=28"}],"version-history":[{"count":6,"href":"https:\/\/agora.xtec.cat\/escola-santroc\/wp-json\/wp\/v2\/pages\/28\/revisions"}],"predecessor-version":[{"id":12948,"href":"https:\/\/agora.xtec.cat\/escola-santroc\/wp-json\/wp\/v2\/pages\/28\/revisions\/12948"}],"up":[{"embeddable":true,"href":"https:\/\/agora.xtec.cat\/escola-santroc\/wp-json\/wp\/v2\/pages\/22"}],"wp:attachment":[{"href":"https:\/\/agora.xtec.cat\/escola-santroc\/wp-json\/wp\/v2\/media?parent=28"}],"curies":[{"name":"wp","href":"https:\/\/api.w.org\/{rel}","templated":true}]}}