{"id":1261,"date":"2017-02-21T16:34:43","date_gmt":"2017-02-21T15:34:43","guid":{"rendered":"http:\/\/agora.xtec.cat\/escola-santroc\/?page_id=1261"},"modified":"2022-09-12T18:23:53","modified_gmt":"2022-09-12T16:23:53","slug":"projectes-e-plans","status":"publish","type":"page","link":"https:\/\/agora.xtec.cat\/escola-santroc\/que-hem\/projectes-e-plans\/","title":{"rendered":"Proj\u00e8ctes e Plans"},"content":{"rendered":"<p>En aguest espaci vos presentam b\u00e8ri des proj\u00e8ctes e plans dera n\u00f2sta esc\u00f2la.<\/p>\n","protected":false},"excerpt":{"rendered":"<p>En aguest espaci vos presentam b\u00e8ri des proj\u00e8ctes e plans dera n\u00f2sta esc\u00f2la.<\/p>\n","protected":false},"author":1,"featured_media":0,"parent":9778,"menu_order":15,"comment_status":"closed","ping_status":"closed","template":"page-templates\/side-menu.php","meta":{"_bbp_topic_count":0,"_bbp_reply_count":0,"_bbp_total_topic_count":0,"_bbp_total_reply_count":0,"_bbp_voice_count":0,"_bbp_anonymous_reply_count":0,"_bbp_topic_count_hidden":0,"_bbp_reply_count_hidden":0,"_bbp_forum_subforum_count":0,"footnotes":""},"class_list":["post-1261","page","type-page","status-publish","hentry"],"post_mailing_queue_ids":[],"_links":{"self":[{"href":"https:\/\/agora.xtec.cat\/escola-santroc\/wp-json\/wp\/v2\/pages\/1261","targetHints":{"allow":["GET"]}}],"collection":[{"href":"https:\/\/agora.xtec.cat\/escola-santroc\/wp-json\/wp\/v2\/pages"}],"about":[{"href":"https:\/\/agora.xtec.cat\/escola-santroc\/wp-json\/wp\/v2\/types\/page"}],"author":[{"embeddable":true,"href":"https:\/\/agora.xtec.cat\/escola-santroc\/wp-json\/wp\/v2\/users\/1"}],"replies":[{"embeddable":true,"href":"https:\/\/agora.xtec.cat\/escola-santroc\/wp-json\/wp\/v2\/comments?post=1261"}],"version-history":[{"count":3,"href":"https:\/\/agora.xtec.cat\/escola-santroc\/wp-json\/wp\/v2\/pages\/1261\/revisions"}],"predecessor-version":[{"id":3754,"href":"https:\/\/agora.xtec.cat\/escola-santroc\/wp-json\/wp\/v2\/pages\/1261\/revisions\/3754"}],"up":[{"embeddable":true,"href":"https:\/\/agora.xtec.cat\/escola-santroc\/wp-json\/wp\/v2\/pages\/9778"}],"wp:attachment":[{"href":"https:\/\/agora.xtec.cat\/escola-santroc\/wp-json\/wp\/v2\/media?parent=1261"}],"curies":[{"name":"wp","href":"https:\/\/api.w.org\/{rel}","templated":true}]}}