{"id":2998,"date":"2020-04-16T13:20:30","date_gmt":"2020-04-16T11:20:30","guid":{"rendered":"http:\/\/agora.xtec.cat\/escola-santacaterina-vinyols\/?page_id=2998"},"modified":"2020-04-16T13:20:30","modified_gmt":"2020-04-16T11:20:30","slug":"correus-de-lequip-docent","status":"publish","type":"page","link":"https:\/\/agora.xtec.cat\/escola-santacaterina-vinyols\/correus-de-lequip-docent\/","title":{"rendered":"Correus de l&#8217;equip docent"},"content":{"rendered":"<p><span style=\"font-weight: 400;\">Aqu\u00ed hi trobareu el llistat de correus de l\u2019equip docent per cicles.<\/span><\/p>\n<ul>\n<li><b>Mestres d&#8217;infantil P3, P4, P5<\/b><\/li>\n<li><span style=\"font-weight: 400;\">Tutora P3. M\u00f2nica <\/span><a href=\"mailto:mofol@escolavinyols.cat\"><span style=\"font-weight: 400;\">mofol@escolavinyols.cat<\/span><\/a><\/li>\n<li><span style=\"font-weight: 400;\">Tutora P4. Elisa <\/span><a href=\"mailto:elcla@escolavinyols.cat\"><span style=\"font-weight: 400;\">elcla@escolavinyols.cat<\/span><\/a><\/li>\n<li><span style=\"font-weight: 400;\">Tutora P5. Rosa M <\/span><a href=\"mailto:roboq@escolavinyols.cat\"><span style=\"font-weight: 400;\">roboq@escolavinyols.cat<\/span><\/a><\/li>\n<li><span style=\"font-weight: 400;\">Pl\u00e0stica. Anna M <\/span><a href=\"mailto:anmor@escolavinyols.cat\"><span style=\"font-weight: 400;\">anmor@escolavinyols.cat<\/span><\/a><\/li>\n<li><span style=\"font-weight: 400;\">Psicomotricitat. Ivan <\/span><a href=\"mailto:ivpit@escolavinyols.cat\"><span style=\"font-weight: 400;\">ivpit@escolavinyols.cat<\/span><\/a><\/li>\n<li><span style=\"font-weight: 400;\">M\u00fasica. L\u00eddia <\/span><a href=\"mailto:limas@escolavinyols.cat\"><span style=\"font-weight: 400;\">limas@escolavinyols.cat<\/span><\/a><\/li>\n<li><span style=\"font-weight: 400;\">Angl\u00e8s. Montse <\/span><a href=\"mailto:momar@escolavinyols.cat\"><span style=\"font-weight: 400;\">momar@escolavinyols.cat<\/span><\/a><\/li>\n<li><span style=\"font-weight: 400;\">Suport. Blanca <\/span><a href=\"mailto:blbar@escolavinyols.cat\"><span style=\"font-weight: 400;\">blbar@escolavinyols.cat<\/span><\/a><\/li>\n<\/ul>\n<p>&nbsp;<\/p>\n<ul>\n<li><b>Mestres d&#8217;inicial. 1r i 2n<\/b><\/li>\n<li><span style=\"font-weight: 400;\">Tutora 1r i Angl\u00e8s. M\u00edriam <\/span><a href=\"mailto:mixat@escolavinyols.cat\"><span style=\"font-weight: 400;\">mixat@escolavinyols.cat<\/span><\/a><\/li>\n<li><span style=\"font-weight: 400;\">Tutor 2n. Selvi <\/span><a href=\"mailto:fralc@escolavinyols.cat\"><span style=\"font-weight: 400;\">fralc@escolavinyols.cat<\/span><\/a><\/li>\n<li><span style=\"font-weight: 400;\">Pl\u00e0stica. Elisenda <\/span><a href=\"mailto:elseg@escolavinyols.cat\"><span style=\"font-weight: 400;\">elseg@escolavinyols.cat<\/span><\/a><\/li>\n<li><span style=\"font-weight: 400;\">Educaci\u00f3 F\u00edsica. Ivan <\/span><a href=\"mailto:ivpit@escolavinyols.cat\"><span style=\"font-weight: 400;\">ivpit@escolavinyols.cat<\/span><\/a><\/li>\n<li><span style=\"font-weight: 400;\">M\u00fasica. L\u00eddia <\/span><a href=\"mailto:limas@escolavinyols.cat\"><span style=\"font-weight: 400;\">limas@escolavinyols.cat<\/span><\/a><\/li>\n<li><span style=\"font-weight: 400;\">Suport. Blanca <\/span><a href=\"mailto:blbar@escolavinyols.cat\"><span style=\"font-weight: 400;\">blbar@escolavinyols.cat<\/span><\/a><\/li>\n<li><span style=\"font-weight: 400;\">Religi\u00f3. Marta <\/span><a href=\"mailto:mamar@escolavinyols.cat\"><span style=\"font-weight: 400;\">mamar@escolavinyols.cat<\/span><\/a><\/li>\n<\/ul>\n<p>&nbsp;<\/p>\n<ul>\n<li><b>Mestres de cicle mitj\u00e0. 3r i 4t<\/b><\/li>\n<li><span style=\"font-weight: 400;\">Tutor 3r. Jordi <\/span><a href=\"mailto:jobad@escolavinyols.cat\"><span style=\"font-weight: 400;\">jobad@escolavinyols.cat<\/span><\/a><\/li>\n<li><span style=\"font-weight: 400;\">Tutor 4t. Jos\u00e9 Juan <\/span><a href=\"mailto:jogonz@escolavinyols.cat\"><span style=\"font-weight: 400;\">jogon@escolavinyols.cat<\/span><\/a><\/li>\n<li><span style=\"font-weight: 400;\">Pl\u00e0stica. Elisenda <\/span><a href=\"mailto:elseg@escolavinyols.cat\"><span style=\"font-weight: 400;\">elseg@escolavinyols.cat<\/span><\/a><\/li>\n<li><span style=\"font-weight: 400;\">Educaci\u00f3 F\u00edsica. Jordi V <\/span><a href=\"mailto:joval@escolavinyols.cat\"><span style=\"font-weight: 400;\">joval@escolavinyols.cat<\/span><\/a><\/li>\n<li><span style=\"font-weight: 400;\">M\u00fasica. L\u00eddia <\/span><a href=\"mailto:limas@escolavinyols.cat\"><span style=\"font-weight: 400;\">limas@escolavinyols.cat<\/span><\/a><\/li>\n<li><span style=\"font-weight: 400;\">Angl\u00e8s. Montse <\/span><a href=\"mailto:momar@escolavinyols.cat\"><span style=\"font-weight: 400;\">momar@escolavinyols.cat<\/span><\/a><\/li>\n<li><span style=\"font-weight: 400;\">Suport. Maria <\/span><a href=\"mailto:mamir@escolavinyols.cat\"><span style=\"font-weight: 400;\">mamir@escolavinyols.cat<\/span><\/a><\/li>\n<li><span style=\"font-weight: 400;\">Religi\u00f3. Merc\u00e8 <\/span><a href=\"mailto:meroi@escolavinyols.cat\"><span style=\"font-weight: 400;\">meroi@escolavinyols.cat<\/span><\/a><\/li>\n<\/ul>\n<p>&nbsp;<\/p>\n<ul>\n<li><b>Mestres de cicle superior. 5\u00e8 i 6\u00e8<\/b><\/li>\n<li><span style=\"font-weight: 400;\">Tutor 5\u00e8. Joan <\/span><a href=\"mailto:jover@escolavinyols.cat\"><span style=\"font-weight: 400;\">jover@escolavinyols.cat<\/span><\/a><\/li>\n<li><span style=\"font-weight: 400;\">Tutora 6\u00e8. Anna E <\/span><a href=\"mailto:anesc@escolavinyols.cat\"><span style=\"font-weight: 400;\">anesc@escolavinyols.cat<\/span><\/a><\/li>\n<li><span style=\"font-weight: 400;\">Pl\u00e0stica. Elisenda <\/span><a href=\"mailto:elseg@escolavinyols.cat\"><span style=\"font-weight: 400;\">elseg@escolavinyols.cat<\/span><\/a><\/li>\n<li><span style=\"font-weight: 400;\">Educaci\u00f3 F\u00edsica. Jordi V <\/span><a href=\"mailto:joval@escolavinyols.cat\"><span style=\"font-weight: 400;\">joval@escolavinyols.cat<\/span><\/a><\/li>\n<li><span style=\"font-weight: 400;\">Angl\u00e8s. Montse <\/span><a href=\"mailto:momar@escolavinyols.cat\"><span style=\"font-weight: 400;\">momar@escolavinyols.cat<\/span><\/a><\/li>\n<li><span style=\"font-weight: 400;\">M\u00fasica. L\u00eddia <\/span><a href=\"mailto:limas@escolavinyols.cat\"><span style=\"font-weight: 400;\">limas@escolavinyols.cat<\/span><\/a><\/li>\n<li><span style=\"font-weight: 400;\">Religi\u00f3. Marta <\/span><a href=\"mailto:mamar@escolavinyols.cat\"><span style=\"font-weight: 400;\">mamar@escolavinyols.cat<\/span><\/a><\/li>\n<li><b>Direcci\u00f3 <\/b><span style=\"font-weight: 400;\">\u00a0<\/span><a href=\"mailto:e3005121@tec.cat\"><span style=\"font-weight: 400;\">e3005121@tec.cat<\/span><\/a><\/li>\n<\/ul>\n","protected":false},"excerpt":{"rendered":"<p>Aqu\u00ed hi trobareu el llistat de correus de l\u2019equip docent per cicles. Mestres d&#8217;infantil P3, P4, P5 Tutora P3. M\u00f2nica mofol@escolavinyols.cat Tutora P4. Elisa elcla@escolavinyols.cat Tutora P5. Rosa M roboq@escolavinyols.cat Pl\u00e0stica. Anna M anmor@escolavinyols.cat Psicomotricitat. Ivan ivpit@escolavinyols.cat M\u00fasica. L\u00eddia limas@escolavinyols.cat Angl\u00e8s. Montse momar@escolavinyols.cat Suport. Blanca blbar@escolavinyols.cat &nbsp; Mestres d&#8217;inicial. 1r i 2n Tutora 1r i [&hellip;]<\/p>\n","protected":false},"author":1,"featured_media":0,"parent":0,"menu_order":0,"comment_status":"closed","ping_status":"closed","template":"","meta":{"_bbp_topic_count":0,"_bbp_reply_count":0,"_bbp_total_topic_count":0,"_bbp_total_reply_count":0,"_bbp_voice_count":0,"_bbp_anonymous_reply_count":0,"_bbp_topic_count_hidden":0,"_bbp_reply_count_hidden":0,"_bbp_forum_subforum_count":0,"site-sidebar-layout":"default","site-content-layout":"","ast-site-content-layout":"","site-content-style":"default","site-sidebar-style":"default","ast-global-header-display":"","ast-banner-title-visibility":"","ast-main-header-display":"","ast-hfb-above-header-display":"","ast-hfb-below-header-display":"","ast-hfb-mobile-header-display":"","site-post-title":"","ast-breadcrumbs-content":"","ast-featured-img":"","footer-sml-layout":"","theme-transparent-header-meta":"","adv-header-id-meta":"","stick-header-meta":"","header-above-stick-meta":"","header-main-stick-meta":"","header-below-stick-meta":"","astra-migrate-meta-layouts":"default","ast-page-background-enabled":"default","ast-page-background-meta":{"desktop":{"background-color":"var(--ast-global-color-4)","background-image":"","background-repeat":"repeat","background-position":"center center","background-size":"auto","background-attachment":"scroll","background-type":"","background-media":"","overlay-type":"","overlay-color":"","overlay-opacity":"","overlay-gradient":""},"tablet":{"background-color":"","background-image":"","background-repeat":"repeat","background-position":"center center","background-size":"auto","background-attachment":"scroll","background-type":"","background-media":"","overlay-type":"","overlay-color":"","overlay-opacity":"","overlay-gradient":""},"mobile":{"background-color":"","background-image":"","background-repeat":"repeat","background-position":"center center","background-size":"auto","background-attachment":"scroll","background-type":"","background-media":"","overlay-type":"","overlay-color":"","overlay-opacity":"","overlay-gradient":""}},"ast-content-background-meta":{"desktop":{"background-color":"var(--ast-global-color-5)","background-image":"","background-repeat":"repeat","background-position":"center center","background-size":"auto","background-attachment":"scroll","background-type":"","background-media":"","overlay-type":"","overlay-color":"","overlay-opacity":"","overlay-gradient":""},"tablet":{"background-color":"var(--ast-global-color-5)","background-image":"","background-repeat":"repeat","background-position":"center center","background-size":"auto","background-attachment":"scroll","background-type":"","background-media":"","overlay-type":"","overlay-color":"","overlay-opacity":"","overlay-gradient":""},"mobile":{"background-color":"var(--ast-global-color-5)","background-image":"","background-repeat":"repeat","background-position":"center center","background-size":"auto","background-attachment":"scroll","background-type":"","background-media":"","overlay-type":"","overlay-color":"","overlay-opacity":"","overlay-gradient":""}},"footnotes":""},"class_list":["post-2998","page","type-page","status-publish","hentry"],"post_mailing_queue_ids":[],"_links":{"self":[{"href":"https:\/\/agora.xtec.cat\/escola-santacaterina-vinyols\/wp-json\/wp\/v2\/pages\/2998","targetHints":{"allow":["GET"]}}],"collection":[{"href":"https:\/\/agora.xtec.cat\/escola-santacaterina-vinyols\/wp-json\/wp\/v2\/pages"}],"about":[{"href":"https:\/\/agora.xtec.cat\/escola-santacaterina-vinyols\/wp-json\/wp\/v2\/types\/page"}],"author":[{"embeddable":true,"href":"https:\/\/agora.xtec.cat\/escola-santacaterina-vinyols\/wp-json\/wp\/v2\/users\/1"}],"replies":[{"embeddable":true,"href":"https:\/\/agora.xtec.cat\/escola-santacaterina-vinyols\/wp-json\/wp\/v2\/comments?post=2998"}],"version-history":[{"count":1,"href":"https:\/\/agora.xtec.cat\/escola-santacaterina-vinyols\/wp-json\/wp\/v2\/pages\/2998\/revisions"}],"predecessor-version":[{"id":3000,"href":"https:\/\/agora.xtec.cat\/escola-santacaterina-vinyols\/wp-json\/wp\/v2\/pages\/2998\/revisions\/3000"}],"wp:attachment":[{"href":"https:\/\/agora.xtec.cat\/escola-santacaterina-vinyols\/wp-json\/wp\/v2\/media?parent=2998"}],"curies":[{"name":"wp","href":"https:\/\/api.w.org\/{rel}","templated":true}]}}