{"id":2930,"date":"2020-03-19T20:03:13","date_gmt":"2020-03-19T19:03:13","guid":{"rendered":"http:\/\/agora.xtec.cat\/escola-santacaterina-vinyols\/?page_id=2930"},"modified":"2020-03-19T22:44:46","modified_gmt":"2020-03-19T21:44:46","slug":"recomanacions-cicle-inicial","status":"publish","type":"page","link":"https:\/\/agora.xtec.cat\/escola-santacaterina-vinyols\/recomanacions-cicle-inicial\/","title":{"rendered":"RECOMANACIONS CICLE INICIAL"},"content":{"rendered":"<p><i><span style=\"font-weight: 400;\">Hola a tots i a totes! Com van aquests dies? Segur que ja teniu moltes ganes de tornar a l&#8217;escola! \ud83d\ude09\u00a0<\/span><\/i><\/p>\n<p><i><span style=\"font-weight: 400;\">Per anar repassant i no perdre el ritme del curs, us passem un seguit d&#8217;activitats. Aquestes les anirem ampliant, depenent dels dies que haguem d&#8217;estar a casa. S\u00f3n recomanacions, no s\u00f3n activitats obligat\u00f2ries, per\u00f2 us ajudaran a passar una bona estona.\u00a0 <\/span><\/i><i><span style=\"font-weight: 400;\">Esperem tornar-vos a veure ben aviat!<\/span><\/i><\/p>\n<p style=\"text-align: right;\"><i><span style=\"font-weight: 400;\">Mestres de Cicle Inicial<\/span><\/i><\/p>\n<p><span style=\"color: #0000ff;\"><span style=\"font-weight: 400;\">Us recomanem fer un <\/span><b>horari <\/b><span style=\"font-weight: 400;\">on combineu:<\/span><\/span><\/p>\n<ul>\n<li style=\"font-weight: 400;\"><span style=\"font-weight: 400; color: #0000ff;\">Tasques escolars<\/span><\/li>\n<li style=\"font-weight: 400;\"><span style=\"font-weight: 400; color: #0000ff;\">Lectura<\/span><\/li>\n<li style=\"font-weight: 400;\"><span style=\"font-weight: 400; color: #0000ff;\">Feines de casa (\u00e9s un bon moment per endre\u00e7ar i ajudar en les tasques dom\u00e8stiques)<\/span><\/li>\n<li style=\"font-weight: 400;\"><span style=\"font-weight: 400; color: #0000ff;\">televisi\u00f3<\/span><\/li>\n<li style=\"font-weight: 400;\"><span style=\"font-weight: 400; color: #0000ff;\">Pantalles<\/span><\/li>\n<li style=\"font-weight: 400;\"><span style=\"font-weight: 400; color: #0000ff;\">Jocs en fam\u00edlia<\/span><\/li>\n<li style=\"font-weight: 400;\"><span style=\"font-weight: 400; color: #0000ff;\">Activitats de moviment (limitades, ja ho sabem)<\/span><\/li>\n<\/ul>\n<p>&nbsp;<\/p>\n<p><span style=\"font-weight: 400;\">Les activitats que us vam proposar des de l\u2019escola s\u00f3n:<\/span><\/p>\n<ul>\n<li style=\"font-weight: 400;\"><span style=\"font-weight: 400;\">Escriure a la <\/span><b>llibreta d\u2019Escriptura personal.<\/b><\/li>\n<li style=\"font-weight: 400;\"><b>Lectura<\/b><span style=\"font-weight: 400;\"> (vau agafar llibres de l\u2019escola, per\u00f2 segur que per casa en teniu m\u00e9s).<\/span><\/li>\n<li style=\"font-weight: 400;\"><span style=\"font-weight: 400;\">Llibreta de <\/span><b>tasques<\/b><span style=\"font-weight: 400;\">. Podeu fer les que us han quedat pendents d\u2019altres mesos.<\/span><\/li>\n<\/ul>\n<p>&nbsp;<\/p>\n<p><b>NOVES RECOMANACIONS:<\/b><\/p>\n<p><b>ACTIVITATS DE COMUNICACI\u00d3<\/b><\/p>\n<ul>\n<li style=\"font-weight: 400;\"><span style=\"font-weight: 400;\"><strong>Llegir<\/strong> contes, demanar als infants que ens els <strong>expliquin<\/strong> despr\u00e9s, que els acabin de forma diferent\u2026\u00a0<\/span><\/li>\n<li style=\"font-weight: 400;\"><span style=\"font-weight: 400;\">Realitzar un <strong>diari<\/strong> i anar-hi incorporant: les an\u00e8cdotes del dia, retalls d\u2019imatges, petites converses, dibuixos, fotos\u2026\u00a0<\/span><\/li>\n<li style=\"font-weight: 400;\"><span style=\"font-weight: 400;\">Fer un <strong>llistat<\/strong> d\u2019avantatges i inconvenients d\u2019estar confinat a casa.\u00a0<\/span><\/li>\n<li style=\"font-weight: 400;\"><span style=\"font-weight: 400;\">Triar una hist\u00f2ria o conte i <strong>representar<\/strong>-lo amb titelles o escenificant-lo.\u00a0<\/span><\/li>\n<li style=\"font-weight: 400;\"><span style=\"font-weight: 400;\">Inventar <strong>hist\u00f2ries<\/strong>, dibuixar-les, escriure qu\u00e8 hi passa (com ho vulguin escriure).\u00a0<\/span><\/li>\n<li style=\"font-weight: 400;\"><span style=\"font-weight: 400;\">Escriure <strong>notes<\/strong> als amics (paper, whatsapp o e-mail).<\/span><\/li>\n<li style=\"font-weight: 400;\"><span style=\"font-weight: 400;\">Escriure <strong>missatges secrets<\/strong> als diferents membres de la fam\u00edlia que viuen amb tu.<\/span><\/li>\n<li style=\"font-weight: 400;\"><span style=\"font-weight: 400;\">Escriure la <strong>recepta<\/strong> d\u2019algun menjar que elaboris a casa.<\/span><\/li>\n<li style=\"font-weight: 400;\"><span style=\"font-weight: 400;\">Enregistrar un <strong>\u00e0udio<\/strong> d\u2019hist\u00f2ries, contes, descripcions\u2026<\/span><\/li>\n<li style=\"font-weight: 400;\"><a href=\"https:\/\/www.ccma.cat\/tv3\/super3\/una-ma-de-contes\/\"><span style=\"font-weight: 400;\">https:\/\/www.ccma.cat\/tv3\/super3\/una-ma-de-contes\/<\/span><\/a> <span style=\"font-weight: 400;\">Escoltar contes.\u00a0<\/span><\/li>\n<li style=\"font-weight: 400;\"><a href=\"https:\/\/www.ccma.cat\/tv3\/super3\/\"><span style=\"font-weight: 400;\">https:\/\/www.ccma.cat\/tv3\/super3\/<\/span><\/a><span style=\"font-weight: 400;\"> Programes per veure: Infok, Qu\u00e8, qui, com, etc&#8230;<\/span><\/li>\n<li style=\"font-weight: 400;\"><a href=\"http:\/\/www.dicdidac.cat\"><span style=\"font-weight: 400;\">www.dicdidac.cat<\/span><\/a> <span style=\"font-weight: 400;\">Buscar al diccionari paraules desconegudes. Fer frases amb aquestes paraules.<\/span><\/li>\n<li style=\"font-weight: 400;\"><span style=\"font-weight: 400;\">Fer <strong>mots encreuats<\/strong>, el penjat, fer sopes de lletres, fer jocs de preguntes i respostes, el veig-veig.\u00a0<\/span><\/li>\n<\/ul>\n<p>&nbsp;<\/p>\n<p><b>ACTIVITATS MATEM\u00c0TIQUES<\/b><\/p>\n<ul>\n<li style=\"font-weight: 400;\"><span style=\"font-weight: 400;\">Practicar <strong>s\u00e8ries<\/strong> num\u00e8riques (de 2 en 2, de 3 en 3&#8230;).<\/span><\/li>\n<li style=\"font-weight: 400;\"><span style=\"font-weight: 400;\">Inventar-se <strong>problemes<\/strong> matem\u00e0tics (sumes i restes).<\/span><\/li>\n<li style=\"font-weight: 400;\"><span style=\"font-weight: 400;\">Fer <strong>operacions<\/strong> mentalment.<\/span><\/li>\n<li style=\"font-weight: 400;\"><span style=\"font-weight: 400;\">Resoldre <strong>sumes<\/strong> portant-ne.<\/span><\/li>\n<li style=\"font-weight: 400;\"><span style=\"font-weight: 400;\"><strong>Mesurar<\/strong> objectes quotidians amb diferents sistemes: pams, peus, passes, regle i cinta m\u00e9trica.<\/span><\/li>\n<li style=\"font-weight: 400;\"><span style=\"font-weight: 400;\">Jugar amb diferents <strong>envasos<\/strong>, comparar la seva capacitat\/pes i fer equival\u00e8ncies.<\/span><\/li>\n<li style=\"font-weight: 400;\"><span style=\"font-weight: 400;\">Revisar les <strong>hores<\/strong> (nom\u00e9s segon curs).<\/span><\/li>\n<li style=\"font-weight: 400;\"><span style=\"font-weight: 400;\">Recollir dades sistem\u00e0ticament durant una setmana per a la realitzaci\u00f3 d\u2019un <strong>gr\u00e0fic<\/strong> de barres temps meteorol\u00f2gic, temps de dormir, temps de jugar, temps de lectura, temps de veure la tele, etc.\u00a0<\/span><\/li>\n<li style=\"font-weight: 400;\"><span style=\"font-weight: 400;\">Cercar a l\u2019entorn objectes que tinguin <strong>caracter\u00edstiques<\/strong> determinades: un mateix color, textura\u2026<\/span><\/li>\n<li style=\"font-weight: 400;\"><span style=\"font-weight: 400;\">Buscar imatges d\u2019objectes en cat\u00e0legs i fer-ne una classificaci\u00f3 i recull segons la seva <strong>forma geom\u00e8trica<\/strong>: prismes, cilindres, esferes, cubs, pir\u00e0mides i cons.\u00a0<\/span><\/li>\n<li style=\"font-weight: 400;\"><span style=\"font-weight: 400;\">Escriure els <strong>n\u00fameros<\/strong> en taps d\u2019envasos que tinguem a casa. Despr\u00e9s, formar n\u00fameros de dues xifres. Escriure\u2019ls i\/o dir-los en veu alta. Ordenar-los de m\u00e9s gran a m\u00e9s petit i a l\u2019inrev\u00e9s.\u00a0<\/span><\/li>\n<li style=\"font-weight: 400;\"><span style=\"font-weight: 400;\">Fer una llista de coses que voldr\u00edem comprar anotant el preu que t\u00e9 en diferents botigues online. Identificar quin \u00e9s el <strong>preu<\/strong> m\u00e9s barat, el m\u00e9s car i la difer\u00e8ncia de diners que ens podr\u00edem estalviar si compr\u00e9ssim el m\u00e9s barat.<\/span><\/li>\n<li style=\"font-weight: 400;\"><span style=\"font-weight: 400;\">Jugar amb les <strong>monedes<\/strong> d\u2019euro: combinacions, equival\u00e8ncies, simular problemes reals (compra, canvi\u2026).<\/span><\/li>\n<li style=\"font-weight: 400;\"><a href=\"https:\/\/es.ixl.com\/\"><span style=\"font-weight: 400;\">https:\/\/es.ixl.com\/<\/span><\/a><span style=\"font-weight: 400;\"> Activitats de matem\u00e0tiques.<\/span><\/li>\n<\/ul>\n<p>&nbsp;<\/p>\n<p><b>ACTIVITATS DIGITALS<\/b><\/p>\n<ul>\n<li style=\"font-weight: 400;\"><a href=\"http:\/\/www.ceip-diputacio.com\/la%20motxilla.htm\"><span style=\"font-weight: 400;\">http:\/\/www.ceip-diputacio.com\/la%20motxilla.htm<\/span><\/a><span style=\"font-weight: 400;\"> Recursos de totes les \u00e0rees.<\/span><\/li>\n<li style=\"font-weight: 400;\"><a href=\"http:\/\/www.edu365.com\"><span style=\"font-weight: 400;\">www.edu365.com<\/span><\/a><span style=\"font-weight: 400;\"> Recursos de totes les \u00e0rees.<\/span><\/li>\n<li style=\"font-weight: 400;\"><a href=\"https:\/\/www.google.es\/maps\"><span style=\"font-weight: 400;\">https:\/\/www.google.es\/maps<\/span><\/a> <span style=\"font-weight: 400;\">Visitar ciutats i llocs del m\u00f3n a trav\u00e9s del google.\u00a0<\/span><\/li>\n<\/ul>\n<p><b>ACTIVITATS DE LLENGUA ANGLESA<\/b><\/p>\n<ul>\n<li style=\"font-weight: 400;\"><a href=\"http:\/\/www.youtube.com\"><span style=\"font-weight: 400;\">www.youtube.com<\/span><\/a><span style=\"font-weight: 400;\"> Buscar: Super Simple Songs. Can\u00e7ons en angl\u00e8s.<\/span><\/li>\n<li style=\"font-weight: 400;\"><a href=\"http:\/\/www.koalatext.com\/public\/index.php\/indexgrades\"><span style=\"font-weight: 400;\">http:\/\/www.koalatext.com<\/span><\/a><span style=\"font-weight: 400;\"> Trobar\u00e0s tot de jocs i activitats per repassar l\u2019angl\u00e8s.\u00a0<\/span><\/li>\n<li style=\"font-weight: 400;\"><span style=\"font-weight: 400;\">Sempre que sigui possible, mirar la TV i els dibuixos animats en angl\u00e8s.\u00a0<\/span><\/li>\n<li style=\"font-weight: 400;\"><span style=\"font-weight: 400;\">Utilitzar el <strong>traductor<\/strong> online i etiquetar amb paper adhesiu objectes quotidians en angl\u00e8s.<\/span><\/li>\n<\/ul>\n<p>&nbsp;<\/p>\n<p><b>ACTIVITATS D\u2019EXPERIMENTACI\u00d3 I ART<\/b><\/p>\n<ul>\n<li style=\"font-weight: 400;\"><span style=\"font-weight: 400;\">Jugar amb <strong>jocs de taula<\/strong>: parx\u00eds, oca, domino, escacs, cartes, tres\/quatre en ratlla, bingo, fer trencaclosques.<\/span><\/li>\n<li style=\"font-weight: 400;\"><span style=\"font-weight: 400;\">Escoltar una <strong>can\u00e7\u00f3<\/strong> i inventar una coreografia ben divertida.<\/span><\/li>\n<li style=\"font-weight: 400;\"><span style=\"font-weight: 400;\">Crear un <strong>instrument<\/strong> musical amb material reciclat.<\/span><\/li>\n<li style=\"font-weight: 400;\"><span style=\"font-weight: 400;\">Aprendre la <strong>lletra<\/strong> de can\u00e7ons noves.<\/span><\/li>\n<li style=\"font-weight: 400;\"><span style=\"font-weight: 400;\">Elaborar <strong>punts de llibre<\/strong> ben originals.<\/span><\/li>\n<li style=\"font-weight: 400;\"><span style=\"font-weight: 400;\">Fer figures de <strong>papiroflexia<\/strong>.<\/span><\/li>\n<li style=\"font-weight: 400;\"><span style=\"font-weight: 400;\">Elaborar manualitats.<\/span><\/li>\n<li style=\"font-weight: 400;\"><span style=\"font-weight: 400;\">Fer figures de sal. Podeu mirar la recepta aqu\u00ed:<\/span><\/li>\n<li style=\"font-weight: 400;\"><a href=\"https:\/\/quarcreixentalauladinfantil.wordpress.com\/2018\/05\/02\/fem-pasta-de-sal\/\"><span style=\"font-weight: 400;\">https:\/\/quarcreixentalauladinfantil.wordpress.com\/2018\/05\/02\/fem-pasta-de-sal\/<\/span><\/a><\/li>\n<li style=\"font-weight: 400;\"><a href=\"https:\/\/www.ccma.cat\/tv3\/super3\/dinamiks\/\"><span style=\"font-weight: 400;\">https:\/\/www.ccma.cat\/tv3\/super3\/dinamiks\/<\/span><\/a><span style=\"font-weight: 400;\"> Activitats d\u2019experimentaci\u00f3.<\/span><\/li>\n<\/ul>\n<p>&nbsp;<\/p>\n<p><b>COL\u00b7LABORAR EN LES TASQUES DE LA LLAR<\/b><\/p>\n<ul>\n<li style=\"font-weight: 400;\"><span style=\"font-weight: 400;\">Ajudar en la preparaci\u00f3 del <strong>menjar<\/strong>: pelar fruita, preparar amanides, preparar el berenar\u2026\u00a0<\/span><\/li>\n<li style=\"font-weight: 400;\"><span style=\"font-weight: 400;\"><strong>Endre\u00e7ar<\/strong> l\u2019habitaci\u00f3 i fer-te el llit.\u00a0<\/span><\/li>\n<li style=\"font-weight: 400;\"><span style=\"font-weight: 400;\">Parar <strong>taula<\/strong> i recollir-la. Ajudar a posar i\/o treure el rentaplats.<\/span><\/li>\n<li style=\"font-weight: 400;\"><span style=\"font-weight: 400;\">Plegar i classificar la <strong>roba<\/strong>. Guardar-la als armaris corresponents.<\/span><\/li>\n<li style=\"font-weight: 400;\"><span style=\"font-weight: 400;\">Donar de menjar i cuidar de la <strong>mascota<\/strong>, si se\u2019n t\u00e9.<\/span><\/li>\n<li style=\"font-weight: 400;\"><span style=\"font-weight: 400;\">Ajudar a tenir cura de les <strong>plantes<\/strong> o del jard\u00ed, si se\u2019n t\u00e9.<\/span><\/li>\n<\/ul>\n<p>&nbsp;<\/p>\n<p><b>ACTIVITATS EN MOVIMENT<\/b><\/p>\n<p><span style=\"font-weight: 400;\">Fer totes aquelles activitats de moviment que et permeti l&#8217;espai de casa teva: caminar, c\u00f3rrer, saltar, fer circuits, gimcanes, equilibris, jocs amb pilotes, etc.<\/span><\/p>\n<p><span style=\"font-weight: 400;\">Aqu\u00ed en teniu alguns exemples els quals us poden donar idees per fer a casa.<\/span><\/p>\n<p><span style=\"font-weight: 400;\">Laberint: <\/span><a href=\"https:\/\/www.youtube.com\/watch?v=zyF8IBVe7uA\"><span style=\"font-weight: 400;\">https:\/\/www.youtube.com\/watch?v=zyF8IBVe7uA<\/span><\/a><\/p>\n<p><span style=\"font-weight: 400;\">Motricitat fina: <\/span><a href=\"https:\/\/www.youtube.com\/watch?v=kz2zthKYfe8\"><span style=\"font-weight: 400;\">https:\/\/www.youtube.com\/watch?v=kz2zthKYfe8<\/span><\/a><\/p>\n","protected":false},"excerpt":{"rendered":"<p>Hola a tots i a totes! Com van aquests dies? Segur que ja teniu moltes ganes de tornar a l&#8217;escola! \ud83d\ude09\u00a0 Per anar repassant i no perdre el ritme del curs, us passem un seguit d&#8217;activitats. Aquestes les anirem ampliant, depenent dels dies que haguem d&#8217;estar a casa. S\u00f3n recomanacions, no s\u00f3n activitats obligat\u00f2ries, per\u00f2 [&hellip;]<\/p>\n","protected":false},"author":1,"featured_media":0,"parent":0,"menu_order":0,"comment_status":"open","ping_status":"closed","template":"","meta":{"_bbp_topic_count":0,"_bbp_reply_count":0,"_bbp_total_topic_count":0,"_bbp_total_reply_count":0,"_bbp_voice_count":0,"_bbp_anonymous_reply_count":0,"_bbp_topic_count_hidden":0,"_bbp_reply_count_hidden":0,"_bbp_forum_subforum_count":0,"site-sidebar-layout":"default","site-content-layout":"","ast-site-content-layout":"","site-content-style":"default","site-sidebar-style":"default","ast-global-header-display":"","ast-banner-title-visibility":"","ast-main-header-display":"","ast-hfb-above-header-display":"","ast-hfb-below-header-display":"","ast-hfb-mobile-header-display":"","site-post-title":"","ast-breadcrumbs-content":"","ast-featured-img":"","footer-sml-layout":"","theme-transparent-header-meta":"","adv-header-id-meta":"","stick-header-meta":"","header-above-stick-meta":"","header-main-stick-meta":"","header-below-stick-meta":"","astra-migrate-meta-layouts":"default","ast-page-background-enabled":"default","ast-page-background-meta":{"desktop":{"background-color":"var(--ast-global-color-4)","background-image":"","background-repeat":"repeat","background-position":"center center","background-size":"auto","background-attachment":"scroll","background-type":"","background-media":"","overlay-type":"","overlay-color":"","overlay-opacity":"","overlay-gradient":""},"tablet":{"background-color":"","background-image":"","background-repeat":"repeat","background-position":"center center","background-size":"auto","background-attachment":"scroll","background-type":"","background-media":"","overlay-type":"","overlay-color":"","overlay-opacity":"","overlay-gradient":""},"mobile":{"background-color":"","background-image":"","background-repeat":"repeat","background-position":"center center","background-size":"auto","background-attachment":"scroll","background-type":"","background-media":"","overlay-type":"","overlay-color":"","overlay-opacity":"","overlay-gradient":""}},"ast-content-background-meta":{"desktop":{"background-color":"var(--ast-global-color-5)","background-image":"","background-repeat":"repeat","background-position":"center center","background-size":"auto","background-attachment":"scroll","background-type":"","background-media":"","overlay-type":"","overlay-color":"","overlay-opacity":"","overlay-gradient":""},"tablet":{"background-color":"var(--ast-global-color-5)","background-image":"","background-repeat":"repeat","background-position":"center center","background-size":"auto","background-attachment":"scroll","background-type":"","background-media":"","overlay-type":"","overlay-color":"","overlay-opacity":"","overlay-gradient":""},"mobile":{"background-color":"var(--ast-global-color-5)","background-image":"","background-repeat":"repeat","background-position":"center center","background-size":"auto","background-attachment":"scroll","background-type":"","background-media":"","overlay-type":"","overlay-color":"","overlay-opacity":"","overlay-gradient":""}},"footnotes":""},"class_list":["post-2930","page","type-page","status-publish","hentry"],"post_mailing_queue_ids":[],"_links":{"self":[{"href":"https:\/\/agora.xtec.cat\/escola-santacaterina-vinyols\/wp-json\/wp\/v2\/pages\/2930","targetHints":{"allow":["GET"]}}],"collection":[{"href":"https:\/\/agora.xtec.cat\/escola-santacaterina-vinyols\/wp-json\/wp\/v2\/pages"}],"about":[{"href":"https:\/\/agora.xtec.cat\/escola-santacaterina-vinyols\/wp-json\/wp\/v2\/types\/page"}],"author":[{"embeddable":true,"href":"https:\/\/agora.xtec.cat\/escola-santacaterina-vinyols\/wp-json\/wp\/v2\/users\/1"}],"replies":[{"embeddable":true,"href":"https:\/\/agora.xtec.cat\/escola-santacaterina-vinyols\/wp-json\/wp\/v2\/comments?post=2930"}],"version-history":[{"count":1,"href":"https:\/\/agora.xtec.cat\/escola-santacaterina-vinyols\/wp-json\/wp\/v2\/pages\/2930\/revisions"}],"predecessor-version":[{"id":2932,"href":"https:\/\/agora.xtec.cat\/escola-santacaterina-vinyols\/wp-json\/wp\/v2\/pages\/2930\/revisions\/2932"}],"wp:attachment":[{"href":"https:\/\/agora.xtec.cat\/escola-santacaterina-vinyols\/wp-json\/wp\/v2\/media?parent=2930"}],"curies":[{"name":"wp","href":"https:\/\/api.w.org\/{rel}","templated":true}]}}