{"id":2615,"date":"2020-02-10T13:57:18","date_gmt":"2020-02-10T12:57:18","guid":{"rendered":"http:\/\/agora.xtec.cat\/escola-santacaterina-vinyols\/?page_id=2615"},"modified":"2025-09-30T10:07:34","modified_gmt":"2025-09-30T08:07:34","slug":"escacs","status":"publish","type":"page","link":"https:\/\/agora.xtec.cat\/escola-santacaterina-vinyols\/com-treballem\/escacs\/","title":{"rendered":"Escacs a l&#8217;escola"},"content":{"rendered":"<p>A la nostra escola, incorporem <strong>els escacs com a eina educativa<\/strong> dins de l\u2019\u00e0rea de <strong>valors socials i c\u00edvics<\/strong>. Aquesta activitat es duu a terme de manera regular i adaptada a cada nivell, amb l\u2019objectiu de potenciar no nom\u00e9s el pensament l\u00f2gic i estrat\u00e8gic, sin\u00f3 tamb\u00e9 valors fonamentals per a la conviv\u00e8ncia i el creixement personal.<\/p>\n<p>Mitjan\u00e7ant la pr\u00e0ctica dels escacs, l\u2019alumnat treballa aspectes com:<\/p>\n<ul>\n<li><strong>La paci\u00e8ncia i la concentraci\u00f3<\/strong><\/li>\n<li><strong>El respecte per les normes i per l\u2019adversari<\/strong><\/li>\n<li><strong>La presa de decisions i l\u2019autoregulaci\u00f3<\/strong><\/li>\n<li><strong>La planificaci\u00f3 i la resoluci\u00f3 de problemes<\/strong><\/li>\n<li><strong>L\u2019acceptaci\u00f3 dels errors i la gesti\u00f3 de la frustraci\u00f3<\/strong><\/li>\n<\/ul>\n<p>Els escacs esdevenen, aix\u00ed, una activitat <strong>l\u00fadica i formativa<\/strong> que enriqueix l\u2019aprenentatge en valors, alhora que estimula les habilitats cognitives i socials dels infants. Aqu\u00ed us deixem un <a href=\"https:\/\/www.chess.com\/ca\"><strong>enlla\u00e7<\/strong><\/a> per a poder practicar.<\/p>\n<p><img loading=\"lazy\" decoding=\"async\" class=\"aligncenter  wp-image-4867\" src=\"https:\/\/agora.xtec.cat\/escola-santacaterina-vinyols\/wp-content\/uploads\/usu964\/2025\/09\/IMG_35111-1024x768.jpg\" alt=\"\" width=\"459\" height=\"344\" srcset=\"https:\/\/agora.xtec.cat\/escola-santacaterina-vinyols\/wp-content\/uploads\/usu964\/2025\/09\/IMG_35111-1024x768.jpg 1024w, https:\/\/agora.xtec.cat\/escola-santacaterina-vinyols\/wp-content\/uploads\/usu964\/2025\/09\/IMG_35111-300x225.jpg 300w, https:\/\/agora.xtec.cat\/escola-santacaterina-vinyols\/wp-content\/uploads\/usu964\/2025\/09\/IMG_35111-768x576.jpg 768w, https:\/\/agora.xtec.cat\/escola-santacaterina-vinyols\/wp-content\/uploads\/usu964\/2025\/09\/IMG_35111-1536x1152.jpg 1536w, https:\/\/agora.xtec.cat\/escola-santacaterina-vinyols\/wp-content\/uploads\/usu964\/2025\/09\/IMG_35111-2048x1536.jpg 2048w, https:\/\/agora.xtec.cat\/escola-santacaterina-vinyols\/wp-content\/uploads\/usu964\/2025\/09\/IMG_35111-200x150.jpg 200w\" sizes=\"auto, (max-width: 459px) 100vw, 459px\" \/><\/p>\n","protected":false},"excerpt":{"rendered":"<p>A la nostra escola, incorporem els escacs com a eina educativa dins de l\u2019\u00e0rea de valors socials i c\u00edvics. Aquesta activitat es duu a terme de manera regular i adaptada a cada nivell, amb l\u2019objectiu de potenciar no nom\u00e9s el pensament l\u00f2gic i estrat\u00e8gic, sin\u00f3 tamb\u00e9 valors fonamentals per a la conviv\u00e8ncia i el creixement [&hellip;]<\/p>\n","protected":false},"author":1,"featured_media":0,"parent":2680,"menu_order":2,"comment_status":"closed","ping_status":"closed","template":"","meta":{"_bbp_topic_count":0,"_bbp_reply_count":0,"_bbp_total_topic_count":0,"_bbp_total_reply_count":0,"_bbp_voice_count":0,"_bbp_anonymous_reply_count":0,"_bbp_topic_count_hidden":0,"_bbp_reply_count_hidden":0,"_bbp_forum_subforum_count":0,"site-sidebar-layout":"default","site-content-layout":"","ast-site-content-layout":"","site-content-style":"default","site-sidebar-style":"default","ast-global-header-display":"","ast-banner-title-visibility":"","ast-main-header-display":"","ast-hfb-above-header-display":"","ast-hfb-below-header-display":"","ast-hfb-mobile-header-display":"","site-post-title":"","ast-breadcrumbs-content":"","ast-featured-img":"","footer-sml-layout":"","theme-transparent-header-meta":"","adv-header-id-meta":"","stick-header-meta":"","header-above-stick-meta":"","header-main-stick-meta":"","header-below-stick-meta":"","astra-migrate-meta-layouts":"default","ast-page-background-enabled":"default","ast-page-background-meta":{"desktop":{"background-color":"var(--ast-global-color-4)","background-image":"","background-repeat":"repeat","background-position":"center center","background-size":"auto","background-attachment":"scroll","background-type":"","background-media":"","overlay-type":"","overlay-color":"","overlay-opacity":"","overlay-gradient":""},"tablet":{"background-color":"","background-image":"","background-repeat":"repeat","background-position":"center center","background-size":"auto","background-attachment":"scroll","background-type":"","background-media":"","overlay-type":"","overlay-color":"","overlay-opacity":"","overlay-gradient":""},"mobile":{"background-color":"","background-image":"","background-repeat":"repeat","background-position":"center center","background-size":"auto","background-attachment":"scroll","background-type":"","background-media":"","overlay-type":"","overlay-color":"","overlay-opacity":"","overlay-gradient":""}},"ast-content-background-meta":{"desktop":{"background-color":"var(--ast-global-color-5)","background-image":"","background-repeat":"repeat","background-position":"center center","background-size":"auto","background-attachment":"scroll","background-type":"","background-media":"","overlay-type":"","overlay-color":"","overlay-opacity":"","overlay-gradient":""},"tablet":{"background-color":"var(--ast-global-color-5)","background-image":"","background-repeat":"repeat","background-position":"center center","background-size":"auto","background-attachment":"scroll","background-type":"","background-media":"","overlay-type":"","overlay-color":"","overlay-opacity":"","overlay-gradient":""},"mobile":{"background-color":"var(--ast-global-color-5)","background-image":"","background-repeat":"repeat","background-position":"center center","background-size":"auto","background-attachment":"scroll","background-type":"","background-media":"","overlay-type":"","overlay-color":"","overlay-opacity":"","overlay-gradient":""}},"footnotes":""},"class_list":["post-2615","page","type-page","status-publish","hentry"],"post_mailing_queue_ids":[],"_links":{"self":[{"href":"https:\/\/agora.xtec.cat\/escola-santacaterina-vinyols\/wp-json\/wp\/v2\/pages\/2615","targetHints":{"allow":["GET"]}}],"collection":[{"href":"https:\/\/agora.xtec.cat\/escola-santacaterina-vinyols\/wp-json\/wp\/v2\/pages"}],"about":[{"href":"https:\/\/agora.xtec.cat\/escola-santacaterina-vinyols\/wp-json\/wp\/v2\/types\/page"}],"author":[{"embeddable":true,"href":"https:\/\/agora.xtec.cat\/escola-santacaterina-vinyols\/wp-json\/wp\/v2\/users\/1"}],"replies":[{"embeddable":true,"href":"https:\/\/agora.xtec.cat\/escola-santacaterina-vinyols\/wp-json\/wp\/v2\/comments?post=2615"}],"version-history":[{"count":4,"href":"https:\/\/agora.xtec.cat\/escola-santacaterina-vinyols\/wp-json\/wp\/v2\/pages\/2615\/revisions"}],"predecessor-version":[{"id":4868,"href":"https:\/\/agora.xtec.cat\/escola-santacaterina-vinyols\/wp-json\/wp\/v2\/pages\/2615\/revisions\/4868"}],"up":[{"embeddable":true,"href":"https:\/\/agora.xtec.cat\/escola-santacaterina-vinyols\/wp-json\/wp\/v2\/pages\/2680"}],"wp:attachment":[{"href":"https:\/\/agora.xtec.cat\/escola-santacaterina-vinyols\/wp-json\/wp\/v2\/media?parent=2615"}],"curies":[{"name":"wp","href":"https:\/\/api.w.org\/{rel}","templated":true}]}}