{"id":878,"date":"2020-12-09T09:58:19","date_gmt":"2020-12-09T08:58:19","guid":{"rendered":"http:\/\/agora.xtec.cat\/escola-sant-joan-benavent\/?page_id=878"},"modified":"2025-05-06T14:48:24","modified_gmt":"2025-05-06T12:48:24","slug":"ampa","status":"publish","type":"page","link":"https:\/\/agora.xtec.cat\/escola-sant-joan-benavent\/ampa\/","title":{"rendered":"AFA"},"content":{"rendered":"<h4 style=\"text-align: justify;\"><b>QUI SOM ?<\/b><\/h4>\n<p style=\"text-align: justify;\"><span style=\"font-weight: 400;\">L\u2019AFA \u00e9s una associaci\u00f3 sense \u00e0nim de lucre que fa de nexe entre les fam\u00edlies i el centre escolar i el seu entorn, facilitant la col\u00b7laboraci\u00f3 d\u2019aquests en l\u2019\u00e0mbit social, cultural, econ\u00f2mic i laboral.\u00a0<\/span><\/p>\n<p style=\"text-align: justify;\"><span style=\"font-weight: 400;\">L\u2019AFA promou i participa en actes culturals, com visites, viatges, festes, activitats extraescolars, activitats locals variables (carnaval, cinema a la fresca, castanyada, camarlenc, Reis&#8230;) oferint serveis propis, en algun cas amb recaptaci\u00f3, sempre \u00edntegra per l\u2019AFA.<\/span><\/p>\n<p style=\"text-align: justify;\"><span style=\"font-weight: 400;\">L\u2019AFA est\u00e0 formada per tots els pares i mares dels nens i nenes\u00a0 escolaritzats a l\u2019Escola Sant Joan de Benavent de Segri\u00e0.<\/span><\/p>\n<p style=\"text-align: justify;\"><span style=\"font-weight: 400;\">Formar part de l\u2019AFA significa no nom\u00e9s beneficiar a les fam\u00edlies en quan a descomptes, sin\u00f3 que tamb\u00e9 s\u2019ajuda cada any a l\u2019escola en l\u2019adquisici\u00f3 de materials segons les necessitats de cada moment, com per exemple, pissarres digitals, ordinadors, instruments musicals&#8230;.<\/span><\/p>\n<p style=\"text-align: justify;\"><span style=\"font-weight: 400;\">Treballem dins i fora del centre escolar per tal de millorar l\u2019ensenyament i l\u2019educaci\u00f3 dels nens i nenes, i \u00e9s per aix\u00f2 que som membres associats a l\u2019AFFAC (Associacions Federades de Fam\u00edlies d\u2019Alumnes de Catalunya) i formem part de l\u2019AFFAC de Lleida.<\/span><\/p>\n<p style=\"text-align: justify;\"><span style=\"font-weight: 400;\">Aquesta Associaci\u00f3 t\u00e9 una direcci\u00f3, anomenada Junta Directiva, que est\u00e0 formada per pares i mares que de forma altruista gestionen els recursos de la mateixa i representen a tots els pares i mares davant de tercers.\u00a0<\/span><\/p>\n<p>&nbsp;<\/p>\n<h4 style=\"text-align: justify;\"><b>JUNTA DIRECTIVA<\/b><\/h4>\n<ul style=\"text-align: justify;\">\n<li><b>PRESIDENTA:\u00a0<\/b><span style=\"font-weight: 400;\">Montse<\/span><\/li>\n<li><b>SECRETARIA<\/b><span style=\"font-weight: 400;\">: Blanca<\/span><\/li>\n<li><b>TRESORERA<\/b><span style=\"font-weight: 400;\">: Marta<\/span><\/li>\n<\/ul>\n<p style=\"text-align: justify;\"><span style=\"font-weight: 400;\">\u00a0<\/span><\/p>\n<p style=\"text-align: justify;\"><b>VOCALS:<\/b><\/p>\n<ul style=\"text-align: justify;\">\n<li><span style=\"font-weight: 400;\">Mayka\u00a0<\/span> <b>COMUNICACIONS<\/b><\/li>\n<li><span style=\"font-weight: 400; color: #993300;\"><span style=\"color: #000000;\">Miquel<\/span> <strong><span style=\"color: #000000;\">EXTRAESCOLARS<\/span><\/strong><\/span><strong><span style=\"color: #000000;\">\u00a0<\/span><\/strong><\/li>\n<li><span style=\"font-weight: 400;\">Noem\u00ed <\/span><b>REPRESENTANT CONSELL ESCOLAR<\/b><\/li>\n<li><span style=\"font-weight: 400;\">V\u00edctor <strong>BANC DE LLIBRES I MATERIAL<\/strong><\/span><\/li>\n<li><span style=\"font-weight: 400;\">Carmen i Ascen<\/span>\u00a0<b>FESTES I ALTRES ACTIVITATS<\/b><\/li>\n<\/ul>\n<p>&nbsp;<\/p>\n<h4 style=\"text-align: justify;\"><b>AVANTATGES DE SER SOCI<\/b><\/h4>\n<ul style=\"text-align: justify;\">\n<li style=\"font-weight: 400;\"><span style=\"font-weight: 400;\">La quota anual \u00e9s de 40 \u20ac\u00a0<\/span><\/li>\n<li style=\"font-weight: 400;\"><span style=\"font-weight: 400;\">Descomptes en les excursions del centres.<\/span><\/li>\n<li style=\"font-weight: 400;\"><span style=\"font-weight: 400;\">Descomptes per l\u2019adquisici\u00f3 dels llibres de text<\/span><\/li>\n<li style=\"font-weight: 400;\"><span style=\"font-weight: 400;\">D\u00f3na dret a utilitzar tots els serveis administrats per l\u2019AFA.<\/span><\/li>\n<li style=\"font-weight: 400;\"><span style=\"font-weight: 400;\">D\u00f3na dret a fer \u00fas de les activitats extraescolars.<\/span><\/li>\n<li style=\"font-weight: 400;\"><span style=\"font-weight: 400;\">D\u00f3na dret a tindre una asseguran\u00e7a pels nostres fills.<\/span><\/li>\n<li style=\"font-weight: 400;\"><span style=\"font-weight: 400;\">Tenir veu i vot en l\u2019assemblea general.<\/span><\/li>\n<\/ul>\n<p>&nbsp;<\/p>\n<h4 style=\"text-align: justify;\"><b>LLIBRES<\/b><\/h4>\n<p style=\"text-align: justify;\"><span style=\"font-weight: 400;\">Socialitzaci\u00f3 de llibres, es un projecte, gr\u00e0cies al qual les fam\u00edlies poden tant socialitzar els llibres de text per als cursos de cicle mitj\u00e0 o superior, o tenen tamb\u00e9, l\u2019opci\u00f3 de comprar els llibres a un preu molt econ\u00f2mic per a tots els cursos que es duen a terme l\u2019escola de Benavent de Segri\u00e0.<\/span><\/p>\n<p style=\"text-align: justify;\"><span style=\"font-weight: 400;\">Socialitzar un llibre significa allargar-ne el seu \u00fas donant-li una vida de, com a m\u00ednim, 3 anys, per a\u00a0que pugui ser reutilitzat per alumnes en posteriors cursos acad\u00e8mics. El projecte es fonamenta en l\u2019aprofitament dels llibres que a final de curs es troben en bon estat.<\/span><\/p>\n<p>&nbsp;<\/p>\n<h4 style=\"text-align: justify;\"><strong>OBJECTIUS<\/strong><\/h4>\n<p style=\"text-align: justify;\"><span style=\"font-weight: 400;\">L\u2019objectiu principal \u00e9s l\u2019ESTALVI FAMILIAR en despeses escolars tot i que , paral\u00b7lelament a l\u2019objectiu econ\u00f2mic, cal tenir en compte els aspectes educatius que comporta la socialitzaci\u00f3 de llibres:<\/span><\/p>\n<ul style=\"text-align: justify;\">\n<li style=\"font-weight: 400;\"><span style=\"font-weight: 400;\">Fomentar la responsabilitat dels estris d\u2019aprenentatge.<\/span><\/li>\n<li style=\"font-weight: 400;\"><span style=\"font-weight: 400;\">Potenciar la solidaritat entre la comunitat educativa.<\/span><\/li>\n<li style=\"font-weight: 400;\"><span style=\"font-weight: 400;\">Promoure la cultura del reciclatge i la reutilitzaci\u00f3 de recursos.<\/span><\/li>\n<\/ul>\n<p>&nbsp;<\/p>\n<h4 style=\"text-align: justify;\"><b>ALUMNAT QUE PARTICIPA EN EL PROJECTE<\/b><\/h4>\n<p style=\"text-align: justify;\"><span style=\"font-weight: 400;\">Els alumnes de l\u2019Escola Sant Joan que compleixin els seg\u00fcents requisits:<\/span><\/p>\n<ul style=\"text-align: justify;\">\n<li style=\"font-weight: 400;\"><span style=\"font-weight: 400;\">Ser alumnes de cicle mitj\u00e0 o superior.<\/span><\/li>\n<li style=\"font-weight: 400;\"><span style=\"font-weight: 400;\">Estar associats a l\u2019AFA de l\u2019escola.<\/span><\/li>\n<li style=\"font-weight: 400;\"><span style=\"font-weight: 400;\">Haver abonat la quota corresponent de socialitzaci\u00f3 de llibres.<\/span><\/li>\n<\/ul>\n<p>&nbsp;<\/p>\n<h4 style=\"text-align: justify;\"><b>PROCEDIMENT<\/b><\/h4>\n<p style=\"text-align: justify;\"><span style=\"font-weight: 400;\">Pr\u00e8viament a la posada en marxa del projecte es va fer un sondeig entre les fam\u00edlies de 2n fins a 6\u00e8 per saber qui estava interessat en participar en el projecte.\u00a0<\/span><\/p>\n<p style=\"text-align: justify;\"><span style=\"font-weight: 400;\">Posteriorment es formalitza l\u2019adhesi\u00f3 al programa amb el comprom\u00eds de respectar les bases de funcionament del projecte, i el pagament de la quota corresponent a cada curs.<\/span><\/p>\n<p style=\"text-align: justify;\"><span style=\"font-weight: 400;\">Els llibres de les donacions seran revisats per comprovar que estiguin en bon estat i poder ser inclosos en el banc de llibres del programa.\u00a0<\/span><\/p>\n<p style=\"text-align: justify;\"><span style=\"font-weight: 400;\">El banc de llibres del programa es crear\u00e0 amb els llibres donats pels alumnes que estiguin en bon estat i els llibres que haur\u00e0 de comprar l\u2019AFA fins a arribar a completar els lots necessaris per tots els participants. Els lots s\u2019entregaran a cada alumne a principi de curs.<\/span><\/p>\n<p style=\"text-align: justify;\"><span style=\"font-weight: 400;\">Els alumnes acollits al programa rebran el seu lot de llibres socialitzats a la mateixa escola en iniciar el curs, amb una etiqueta identificativa per cada alumne.<\/span><\/p>\n<p style=\"text-align: justify;\"><span style=\"font-weight: 400;\">Durant el curs:<\/span><\/p>\n<ul style=\"text-align: justify;\">\n<li style=\"font-weight: 400;\"><span style=\"font-weight: 400;\">Cada mestre explicar\u00e0 els beneficis de dur a terme de forma correcta el projecte.<\/span><\/li>\n<li style=\"font-weight: 400;\"><span style=\"font-weight: 400;\">Els tutors controlaran el bon \u00fas del material i la Comissi\u00f3 de Socialitzaci\u00f3 far\u00e0 un seguiment i avaluaci\u00f3 del proc\u00e9s.<\/span><\/li>\n<li style=\"font-weight: 400;\"><span style=\"font-weight: 400;\">S\u2019elaboraran llistats i etiquetes de control de l\u2019estat del material. En finalitzar el curs l\u2019alumne haur\u00e0 de deixar els llibres socialitzats a l\u2019escola, i la Comissi\u00f3 de Socialitzaci\u00f3 supervisar\u00e0 el seu estat. En cas de p\u00e8rdua o deteriorament per un mal \u00fas la fam\u00edlia haur\u00e0 d\u2019abonar l\u2019import total del llibre.<\/span><\/li>\n<\/ul>\n<p>&nbsp;<\/p>\n<h4 style=\"text-align: justify;\"><b>ACTIVITATS EXTRAESCOLARS<\/b><\/h4>\n<p style=\"text-align: justify;\"><span style=\"font-weight: 400;\">Les activitats extraescolars s\u00f3n totes aquelles activitats que es realitzen fora de l\u2019horari lectiu escolar i que esdevenen una proposta educativa aplicable durant el temps de lleure dels infants i joves. Estan incloses dins de l\u2019educaci\u00f3 considerada no formal. Es poden dur a terme abans i despr\u00e9s de les classes o b\u00e9 durant l\u2019espai del migdia.<\/span><\/p>\n<p style=\"text-align: justify;\"><span style=\"font-weight: 400;\">\u00a0<\/span><\/p>\n<p style=\"text-align: justify;\"><b>Activitats que organitza l\u2019AFA<\/b><b>:<\/b><\/p>\n<ul style=\"text-align: justify;\">\n<li style=\"font-weight: 400;\"><span style=\"font-weight: 400;\">Angl\u00e8s<\/span><span style=\"font-weight: 400;\"> (Petits Genis)<\/span><\/li>\n<li style=\"font-weight: 400;\"><span style=\"font-weight: 400;\">Escacs<\/span><span style=\"font-weight: 400;\"> (Arcadi)<\/span><\/li>\n<li style=\"font-weight: 400;\"><span style=\"font-weight: 400;\">Aloha<\/span><span style=\"font-weight: 400;\"> (Aloha)<\/span><\/li>\n<li style=\"font-weight: 400;\"><span style=\"font-weight: 400;\">Running Kids<\/span><span style=\"font-weight: 400;\"> (Petits Genis)<\/span><\/li>\n<li style=\"font-weight: 400;\"><span style=\"font-weight: 400;\">Gimn\u00e0stica Esportiva<\/span><span style=\"font-weight: 400;\"> (Maribel)<\/span><\/li>\n<li style=\"font-weight: 400;\"><span style=\"font-weight: 400;\">Urban Dance (Petits Genis)<\/span><\/li>\n<li style=\"font-weight: 400;\"><span style=\"font-weight: 400;\">Intel\u00b7lig\u00e8ncia Emocional<\/span><span style=\"font-weight: 400;\"> (Cristina C.)<\/span><\/li>\n<li style=\"font-weight: 400;\"><span style=\"font-weight: 400;\">Iniciaci\u00f3 a la Inform\u00e0tica (Esther F.)<\/span><\/li>\n<li style=\"font-weight: 400;\"><span style=\"font-weight: 400;\">Iniciaci\u00f3 a les Arts Pl\u00e0stiques (Esther F.)<\/span><\/li>\n<\/ul>\n<p style=\"text-align: justify;\"><span style=\"font-weight: 400;\">Els espais que s\u2019utilitzen s\u00f3n: l\u2019Escola,\u00a0la Ludoteca i la Pista multiesports.\u00a0<\/span><\/p>\n<p style=\"text-align: justify;\"><span style=\"font-weight: 400;\">\u00a0<\/span><\/p>\n<h4 style=\"text-align: justify;\"><b>CONTACTE<\/b><\/h4>\n<p style=\"text-align: justify;\"><b>AFA\u00a0<\/b><\/p>\n<p style=\"text-align: justify;\"><b>Escola Sant Joan\u00a0<\/b><\/p>\n<p style=\"text-align: justify;\"><b>Benavent de Segri\u00e0<\/b><\/p>\n<p style=\"text-align: justify;\"><span style=\"font-weight: 400;\">ampabenavent@gmail.com\u00a0<\/span><\/p>\n","protected":false},"excerpt":{"rendered":"<p>QUI SOM ? L\u2019AFA \u00e9s una associaci\u00f3 sense \u00e0nim de lucre que fa de nexe entre les fam\u00edlies i el centre escolar i el seu entorn, facilitant la col\u00b7laboraci\u00f3 d\u2019aquests en l\u2019\u00e0mbit social, cultural, econ\u00f2mic i laboral.\u00a0 L\u2019AFA promou i participa en actes culturals, com visites, viatges, festes, activitats extraescolars, activitats locals variables (carnaval, cinema [&hellip;]<\/p>\n","protected":false},"author":1,"featured_media":0,"parent":0,"menu_order":0,"comment_status":"closed","ping_status":"closed","template":"","meta":{"_bbp_topic_count":0,"_bbp_reply_count":0,"_bbp_total_topic_count":0,"_bbp_total_reply_count":0,"_bbp_voice_count":0,"_bbp_anonymous_reply_count":0,"_bbp_topic_count_hidden":0,"_bbp_reply_count_hidden":0,"_bbp_forum_subforum_count":0,"site-sidebar-layout":"default","site-content-layout":"","ast-site-content-layout":"","site-content-style":"default","site-sidebar-style":"default","ast-global-header-display":"","ast-banner-title-visibility":"","ast-main-header-display":"","ast-hfb-above-header-display":"","ast-hfb-below-header-display":"","ast-hfb-mobile-header-display":"","site-post-title":"","ast-breadcrumbs-content":"","ast-featured-img":"","footer-sml-layout":"","theme-transparent-header-meta":"","adv-header-id-meta":"","stick-header-meta":"","header-above-stick-meta":"","header-main-stick-meta":"","header-below-stick-meta":"","astra-migrate-meta-layouts":"default","ast-page-background-enabled":"default","ast-page-background-meta":{"desktop":{"background-color":"var(--ast-global-color-4)","background-image":"","background-repeat":"repeat","background-position":"center center","background-size":"auto","background-attachment":"scroll","background-type":"","background-media":"","overlay-type":"","overlay-color":"","overlay-opacity":"","overlay-gradient":""},"tablet":{"background-color":"","background-image":"","background-repeat":"repeat","background-position":"center center","background-size":"auto","background-attachment":"scroll","background-type":"","background-media":"","overlay-type":"","overlay-color":"","overlay-opacity":"","overlay-gradient":""},"mobile":{"background-color":"","background-image":"","background-repeat":"repeat","background-position":"center center","background-size":"auto","background-attachment":"scroll","background-type":"","background-media":"","overlay-type":"","overlay-color":"","overlay-opacity":"","overlay-gradient":""}},"ast-content-background-meta":{"desktop":{"background-color":"var(--ast-global-color-5)","background-image":"","background-repeat":"repeat","background-position":"center center","background-size":"auto","background-attachment":"scroll","background-type":"","background-media":"","overlay-type":"","overlay-color":"","overlay-opacity":"","overlay-gradient":""},"tablet":{"background-color":"var(--ast-global-color-5)","background-image":"","background-repeat":"repeat","background-position":"center center","background-size":"auto","background-attachment":"scroll","background-type":"","background-media":"","overlay-type":"","overlay-color":"","overlay-opacity":"","overlay-gradient":""},"mobile":{"background-color":"var(--ast-global-color-5)","background-image":"","background-repeat":"repeat","background-position":"center center","background-size":"auto","background-attachment":"scroll","background-type":"","background-media":"","overlay-type":"","overlay-color":"","overlay-opacity":"","overlay-gradient":""}},"footnotes":""},"class_list":["post-878","page","type-page","status-publish","hentry"],"post_mailing_queue_ids":[],"_links":{"self":[{"href":"https:\/\/agora.xtec.cat\/escola-sant-joan-benavent\/wp-json\/wp\/v2\/pages\/878","targetHints":{"allow":["GET"]}}],"collection":[{"href":"https:\/\/agora.xtec.cat\/escola-sant-joan-benavent\/wp-json\/wp\/v2\/pages"}],"about":[{"href":"https:\/\/agora.xtec.cat\/escola-sant-joan-benavent\/wp-json\/wp\/v2\/types\/page"}],"author":[{"embeddable":true,"href":"https:\/\/agora.xtec.cat\/escola-sant-joan-benavent\/wp-json\/wp\/v2\/users\/1"}],"replies":[{"embeddable":true,"href":"https:\/\/agora.xtec.cat\/escola-sant-joan-benavent\/wp-json\/wp\/v2\/comments?post=878"}],"version-history":[{"count":6,"href":"https:\/\/agora.xtec.cat\/escola-sant-joan-benavent\/wp-json\/wp\/v2\/pages\/878\/revisions"}],"predecessor-version":[{"id":6421,"href":"https:\/\/agora.xtec.cat\/escola-sant-joan-benavent\/wp-json\/wp\/v2\/pages\/878\/revisions\/6421"}],"wp:attachment":[{"href":"https:\/\/agora.xtec.cat\/escola-sant-joan-benavent\/wp-json\/wp\/v2\/media?parent=878"}],"curies":[{"name":"wp","href":"https:\/\/api.w.org\/{rel}","templated":true}]}}