{"id":6693,"date":"2025-09-30T15:25:24","date_gmt":"2025-09-30T13:25:24","guid":{"rendered":"https:\/\/agora.xtec.cat\/escola-sant-joan-benavent\/?page_id=6693"},"modified":"2025-09-30T15:51:02","modified_gmt":"2025-09-30T13:51:02","slug":"avaluacio-i-millora","status":"publish","type":"page","link":"https:\/\/agora.xtec.cat\/escola-sant-joan-benavent\/lescola\/estrategia-digital-de-centre\/part-estrategica\/avaluacio-i-millora\/","title":{"rendered":"AVALUACI\u00d3 I MILLORA"},"content":{"rendered":"<h1 class=\"entry-title\"><\/h1>\n<p>Al llarg de tot el proc\u00e9s d&#8217;implementaci\u00f3 de l&#8217;EDC, s&#8217;aniran recollint dades vinculades amb les actuacions per valorar en quin grau es compleixen les expectatives d&#8217;assoliment.<br \/>\nLa comissi\u00f3 digital realitzar\u00e0 una avaluaci\u00f3 anual del funcionament de les activitats plantejades i l&#8217;assoliment dels objectius corresponents de l\u2019EDC, i si s\u2019escau s\u2019adaptaran i\/o es modificaran. En funci\u00f3 del resultat de l\u2019avaluaci\u00f3 es realitzaran les modificacions adients a l\u2019Estrat\u00e8gia Digital del de Centre.<\/p>\n","protected":false},"excerpt":{"rendered":"<p>Al llarg de tot el proc\u00e9s d&#8217;implementaci\u00f3 de l&#8217;EDC, s&#8217;aniran recollint dades vinculades amb les actuacions per valorar en quin grau es compleixen les expectatives d&#8217;assoliment. La comissi\u00f3 digital realitzar\u00e0 una avaluaci\u00f3 anual del funcionament de les activitats plantejades i l&#8217;assoliment dels objectius corresponents de l\u2019EDC, i si s\u2019escau s\u2019adaptaran i\/o es modificaran. En funci\u00f3 [&hellip;]<\/p>\n","protected":false},"author":1,"featured_media":0,"parent":6679,"menu_order":3,"comment_status":"closed","ping_status":"closed","template":"","meta":{"_bbp_topic_count":0,"_bbp_reply_count":0,"_bbp_total_topic_count":0,"_bbp_total_reply_count":0,"_bbp_voice_count":0,"_bbp_anonymous_reply_count":0,"_bbp_topic_count_hidden":0,"_bbp_reply_count_hidden":0,"_bbp_forum_subforum_count":0,"site-sidebar-layout":"default","site-content-layout":"","ast-site-content-layout":"","site-content-style":"default","site-sidebar-style":"default","ast-global-header-display":"","ast-banner-title-visibility":"","ast-main-header-display":"","ast-hfb-above-header-display":"","ast-hfb-below-header-display":"","ast-hfb-mobile-header-display":"","site-post-title":"","ast-breadcrumbs-content":"","ast-featured-img":"","footer-sml-layout":"","theme-transparent-header-meta":"","adv-header-id-meta":"","stick-header-meta":"","header-above-stick-meta":"","header-main-stick-meta":"","header-below-stick-meta":"","astra-migrate-meta-layouts":"default","ast-page-background-enabled":"default","ast-page-background-meta":{"desktop":{"background-color":"var(--ast-global-color-4)","background-image":"","background-repeat":"repeat","background-position":"center center","background-size":"auto","background-attachment":"scroll","background-type":"","background-media":"","overlay-type":"","overlay-color":"","overlay-opacity":"","overlay-gradient":""},"tablet":{"background-color":"","background-image":"","background-repeat":"repeat","background-position":"center center","background-size":"auto","background-attachment":"scroll","background-type":"","background-media":"","overlay-type":"","overlay-color":"","overlay-opacity":"","overlay-gradient":""},"mobile":{"background-color":"","background-image":"","background-repeat":"repeat","background-position":"center center","background-size":"auto","background-attachment":"scroll","background-type":"","background-media":"","overlay-type":"","overlay-color":"","overlay-opacity":"","overlay-gradient":""}},"ast-content-background-meta":{"desktop":{"background-color":"var(--ast-global-color-5)","background-image":"","background-repeat":"repeat","background-position":"center center","background-size":"auto","background-attachment":"scroll","background-type":"","background-media":"","overlay-type":"","overlay-color":"","overlay-opacity":"","overlay-gradient":""},"tablet":{"background-color":"var(--ast-global-color-5)","background-image":"","background-repeat":"repeat","background-position":"center center","background-size":"auto","background-attachment":"scroll","background-type":"","background-media":"","overlay-type":"","overlay-color":"","overlay-opacity":"","overlay-gradient":""},"mobile":{"background-color":"var(--ast-global-color-5)","background-image":"","background-repeat":"repeat","background-position":"center center","background-size":"auto","background-attachment":"scroll","background-type":"","background-media":"","overlay-type":"","overlay-color":"","overlay-opacity":"","overlay-gradient":""}},"footnotes":""},"class_list":["post-6693","page","type-page","status-publish","hentry"],"post_mailing_queue_ids":[],"_links":{"self":[{"href":"https:\/\/agora.xtec.cat\/escola-sant-joan-benavent\/wp-json\/wp\/v2\/pages\/6693","targetHints":{"allow":["GET"]}}],"collection":[{"href":"https:\/\/agora.xtec.cat\/escola-sant-joan-benavent\/wp-json\/wp\/v2\/pages"}],"about":[{"href":"https:\/\/agora.xtec.cat\/escola-sant-joan-benavent\/wp-json\/wp\/v2\/types\/page"}],"author":[{"embeddable":true,"href":"https:\/\/agora.xtec.cat\/escola-sant-joan-benavent\/wp-json\/wp\/v2\/users\/1"}],"replies":[{"embeddable":true,"href":"https:\/\/agora.xtec.cat\/escola-sant-joan-benavent\/wp-json\/wp\/v2\/comments?post=6693"}],"version-history":[{"count":3,"href":"https:\/\/agora.xtec.cat\/escola-sant-joan-benavent\/wp-json\/wp\/v2\/pages\/6693\/revisions"}],"predecessor-version":[{"id":6720,"href":"https:\/\/agora.xtec.cat\/escola-sant-joan-benavent\/wp-json\/wp\/v2\/pages\/6693\/revisions\/6720"}],"up":[{"embeddable":true,"href":"https:\/\/agora.xtec.cat\/escola-sant-joan-benavent\/wp-json\/wp\/v2\/pages\/6679"}],"wp:attachment":[{"href":"https:\/\/agora.xtec.cat\/escola-sant-joan-benavent\/wp-json\/wp\/v2\/media?parent=6693"}],"curies":[{"name":"wp","href":"https:\/\/api.w.org\/{rel}","templated":true}]}}