{"id":6687,"date":"2025-09-30T15:20:55","date_gmt":"2025-09-30T13:20:55","guid":{"rendered":"https:\/\/agora.xtec.cat\/escola-sant-joan-benavent\/?page_id=6687"},"modified":"2025-09-30T15:50:32","modified_gmt":"2025-09-30T13:50:32","slug":"objectius","status":"publish","type":"page","link":"https:\/\/agora.xtec.cat\/escola-sant-joan-benavent\/lescola\/estrategia-digital-de-centre\/part-estrategica\/objectius\/","title":{"rendered":"OBJECTIUS"},"content":{"rendered":"<h1><\/h1>\n<p>Una vegada feta la diagnosi es creu convenient establir uns objectius (l\u00ednia de treball) que ens permetran millorar i avan\u00e7ar cap a una millora de la compet\u00e8ncia digital tant de d\u2019alumnat com dels docents.<\/p>\n<p>Definici\u00f3 dels objectius (espec\u00edfics, mesurables, realistes i temporals) a assolir una vegada identificades les necessitats, amb els indicadors i els criteris d\u2019acompliment.<\/p>\n<p><span data-sheets-root=\"1\">Els objectius establerts s\u00f3n:<\/span><\/p>\n<p><span data-sheets-root=\"1\"><strong>Objectiu 1:<\/strong> Seq\u00fcenciar la compet\u00e8ncia digital de l&#8217;alumnat per crear una l\u00ednia de centre comuna.<\/span><\/p>\n<p><strong>Objectiu 2:<\/strong> Consolidar el treball de la rob\u00f2tica i el pensament computacional per fomentar el pensament l\u00f2gic de l&#8217;alumnat i la resoluci\u00f3 de problemes.<\/p>\n<p><strong>Objectiu 3:<\/strong> Intercanviar experi\u00e8ncies d&#8217;ensenyament i aprenentatge amb tecnologies digitals entre el claustre per millorar les compet\u00e8ncies digitals de l&#8217;alumnat i el professorat.<\/p>\n<p><strong>Objectiu 4:<\/strong> Dinamitzar l&#8217;\u00fas de la maleta audiovisual per potenciar el treball en comunicaci\u00f3 medi\u00e0tica de l&#8217;alumnat.<\/p>\n<p>&nbsp;<\/p>\n","protected":false},"excerpt":{"rendered":"<p>Una vegada feta la diagnosi es creu convenient establir uns objectius (l\u00ednia de treball) que ens permetran millorar i avan\u00e7ar cap a una millora de la compet\u00e8ncia digital tant de d\u2019alumnat com dels docents. Definici\u00f3 dels objectius (espec\u00edfics, mesurables, realistes i temporals) a assolir una vegada identificades les necessitats, amb els indicadors i els criteris [&hellip;]<\/p>\n","protected":false},"author":1,"featured_media":0,"parent":6679,"menu_order":1,"comment_status":"closed","ping_status":"closed","template":"","meta":{"_bbp_topic_count":0,"_bbp_reply_count":0,"_bbp_total_topic_count":0,"_bbp_total_reply_count":0,"_bbp_voice_count":0,"_bbp_anonymous_reply_count":0,"_bbp_topic_count_hidden":0,"_bbp_reply_count_hidden":0,"_bbp_forum_subforum_count":0,"site-sidebar-layout":"default","site-content-layout":"","ast-site-content-layout":"","site-content-style":"default","site-sidebar-style":"default","ast-global-header-display":"","ast-banner-title-visibility":"","ast-main-header-display":"","ast-hfb-above-header-display":"","ast-hfb-below-header-display":"","ast-hfb-mobile-header-display":"","site-post-title":"","ast-breadcrumbs-content":"","ast-featured-img":"","footer-sml-layout":"","theme-transparent-header-meta":"","adv-header-id-meta":"","stick-header-meta":"","header-above-stick-meta":"","header-main-stick-meta":"","header-below-stick-meta":"","astra-migrate-meta-layouts":"default","ast-page-background-enabled":"default","ast-page-background-meta":{"desktop":{"background-color":"var(--ast-global-color-4)","background-image":"","background-repeat":"repeat","background-position":"center center","background-size":"auto","background-attachment":"scroll","background-type":"","background-media":"","overlay-type":"","overlay-color":"","overlay-opacity":"","overlay-gradient":""},"tablet":{"background-color":"","background-image":"","background-repeat":"repeat","background-position":"center center","background-size":"auto","background-attachment":"scroll","background-type":"","background-media":"","overlay-type":"","overlay-color":"","overlay-opacity":"","overlay-gradient":""},"mobile":{"background-color":"","background-image":"","background-repeat":"repeat","background-position":"center center","background-size":"auto","background-attachment":"scroll","background-type":"","background-media":"","overlay-type":"","overlay-color":"","overlay-opacity":"","overlay-gradient":""}},"ast-content-background-meta":{"desktop":{"background-color":"var(--ast-global-color-5)","background-image":"","background-repeat":"repeat","background-position":"center center","background-size":"auto","background-attachment":"scroll","background-type":"","background-media":"","overlay-type":"","overlay-color":"","overlay-opacity":"","overlay-gradient":""},"tablet":{"background-color":"var(--ast-global-color-5)","background-image":"","background-repeat":"repeat","background-position":"center center","background-size":"auto","background-attachment":"scroll","background-type":"","background-media":"","overlay-type":"","overlay-color":"","overlay-opacity":"","overlay-gradient":""},"mobile":{"background-color":"var(--ast-global-color-5)","background-image":"","background-repeat":"repeat","background-position":"center center","background-size":"auto","background-attachment":"scroll","background-type":"","background-media":"","overlay-type":"","overlay-color":"","overlay-opacity":"","overlay-gradient":""}},"footnotes":""},"class_list":["post-6687","page","type-page","status-publish","hentry"],"post_mailing_queue_ids":[],"_links":{"self":[{"href":"https:\/\/agora.xtec.cat\/escola-sant-joan-benavent\/wp-json\/wp\/v2\/pages\/6687","targetHints":{"allow":["GET"]}}],"collection":[{"href":"https:\/\/agora.xtec.cat\/escola-sant-joan-benavent\/wp-json\/wp\/v2\/pages"}],"about":[{"href":"https:\/\/agora.xtec.cat\/escola-sant-joan-benavent\/wp-json\/wp\/v2\/types\/page"}],"author":[{"embeddable":true,"href":"https:\/\/agora.xtec.cat\/escola-sant-joan-benavent\/wp-json\/wp\/v2\/users\/1"}],"replies":[{"embeddable":true,"href":"https:\/\/agora.xtec.cat\/escola-sant-joan-benavent\/wp-json\/wp\/v2\/comments?post=6687"}],"version-history":[{"count":3,"href":"https:\/\/agora.xtec.cat\/escola-sant-joan-benavent\/wp-json\/wp\/v2\/pages\/6687\/revisions"}],"predecessor-version":[{"id":6718,"href":"https:\/\/agora.xtec.cat\/escola-sant-joan-benavent\/wp-json\/wp\/v2\/pages\/6687\/revisions\/6718"}],"up":[{"embeddable":true,"href":"https:\/\/agora.xtec.cat\/escola-sant-joan-benavent\/wp-json\/wp\/v2\/pages\/6679"}],"wp:attachment":[{"href":"https:\/\/agora.xtec.cat\/escola-sant-joan-benavent\/wp-json\/wp\/v2\/media?parent=6687"}],"curies":[{"name":"wp","href":"https:\/\/api.w.org\/{rel}","templated":true}]}}