{"id":607,"date":"2020-10-26T09:44:04","date_gmt":"2020-10-26T08:44:04","guid":{"rendered":"http:\/\/agora.xtec.cat\/escola-sant-joan-benavent\/?page_id=607"},"modified":"2020-10-26T12:06:24","modified_gmt":"2020-10-26T11:06:24","slug":"gep-19-20","status":"publish","type":"page","link":"https:\/\/agora.xtec.cat\/escola-sant-joan-benavent\/projecte-gep\/gep-19-20\/","title":{"rendered":"GEP 19-20"},"content":{"rendered":"<p><strong><em>GEP: Learning contents and strategies through English<\/em><\/strong><\/p>\n<p>Ja estem al tercer any del projecte GEP (Generaci\u00f3 Pluriling\u00fce). Es tracta d\u2019un projecte promogut pel Departament d\u2019Ensenyament i que t\u00e9 com a objectiu millorar la compet\u00e8ncia en llengua anglesa de l\u2019alumnat.<\/p>\n<p>Continuem treballant continguts\u00a0de Medi Social, Medi Natural i Educaci\u00f3 F\u00edsica en angl\u00e8s a trav\u00e9s de noves estrat\u00e8gies d\u2019aprenentatge (AICLE) i amb l\u2019ajut de les noves tecnologies.<\/p>\n<p>Estem engegant un nou \u00a0<em><strong>Project based learning\u00a0<\/strong><\/em>internivells a Cicle Superior.<\/p>\n<p>Per a m\u00e9s informaci\u00f3 sobre el projecte GEP, podeu consultar la web del Departament d\u2019Ensenyament:\u00a0 \u00a0<a href=\"http:\/\/xtec.gencat.cat\/ca\/projectes\/plurilinguisme\/programes\/institucionals\/gep\/\">http:\/\/xtec.gencat.cat\/ca\/projectes\/plurilinguisme\/programes\/institucionals\/gep\/<\/a><\/p>\n","protected":false},"excerpt":{"rendered":"<p>GEP: Learning contents and strategies through English Ja estem al tercer any del projecte GEP (Generaci\u00f3 Pluriling\u00fce). Es tracta d\u2019un projecte promogut pel Departament d\u2019Ensenyament i que t\u00e9 com a objectiu millorar la compet\u00e8ncia en llengua anglesa de l\u2019alumnat. Continuem treballant continguts\u00a0de Medi Social, Medi Natural i Educaci\u00f3 F\u00edsica en angl\u00e8s a trav\u00e9s de noves [&hellip;]<\/p>\n","protected":false},"author":1,"featured_media":0,"parent":602,"menu_order":1,"comment_status":"closed","ping_status":"closed","template":"","meta":{"_bbp_topic_count":0,"_bbp_reply_count":0,"_bbp_total_topic_count":0,"_bbp_total_reply_count":0,"_bbp_voice_count":0,"_bbp_anonymous_reply_count":0,"_bbp_topic_count_hidden":0,"_bbp_reply_count_hidden":0,"_bbp_forum_subforum_count":0,"site-sidebar-layout":"default","site-content-layout":"","ast-site-content-layout":"","site-content-style":"default","site-sidebar-style":"default","ast-global-header-display":"","ast-banner-title-visibility":"","ast-main-header-display":"","ast-hfb-above-header-display":"","ast-hfb-below-header-display":"","ast-hfb-mobile-header-display":"","site-post-title":"","ast-breadcrumbs-content":"","ast-featured-img":"","footer-sml-layout":"","theme-transparent-header-meta":"","adv-header-id-meta":"","stick-header-meta":"","header-above-stick-meta":"","header-main-stick-meta":"","header-below-stick-meta":"","astra-migrate-meta-layouts":"default","ast-page-background-enabled":"default","ast-page-background-meta":{"desktop":{"background-color":"var(--ast-global-color-4)","background-image":"","background-repeat":"repeat","background-position":"center center","background-size":"auto","background-attachment":"scroll","background-type":"","background-media":"","overlay-type":"","overlay-color":"","overlay-opacity":"","overlay-gradient":""},"tablet":{"background-color":"","background-image":"","background-repeat":"repeat","background-position":"center center","background-size":"auto","background-attachment":"scroll","background-type":"","background-media":"","overlay-type":"","overlay-color":"","overlay-opacity":"","overlay-gradient":""},"mobile":{"background-color":"","background-image":"","background-repeat":"repeat","background-position":"center center","background-size":"auto","background-attachment":"scroll","background-type":"","background-media":"","overlay-type":"","overlay-color":"","overlay-opacity":"","overlay-gradient":""}},"ast-content-background-meta":{"desktop":{"background-color":"var(--ast-global-color-5)","background-image":"","background-repeat":"repeat","background-position":"center center","background-size":"auto","background-attachment":"scroll","background-type":"","background-media":"","overlay-type":"","overlay-color":"","overlay-opacity":"","overlay-gradient":""},"tablet":{"background-color":"var(--ast-global-color-5)","background-image":"","background-repeat":"repeat","background-position":"center center","background-size":"auto","background-attachment":"scroll","background-type":"","background-media":"","overlay-type":"","overlay-color":"","overlay-opacity":"","overlay-gradient":""},"mobile":{"background-color":"var(--ast-global-color-5)","background-image":"","background-repeat":"repeat","background-position":"center center","background-size":"auto","background-attachment":"scroll","background-type":"","background-media":"","overlay-type":"","overlay-color":"","overlay-opacity":"","overlay-gradient":""}},"footnotes":""},"class_list":["post-607","page","type-page","status-publish","hentry"],"post_mailing_queue_ids":[],"_links":{"self":[{"href":"https:\/\/agora.xtec.cat\/escola-sant-joan-benavent\/wp-json\/wp\/v2\/pages\/607","targetHints":{"allow":["GET"]}}],"collection":[{"href":"https:\/\/agora.xtec.cat\/escola-sant-joan-benavent\/wp-json\/wp\/v2\/pages"}],"about":[{"href":"https:\/\/agora.xtec.cat\/escola-sant-joan-benavent\/wp-json\/wp\/v2\/types\/page"}],"author":[{"embeddable":true,"href":"https:\/\/agora.xtec.cat\/escola-sant-joan-benavent\/wp-json\/wp\/v2\/users\/1"}],"replies":[{"embeddable":true,"href":"https:\/\/agora.xtec.cat\/escola-sant-joan-benavent\/wp-json\/wp\/v2\/comments?post=607"}],"version-history":[{"count":2,"href":"https:\/\/agora.xtec.cat\/escola-sant-joan-benavent\/wp-json\/wp\/v2\/pages\/607\/revisions"}],"predecessor-version":[{"id":617,"href":"https:\/\/agora.xtec.cat\/escola-sant-joan-benavent\/wp-json\/wp\/v2\/pages\/607\/revisions\/617"}],"up":[{"embeddable":true,"href":"https:\/\/agora.xtec.cat\/escola-sant-joan-benavent\/wp-json\/wp\/v2\/pages\/602"}],"wp:attachment":[{"href":"https:\/\/agora.xtec.cat\/escola-sant-joan-benavent\/wp-json\/wp\/v2\/media?parent=607"}],"curies":[{"name":"wp","href":"https:\/\/api.w.org\/{rel}","templated":true}]}}