{"id":602,"date":"2020-10-26T09:37:19","date_gmt":"2020-10-26T08:37:19","guid":{"rendered":"http:\/\/agora.xtec.cat\/escola-sant-joan-benavent\/?page_id=602"},"modified":"2020-10-26T14:59:16","modified_gmt":"2020-10-26T13:59:16","slug":"projecte-gep","status":"publish","type":"page","link":"https:\/\/agora.xtec.cat\/escola-sant-joan-benavent\/projecte-gep\/","title":{"rendered":"Projecte GEP"},"content":{"rendered":"<p style=\"text-align: justify;\"><img loading=\"lazy\" decoding=\"async\" class=\"wp-image-2795 aligncenter\" src=\"http:\/\/blocs.xtec.cat\/escolasantjoanbenavent\/files\/2018\/05\/gep-480.png\" alt=\"\" width=\"225\" height=\"67\" \/><\/p>\n<p style=\"text-align: justify;\"><span style=\"font-size: 14pt;\"><strong><span style=\"color: #800080;\"><em>GEP: Learning contents and strategies through English<\/em><\/span><\/strong><\/span><\/p>\n<p style=\"text-align: justify;\"><span style=\"font-size: 14pt;\">Des del curs 2017-18 la nostra escola s\u2019ha unit al projecte GEP (Generaci\u00f3 Pluriling\u00fce) promogut pel Departament d\u2019Ensenyament i que t\u00e9 com a objectiu millorar la compet\u00e8ncia en llengua anglesa de l\u2019alumnat.<\/span><\/p>\n<p style=\"text-align: justify;\"><span style=\"font-size: 14pt;\">L\u2019aprenentatge de la llengua anglesa estar\u00e0 integrat en diferents \u00e0rees. L\u2019alumnat de Cicle Superior treballar\u00e0 continguts de Medi Social, Medi Natural i Educaci\u00f3 F\u00edsica en angl\u00e8s a trav\u00e9s de noves estrat\u00e8gies d\u2019aprenentatge (AICLE).<\/span><\/p>\n<p style=\"text-align: justify;\"><span style=\"font-size: 14pt;\">Per a m\u00e9s informaci\u00f3, podeu consultar la web del Departament d\u2019Ensenyament <a href=\"http:\/\/xtec.gencat.cat\/ca\/projectes\/plurilinguisme\/programes\/institucionals\/gep\/\">http:\/\/xtec.gencat.cat\/ca\/projectes\/plurilinguisme\/programes\/institucionals\/gep\/<\/a><\/span><\/p>\n<p style=\"text-align: justify;\"><img loading=\"lazy\" decoding=\"async\" class=\"alignright\" src=\"http:\/\/www.gifss.com\/banderas\/inglaterra\/ingla3.gif\" alt=\"Bandera de Inglaterra Animada\" width=\"109\" height=\"74\" border=\"0\" \/><\/p>\n","protected":false},"excerpt":{"rendered":"<p>GEP: Learning contents and strategies through English Des del curs 2017-18 la nostra escola s\u2019ha unit al projecte GEP (Generaci\u00f3 Pluriling\u00fce) promogut pel Departament d\u2019Ensenyament i que t\u00e9 com a objectiu millorar la compet\u00e8ncia en llengua anglesa de l\u2019alumnat. L\u2019aprenentatge de la llengua anglesa estar\u00e0 integrat en diferents \u00e0rees. L\u2019alumnat de Cicle Superior treballar\u00e0 continguts [&hellip;]<\/p>\n","protected":false},"author":1,"featured_media":0,"parent":0,"menu_order":0,"comment_status":"closed","ping_status":"closed","template":"","meta":{"_bbp_topic_count":0,"_bbp_reply_count":0,"_bbp_total_topic_count":0,"_bbp_total_reply_count":0,"_bbp_voice_count":0,"_bbp_anonymous_reply_count":0,"_bbp_topic_count_hidden":0,"_bbp_reply_count_hidden":0,"_bbp_forum_subforum_count":0,"site-sidebar-layout":"default","site-content-layout":"","ast-site-content-layout":"","site-content-style":"default","site-sidebar-style":"default","ast-global-header-display":"","ast-banner-title-visibility":"","ast-main-header-display":"","ast-hfb-above-header-display":"","ast-hfb-below-header-display":"","ast-hfb-mobile-header-display":"","site-post-title":"","ast-breadcrumbs-content":"","ast-featured-img":"","footer-sml-layout":"","theme-transparent-header-meta":"","adv-header-id-meta":"","stick-header-meta":"","header-above-stick-meta":"","header-main-stick-meta":"","header-below-stick-meta":"","astra-migrate-meta-layouts":"default","ast-page-background-enabled":"default","ast-page-background-meta":{"desktop":{"background-color":"var(--ast-global-color-4)","background-image":"","background-repeat":"repeat","background-position":"center center","background-size":"auto","background-attachment":"scroll","background-type":"","background-media":"","overlay-type":"","overlay-color":"","overlay-opacity":"","overlay-gradient":""},"tablet":{"background-color":"","background-image":"","background-repeat":"repeat","background-position":"center center","background-size":"auto","background-attachment":"scroll","background-type":"","background-media":"","overlay-type":"","overlay-color":"","overlay-opacity":"","overlay-gradient":""},"mobile":{"background-color":"","background-image":"","background-repeat":"repeat","background-position":"center center","background-size":"auto","background-attachment":"scroll","background-type":"","background-media":"","overlay-type":"","overlay-color":"","overlay-opacity":"","overlay-gradient":""}},"ast-content-background-meta":{"desktop":{"background-color":"var(--ast-global-color-5)","background-image":"","background-repeat":"repeat","background-position":"center center","background-size":"auto","background-attachment":"scroll","background-type":"","background-media":"","overlay-type":"","overlay-color":"","overlay-opacity":"","overlay-gradient":""},"tablet":{"background-color":"var(--ast-global-color-5)","background-image":"","background-repeat":"repeat","background-position":"center center","background-size":"auto","background-attachment":"scroll","background-type":"","background-media":"","overlay-type":"","overlay-color":"","overlay-opacity":"","overlay-gradient":""},"mobile":{"background-color":"var(--ast-global-color-5)","background-image":"","background-repeat":"repeat","background-position":"center center","background-size":"auto","background-attachment":"scroll","background-type":"","background-media":"","overlay-type":"","overlay-color":"","overlay-opacity":"","overlay-gradient":""}},"footnotes":""},"class_list":["post-602","page","type-page","status-publish","hentry"],"post_mailing_queue_ids":[],"_links":{"self":[{"href":"https:\/\/agora.xtec.cat\/escola-sant-joan-benavent\/wp-json\/wp\/v2\/pages\/602","targetHints":{"allow":["GET"]}}],"collection":[{"href":"https:\/\/agora.xtec.cat\/escola-sant-joan-benavent\/wp-json\/wp\/v2\/pages"}],"about":[{"href":"https:\/\/agora.xtec.cat\/escola-sant-joan-benavent\/wp-json\/wp\/v2\/types\/page"}],"author":[{"embeddable":true,"href":"https:\/\/agora.xtec.cat\/escola-sant-joan-benavent\/wp-json\/wp\/v2\/users\/1"}],"replies":[{"embeddable":true,"href":"https:\/\/agora.xtec.cat\/escola-sant-joan-benavent\/wp-json\/wp\/v2\/comments?post=602"}],"version-history":[{"count":1,"href":"https:\/\/agora.xtec.cat\/escola-sant-joan-benavent\/wp-json\/wp\/v2\/pages\/602\/revisions"}],"predecessor-version":[{"id":603,"href":"https:\/\/agora.xtec.cat\/escola-sant-joan-benavent\/wp-json\/wp\/v2\/pages\/602\/revisions\/603"}],"wp:attachment":[{"href":"https:\/\/agora.xtec.cat\/escola-sant-joan-benavent\/wp-json\/wp\/v2\/media?parent=602"}],"curies":[{"name":"wp","href":"https:\/\/api.w.org\/{rel}","templated":true}]}}