{"id":71,"date":"2014-09-18T12:44:56","date_gmt":"2014-09-18T10:44:56","guid":{"rendered":"http:\/\/agora.xtec.cat\/escola-salou\/?page_id=71"},"modified":"2024-07-14T20:57:50","modified_gmt":"2024-07-14T18:57:50","slug":"horari","status":"publish","type":"page","link":"https:\/\/agora.xtec.cat\/escola-salou\/informacio\/horari\/","title":{"rendered":"Horari"},"content":{"rendered":"<h2>Dels Alumnes<\/h2>\n<p>L\u2019horari d\u2019entrada i sortida de l\u2019escola per a l\u2019alumnat d\u2019Educaci\u00f3 Infantil i d\u2019Educaci\u00f3 Prim\u00e0ria \u00e9s de 9.00 a 12.30 hores, al mat\u00ed, i de 15.00 a 16.30 hores, a la tarda.<\/p>\n<h2>De Secretaria i Direcci\u00f3<\/h2>\n<p>L\u2019horari de secretaria \u00e9s de dilluns a divendres de 9.00 a 11.00 hores i de 11.30 a 13.00 hores i de 15.00 a 16.30h.<\/p>\n<p>L\u2019horari d\u2019atenci\u00f3 de direcci\u00f3 cal concertar-lo pr\u00e8viament.<\/p>\n<p>Qualsevol variaci\u00f3 de les dades familiars s\u2019ha de comunicar directament, per escrit, al centre i a l\u2019AFA.<\/p>\n","protected":false},"excerpt":{"rendered":"<p>Dels Alumnes<br \/>\nL\u2019horari d\u2019entrada i sortida de l\u2019escola per a l\u2019alumnat d\u2019Educaci\u00f3 Infantil i d\u2019Educaci\u00f3 Prim\u00e0ria \u00e9s de 9.00 a 12.30 hores, al mat\u00ed, i de 15.00 a 16.30 hores, a la tarda.<br \/>\nDe Secretaria i Direcci\u00f3<br \/>\nL\u2019horari de secretaria \u00e9s de dilluns a divendres de 9.00 a&hellip;  <a href=\"https:\/\/agora.xtec.cat\/escola-salou\/informacio\/horari\/\" title=\"Read Horari\">Llegeix m\u00e9s\u00bb<\/a><\/p>\n","protected":false},"author":1,"featured_media":0,"parent":516,"menu_order":20,"comment_status":"closed","ping_status":"closed","template":"page-templates\/side-menu.php","meta":{"_bbp_topic_count":0,"_bbp_reply_count":0,"_bbp_total_topic_count":0,"_bbp_total_reply_count":0,"_bbp_voice_count":0,"_bbp_anonymous_reply_count":0,"_bbp_topic_count_hidden":0,"_bbp_reply_count_hidden":0,"_bbp_forum_subforum_count":0,"footnotes":""},"class_list":["post-71","page","type-page","status-publish","hentry"],"post_mailing_queue_ids":[],"_links":{"self":[{"href":"https:\/\/agora.xtec.cat\/escola-salou\/wp-json\/wp\/v2\/pages\/71","targetHints":{"allow":["GET"]}}],"collection":[{"href":"https:\/\/agora.xtec.cat\/escola-salou\/wp-json\/wp\/v2\/pages"}],"about":[{"href":"https:\/\/agora.xtec.cat\/escola-salou\/wp-json\/wp\/v2\/types\/page"}],"author":[{"embeddable":true,"href":"https:\/\/agora.xtec.cat\/escola-salou\/wp-json\/wp\/v2\/users\/1"}],"replies":[{"embeddable":true,"href":"https:\/\/agora.xtec.cat\/escola-salou\/wp-json\/wp\/v2\/comments?post=71"}],"version-history":[{"count":4,"href":"https:\/\/agora.xtec.cat\/escola-salou\/wp-json\/wp\/v2\/pages\/71\/revisions"}],"predecessor-version":[{"id":22686,"href":"https:\/\/agora.xtec.cat\/escola-salou\/wp-json\/wp\/v2\/pages\/71\/revisions\/22686"}],"up":[{"embeddable":true,"href":"https:\/\/agora.xtec.cat\/escola-salou\/wp-json\/wp\/v2\/pages\/516"}],"wp:attachment":[{"href":"https:\/\/agora.xtec.cat\/escola-salou\/wp-json\/wp\/v2\/media?parent=71"}],"curies":[{"name":"wp","href":"https:\/\/api.w.org\/{rel}","templated":true}]}}