{"id":34,"date":"2014-09-18T12:32:18","date_gmt":"2014-09-18T11:32:18","guid":{"rendered":"http:\/\/agora.xtec.cat\/escola-salou\/?page_id=34"},"modified":"2016-09-27T16:24:23","modified_gmt":"2016-09-27T14:24:23","slug":"linia-metodologica","status":"publish","type":"page","link":"https:\/\/agora.xtec.cat\/escola-salou\/lescola\/linia-metodologica\/","title":{"rendered":"L\u00ednia metodologica"},"content":{"rendered":"<p style=\"text-align: justify;\">La l\u00ednia metodol\u00f2gica de l\u2019escola est\u00e0 encaminada a potenciar un model did\u00e0ctic que gui\u00ed l\u2019alumnat en l\u2019adquisici\u00f3 de les compet\u00e8ncies a trav\u00e9s del treball, per tal d\u2019adquirir habilitats\u00a0que els ajudin a conduir el seu propi aprenentatge i a fomentar el sentit cr\u00edtic tot controlant i gestionant de manera efica\u00e7 els seus processos d\u2019aprenentatge i orientar-los en l\u2019adquisici\u00f3 d\u2019objectius personals per tal que esdevinguin ciutadans conscients i compromesos amb la societat.<\/p>\n<p style=\"text-align: justify;\">L\u2019escola potenciar\u00e0 una l\u00ednia metodol\u00f2gica inclusiva, basada en el principi de respecte a la diversitat, tant de capacitats, interessos, ritmes de treball i del proc\u00e9s evolutiu dels alumnes. L\u2019escola no fomentar\u00e0 la competitivitat entre els alumnes sin\u00f3 la cooperaci\u00f3.<\/p>\n<p style=\"text-align: justify;\">Potenciarem el coneixement de les lleng\u00fces com a eina de comunicaci\u00f3 intercultural.<br \/>\nUtilitzarem les noves tecnologies com a eines mediadores per a l\u2019aprenentatge.<\/p>\n<div>\n<p style=\"text-align: justify;\">La motivaci\u00f3 ha de ser el pilar de la nostra tasca di\u00e0ria, cal abonar-la amb treball, const\u00e0ncia, participaci\u00f3 i creativitat. Participaci\u00f3 que no s\u2019ha de reduir \u00fanicament a la dels mestres, sin\u00f3 que cal crear els mecanismes necessaris i eficients per tal que els pares i les mares i la resta de membres de la comunitat educativa se sentin il\u00b7lusionats i part\u00edcips en el nostre projecte d\u2019escola .<\/p>\n<p style=\"text-align: justify;\">\n<\/div>\n","protected":false},"excerpt":{"rendered":"<p>La l\u00ednia metodol\u00f2gica de l\u2019escola est\u00e0 encaminada a potenciar un model did\u00e0ctic que gui\u00ed l\u2019alumnat en l\u2019adquisici\u00f3 de les compet\u00e8ncies a trav\u00e9s del treball, per tal d\u2019adquirir habilitats\u00a0que els ajudin a conduir el seu propi aprenentatge i a fomentar el sentit cr\u00edtic tot controlant i&hellip;  <a href=\"https:\/\/agora.xtec.cat\/escola-salou\/lescola\/linia-metodologica\/\" title=\"Read L\u00ednia metodologica\">Llegeix m\u00e9s\u00bb<\/a><\/p>\n","protected":false},"author":1,"featured_media":0,"parent":22,"menu_order":60,"comment_status":"closed","ping_status":"closed","template":"page-templates\/side-menu.php","meta":{"_bbp_topic_count":0,"_bbp_reply_count":0,"_bbp_total_topic_count":0,"_bbp_total_reply_count":0,"_bbp_voice_count":0,"_bbp_anonymous_reply_count":0,"_bbp_topic_count_hidden":0,"_bbp_reply_count_hidden":0,"_bbp_forum_subforum_count":0,"footnotes":""},"class_list":["post-34","page","type-page","status-publish","hentry"],"post_mailing_queue_ids":[],"_links":{"self":[{"href":"https:\/\/agora.xtec.cat\/escola-salou\/wp-json\/wp\/v2\/pages\/34","targetHints":{"allow":["GET"]}}],"collection":[{"href":"https:\/\/agora.xtec.cat\/escola-salou\/wp-json\/wp\/v2\/pages"}],"about":[{"href":"https:\/\/agora.xtec.cat\/escola-salou\/wp-json\/wp\/v2\/types\/page"}],"author":[{"embeddable":true,"href":"https:\/\/agora.xtec.cat\/escola-salou\/wp-json\/wp\/v2\/users\/1"}],"replies":[{"embeddable":true,"href":"https:\/\/agora.xtec.cat\/escola-salou\/wp-json\/wp\/v2\/comments?post=34"}],"version-history":[{"count":3,"href":"https:\/\/agora.xtec.cat\/escola-salou\/wp-json\/wp\/v2\/pages\/34\/revisions"}],"predecessor-version":[{"id":618,"href":"https:\/\/agora.xtec.cat\/escola-salou\/wp-json\/wp\/v2\/pages\/34\/revisions\/618"}],"up":[{"embeddable":true,"href":"https:\/\/agora.xtec.cat\/escola-salou\/wp-json\/wp\/v2\/pages\/22"}],"wp:attachment":[{"href":"https:\/\/agora.xtec.cat\/escola-salou\/wp-json\/wp\/v2\/media?parent=34"}],"curies":[{"name":"wp","href":"https:\/\/api.w.org\/{rel}","templated":true}]}}