{"id":32,"date":"2014-09-18T12:31:33","date_gmt":"2014-09-18T11:31:33","guid":{"rendered":"http:\/\/agora.xtec.cat\/escola-salou\/?page_id=32"},"modified":"2016-09-27T16:22:05","modified_gmt":"2016-09-27T14:22:05","slug":"com-ens-organitzem","status":"publish","type":"page","link":"https:\/\/agora.xtec.cat\/escola-salou\/lescola\/com-ens-organitzem\/","title":{"rendered":"Com ens organitzem?"},"content":{"rendered":"<p>Per tal d\u2019aconseguir els objectius que ens hem fixat i per assegurar la nostra identitat com a centre, establirem una s\u00e8rie de principis que ens ajudin a definir la nostra estructura organitzativa.<br \/>\nDividirem els nostres criteris en <b>\u00e0mbit pedag\u00f2gic<\/b>, <b>\u00e0mbit de gesti\u00f3<\/b> dels recursos humans i materials i<b>\u00e0mbit organitzatiu<\/b>, tenint en compte l\u2019organitzaci\u00f3 dels alumnat dins del centre , atenent les seves caracter\u00edstiques i la diversitat, i tamb\u00e9, l\u2019 organitzaci\u00f3 del professorat que ens ajudi a assolir els nostres objectius i treure el m\u00e0xim rendiment del nostre alumnat.<\/p>\n<div>\n<p>&nbsp;<\/p>\n<\/div>\n","protected":false},"excerpt":{"rendered":"<p>Per tal d\u2019aconseguir els objectius que ens hem fixat i per assegurar la nostra identitat com a centre, establirem una s\u00e8rie de principis que ens ajudin a definir la nostra estructura organitzativa.<br \/>\nDividirem els nostres criteris en \u00e0mbit pedag\u00f2gic, \u00e0mbit de gesti\u00f3 dels recursos humans i&hellip;  <a href=\"https:\/\/agora.xtec.cat\/escola-salou\/lescola\/com-ens-organitzem\/\" title=\"Read Com ens organitzem?\">Llegeix m\u00e9s\u00bb<\/a><\/p>\n","protected":false},"author":1,"featured_media":0,"parent":22,"menu_order":50,"comment_status":"closed","ping_status":"closed","template":"page-templates\/side-menu.php","meta":{"_bbp_topic_count":0,"_bbp_reply_count":0,"_bbp_total_topic_count":0,"_bbp_total_reply_count":0,"_bbp_voice_count":0,"_bbp_anonymous_reply_count":0,"_bbp_topic_count_hidden":0,"_bbp_reply_count_hidden":0,"_bbp_forum_subforum_count":0,"footnotes":""},"class_list":["post-32","page","type-page","status-publish","hentry"],"post_mailing_queue_ids":[],"_links":{"self":[{"href":"https:\/\/agora.xtec.cat\/escola-salou\/wp-json\/wp\/v2\/pages\/32","targetHints":{"allow":["GET"]}}],"collection":[{"href":"https:\/\/agora.xtec.cat\/escola-salou\/wp-json\/wp\/v2\/pages"}],"about":[{"href":"https:\/\/agora.xtec.cat\/escola-salou\/wp-json\/wp\/v2\/types\/page"}],"author":[{"embeddable":true,"href":"https:\/\/agora.xtec.cat\/escola-salou\/wp-json\/wp\/v2\/users\/1"}],"replies":[{"embeddable":true,"href":"https:\/\/agora.xtec.cat\/escola-salou\/wp-json\/wp\/v2\/comments?post=32"}],"version-history":[{"count":3,"href":"https:\/\/agora.xtec.cat\/escola-salou\/wp-json\/wp\/v2\/pages\/32\/revisions"}],"predecessor-version":[{"id":616,"href":"https:\/\/agora.xtec.cat\/escola-salou\/wp-json\/wp\/v2\/pages\/32\/revisions\/616"}],"up":[{"embeddable":true,"href":"https:\/\/agora.xtec.cat\/escola-salou\/wp-json\/wp\/v2\/pages\/22"}],"wp:attachment":[{"href":"https:\/\/agora.xtec.cat\/escola-salou\/wp-json\/wp\/v2\/media?parent=32"}],"curies":[{"name":"wp","href":"https:\/\/api.w.org\/{rel}","templated":true}]}}