{"id":30,"date":"2014-09-18T12:30:23","date_gmt":"2014-09-18T11:30:23","guid":{"rendered":"http:\/\/agora.xtec.cat\/escola-salou\/?page_id=30"},"modified":"2016-09-27T16:23:29","modified_gmt":"2016-09-27T14:23:29","slug":"on-volem-arribar","status":"publish","type":"page","link":"https:\/\/agora.xtec.cat\/escola-salou\/lescola\/on-volem-arribar\/","title":{"rendered":"On volem arribar?"},"content":{"rendered":"<h4><span style=\"color: #3366ff;\"><strong><u>OBJECTIUS ESTRAT\u00c8GICS<\/u><\/strong><\/span><\/h4>\n<div><u><br \/>\n<\/u><b>L\u2019organitzaci\u00f3 del centre<\/b><\/div>\n<p>Establir l\u00ednies de participaci\u00f3 i consens en el funcionament del claustre. Desenvolupar el treball escolar a partir del treball dels nivells i els cicles i la seva coordinaci\u00f3.<\/p>\n<div>\u00a0<b>La formaci\u00f3\u00a0<\/b><\/div>\n<p>Millorar la qualitat de la doc\u00e8ncia a trav\u00e9s de la formaci\u00f3 continuada. Millorar la formaci\u00f3 i la integraci\u00f3 de l\u2019alumnat a trav\u00e9s del treball competencial.<\/p>\n<div><\/div>\n<div><b>Les fam\u00edlies<\/b><\/div>\n<p>Afavorir la participaci\u00f3 de les fam\u00edlies en les diferents activitats del centre. Mantenir informades i implicades les fam\u00edlies en el model educatiu del centre i en el desenvolupament escolar de l\u2019alumnat.<\/p>\n<div><\/div>\n<div><b>L&#8217;alumnat<\/b><\/div>\n<p>Aconseguir que tot l\u2019alumnat assoleixi una s\u00f2lida compet\u00e8ncia comunicativa en acabar l\u2019educaci\u00f3 obligat\u00f2ria, de manera que pugui utilitzar de manera correcta el catal\u00e0, el castell\u00e0, i l\u2019angl\u00e8s.<br \/>\nPreparar l\u2019alumnat per a la conviv\u00e8ncia en el respecte mutu i a ser conseq\u00fcent amb el dret de les minories, respectant i valorant les difer\u00e8ncies culturals.<br \/>\nCompensar i contrarestar les mancances de cada alumne, donant-li a cadasc\u00fa l\u2019atenci\u00f3 que convingui segons les seves necessitats.<br \/>\nDonar a l\u2019alumnat instruments de coneixements necessaris per a l\u2019adquisici\u00f3 de les noves tecnologies com a eines innovadores de l\u2019aprenentatge.<\/p>\n<div><\/div>\n<div><b>La projecci\u00f3 social<\/b><\/div>\n<p>Con\u00e8ixer la realitat del seu entorn i al mateix temps animadora de valors culturals que proporcionen l\u2019ocasi\u00f3 de viure les festes i tradicions que facilitaran la integraci\u00f3 dels alumnes d\u2019altres cultures. Donar a con\u00e8ixer i fer part\u00edcip a la comunitat de les diferents activitats del centre<\/p>\n","protected":false},"excerpt":{"rendered":"<p>OBJECTIUS ESTRAT\u00c8GICS<\/p>\n<p>L\u2019organitzaci\u00f3 del centre<br \/>\nEstablir l\u00ednies de participaci\u00f3 i consens en el funcionament del claustre. Desenvolupar el treball escolar a partir del treball dels nivells i els cicles i la seva coordinaci\u00f3.<br \/>\n\u00a0La formaci\u00f3\u00a0<br \/>\nMillorar la qualitat de la doc\u00e8ncia a trav\u00e9s de la formaci\u00f3 continuada. Millorar la&hellip;  <a href=\"https:\/\/agora.xtec.cat\/escola-salou\/lescola\/on-volem-arribar\/\" title=\"Read On volem arribar?\">Llegeix m\u00e9s\u00bb<\/a><\/p>\n","protected":false},"author":1,"featured_media":0,"parent":22,"menu_order":40,"comment_status":"closed","ping_status":"closed","template":"page-templates\/side-menu.php","meta":{"_bbp_topic_count":0,"_bbp_reply_count":0,"_bbp_total_topic_count":0,"_bbp_total_reply_count":0,"_bbp_voice_count":0,"_bbp_anonymous_reply_count":0,"_bbp_topic_count_hidden":0,"_bbp_reply_count_hidden":0,"_bbp_forum_subforum_count":0,"footnotes":""},"class_list":["post-30","page","type-page","status-publish","hentry"],"post_mailing_queue_ids":[],"_links":{"self":[{"href":"https:\/\/agora.xtec.cat\/escola-salou\/wp-json\/wp\/v2\/pages\/30","targetHints":{"allow":["GET"]}}],"collection":[{"href":"https:\/\/agora.xtec.cat\/escola-salou\/wp-json\/wp\/v2\/pages"}],"about":[{"href":"https:\/\/agora.xtec.cat\/escola-salou\/wp-json\/wp\/v2\/types\/page"}],"author":[{"embeddable":true,"href":"https:\/\/agora.xtec.cat\/escola-salou\/wp-json\/wp\/v2\/users\/1"}],"replies":[{"embeddable":true,"href":"https:\/\/agora.xtec.cat\/escola-salou\/wp-json\/wp\/v2\/comments?post=30"}],"version-history":[{"count":4,"href":"https:\/\/agora.xtec.cat\/escola-salou\/wp-json\/wp\/v2\/pages\/30\/revisions"}],"predecessor-version":[{"id":617,"href":"https:\/\/agora.xtec.cat\/escola-salou\/wp-json\/wp\/v2\/pages\/30\/revisions\/617"}],"up":[{"embeddable":true,"href":"https:\/\/agora.xtec.cat\/escola-salou\/wp-json\/wp\/v2\/pages\/22"}],"wp:attachment":[{"href":"https:\/\/agora.xtec.cat\/escola-salou\/wp-json\/wp\/v2\/media?parent=30"}],"curies":[{"name":"wp","href":"https:\/\/api.w.org\/{rel}","templated":true}]}}