{"id":23626,"date":"2025-06-23T19:36:04","date_gmt":"2025-06-23T17:36:04","guid":{"rendered":"https:\/\/agora.xtec.cat\/escola-salou\/?page_id=23626"},"modified":"2025-06-23T19:39:59","modified_gmt":"2025-06-23T17:39:59","slug":"autoritzacions-alumnes","status":"publish","type":"page","link":"https:\/\/agora.xtec.cat\/escola-salou\/autoritzacions-alumnes\/","title":{"rendered":"Autoritzacions alumnes"},"content":{"rendered":"\n<h1 class=\"wp-block-heading\"><\/h1>\n\n\n<div class=\"wp-block-image\">\n<figure class=\"aligncenter is-resized\"><a href=\"https:\/\/agora.xtec.cat\/escola-salou\/wp-content\/uploads\/usu1449\/2025\/06\/718a13073f0ffcc39cdbbef7c1bcaea7.jpg\"><img loading=\"lazy\" decoding=\"async\" width=\"724\" height=\"1024\" src=\"https:\/\/agora.xtec.cat\/escola-salou\/wp-content\/uploads\/usu1449\/2025\/06\/718a13073f0ffcc39cdbbef7c1bcaea7-724x1024.jpg\" alt=\"\" class=\"wp-image-23621\" style=\"width:273px;height:auto\" srcset=\"https:\/\/agora.xtec.cat\/escola-salou\/wp-content\/uploads\/usu1449\/2025\/06\/718a13073f0ffcc39cdbbef7c1bcaea7-724x1024.jpg 724w, https:\/\/agora.xtec.cat\/escola-salou\/wp-content\/uploads\/usu1449\/2025\/06\/718a13073f0ffcc39cdbbef7c1bcaea7-212x300.jpg 212w, https:\/\/agora.xtec.cat\/escola-salou\/wp-content\/uploads\/usu1449\/2025\/06\/718a13073f0ffcc39cdbbef7c1bcaea7-768x1087.jpg 768w, https:\/\/agora.xtec.cat\/escola-salou\/wp-content\/uploads\/usu1449\/2025\/06\/718a13073f0ffcc39cdbbef7c1bcaea7-1085x1536.jpg 1085w, https:\/\/agora.xtec.cat\/escola-salou\/wp-content\/uploads\/usu1449\/2025\/06\/718a13073f0ffcc39cdbbef7c1bcaea7.jpg 1447w\" sizes=\"auto, (max-width: 724px) 100vw, 724px\" \/><\/a><\/figure><\/div>\n\n\n<h4 class=\"wp-block-heading\">&nbsp;<\/h4>\n\n\n\n<ul class=\"wp-block-list\">\n<li><a href=\"https:\/\/drive.google.com\/file\/d\/1OrS0SAXigJz-pFU7jeEk1AGnMsMB3CAd\/view?usp=sharing\">FITXA DADES ALUMNE\/A 2025-2026<\/a><\/li>\n\n\n\n<li><a href=\"https:\/\/agora.xtec.cat\/escola-salou\/wp-content\/uploads\/usu1449\/2023\/06\/Autoritzacio-religio-valors-convertido.pdf\">DECLARACI\u00d3 SOBRE L\u2019OPCI\u00d3 DE CURSAR \u00c0REA DE RELIGI\u00d3\/ EDUCACI\u00d3 EN VALORS C\u00cdVICS I \u00c8TICS 2025-2026<\/a><\/li>\n\n\n\n<li><a href=\"https:\/\/drive.google.com\/file\/d\/1rdTcoLN0A804flA3OV46XE2Eb0_5p9zr\/view?usp=sharing\">AUTORITZACI\u00d3 DE SORTIDA DE L\u2019ALUMNE AMB UN ALTRA PERSONA 2025-2026<\/a><\/li>\n\n\n\n<li><a href=\"https:\/\/drive.google.com\/file\/d\/191-RMNcg5C4himokQMpslRj1t46jauO_\/view?usp=sharing\">AUTORITZACCI\u00d3 DRETS D\u2019IMATGE MENORS DE 14 ANYS 2025-2026<\/a><\/li>\n\n\n\n<li><a href=\"https:\/\/drive.google.com\/file\/d\/1-wGrnrCD9MlIWojQ8ViGMFwCa1lFCXw8\/view?usp=sharing\">CARTA DE COMPROMI\u00cdS EDUCATIU 2025-2026<\/a><\/li>\n\n\n\n<li><a href=\"https:\/\/drive.google.com\/file\/d\/1xNcLkfVuPFuWqvAjYpxaie-nXtJdUhb-\/view?usp=sharing\">AUTORITZACI\u00d3 CLASSROOM 2025-2026<\/a><\/li>\n<\/ul>\n\n\n\n<h4 class=\"wp-block-heading\">&nbsp;<\/h4>\n\n\n\n<h4 class=\"wp-block-heading\">Gr\u00e0cies per la vostra confian\u00e7a.<\/h4>\n","protected":false},"excerpt":{"rendered":"<p><a href=\"https:\/\/agora.xtec.cat\/escola-salou\/wp-content\/uploads\/usu1449\/2025\/06\/718a13073f0ffcc39cdbbef7c1bcaea7.jpg\"><\/a><\/p>\n<p>&nbsp;<\/p>\n<ul class=\"wp-block-list\">\n<li><a href=\"https:\/\/drive.google.com\/file\/d\/1OrS0SAXigJz-pFU7jeEk1AGnMsMB3CAd\/view?usp=sharing\">FITXA DADES ALUMNE\/A 2025-2026<\/a><\/li>\n<li><a href=\"https:\/\/agora.xtec.cat\/escola-salou\/wp-content\/uploads\/usu1449\/2023\/06\/Autoritzacio-religio-valors-convertido.pdf\">DECLARACI\u00d3 SOBRE L\u2019OPCI\u00d3 DE CURSAR \u00c0REA DE RELIGI\u00d3\/ EDUCACI\u00d3 EN VALORS C\u00cdVICS I \u00c8TICS 2025-2026<\/a><\/li>\n<li><a href=\"https:\/\/drive.google.com\/file\/d\/1rdTcoLN0A804flA3OV46XE2Eb0_5p9zr\/view?usp=sharing\">AUTORITZACI\u00d3 DE SORTIDA DE L\u2019ALUMNE AMB UN ALTRA PERSONA 2025-2026<\/a><\/li>\n<li><a href=\"https:\/\/drive.google.com\/file\/d\/191-RMNcg5C4himokQMpslRj1t46jauO_\/view?usp=sharing\">AUTORITZACCI\u00d3 DRETS D\u2019IMATGE MENORS DE 14 ANYS 2025-2026<\/a><\/li>\n<li><a href=\"https:\/\/drive.google.com\/file\/d\/1-wGrnrCD9MlIWojQ8ViGMFwCa1lFCXw8\/view?usp=sharing\">CARTA DE COMPROMI\u00cdS EDUCATIU 2025-2026<\/a><\/li>\n<li><a&hellip;  <a href=\"https:\/\/agora.xtec.cat\/escola-salou\/autoritzacions-alumnes\/\" title=\"Read Autoritzacions alumnes\">Llegeix m\u00e9s\u00bb<\/a><br \/>\n","protected":false},"author":16,"featured_media":0,"parent":0,"menu_order":0,"comment_status":"closed","ping_status":"close","template":"","meta":{"_bbp_topic_count":0,"_bbp_reply_count":0,"_bbp_total_topic_count":0,"_bbp_total_reply_count":0,"_bbp_voice_count":0,"_bbp_anonymous_reply_count":0,"_bbp_topic_count_hidden":0,"_bbp_reply_count_hidden":0,"_bbp_forum_subforum_count":0,"footnotes":""},"class_list":["post-23626","page","type-page","status-publish","hentry"],"post_mailing_queue_ids":[],"_links":{"self":[{"href":"https:\/\/agora.xtec.cat\/escola-salou\/wp-json\/wp\/v2\/pages\/23626","targetHints":{"allow":["GET"]}}],"collection":[{"href":"https:\/\/agora.xtec.cat\/escola-salou\/wp-json\/wp\/v2\/pages"}],"about":[{"href":"https:\/\/agora.xtec.cat\/escola-salou\/wp-json\/wp\/v2\/types\/page"}],"author":[{"embeddable":true,"href":"https:\/\/agora.xtec.cat\/escola-salou\/wp-json\/wp\/v2\/users\/16"}],"replies":[{"embeddable":true,"href":"https:\/\/agora.xtec.cat\/escola-salou\/wp-json\/wp\/v2\/comments?post=23626"}],"version-history":[{"count":3,"href":"https:\/\/agora.xtec.cat\/escola-salou\/wp-json\/wp\/v2\/pages\/23626\/revisions"}],"predecessor-version":[{"id":23633,"href":"https:\/\/agora.xtec.cat\/escola-salou\/wp-json\/wp\/v2\/pages\/23626\/revisions\/23633"}],"wp:attachment":[{"href":"https:\/\/agora.xtec.cat\/escola-salou\/wp-json\/wp\/v2\/media?parent=23626"}],"curies":[{"name":"wp","href":"https:\/\/api.w.org\/{rel}","templated":true}]}}