{"id":84,"date":"2014-09-18T14:11:31","date_gmt":"2014-09-18T13:11:31","guid":{"rendered":"http:\/\/agora.xtec.cat\/escola-roureda\/?page_id=84"},"modified":"2025-10-22T09:30:43","modified_gmt":"2025-10-22T07:30:43","slug":"activitats-extraescolars","status":"publish","type":"page","link":"https:\/\/agora.xtec.cat\/escola-roureda\/activitats-extraescolars\/","title":{"rendered":"Activitats extraescolars"},"content":{"rendered":"<h2><span style=\"color: #ff0000;\">EXTRAESCOLARS 2025\/2026<\/span><\/h2>\n<p>&nbsp;<\/p>\n<table style=\"width: 33.8722%;\" border=\"0\" cellspacing=\"0\">\n<colgroup width=\"97\"><\/colgroup>\n<colgroup width=\"132\"><\/colgroup>\n<colgroup width=\"203\"><\/colgroup>\n<tbody>\n<tr>\n<td style=\"width: 8.37619%;\" align=\"left\" valign=\"bottom\" height=\"42\"><span style=\"color: #000000;\">\u00a0<\/span><\/td>\n<td style=\"width: 10.507%;\" align=\"left\" valign=\"bottom\" bgcolor=\"#FFC6C6\"><span style=\"color: #000000; font-size: x-large;\">HORARIS<\/span><\/td>\n<td style=\"width: 14.9155%;\" align=\"left\" valign=\"bottom\" bgcolor=\"#FFC6C6\"><span style=\"color: #000000; font-size: x-large;\">DILLUNS<\/span><\/td>\n<\/tr>\n<tr>\n<td style=\"width: 8.37619%;\" align=\"left\" valign=\"bottom\" bgcolor=\"#FFFF00\" height=\"19\"><span style=\"color: #000000; font-size: medium;\">\u00a0<\/span><\/td>\n<td style=\"width: 10.507%;\" rowspan=\"6\" align=\"center\" valign=\"middle\" bgcolor=\"#FFFF99\"><span style=\"color: #000000; font-size: medium;\">16:30 A 18:00H <\/span><\/td>\n<td style=\"width: 14.9155%;\" rowspan=\"3\" align=\"center\" valign=\"middle\" bgcolor=\"#FFFF99\"><span style=\"color: #000000; font-size: medium;\">\u00a0<\/span><\/td>\n<\/tr>\n<tr>\n<td style=\"width: 8.37619%;\" align=\"left\" valign=\"bottom\" bgcolor=\"#FFFF00\" height=\"19\"><span style=\"color: #000000; font-size: medium;\"> INFANTIL<\/span><\/td>\n<\/tr>\n<tr>\n<td style=\"width: 8.37619%;\" align=\"left\" valign=\"bottom\" bgcolor=\"#FFFF00\" height=\"19\"><span style=\"color: #000000; font-size: medium;\"> I3, I4, I5<\/span><\/td>\n<\/tr>\n<tr>\n<td style=\"width: 8.37619%;\" align=\"left\" valign=\"bottom\" bgcolor=\"#FFFF00\" height=\"19\"><span style=\"color: #000000; font-size: medium;\">\u00a0<\/span><\/td>\n<td style=\"width: 14.9155%;\" rowspan=\"3\" align=\"center\" valign=\"middle\" bgcolor=\"#FFFF99\"><span style=\"color: #000000; font-size: medium;\">TAEKWONDO (16,30h 17,30H)<\/span><\/td>\n<\/tr>\n<tr>\n<td style=\"width: 8.37619%;\" align=\"left\" valign=\"bottom\" bgcolor=\"#FFFF00\" height=\"19\"><span style=\"color: #000000; font-size: medium;\">\u00a0<\/span><\/td>\n<\/tr>\n<tr>\n<td style=\"width: 8.37619%;\" align=\"left\" valign=\"bottom\" bgcolor=\"#FFFF00\" height=\"19\"><span style=\"color: #000000; font-size: medium;\">\u00a0<\/span><\/td>\n<\/tr>\n<tr>\n<td style=\"width: 8.37619%;\" rowspan=\"8\" align=\"center\" valign=\"middle\" bgcolor=\"#A3DBFF\" height=\"152\"><span style=\"color: #000000; font-size: medium;\">PRIM\u00c0RIA 1er a 6\u00e8<\/span><\/td>\n<td style=\"width: 10.507%;\" rowspan=\"8\" align=\"center\" valign=\"middle\" bgcolor=\"#BDD6EE\"><span style=\"color: #000000; font-size: medium;\">16:30 A 18:00H<\/span><\/td>\n<td style=\"width: 14.9155%;\" rowspan=\"2\" align=\"center\" valign=\"middle\" bgcolor=\"#BDD6EE\"><span style=\"color: #000000; font-size: medium;\">ANGL\u00c8S SPEAKING<\/span><\/td>\n<\/tr>\n<tr>\n<td style=\"width: 0.734754%;\" rowspan=\"3\" align=\"center\" valign=\"middle\" bgcolor=\"#BDD6EE\"><\/td>\n<\/tr>\n<tr>\n<td style=\"width: 14.9155%;\" rowspan=\"3\" align=\"center\" valign=\"middle\" bgcolor=\"#C9DAF8\"><span style=\"color: #000000; font-size: medium;\">TAEKWONDO (16,30h 17,30H)<\/span><\/td>\n<\/tr>\n<\/tbody>\n<\/table>\n","protected":false},"excerpt":{"rendered":"<p>EXTRAESCOLARS 2025\/2026 &nbsp; \u00a0 HORARIS DILLUNS \u00a0 16:30 A 18:00H \u00a0 INFANTIL I3, I4, I5 \u00a0 TAEKWONDO (16,30h 17,30H) \u00a0 \u00a0 PRIM\u00c0RIA 1er a 6\u00e8 16:30 A 18:00H ANGL\u00c8S SPEAKING TAEKWONDO (16,30h 17,30H)<\/p>\n","protected":false},"author":1,"featured_media":0,"parent":0,"menu_order":60,"comment_status":"closed","ping_status":"closed","template":"","meta":{"_bbp_topic_count":0,"_bbp_reply_count":0,"_bbp_total_topic_count":0,"_bbp_total_reply_count":0,"_bbp_voice_count":0,"_bbp_anonymous_reply_count":0,"_bbp_topic_count_hidden":0,"_bbp_reply_count_hidden":0,"_bbp_forum_subforum_count":0,"site-sidebar-layout":"default","site-content-layout":"","ast-site-content-layout":"default","site-content-style":"default","site-sidebar-style":"default","ast-global-header-display":"","ast-banner-title-visibility":"","ast-main-header-display":"","ast-hfb-above-header-display":"","ast-hfb-below-header-display":"","ast-hfb-mobile-header-display":"","site-post-title":"","ast-breadcrumbs-content":"","ast-featured-img":"","footer-sml-layout":"","theme-transparent-header-meta":"default","adv-header-id-meta":"","stick-header-meta":"","header-above-stick-meta":"","header-main-stick-meta":"","header-below-stick-meta":"","astra-migrate-meta-layouts":"set","ast-page-background-enabled":"default","ast-page-background-meta":{"desktop":{"background-color":"var(--ast-global-color-4)","background-image":"","background-repeat":"repeat","background-position":"center center","background-size":"auto","background-attachment":"scroll","background-type":"","background-media":"","overlay-type":"","overlay-color":"","overlay-opacity":"","overlay-gradient":""},"tablet":{"background-color":"","background-image":"","background-repeat":"repeat","background-position":"center center","background-size":"auto","background-attachment":"scroll","background-type":"","background-media":"","overlay-type":"","overlay-color":"","overlay-opacity":"","overlay-gradient":""},"mobile":{"background-color":"","background-image":"","background-repeat":"repeat","background-position":"center center","background-size":"auto","background-attachment":"scroll","background-type":"","background-media":"","overlay-type":"","overlay-color":"","overlay-opacity":"","overlay-gradient":""}},"ast-content-background-meta":{"desktop":{"background-color":"var(--ast-global-color-5)","background-image":"","background-repeat":"repeat","background-position":"center center","background-size":"auto","background-attachment":"scroll","background-type":"","background-media":"","overlay-type":"","overlay-color":"","overlay-opacity":"","overlay-gradient":""},"tablet":{"background-color":"var(--ast-global-color-5)","background-image":"","background-repeat":"repeat","background-position":"center center","background-size":"auto","background-attachment":"scroll","background-type":"","background-media":"","overlay-type":"","overlay-color":"","overlay-opacity":"","overlay-gradient":""},"mobile":{"background-color":"var(--ast-global-color-5)","background-image":"","background-repeat":"repeat","background-position":"center center","background-size":"auto","background-attachment":"scroll","background-type":"","background-media":"","overlay-type":"","overlay-color":"","overlay-opacity":"","overlay-gradient":""}},"footnotes":""},"class_list":["post-84","page","type-page","status-publish","hentry"],"post_mailing_queue_ids":[],"_links":{"self":[{"href":"https:\/\/agora.xtec.cat\/escola-roureda\/wp-json\/wp\/v2\/pages\/84","targetHints":{"allow":["GET"]}}],"collection":[{"href":"https:\/\/agora.xtec.cat\/escola-roureda\/wp-json\/wp\/v2\/pages"}],"about":[{"href":"https:\/\/agora.xtec.cat\/escola-roureda\/wp-json\/wp\/v2\/types\/page"}],"author":[{"embeddable":true,"href":"https:\/\/agora.xtec.cat\/escola-roureda\/wp-json\/wp\/v2\/users\/1"}],"replies":[{"embeddable":true,"href":"https:\/\/agora.xtec.cat\/escola-roureda\/wp-json\/wp\/v2\/comments?post=84"}],"version-history":[{"count":6,"href":"https:\/\/agora.xtec.cat\/escola-roureda\/wp-json\/wp\/v2\/pages\/84\/revisions"}],"predecessor-version":[{"id":14152,"href":"https:\/\/agora.xtec.cat\/escola-roureda\/wp-json\/wp\/v2\/pages\/84\/revisions\/14152"}],"wp:attachment":[{"href":"https:\/\/agora.xtec.cat\/escola-roureda\/wp-json\/wp\/v2\/media?parent=84"}],"curies":[{"name":"wp","href":"https:\/\/api.w.org\/{rel}","templated":true}]}}