{"id":9,"date":"2014-09-17T15:08:18","date_gmt":"2014-09-17T15:08:18","guid":{"rendered":"http:\/\/agora.xtec.cat\/escola-ribagorcana\/\/?page_id=9"},"modified":"2026-02-16T10:56:23","modified_gmt":"2026-02-16T09:56:23","slug":"pagina-dinici-buida","status":"publish","type":"page","link":"https:\/\/agora.xtec.cat\/escola-ribagorcana\/","title":{"rendered":"BENVINGUTS A L&#8217;ESCOLA RIBAGOR\u00c7ANA!"},"content":{"rendered":"<p><a href=\"https:\/\/agora.xtec.cat\/escola-ribagorcana\/pagines-dinici\/pagina-dinici-buida\/attachment\/portada-web\/\" rel=\"attachment wp-att-1012\"><img loading=\"lazy\" decoding=\"async\" class=\"aligncenter wp-image-1012\" src=\"https:\/\/agora.xtec.cat\/escola-ribagorcana\/wp-content\/uploads\/usu301\/2026\/02\/portada-web-300x57.jpg\" alt=\"\" width=\"1057\" height=\"201\" srcset=\"https:\/\/agora.xtec.cat\/escola-ribagorcana\/wp-content\/uploads\/usu301\/2026\/02\/portada-web-300x57.jpg 300w, https:\/\/agora.xtec.cat\/escola-ribagorcana\/wp-content\/uploads\/usu301\/2026\/02\/portada-web-1024x194.jpg 1024w, https:\/\/agora.xtec.cat\/escola-ribagorcana\/wp-content\/uploads\/usu301\/2026\/02\/portada-web-768x145.jpg 768w, https:\/\/agora.xtec.cat\/escola-ribagorcana\/wp-content\/uploads\/usu301\/2026\/02\/portada-web.jpg 1300w\" sizes=\"auto, (max-width: 1057px) 100vw, 1057px\" \/><\/a><\/p>\n<p style=\"text-align: left;\"><span style=\"color: #993366;\">L&#8217;Escola Ribagor\u00e7ana del Pont de Suert \u00e9s una escola de poble, inclusiva i arrelada al nostre territori, amb m\u00e9s de 50 anys d&#8217;hist\u00f2ria. U<\/span><span style=\"color: #993366;\">na escola de tothom i per a tothom!<\/span><\/p>\n","protected":false},"excerpt":{"rendered":"<p>L&#8217;Escola Ribagor\u00e7ana del Pont de Suert \u00e9s una escola de poble, inclusiva i arrelada al nostre territori, amb m\u00e9s de 50 anys d&#8217;hist\u00f2ria. Una escola de tothom i per a tothom!<\/p>\n","protected":false},"author":2,"featured_media":0,"parent":7,"menu_order":0,"comment_status":"closed","ping_status":"closed","template":"","meta":{"_bbp_topic_count":0,"_bbp_reply_count":0,"_bbp_total_topic_count":0,"_bbp_total_reply_count":0,"_bbp_voice_count":0,"_bbp_anonymous_reply_count":0,"_bbp_topic_count_hidden":0,"_bbp_reply_count_hidden":0,"_bbp_forum_subforum_count":0,"site-sidebar-layout":"default","site-content-layout":"","ast-site-content-layout":"default","site-content-style":"default","site-sidebar-style":"default","ast-global-header-display":"","ast-banner-title-visibility":"","ast-main-header-display":"","ast-hfb-above-header-display":"","ast-hfb-below-header-display":"","ast-hfb-mobile-header-display":"","site-post-title":"","ast-breadcrumbs-content":"","ast-featured-img":"","footer-sml-layout":"","theme-transparent-header-meta":"default","adv-header-id-meta":"","stick-header-meta":"","header-above-stick-meta":"","header-main-stick-meta":"","header-below-stick-meta":"","astra-migrate-meta-layouts":"set","ast-page-background-enabled":"default","ast-page-background-meta":{"desktop":{"background-color":"var(--ast-global-color-4)","background-image":"","background-repeat":"repeat","background-position":"center center","background-size":"auto","background-attachment":"scroll","background-type":"","background-media":"","overlay-type":"","overlay-color":"","overlay-opacity":"","overlay-gradient":""},"tablet":{"background-color":"","background-image":"","background-repeat":"repeat","background-position":"center center","background-size":"auto","background-attachment":"scroll","background-type":"","background-media":"","overlay-type":"","overlay-color":"","overlay-opacity":"","overlay-gradient":""},"mobile":{"background-color":"","background-image":"","background-repeat":"repeat","background-position":"center center","background-size":"auto","background-attachment":"scroll","background-type":"","background-media":"","overlay-type":"","overlay-color":"","overlay-opacity":"","overlay-gradient":""}},"ast-content-background-meta":{"desktop":{"background-color":"var(--ast-global-color-5)","background-image":"","background-repeat":"repeat","background-position":"center center","background-size":"auto","background-attachment":"scroll","background-type":"","background-media":"","overlay-type":"","overlay-color":"","overlay-opacity":"","overlay-gradient":""},"tablet":{"background-color":"var(--ast-global-color-5)","background-image":"","background-repeat":"repeat","background-position":"center center","background-size":"auto","background-attachment":"scroll","background-type":"","background-media":"","overlay-type":"","overlay-color":"","overlay-opacity":"","overlay-gradient":""},"mobile":{"background-color":"var(--ast-global-color-5)","background-image":"","background-repeat":"repeat","background-position":"center center","background-size":"auto","background-attachment":"scroll","background-type":"","background-media":"","overlay-type":"","overlay-color":"","overlay-opacity":"","overlay-gradient":""}},"footnotes":""},"class_list":["post-9","page","type-page","status-publish","hentry"],"post_mailing_queue_ids":[],"_links":{"self":[{"href":"https:\/\/agora.xtec.cat\/escola-ribagorcana\/wp-json\/wp\/v2\/pages\/9","targetHints":{"allow":["GET"]}}],"collection":[{"href":"https:\/\/agora.xtec.cat\/escola-ribagorcana\/wp-json\/wp\/v2\/pages"}],"about":[{"href":"https:\/\/agora.xtec.cat\/escola-ribagorcana\/wp-json\/wp\/v2\/types\/page"}],"author":[{"embeddable":true,"href":"https:\/\/agora.xtec.cat\/escola-ribagorcana\/wp-json\/wp\/v2\/users\/2"}],"replies":[{"embeddable":true,"href":"https:\/\/agora.xtec.cat\/escola-ribagorcana\/wp-json\/wp\/v2\/comments?post=9"}],"version-history":[{"count":6,"href":"https:\/\/agora.xtec.cat\/escola-ribagorcana\/wp-json\/wp\/v2\/pages\/9\/revisions"}],"predecessor-version":[{"id":1055,"href":"https:\/\/agora.xtec.cat\/escola-ribagorcana\/wp-json\/wp\/v2\/pages\/9\/revisions\/1055"}],"up":[{"embeddable":true,"href":"https:\/\/agora.xtec.cat\/escola-ribagorcana\/wp-json\/wp\/v2\/pages\/7"}],"wp:attachment":[{"href":"https:\/\/agora.xtec.cat\/escola-ribagorcana\/wp-json\/wp\/v2\/media?parent=9"}],"curies":[{"name":"wp","href":"https:\/\/api.w.org\/{rel}","templated":true}]}}