{"id":877,"date":"2026-02-12T10:25:47","date_gmt":"2026-02-12T09:25:47","guid":{"rendered":"https:\/\/agora.xtec.cat\/escola-ribagorcana\/?page_id=877"},"modified":"2026-02-12T16:20:33","modified_gmt":"2026-02-12T15:20:33","slug":"escola-verda","status":"publish","type":"page","link":"https:\/\/agora.xtec.cat\/escola-ribagorcana\/escola-verda\/","title":{"rendered":"ESCOLA VERDA"},"content":{"rendered":"\r\n\t<div class=\"slideshow_container slideshow_container_style-light\" style=\"height: 300px; \" data-slideshow-id=\"953\" data-style-name=\"style-light\" data-style-version=\"2.3.1\" >\r\n\r\n\t\t\t\t\t<div class=\"slideshow_loading_icon\"><\/div>\r\n\t\t\r\n\t\t<div class=\"slideshow_content\" style=\"display: none;\">\r\n\r\n\t\t\t<div class=\"slideshow_view\">\r\n\t\t\t\t<div class=\"slideshow_slide slideshow_slide_image\">\r\n\t\t\t\t\t\t\t\t\t\t\t<img src=\"https:\/\/agora.xtec.cat\/escola-ribagorcana\/wp-content\/uploads\/usu301\/2026\/02\/1.jpg\" alt=\"1\" width=\"1300\" height=\"400\" \/>\r\n\t\t\t\t\t\t\t\t\t\t<div class=\"slideshow_description_box slideshow_transparent\">\r\n\t\t\t\t\t\t<div class=\"slideshow_title\">1<\/div>\t\t\t\t\t\t\t\t\t\t\t<\/div>\r\n\t\t\t\t<\/div>\r\n\r\n\t\t\t\t\t\t<div style=\"clear: both;\"><\/div><\/div><div class=\"slideshow_view\">\r\n\t\t\t\t<div class=\"slideshow_slide slideshow_slide_image\">\r\n\t\t\t\t\t\t\t\t\t\t\t<img src=\"https:\/\/agora.xtec.cat\/escola-ribagorcana\/wp-content\/uploads\/usu301\/2026\/02\/3.jpg\" alt=\"3\" width=\"1300\" height=\"400\" \/>\r\n\t\t\t\t\t\t\t\t\t\t<div class=\"slideshow_description_box slideshow_transparent\">\r\n\t\t\t\t\t\t<div class=\"slideshow_title\">3<\/div>\t\t\t\t\t\t\t\t\t\t\t<\/div>\r\n\t\t\t\t<\/div>\r\n\r\n\t\t\t\t\t\t<div style=\"clear: both;\"><\/div><\/div><div class=\"slideshow_view\">\r\n\t\t\t\t<div class=\"slideshow_slide slideshow_slide_image\">\r\n\t\t\t\t\t\t\t\t\t\t\t<img src=\"https:\/\/agora.xtec.cat\/escola-ribagorcana\/wp-content\/uploads\/usu301\/2026\/02\/4.jpg\" alt=\"4\" width=\"1300\" height=\"400\" \/>\r\n\t\t\t\t\t\t\t\t\t\t<div class=\"slideshow_description_box slideshow_transparent\">\r\n\t\t\t\t\t\t<div class=\"slideshow_title\">4<\/div>\t\t\t\t\t\t\t\t\t\t\t<\/div>\r\n\t\t\t\t<\/div>\r\n\r\n\t\t\t\t\t\t<div style=\"clear: both;\"><\/div><\/div><div class=\"slideshow_view\">\r\n\t\t\t\t<div class=\"slideshow_slide slideshow_slide_image\">\r\n\t\t\t\t\t\t\t\t\t\t\t<img src=\"https:\/\/agora.xtec.cat\/escola-ribagorcana\/wp-content\/uploads\/usu301\/2026\/02\/Diseno-sin-titulo.jpg\" alt=\"Dise\u00f1o sin t\u00edtulo\" width=\"1300\" height=\"400\" \/>\r\n\t\t\t\t\t\t\t\t\t\t<div class=\"slideshow_description_box slideshow_transparent\">\r\n\t\t\t\t\t\t<div class=\"slideshow_title\">Dise\u00f1o sin t\u00edtulo<\/div>\t\t\t\t\t\t\t\t\t\t\t<\/div>\r\n\t\t\t\t<\/div>\r\n\r\n\t\t\t\t\t\t<div style=\"clear: both;\"><\/div><\/div><div class=\"slideshow_view\">\r\n\t\t\t\t<div class=\"slideshow_slide slideshow_slide_image\">\r\n\t\t\t\t\t\t\t\t\t\t\t<img src=\"https:\/\/agora.xtec.cat\/escola-ribagorcana\/wp-content\/uploads\/usu301\/2026\/02\/IMG-20251127-WA0001.jpg\" alt=\"IMG-20251127-WA0001\" width=\"1300\" height=\"503\" \/>\r\n\t\t\t\t\t\t\t\t\t\t<div class=\"slideshow_description_box slideshow_transparent\">\r\n\t\t\t\t\t\t<div class=\"slideshow_title\">IMG-20251127-WA0001<\/div>\t\t\t\t\t\t\t\t\t\t\t<\/div>\r\n\t\t\t\t<\/div>\r\n\r\n\t\t\t\t\t\t<div style=\"clear: both;\"><\/div><\/div><div class=\"slideshow_view\">\r\n\t\t\t\t<div class=\"slideshow_slide slideshow_slide_image\">\r\n\t\t\t\t\t\t\t\t\t\t\t<img src=\"https:\/\/agora.xtec.cat\/escola-ribagorcana\/wp-content\/uploads\/usu301\/2026\/02\/2.jpg\" alt=\"2\" width=\"1300\" height=\"400\" \/>\r\n\t\t\t\t\t\t\t\t\t\t<div class=\"slideshow_description_box slideshow_transparent\">\r\n\t\t\t\t\t\t<div class=\"slideshow_title\">2<\/div>\t\t\t\t\t\t\t\t\t\t\t<\/div>\r\n\t\t\t\t<\/div>\r\n\r\n\t\t\t\t\t\t<div style=\"clear: both;\"><\/div><\/div><div class=\"slideshow_view\">\r\n\t\t\t\t<div class=\"slideshow_slide slideshow_slide_image\">\r\n\t\t\t\t\t\t\t\t\t\t\t<img src=\"https:\/\/agora.xtec.cat\/escola-ribagorcana\/wp-content\/uploads\/usu301\/2026\/02\/IMG-20251127-WA0001.jpg\" alt=\"IMG-20251127-WA0001\" width=\"1300\" height=\"503\" \/>\r\n\t\t\t\t\t\t\t\t\t\t<div class=\"slideshow_description_box slideshow_transparent\">\r\n\t\t\t\t\t\t\t\t\t\t\t\t\t\t\t\t\t<\/div>\r\n\t\t\t\t<\/div>\r\n\r\n\t\t\t\t\t\t<div style=\"clear: both;\"><\/div><\/div><div class=\"slideshow_view\">\r\n\t\t\t\t<div class=\"slideshow_slide slideshow_slide_image\">\r\n\t\t\t\t\t\t\t\t\t\t\t<img src=\"https:\/\/agora.xtec.cat\/escola-ribagorcana\/wp-content\/uploads\/usu301\/2026\/02\/Comite-Ambiental-16.03.2017.jpg\" alt=\"Comit\u00e8 Ambiental 16.03.2017\" width=\"1300\" height=\"454\" \/>\r\n\t\t\t\t\t\t\t\t\t\t<div class=\"slideshow_description_box slideshow_transparent\">\r\n\t\t\t\t\t\t\t\t\t\t\t\t\t\t\t\t\t<\/div>\r\n\t\t\t\t<\/div>\r\n\r\n\t\t\t\t\t\t<div style=\"clear: both;\"><\/div><\/div>\r\n\t\t<\/div>\r\n\r\n\t\t<div class=\"slideshow_controlPanel slideshow_transparent\" style=\"display: none;\"><ul><li class=\"slideshow_togglePlay\" data-play-text=\"Visualitza\" data-pause-text=\"Pausa\"><\/li><\/ul><\/div>\r\n\r\n\t\t<div class=\"slideshow_button slideshow_previous slideshow_transparent\" role=\"button\" data-previous-text=\"Anterior\" style=\"display: none;\"><\/div>\r\n\t\t<div class=\"slideshow_button slideshow_next slideshow_transparent\" role=\"button\" data-next-text=\"Seg\u00fcent\" style=\"display: none;\"><\/div>\r\n\r\n\t\t<div class=\"slideshow_pagination\" style=\"display: none;\" data-go-to-text=\"V\u00e9s a la diapositiva\"><div class=\"slideshow_pagination_center\"><\/div><\/div>\r\n\r\n\t\t<!-- WordPress Slideshow Version 2.3.1 -->\r\n\r\n\t\t\t<\/div>\r\n\r\n\n<p>Des de l&#8217;any 2006 som <a href=\"https:\/\/escolesverdeslleida.fundesplai.org\/\">Escola Verda<\/a>. De fet, som una de les escoles m\u00e9s antigues dels Serveis Territorials de l&#8217;Alt Pirineu-Aran que tenim aquest distintiu. Per\u00f2 per a mantenir-lo cal treballar per a protegir el nostre entorn. Per aix\u00f2 a la nostra escola:<\/p>\n<ul>\n<li>Tenim un <a href=\"https:\/\/www.youtube.com\/watch?v=REjDQ_H8FoE\">COMIT\u00c8 AMBIENTAL<\/a>, que \u00e9s un \u00f2rgan participatiu on tots els agents educatius hi tenen veu, sobretot els nostres representants de l&#8217;alumnat, els delegats ambientals.<\/li>\n<li>Pengem not\u00edcies i informacions d&#8217;inter\u00e8s a la nostra Cartellera Ambiental, on tamb\u00e9 hi ha una b\u00fastia de suggeriments.<\/li>\n<li>Participem en el Concurs <a href=\"https:\/\/www.apilo.cat\/\">Apilo<\/a> de recollida de piles. Per aix\u00f2, agra\u00efm que recicleu les piles a la nostra escola.<\/li>\n<li>Fem <a href=\"https:\/\/www.residuonvas.cat\/ca\">recollida selectiva de residus<\/a>. A cada classe tenim diferents contenidors: blau per a paper i cartr\u00f3, groc per a envasos, marr\u00f3 per a residus org\u00e0nics i vermell per al rebuig. Aix\u00ed mateix, tamb\u00e9 fem recollida d&#8217;oli, que podeu portar degudament envasat en ampolles de pl\u00e0stic, reciclem cartutxos d&#8217;impressora i tenim un compostador on hi llencem els residus org\u00e0nics del menjador. Tot aix\u00f2 amb la col\u00b7laboraci\u00f3 de l&#8217;<a href=\"https:\/\/www.xn--altaribagora-udb.cat\/arees-de-treball-2\/medi-ambient\">\u00c0rea de Medi Ambient del Consell Comarcal<\/a>, que, quan cal, ve a buscar altres elements que podem reciclar per a portar a la deixalleria.<\/li>\n<li>Celebrem la <a href=\"https:\/\/setmanabio.cat\/\">Setmana BIO<\/a>, que promociona els productes de temporada i de proximitat.<\/li>\n<li>Participem en el <a href=\"https:\/\/agricultura.gencat.cat\/ca\/ambits\/alimentacio\/promocio-agroalimentaria\/fruita-llet-escoles\/fruita-escoles\/index.html\">Programa consum de fruita a les escoles<\/a>.<\/li>\n<li>Portem els nostres esmorzars amb carmanyola o un embolcall sostenible i reutilitzable, evitant el paper d&#8217;alumini, el pl\u00e0stic d&#8217;un sol \u00fas i altres envasos innecessaris. Procurem sempre que el nostre esmorzar sigui sa. Aquesta norma tamb\u00e9 s&#8217;aplica als dinars de les sortides.<\/li>\n<li>Fem observaci\u00f3 i seguiment dels ocells del pati, participant en el <a href=\"https:\/\/mediambient.gencat.cat\/ca\/05_ambits_dactuacio\/persones-i-natura\/centres-educatius\/xarxa-escoles-verdes\/escoles-obertes-natura\/projecte-ocells-jardins\/\">Projecte ocells de jardins x a les nostres escoles<\/a>.<\/li>\n<li>Participem en activitats, tallers i sortides de organitzades des del Centre de Fauna del Pont de Suert, Escola de Natura de la Vall de Bo\u00ed i Parc Nacional d&#8217;Aig\u00fcestortes i Estant de Sant Maurici.<\/li>\n<li>Tenim l&#8217;<a href=\"https:\/\/parcsnaturals.gencat.cat\/ca\/detalls\/Noticia\/250913-Agenda\">Agenda Escolar Interparcs del Pirineu, <\/a>una iniciativa de diversos espais naturals protegits i el Departament d&#8217;Educaci\u00f3 i Formaci\u00f3 Professional amb l\u2019objectiu de fomentar l&#8217;educaci\u00f3 ambiental als centres educatius i alhora generar un sentiment de pertinen\u00e7a i arrelament al territori.<\/li>\n<li>Participem al F\u00f2rum d&#8217;Escoles Verdes de l&#8217;Alt Pirineu-Aran, compartint tallers i experi\u00e8ncies entre les escoles de l&#8217;Alta Ribagor\u00e7a, la Vall d&#8217;Aran i el Pallars Juss\u00e0.<\/li>\n<\/ul>\n","protected":false},"excerpt":{"rendered":"<p>Des de l&#8217;any 2006 som Escola Verda. De fet, som una de les escoles m\u00e9s antigues dels Serveis Territorials de l&#8217;Alt Pirineu-Aran que tenim aquest distintiu. Per\u00f2 per a mantenir-lo cal treballar per a protegir el nostre entorn. Per aix\u00f2 a la nostra escola: Tenim un COMIT\u00c8 AMBIENTAL, que \u00e9s un \u00f2rgan participatiu on tots [&hellip;]<\/p>\n","protected":false},"author":1,"featured_media":0,"parent":0,"menu_order":0,"comment_status":"closed","ping_status":"closed","template":"","meta":{"_bbp_topic_count":0,"_bbp_reply_count":0,"_bbp_total_topic_count":0,"_bbp_total_reply_count":0,"_bbp_voice_count":0,"_bbp_anonymous_reply_count":0,"_bbp_topic_count_hidden":0,"_bbp_reply_count_hidden":0,"_bbp_forum_subforum_count":0,"site-sidebar-layout":"default","site-content-layout":"","ast-site-content-layout":"default","site-content-style":"default","site-sidebar-style":"default","ast-global-header-display":"","ast-banner-title-visibility":"","ast-main-header-display":"","ast-hfb-above-header-display":"","ast-hfb-below-header-display":"","ast-hfb-mobile-header-display":"","site-post-title":"","ast-breadcrumbs-content":"","ast-featured-img":"","footer-sml-layout":"","theme-transparent-header-meta":"default","adv-header-id-meta":"","stick-header-meta":"","header-above-stick-meta":"","header-main-stick-meta":"","header-below-stick-meta":"","astra-migrate-meta-layouts":"set","ast-page-background-enabled":"default","ast-page-background-meta":{"desktop":{"background-color":"var(--ast-global-color-4)","background-image":"","background-repeat":"repeat","background-position":"center center","background-size":"auto","background-attachment":"scroll","background-type":"","background-media":"","overlay-type":"","overlay-color":"","overlay-opacity":"","overlay-gradient":""},"tablet":{"background-color":"","background-image":"","background-repeat":"repeat","background-position":"center center","background-size":"auto","background-attachment":"scroll","background-type":"","background-media":"","overlay-type":"","overlay-color":"","overlay-opacity":"","overlay-gradient":""},"mobile":{"background-color":"","background-image":"","background-repeat":"repeat","background-position":"center center","background-size":"auto","background-attachment":"scroll","background-type":"","background-media":"","overlay-type":"","overlay-color":"","overlay-opacity":"","overlay-gradient":""}},"ast-content-background-meta":{"desktop":{"background-color":"var(--ast-global-color-5)","background-image":"","background-repeat":"repeat","background-position":"center center","background-size":"auto","background-attachment":"scroll","background-type":"","background-media":"","overlay-type":"","overlay-color":"","overlay-opacity":"","overlay-gradient":""},"tablet":{"background-color":"var(--ast-global-color-5)","background-image":"","background-repeat":"repeat","background-position":"center center","background-size":"auto","background-attachment":"scroll","background-type":"","background-media":"","overlay-type":"","overlay-color":"","overlay-opacity":"","overlay-gradient":""},"mobile":{"background-color":"var(--ast-global-color-5)","background-image":"","background-repeat":"repeat","background-position":"center center","background-size":"auto","background-attachment":"scroll","background-type":"","background-media":"","overlay-type":"","overlay-color":"","overlay-opacity":"","overlay-gradient":""}},"footnotes":""},"class_list":["post-877","page","type-page","status-publish","hentry"],"post_mailing_queue_ids":[],"_links":{"self":[{"href":"https:\/\/agora.xtec.cat\/escola-ribagorcana\/wp-json\/wp\/v2\/pages\/877","targetHints":{"allow":["GET"]}}],"collection":[{"href":"https:\/\/agora.xtec.cat\/escola-ribagorcana\/wp-json\/wp\/v2\/pages"}],"about":[{"href":"https:\/\/agora.xtec.cat\/escola-ribagorcana\/wp-json\/wp\/v2\/types\/page"}],"author":[{"embeddable":true,"href":"https:\/\/agora.xtec.cat\/escola-ribagorcana\/wp-json\/wp\/v2\/users\/1"}],"replies":[{"embeddable":true,"href":"https:\/\/agora.xtec.cat\/escola-ribagorcana\/wp-json\/wp\/v2\/comments?post=877"}],"version-history":[{"count":6,"href":"https:\/\/agora.xtec.cat\/escola-ribagorcana\/wp-json\/wp\/v2\/pages\/877\/revisions"}],"predecessor-version":[{"id":978,"href":"https:\/\/agora.xtec.cat\/escola-ribagorcana\/wp-json\/wp\/v2\/pages\/877\/revisions\/978"}],"wp:attachment":[{"href":"https:\/\/agora.xtec.cat\/escola-ribagorcana\/wp-json\/wp\/v2\/media?parent=877"}],"curies":[{"name":"wp","href":"https:\/\/api.w.org\/{rel}","templated":true}]}}