{"id":799,"date":"2026-02-04T14:24:11","date_gmt":"2026-02-04T13:24:11","guid":{"rendered":"https:\/\/agora.xtec.cat\/escola-ribagorcana\/?page_id=799"},"modified":"2026-02-18T14:06:06","modified_gmt":"2026-02-18T13:06:06","slug":"cicle-superior","status":"publish","type":"page","link":"https:\/\/agora.xtec.cat\/escola-ribagorcana\/cicle-superior\/","title":{"rendered":"CICLE SUPERIOR"},"content":{"rendered":"<p align=\"justify\">\r\n\t<div class=\"slideshow_container slideshow_container_style-light\" style=\"height: 300px; \" data-slideshow-id=\"930\" data-style-name=\"style-light\" data-style-version=\"2.3.1\" >\r\n\r\n\t\t\t\t\t<div class=\"slideshow_loading_icon\"><\/div>\r\n\t\t\r\n\t\t<div class=\"slideshow_content\" style=\"display: none;\">\r\n\r\n\t\t\t<div class=\"slideshow_view\">\r\n\t\t\t\t<div class=\"slideshow_slide slideshow_slide_image\">\r\n\t\t\t\t\t\t\t\t\t\t\t<img src=\"https:\/\/agora.xtec.cat\/escola-ribagorcana\/wp-content\/uploads\/usu301\/2026\/02\/Screenshot_2024-03-31-19-54-26-127_com.miui_.videoplayer.jpg\" alt=\"Screenshot_2024-03-31-19-54-26-127_com.miui.videoplayer\" width=\"1010\" height=\"345\" \/>\r\n\t\t\t\t\t\t\t\t\t\t<div class=\"slideshow_description_box slideshow_transparent\">\r\n\t\t\t\t\t\t\t\t\t\t\t\t\t\t\t\t\t<\/div>\r\n\t\t\t\t<\/div>\r\n\r\n\t\t\t\t\t\t<div style=\"clear: both;\"><\/div><\/div><div class=\"slideshow_view\">\r\n\t\t\t\t<div class=\"slideshow_slide slideshow_slide_image\">\r\n\t\t\t\t\t\t\t\t\t\t\t<img src=\"https:\/\/agora.xtec.cat\/escola-ribagorcana\/wp-content\/uploads\/usu301\/2026\/02\/IMG-20251212-WA0015.jpg\" alt=\"IMG-20251212-WA0015\" width=\"1300\" height=\"454\" \/>\r\n\t\t\t\t\t\t\t\t\t\t<div class=\"slideshow_description_box slideshow_transparent\">\r\n\t\t\t\t\t\t\t\t\t\t\t\t\t\t\t\t\t<\/div>\r\n\t\t\t\t<\/div>\r\n\r\n\t\t\t\t\t\t<div style=\"clear: both;\"><\/div><\/div><div class=\"slideshow_view\">\r\n\t\t\t\t<div class=\"slideshow_slide slideshow_slide_image\">\r\n\t\t\t\t\t\t\t\t\t\t\t<img src=\"https:\/\/agora.xtec.cat\/escola-ribagorcana\/wp-content\/uploads\/usu301\/2026\/02\/IMG-20251101-WA0017.jpg\" alt=\"IMG-20251101-WA0017\" width=\"1200\" height=\"527\" \/>\r\n\t\t\t\t\t\t\t\t\t\t<div class=\"slideshow_description_box slideshow_transparent\">\r\n\t\t\t\t\t\t\t\t\t\t\t\t\t\t\t\t\t<\/div>\r\n\t\t\t\t<\/div>\r\n\r\n\t\t\t\t\t\t<div style=\"clear: both;\"><\/div><\/div><div class=\"slideshow_view\">\r\n\t\t\t\t<div class=\"slideshow_slide slideshow_slide_image\">\r\n\t\t\t\t\t\t\t\t\t\t\t<img src=\"https:\/\/agora.xtec.cat\/escola-ribagorcana\/wp-content\/uploads\/usu301\/2026\/02\/IMG-20251021-WA0155.jpg\" alt=\"IMG-20251021-WA0155\" width=\"1300\" height=\"449\" \/>\r\n\t\t\t\t\t\t\t\t\t\t<div class=\"slideshow_description_box slideshow_transparent\">\r\n\t\t\t\t\t\t\t\t\t\t\t\t\t\t\t\t\t<\/div>\r\n\t\t\t\t<\/div>\r\n\r\n\t\t\t\t\t\t<div style=\"clear: both;\"><\/div><\/div><div class=\"slideshow_view\">\r\n\t\t\t\t<div class=\"slideshow_slide slideshow_slide_image\">\r\n\t\t\t\t\t\t\t\t\t\t\t<img src=\"https:\/\/agora.xtec.cat\/escola-ribagorcana\/wp-content\/uploads\/usu301\/2026\/02\/IMG-20251014-WA0010.jpg\" alt=\"IMG-20251014-WA0010\" width=\"1300\" height=\"531\" \/>\r\n\t\t\t\t\t\t\t\t\t\t<div class=\"slideshow_description_box slideshow_transparent\">\r\n\t\t\t\t\t\t\t\t\t\t\t\t\t\t\t\t\t<\/div>\r\n\t\t\t\t<\/div>\r\n\r\n\t\t\t\t\t\t<div style=\"clear: both;\"><\/div><\/div><div class=\"slideshow_view\">\r\n\t\t\t\t<div class=\"slideshow_slide slideshow_slide_image\">\r\n\t\t\t\t\t\t\t\t\t\t\t<img src=\"https:\/\/agora.xtec.cat\/escola-ribagorcana\/wp-content\/uploads\/usu301\/2026\/02\/IMG-20250328-WA0003.jpg\" alt=\"IMG-20250328-WA0003\" width=\"1300\" height=\"505\" \/>\r\n\t\t\t\t\t\t\t\t\t\t<div class=\"slideshow_description_box slideshow_transparent\">\r\n\t\t\t\t\t\t\t\t\t\t\t\t\t\t\t\t\t<\/div>\r\n\t\t\t\t<\/div>\r\n\r\n\t\t\t\t\t\t<div style=\"clear: both;\"><\/div><\/div><div class=\"slideshow_view\">\r\n\t\t\t\t<div class=\"slideshow_slide slideshow_slide_image\">\r\n\t\t\t\t\t\t\t\t\t\t\t<img src=\"https:\/\/agora.xtec.cat\/escola-ribagorcana\/wp-content\/uploads\/usu301\/2026\/02\/20251015_155251.jpg\" alt=\"20251015_155251\" width=\"1225\" height=\"485\" \/>\r\n\t\t\t\t\t\t\t\t\t\t<div class=\"slideshow_description_box slideshow_transparent\">\r\n\t\t\t\t\t\t\t\t\t\t\t\t\t\t\t\t\t<\/div>\r\n\t\t\t\t<\/div>\r\n\r\n\t\t\t\t\t\t<div style=\"clear: both;\"><\/div><\/div><div class=\"slideshow_view\">\r\n\t\t\t\t<div class=\"slideshow_slide slideshow_slide_image\">\r\n\t\t\t\t\t\t\t\t\t\t\t<img src=\"https:\/\/agora.xtec.cat\/escola-ribagorcana\/wp-content\/uploads\/usu301\/2026\/02\/20250606_092250.jpg\" alt=\"20250606_092250\" width=\"1300\" height=\"564\" \/>\r\n\t\t\t\t\t\t\t\t\t\t<div class=\"slideshow_description_box slideshow_transparent\">\r\n\t\t\t\t\t\t\t\t\t\t\t\t\t\t\t\t\t<\/div>\r\n\t\t\t\t<\/div>\r\n\r\n\t\t\t\t\t\t<div style=\"clear: both;\"><\/div><\/div><div class=\"slideshow_view\">\r\n\t\t\t\t<div class=\"slideshow_slide slideshow_slide_image\">\r\n\t\t\t\t\t\t\t\t\t\t\t<img src=\"https:\/\/agora.xtec.cat\/escola-ribagorcana\/wp-content\/uploads\/usu301\/2026\/02\/20250124_092418.jpg\" alt=\"20250124_092418\" width=\"1242\" height=\"585\" \/>\r\n\t\t\t\t\t\t\t\t\t\t<div class=\"slideshow_description_box slideshow_transparent\">\r\n\t\t\t\t\t\t\t\t\t\t\t\t\t\t\t\t\t<\/div>\r\n\t\t\t\t<\/div>\r\n\r\n\t\t\t\t\t\t<div style=\"clear: both;\"><\/div><\/div><div class=\"slideshow_view\">\r\n\t\t\t\t<div class=\"slideshow_slide slideshow_slide_image\">\r\n\t\t\t\t\t\t\t\t\t\t\t<img src=\"https:\/\/agora.xtec.cat\/escola-ribagorcana\/wp-content\/uploads\/usu301\/2026\/02\/20241018_121009.jpg\" alt=\"\" width=\"1300\" height=\"567\" \/>\r\n\t\t\t\t\t\t\t\t\t\t<div class=\"slideshow_description_box slideshow_transparent\">\r\n\t\t\t\t\t\t\t\t\t\t\t\t\t\t\t\t\t<\/div>\r\n\t\t\t\t<\/div>\r\n\r\n\t\t\t\t\t\t<div style=\"clear: both;\"><\/div><\/div>\r\n\t\t<\/div>\r\n\r\n\t\t<div class=\"slideshow_controlPanel slideshow_transparent\" style=\"display: none;\"><ul><li class=\"slideshow_togglePlay\" data-play-text=\"Visualitza\" data-pause-text=\"Pausa\"><\/li><\/ul><\/div>\r\n\r\n\t\t<div class=\"slideshow_button slideshow_previous slideshow_transparent\" role=\"button\" data-previous-text=\"Anterior\" style=\"display: none;\"><\/div>\r\n\t\t<div class=\"slideshow_button slideshow_next slideshow_transparent\" role=\"button\" data-next-text=\"Seg\u00fcent\" style=\"display: none;\"><\/div>\r\n\r\n\t\t<div class=\"slideshow_pagination\" style=\"display: none;\" data-go-to-text=\"V\u00e9s a la diapositiva\"><div class=\"slideshow_pagination_center\"><\/div><\/div>\r\n\r\n\t\t<!-- WordPress Slideshow Version 2.3.1 -->\r\n\r\n\t\t\t<\/div>\r\n\r\n<\/p>\n<p align=\"justify\"><strong>CARACTER\u00cdSTIQUES D&#8217;AQUEST CICLE<\/strong><\/p>\n<p align=\"justify\">Aqu\u00ed ens trobem amb alumnes amb edats entre 10 i 12 anys, en aquest moment evolutiu, el creixement \u00e9s molt desigual, mentre que uns creixen molt r\u00e0pid, altres ho fan m\u00e9s pausadament. A nivell maduratiu, ens troben amb que la nena es desenvolupa abans que el nen. Gaudeixen agrupant-se en equips per qualsevol motiu.<\/p>\n<p align=\"justify\">Es desenvolupa una necessitat per la perfecci\u00f3. Afirmen la seva personalitat i es tornen m\u00e9s objectius.<\/p>\n<p align=\"justify\">Precisen aprovaci\u00f3 i afectivitat. Tamb\u00e9 al final de l&#8217;etapa, es veur\u00e0 una consci\u00e8ncia cr\u00edtica cap al propi cos i la seva imatge. Si es fomenta un clima d&#8217;acceptaci\u00f3 i confian\u00e7a, es possible suavitzar els conflictes que pogueren derivar-se, en aquest moment evolutiu.<\/p>\n<p align=\"justify\">Tenen perfectament elaborat el seu esquema corporal. Ser\u00e0 necessari seguir insistint en l&#8217;adquisici\u00f3 d&#8217;h\u00e0bits d&#8217;higiene i salut.<\/p>\n<div align=\"justify\">A l&#8217;escola suposa consolidar l&#8217;autonomia i les t\u00e8cniques d&#8217;estudi, aix\u00ed com organitzar-se millor el temps a l&#8217;hora de realitzar treballs i estudiar a casa. A m\u00e9s a m\u00e9s, comptaran amb un ordinador port\u00e0til a l&#8217;aula per a realitzar algunes tasques i refor\u00e7ar la seva compet\u00e8ncia digital.<\/div>\n<div align=\"justify\"><\/div>\n<div align=\"justify\">A mitjans de 6\u00e8 es realitzen les <a href=\"https:\/\/avaluacioeducativa.gencat.cat\/ca\/avaluacions\/final-etapa\/primaria\/index.html\">Proves de Compet\u00e8ncies B\u00e0siques<\/a>.<\/div>\n<div align=\"justify\"><\/div>\n<p>Compr\u00e8n els cursos de 5\u00e8 i 6\u00e8.<\/p>\n<p>Per atendre millor a la diversitat i ser una escola inclusiva, comptem amb el suport de l&#8217;<a href=\"https:\/\/agora.xtec.cat\/escola-ribagorcana\/atencio-a-la-diversitat\/\">equip d&#8217;atenci\u00f3 a la diversitat<\/a>.<\/p>\n<p><strong>METODOLOGIES DE TREBALL<\/strong><\/p>\n<ul>\n<li>Matem\u00e0tiques amb <a href=\"https:\/\/www.innovamat.com\/ca\/programa-matematiques-primaria\/?region=ES\">innovamat<\/a>.<\/li>\n<li><a href=\"https:\/\/documents.espai.educacio.gencat.cat\/documents_publics\/Centres\/Mesures_suports_universals\/8_ambients_espais.pdf\">Ambients internivells<\/a>, barrejant l&#8217;alumnat de 4t, 5\u00e8 i 6\u00e8 (AMBIENTS GRANS)\u00a0 i treballant en grups redu\u00efts que permeten activitats m\u00e9s experimentals, art\u00edstiques i l\u00fadiques, aix\u00ed com una atenci\u00f3 m\u00e9s personalitzada.<\/li>\n<li>Foment del <a href=\"https:\/\/projectes.xtec.cat\/pensament-computacional\/\">pensament computacional<\/a>, utilitzant els equipaments rob\u00f2tics amb els que compta l&#8217;escola, sobretot a racons i ambients, aix\u00ed com dins de les \u00e0rees, sobretot matem\u00e0tiques.<\/li>\n<li><a href=\"https:\/\/portal.edu.gva.es\/aulestransformadores\/wp-content\/uploads\/sites\/1304\/2022\/03\/Rincones_val.pdf\">Treball en racons<\/a>\u00a0intercicle, per a complementar les \u00e0rees b\u00e0siques del curr\u00edculum, sobretot les lleng\u00fces i les matem\u00e0tiques.<\/li>\n<li>L\u2019aprenentatge integrat de contingut i llengua estrangera (<a href=\"https:\/\/xtec.gencat.cat\/ca\/projectes\/plurilinguisme\/metodologies\/tilc\/aicle\/\">AICLE<\/a>) en l&#8217;\u00e0rea de ci\u00e8ncies.<\/li>\n<li>Apadrinament lector, un projecte vertical per treballar la lectura.\u00a0 Consisteix en que els nens i nenes de Cicle Superior apadrinen a nens i nenes de Cicle Inicial. L\u2019objectiu \u00e9s doble. Per una banda, crear l\u2019h\u00e0bit lector i fer-los gaudir amb la lectura. Per una altra banda, que els nens i nenes de Cicle Superior facin de model lector i alhora adquireixin una responsabilitat en el proc\u00e9s lector. \u00c9s un projecte molt motivador en el proc\u00e9s d\u2019aprenentatge de la lectoescriptura.<\/li>\n<li>Aprenentatges i millora de les capacitats mitjan\u00e7ant l&#8217;\u00fas de <a href=\"https:\/\/impulseducacio.org\/laprenentatge-basat-en-jocs-com-a-eina-a-laula\/\">jocs de taula<\/a>.<\/li>\n<li>Un coneixement del medi vivencial i motivador, on poden conviure metodologies m\u00e9s globalitzadores, com el <a href=\"https:\/\/blog.text.cat\/avui01-projectes\/\">treball per projectes<\/a> i les <a href=\"https:\/\/diarieducacio.cat\/espiral\/2025\/09\/29\/les-capses-daprenentatge-quan-laprenentatge-pren-forma-de-repte\/\">capses d&#8217;aprenentatge<\/a>, amb espais de lectura de textos i aproximaci\u00f3 a vocabulari especialitzat.<\/li>\n<li>El Projecte d&#8217;Escola, que suposa un repte com\u00fa que es pot treballar des de totes les \u00e0rees i que desemboca en unes jornades en les quals compartim el fruit del nostre treball amb les fam\u00edlies.<\/li>\n<li>Fem trobades escolars intercomarcals durant l&#8217;<em>English Day<\/em> i la Jornada de rob\u00f2tica.<\/li>\n<\/ul>\n<p><strong>COL\u00b7LABORACI\u00d3 AMB L&#8217;ENTORN PROPER I ALTRES ACTIVITATS<\/strong><\/p>\n<p>Per al foment de la lectura&#8230;<\/p>\n<ul>\n<li><a href=\"https:\/\/www.elpontdesuert.cat\/arees-i-serveis\/biblioteca-municipal\">Biblioteca del Pont de Suert<\/a>: Pr\u00e9stec de llibres, visites a exposicions, sessions de Cinexic&#8230;<\/li>\n<li><a href=\"https:\/\/xtec.gencat.cat\/ca\/projectes\/lectura\/gustperlalectura\/\">Programa del Gust per la lectura<\/a>, per al foment i gaudi de la lectura.<\/li>\n<li><a href=\"https:\/\/www.lecturaenveualta.cat\/\">Certamen de lectura en veu alta<\/a><\/li>\n<\/ul>\n<p>Per a tenir cura del nostre cos&#8230;<\/p>\n<ul>\n<li>Xerrades i tallers de salut duts a terme per a professionals del CAP del Pont de Suert.<\/li>\n<li>Nataci\u00f3 dins de l&#8217;\u00e0rea d&#8217;Educaci\u00f3 F\u00edsica.<\/li>\n<\/ul>\n<p>Per acostar-nos al coneixement i la cura del nostre entorn natural&#8230;<\/p>\n<ul>\n<li><a href=\"https:\/\/parcsnaturals.gencat.cat\/web\/.content\/Xarxa-de-parcs\/aiguestortes\/viure-hi\/Educacio-ambiental\/oferta-pedagogica\/Oferta-pedagogica.pdf\">Activitats educatives del Parc Nacional d&#8217;Aig\u00fcestortes i Estany de Sant Maurici<\/a><\/li>\n<li><a href=\"https:\/\/serveiseducatius.xtec.cat\/cda-valldeboi\/ambits\/educacio-primaria\/\">Escola de Natura de la Vall de Bo\u00ed<\/a><\/li>\n<\/ul>\n<p>A part de tot aix\u00f2, fem moltes m\u00e9s coses, com ara celebrar les <a href=\"https:\/\/agora.xtec.cat\/escola-ribagorcana\/festes-tradicionals\/\">Festes tradicionals catalanes<\/a>, altres sortides educatives, etc.<\/p>\n<p>Si voleu obtenir informaci\u00f3 m\u00e9s espec\u00edfica sobre alguns aspectes, podeu accedir a l&#8217;espai destinat al <a href=\"https:\/\/agora.xtec.cat\/escola-ribagorcana\/projecte-educatiu\/\">Projecte Educatiu del Centre<\/a>.<\/p>\n","protected":false},"excerpt":{"rendered":"<p>CARACTER\u00cdSTIQUES D&#8217;AQUEST CICLE Aqu\u00ed ens trobem amb alumnes amb edats entre 10 i 12 anys, en aquest moment evolutiu, el creixement \u00e9s molt desigual, mentre que uns creixen molt r\u00e0pid, altres ho fan m\u00e9s pausadament. A nivell maduratiu, ens troben amb que la nena es desenvolupa abans que el nen. Gaudeixen agrupant-se en equips per [&hellip;]<\/p>\n","protected":false},"author":1,"featured_media":0,"parent":0,"menu_order":0,"comment_status":"closed","ping_status":"closed","template":"","meta":{"_bbp_topic_count":0,"_bbp_reply_count":0,"_bbp_total_topic_count":0,"_bbp_total_reply_count":0,"_bbp_voice_count":0,"_bbp_anonymous_reply_count":0,"_bbp_topic_count_hidden":0,"_bbp_reply_count_hidden":0,"_bbp_forum_subforum_count":0,"site-sidebar-layout":"default","site-content-layout":"","ast-site-content-layout":"default","site-content-style":"default","site-sidebar-style":"default","ast-global-header-display":"","ast-banner-title-visibility":"","ast-main-header-display":"","ast-hfb-above-header-display":"","ast-hfb-below-header-display":"","ast-hfb-mobile-header-display":"","site-post-title":"","ast-breadcrumbs-content":"","ast-featured-img":"","footer-sml-layout":"","theme-transparent-header-meta":"default","adv-header-id-meta":"","stick-header-meta":"","header-above-stick-meta":"","header-main-stick-meta":"","header-below-stick-meta":"","astra-migrate-meta-layouts":"set","ast-page-background-enabled":"default","ast-page-background-meta":{"desktop":{"background-color":"var(--ast-global-color-4)","background-image":"","background-repeat":"repeat","background-position":"center center","background-size":"auto","background-attachment":"scroll","background-type":"","background-media":"","overlay-type":"","overlay-color":"","overlay-opacity":"","overlay-gradient":""},"tablet":{"background-color":"","background-image":"","background-repeat":"repeat","background-position":"center center","background-size":"auto","background-attachment":"scroll","background-type":"","background-media":"","overlay-type":"","overlay-color":"","overlay-opacity":"","overlay-gradient":""},"mobile":{"background-color":"","background-image":"","background-repeat":"repeat","background-position":"center center","background-size":"auto","background-attachment":"scroll","background-type":"","background-media":"","overlay-type":"","overlay-color":"","overlay-opacity":"","overlay-gradient":""}},"ast-content-background-meta":{"desktop":{"background-color":"var(--ast-global-color-5)","background-image":"","background-repeat":"repeat","background-position":"center center","background-size":"auto","background-attachment":"scroll","background-type":"","background-media":"","overlay-type":"","overlay-color":"","overlay-opacity":"","overlay-gradient":""},"tablet":{"background-color":"var(--ast-global-color-5)","background-image":"","background-repeat":"repeat","background-position":"center center","background-size":"auto","background-attachment":"scroll","background-type":"","background-media":"","overlay-type":"","overlay-color":"","overlay-opacity":"","overlay-gradient":""},"mobile":{"background-color":"var(--ast-global-color-5)","background-image":"","background-repeat":"repeat","background-position":"center center","background-size":"auto","background-attachment":"scroll","background-type":"","background-media":"","overlay-type":"","overlay-color":"","overlay-opacity":"","overlay-gradient":""}},"footnotes":""},"class_list":["post-799","page","type-page","status-publish","hentry"],"post_mailing_queue_ids":[],"_links":{"self":[{"href":"https:\/\/agora.xtec.cat\/escola-ribagorcana\/wp-json\/wp\/v2\/pages\/799","targetHints":{"allow":["GET"]}}],"collection":[{"href":"https:\/\/agora.xtec.cat\/escola-ribagorcana\/wp-json\/wp\/v2\/pages"}],"about":[{"href":"https:\/\/agora.xtec.cat\/escola-ribagorcana\/wp-json\/wp\/v2\/types\/page"}],"author":[{"embeddable":true,"href":"https:\/\/agora.xtec.cat\/escola-ribagorcana\/wp-json\/wp\/v2\/users\/1"}],"replies":[{"embeddable":true,"href":"https:\/\/agora.xtec.cat\/escola-ribagorcana\/wp-json\/wp\/v2\/comments?post=799"}],"version-history":[{"count":6,"href":"https:\/\/agora.xtec.cat\/escola-ribagorcana\/wp-json\/wp\/v2\/pages\/799\/revisions"}],"predecessor-version":[{"id":1079,"href":"https:\/\/agora.xtec.cat\/escola-ribagorcana\/wp-json\/wp\/v2\/pages\/799\/revisions\/1079"}],"wp:attachment":[{"href":"https:\/\/agora.xtec.cat\/escola-ribagorcana\/wp-json\/wp\/v2\/media?parent=799"}],"curies":[{"name":"wp","href":"https:\/\/api.w.org\/{rel}","templated":true}]}}