{"id":797,"date":"2026-02-04T14:23:59","date_gmt":"2026-02-04T13:23:59","guid":{"rendered":"https:\/\/agora.xtec.cat\/escola-ribagorcana\/?page_id=797"},"modified":"2026-02-19T14:24:53","modified_gmt":"2026-02-19T13:24:53","slug":"cicle-mitja","status":"publish","type":"page","link":"https:\/\/agora.xtec.cat\/escola-ribagorcana\/cicle-mitja\/","title":{"rendered":"CICLE MITJ\u00c0"},"content":{"rendered":"<p align=\"justify\">\r\n\t<div class=\"slideshow_container slideshow_container_style-light\" style=\"height: 300px; \" data-slideshow-id=\"864\" data-style-name=\"style-light\" data-style-version=\"2.3.1\" >\r\n\r\n\t\t\t\t\t<div class=\"slideshow_loading_icon\"><\/div>\r\n\t\t\r\n\t\t<div class=\"slideshow_content\" style=\"display: none;\">\r\n\r\n\t\t\t<div class=\"slideshow_view\">\r\n\t\t\t\t<div class=\"slideshow_slide slideshow_slide_image\">\r\n\t\t\t\t\t\t\t\t\t\t\t<img src=\"https:\/\/agora.xtec.cat\/escola-ribagorcana\/wp-content\/uploads\/usu301\/2026\/02\/IMG-20260128-WA0006.jpg\" alt=\"IMG-20260128-WA0006\" width=\"1200\" height=\"578\" \/>\r\n\t\t\t\t\t\t\t\t\t\t<div class=\"slideshow_description_box slideshow_transparent\">\r\n\t\t\t\t\t\t\t\t\t\t\t\t\t\t\t\t\t<\/div>\r\n\t\t\t\t<\/div>\r\n\r\n\t\t\t\t\t\t<div style=\"clear: both;\"><\/div><\/div><div class=\"slideshow_view\">\r\n\t\t\t\t<div class=\"slideshow_slide slideshow_slide_image\">\r\n\t\t\t\t\t\t\t\t\t\t\t<img src=\"https:\/\/agora.xtec.cat\/escola-ribagorcana\/wp-content\/uploads\/usu301\/2026\/02\/IMG-20251027-WA0003.jpg\" alt=\"IMG-20251027-WA0003\" width=\"1300\" height=\"544\" \/>\r\n\t\t\t\t\t\t\t\t\t\t<div class=\"slideshow_description_box slideshow_transparent\">\r\n\t\t\t\t\t\t\t\t\t\t\t\t\t\t\t\t\t<\/div>\r\n\t\t\t\t<\/div>\r\n\r\n\t\t\t\t\t\t<div style=\"clear: both;\"><\/div><\/div><div class=\"slideshow_view\">\r\n\t\t\t\t<div class=\"slideshow_slide slideshow_slide_image\">\r\n\t\t\t\t\t\t\t\t\t\t\t<img src=\"https:\/\/agora.xtec.cat\/escola-ribagorcana\/wp-content\/uploads\/usu301\/2026\/02\/IMG-20250328-WA0012.jpg\" alt=\"IMG-20250328-WA0012\" width=\"1300\" height=\"461\" \/>\r\n\t\t\t\t\t\t\t\t\t\t<div class=\"slideshow_description_box slideshow_transparent\">\r\n\t\t\t\t\t\t\t\t\t\t\t\t\t\t\t\t\t<\/div>\r\n\t\t\t\t<\/div>\r\n\r\n\t\t\t\t\t\t<div style=\"clear: both;\"><\/div><\/div><div class=\"slideshow_view\">\r\n\t\t\t\t<div class=\"slideshow_slide slideshow_slide_image\">\r\n\t\t\t\t\t\t\t\t\t\t\t<img src=\"https:\/\/agora.xtec.cat\/escola-ribagorcana\/wp-content\/uploads\/usu301\/2026\/02\/IMG-20250228-WA0045.jpg\" alt=\"IMG-20250228-WA0045\" width=\"1300\" height=\"498\" \/>\r\n\t\t\t\t\t\t\t\t\t\t<div class=\"slideshow_description_box slideshow_transparent\">\r\n\t\t\t\t\t\t\t\t\t\t\t\t\t\t\t\t\t<\/div>\r\n\t\t\t\t<\/div>\r\n\r\n\t\t\t\t\t\t<div style=\"clear: both;\"><\/div><\/div><div class=\"slideshow_view\">\r\n\t\t\t\t<div class=\"slideshow_slide slideshow_slide_image\">\r\n\t\t\t\t\t\t\t\t\t\t\t<img src=\"https:\/\/agora.xtec.cat\/escola-ribagorcana\/wp-content\/uploads\/usu301\/2026\/02\/Foto-de-Carme.jpg\" alt=\"Foto de Carme\" width=\"1300\" height=\"437\" \/>\r\n\t\t\t\t\t\t\t\t\t\t<div class=\"slideshow_description_box slideshow_transparent\">\r\n\t\t\t\t\t\t\t\t\t\t\t\t\t\t\t\t\t<\/div>\r\n\t\t\t\t<\/div>\r\n\r\n\t\t\t\t\t\t<div style=\"clear: both;\"><\/div><\/div><div class=\"slideshow_view\">\r\n\t\t\t\t<div class=\"slideshow_slide slideshow_slide_image\">\r\n\t\t\t\t\t\t\t\t\t\t\t<img src=\"https:\/\/agora.xtec.cat\/escola-ribagorcana\/wp-content\/uploads\/usu301\/2026\/02\/20260205_111148.jpg\" alt=\"20260205_111148\" width=\"1300\" height=\"502\" \/>\r\n\t\t\t\t\t\t\t\t\t\t<div class=\"slideshow_description_box slideshow_transparent\">\r\n\t\t\t\t\t\t\t\t\t\t\t\t\t\t\t\t\t<\/div>\r\n\t\t\t\t<\/div>\r\n\r\n\t\t\t\t\t\t<div style=\"clear: both;\"><\/div><\/div><div class=\"slideshow_view\">\r\n\t\t\t\t<div class=\"slideshow_slide slideshow_slide_image\">\r\n\t\t\t\t\t\t\t\t\t\t\t<img src=\"https:\/\/agora.xtec.cat\/escola-ribagorcana\/wp-content\/uploads\/usu301\/2026\/02\/20251215_150706.jpg\" alt=\"20251215_150706\" width=\"1300\" height=\"443\" \/>\r\n\t\t\t\t\t\t\t\t\t\t<div class=\"slideshow_description_box slideshow_transparent\">\r\n\t\t\t\t\t\t\t\t\t\t\t\t\t\t\t\t\t<\/div>\r\n\t\t\t\t<\/div>\r\n\r\n\t\t\t\t\t\t<div style=\"clear: both;\"><\/div><\/div><div class=\"slideshow_view\">\r\n\t\t\t\t<div class=\"slideshow_slide slideshow_slide_image\">\r\n\t\t\t\t\t\t\t\t\t\t\t<img src=\"https:\/\/agora.xtec.cat\/escola-ribagorcana\/wp-content\/uploads\/usu301\/2026\/02\/20251105_161642.jpg\" alt=\"20251105_161642\" width=\"1156\" height=\"410\" \/>\r\n\t\t\t\t\t\t\t\t\t\t<div class=\"slideshow_description_box slideshow_transparent\">\r\n\t\t\t\t\t\t\t\t\t\t\t\t\t\t\t\t\t<\/div>\r\n\t\t\t\t<\/div>\r\n\r\n\t\t\t\t\t\t<div style=\"clear: both;\"><\/div><\/div><div class=\"slideshow_view\">\r\n\t\t\t\t<div class=\"slideshow_slide slideshow_slide_image\">\r\n\t\t\t\t\t\t\t\t\t\t\t<img src=\"https:\/\/agora.xtec.cat\/escola-ribagorcana\/wp-content\/uploads\/usu301\/2026\/02\/20251031_153914.jpg\" alt=\"20251031_153914\" width=\"1300\" height=\"386\" \/>\r\n\t\t\t\t\t\t\t\t\t\t<div class=\"slideshow_description_box slideshow_transparent\">\r\n\t\t\t\t\t\t\t\t\t\t\t\t\t\t\t\t\t<\/div>\r\n\t\t\t\t<\/div>\r\n\r\n\t\t\t\t\t\t<div style=\"clear: both;\"><\/div><\/div><div class=\"slideshow_view\">\r\n\t\t\t\t<div class=\"slideshow_slide slideshow_slide_image\">\r\n\t\t\t\t\t\t\t\t\t\t\t<img src=\"https:\/\/agora.xtec.cat\/escola-ribagorcana\/wp-content\/uploads\/usu301\/2026\/02\/20240621_100144.jpg\" alt=\"Cicle mitj\u00e0\" width=\"1000\" height=\"374\" \/>\r\n\t\t\t\t\t\t\t\t\t\t<div class=\"slideshow_description_box slideshow_transparent\">\r\n\t\t\t\t\t\t\t\t\t\t\t\t\t\t\t\t\t<\/div>\r\n\t\t\t\t<\/div>\r\n\r\n\t\t\t\t\t\t<div style=\"clear: both;\"><\/div><\/div>\r\n\t\t<\/div>\r\n\r\n\t\t<div class=\"slideshow_controlPanel slideshow_transparent\" style=\"display: none;\"><ul><li class=\"slideshow_togglePlay\" data-play-text=\"Visualitza\" data-pause-text=\"Pausa\"><\/li><\/ul><\/div>\r\n\r\n\t\t<div class=\"slideshow_button slideshow_previous slideshow_transparent\" role=\"button\" data-previous-text=\"Anterior\" style=\"display: none;\"><\/div>\r\n\t\t<div class=\"slideshow_button slideshow_next slideshow_transparent\" role=\"button\" data-next-text=\"Seg\u00fcent\" style=\"display: none;\"><\/div>\r\n\r\n\t\t<div class=\"slideshow_pagination\" style=\"display: none;\" data-go-to-text=\"V\u00e9s a la diapositiva\"><div class=\"slideshow_pagination_center\"><\/div><\/div>\r\n\r\n\t\t<!-- WordPress Slideshow Version 2.3.1 -->\r\n\r\n\t\t\t<\/div>\r\n\r\n<\/p>\n<p align=\"justify\"><strong>CARACTER\u00cdSTIQUES D&#8217;AQUEST CICLE<\/strong><\/p>\n<p align=\"justify\">Ens trobem amb alumnes de 8 a 10 anys.<\/p>\n<p align=\"justify\">En l&#8217;\u00e0mbit <em>cognitiu\u00a0<\/em>l&#8217;alumnat es troba en el Per\u00edode d&#8217;Operacions Concretes de Piaget; en el qual els nensi les nenes s\u00f3n capa\u00e7os\/ces de dur a terme operacions simples i complexes gr\u00e0cies a un pensament anal\u00edtic.<\/p>\n<p align=\"justify\">Pel que fa al desenvolupament\u00a0<em>afectiu i emocional<\/em>, l&#8217;alumnat va adquirint major autonomia, tenen una forta predilecci\u00f3 pels grups del seu mateix sexe, hi ha una gran estabilitat emocional, comen\u00e7a el per\u00edode d&#8217;exterioritzaci\u00f3 i inter\u00e8s per la vida social.<\/p>\n<div align=\"justify\">En relaci\u00f3 al desenvolupament\u00a0<em>motor\u00a0<\/em>es desenvolupa la motricitat b\u00e0sica i les habilitats coordinatives generals, es tendeix cap al treball motriu m\u00e9s elaborat, interioritzaci\u00f3 de moviments, inici i introducci\u00f3 del treball m\u00e9s espec\u00edfic i de car\u00e0cter qualitatiu.<\/div>\n<div align=\"justify\"><\/div>\n<div align=\"justify\">A l&#8217;escola suposa anar guanyant autonomia, aprendre a organitzar-se mitjan\u00e7ant l&#8217;\u00fas de l&#8217;agenda, aix\u00ed com comen\u00e7ar a adquirir t\u00e8cniques d&#8217;estudi per qu\u00e8 comencen a realitzar proves escrites.<\/div>\n<div align=\"justify\"><\/div>\n<div align=\"justify\">Tamb\u00e9 \u00e9s important pel fet de que els llibres s\u00f3n socialitzats, per la qual cosa han d&#8217;aprendre a fer les tasques en una llibreta.<\/div>\n<div align=\"justify\"><\/div>\n<div align=\"justify\">A mitjans de 4t es realitzen les <a href=\"https:\/\/avaluacioeducativa.gencat.cat\/ca\/avaluacions\/diagnostic\/quart-primaria\/index.html\">Proves d&#8217;Avaluaci\u00f3 Diagn\u00f2stica<\/a>.<\/div>\n<div align=\"justify\"><\/div>\n<p>Compr\u00e8n els cursos de 3r i 4t.<\/p>\n<p>Per atendre millor a la diversitat i ser una escola inclusiva, comptem amb el suport de l&#8217;<a href=\"https:\/\/agora.xtec.cat\/escola-ribagorcana\/atencio-a-la-diversitat\/\">equip d&#8217;atenci\u00f3 a la diversitat<\/a>.<\/p>\n<p><strong>METODOLOGIES DE TREBALL<\/strong><\/p>\n<ul>\n<li>Matem\u00e0tiques amb <a href=\"https:\/\/www.innovamat.com\/ca\/programa-matematiques-primaria\/?region=ES\">innovamat<\/a>.<\/li>\n<li><a href=\"https:\/\/documents.espai.educacio.gencat.cat\/documents_publics\/Centres\/Mesures_suports_universals\/8_ambients_espais.pdf\">Ambients internivells<\/a>, barrejant alumnes de 1r, 2n i 3r (AMBIENTS MITJANS) o de 4t, 5\u00e8 i 6\u00e8 (AMBIENTS GRANS)\u00a0 i treballant en grups redu\u00efts que permeten activitats m\u00e9s experimentals, art\u00edstiques i l\u00fadiques, aix\u00ed com una atenci\u00f3 m\u00e9s personalitzada.<\/li>\n<li><a href=\"https:\/\/portal.edu.gva.es\/aulestransformadores\/wp-content\/uploads\/sites\/1304\/2022\/03\/Rincones_val.pdf\">Treball en racons<\/a>\u00a0intercicle, per a complementar les \u00e0rees b\u00e0siques del curr\u00edculum, sobretot les lleng\u00fces i les matem\u00e0tiques.<\/li>\n<li>Foment del <a href=\"https:\/\/projectes.xtec.cat\/pensament-computacional\/\">pensament computacional<\/a>, utilitzant els equipaments rob\u00f2tics amb els que compta l&#8217;escola, sobretot a racons i ambients, aix\u00ed com dins de les \u00e0rees, sobretot matem\u00e0tiques.<\/li>\n<li>L\u2019aprenentatge integrat de contingut i llengua estrangera (<a href=\"https:\/\/xtec.gencat.cat\/ca\/projectes\/plurilinguisme\/metodologies\/tilc\/aicle\/\">AICLE<\/a>) en l&#8217;\u00e0rea de ci\u00e8ncies.<\/li>\n<li>Apadrinament lector, un projecte vertical per treballar la lectura.\u00a0 Consisteix en que els nens i nenes de Cicle Mitj\u00e0 apadrinen a nens i nenes d&#8217;Educaci\u00f3 Infantil. L\u2019objectiu \u00e9s doble. Per una banda, crear l\u2019h\u00e0bit lector i fer-los gaudir amb la lectura. Per una altra banda, que els nens i nenes de Cicle Mitj\u00e0 facin de model lector i alhora adquireixin una responsabilitat en el proc\u00e9s lector. \u00c9s un projecte molt motivador en el proc\u00e9s d\u2019aprenentatge de la lectoescriptura.<\/li>\n<li>Fem el <strong>&#8220;Parlem!&#8221;<\/strong>. En petits grups, l&#8217;alumnat es troba en un espai c\u00f2mode i confidencial per a poder parlar dels seus interessos, emocions o preocupacions. \u00c9s una activitat guiada per a l&#8217;educadora en educaci\u00f3 especial. T\u00e9 com a finalitats el treball de les habilitats comunicatives orals i la gesti\u00f3 emocional.<\/li>\n<li>Aprenentatges i millora de les capacitats mitjan\u00e7ant l&#8217;\u00fas de <a href=\"https:\/\/impulseducacio.org\/laprenentatge-basat-en-jocs-com-a-eina-a-laula\/\">jocs de taula.<\/a><\/li>\n<li>Un coneixement del medi vivencial i motivador, on poden conviure metodologies m\u00e9s globalitzadores, com el <a href=\"https:\/\/blog.text.cat\/avui01-projectes\/\">treball per projectes<\/a> i les <a href=\"https:\/\/diarieducacio.cat\/espiral\/2025\/09\/29\/les-capses-daprenentatge-quan-laprenentatge-pren-forma-de-repte\/\">capses d&#8217;aprenentatge<\/a>, amb espais de lectura de textos i aproximaci\u00f3 a vocabulari especialitzat.<\/li>\n<li>El Projecte d&#8217;Escola, que suposa un repte com\u00fa que es pot treballar des de totes les \u00e0rees i que desemboca en unes jornades en les quals compartim el fruit del nostre treball amb les fam\u00edlies.<\/li>\n<\/ul>\n<p><strong>COL\u00b7LABORACI\u00d3 AMB L&#8217;ENTORN PROPER I ALTRES ACTIVITATS<\/strong><\/p>\n<p>Per al foment de la lectura&#8230;<\/p>\n<ul>\n<li><a href=\"https:\/\/www.elpontdesuert.cat\/arees-i-serveis\/biblioteca-municipal\">Biblioteca del Pont de Suert<\/a>: Pr\u00e9stec de llibres, visites a exposicions, sessions de Cinexic&#8230;<\/li>\n<li><a href=\"https:\/\/xtec.gencat.cat\/ca\/projectes\/lectura\/gustperlalectura\/\">Programa del Gust per la lectura<\/a>, per al foment i gaudi de la lectura.<\/li>\n<li><a href=\"https:\/\/www.lecturaenveualta.cat\/\">Certamen de lectura en veu alta<\/a><\/li>\n<\/ul>\n<p>Per a tenir cura del nostre cos&#8230;<\/p>\n<ul>\n<li>Xerrades i tallers de salut duts a terme per a professionals del CAP del Pont de Suert.<\/li>\n<li>Participaci\u00f3 en el Programa <a href=\"https:\/\/esport.gencat.cat\/ca\/arees_dactuacio\/escolar\/esport-blanc-escolar\/index.html\">Esport Blanc Escolar<\/a> (EBE) dins de l&#8217;\u00e0rea d&#8217;Educaci\u00f3 F\u00edsica.<\/li>\n<\/ul>\n<p>Per acostar-nos al coneixement i la cura del nostre entorn natural&#8230;<\/p>\n<ul>\n<li><a href=\"https:\/\/parcsnaturals.gencat.cat\/web\/.content\/Xarxa-de-parcs\/aiguestortes\/viure-hi\/Educacio-ambiental\/oferta-pedagogica\/Oferta-pedagogica.pdf\">Activitats educatives del Parc Nacional d&#8217;Aig\u00fcestortes i Estany de Sant Maurici<\/a><\/li>\n<li><a href=\"https:\/\/serveiseducatius.xtec.cat\/cda-valldeboi\/ambits\/educacio-primaria\/\">Escola de Natura de la Vall de Bo\u00ed<\/a><\/li>\n<\/ul>\n<p>A part de tot aix\u00f2, fem moltes m\u00e9s coses, com ara celebrar les <a href=\"https:\/\/agora.xtec.cat\/escola-ribagorcana\/festes-tradicionals\/\">Festes tradicionals catalanes<\/a>, altres sortides educatives, etc.<\/p>\n<p>Si voleu obtenir informaci\u00f3 m\u00e9s espec\u00edfica sobre alguns aspectes, podeu accedir a l&#8217;espai destinat al <a href=\"https:\/\/agora.xtec.cat\/escola-ribagorcana\/projecte-educatiu\/\">Projecte Educatiu del Centre<\/a>.<\/p>\n","protected":false},"excerpt":{"rendered":"<p>CARACTER\u00cdSTIQUES D&#8217;AQUEST CICLE Ens trobem amb alumnes de 8 a 10 anys. En l&#8217;\u00e0mbit cognitiu\u00a0l&#8217;alumnat es troba en el Per\u00edode d&#8217;Operacions Concretes de Piaget; en el qual els nensi les nenes s\u00f3n capa\u00e7os\/ces de dur a terme operacions simples i complexes gr\u00e0cies a un pensament anal\u00edtic. Pel que fa al desenvolupament\u00a0afectiu i emocional, l&#8217;alumnat va [&hellip;]<\/p>\n","protected":false},"author":1,"featured_media":0,"parent":0,"menu_order":0,"comment_status":"closed","ping_status":"closed","template":"","meta":{"_bbp_topic_count":0,"_bbp_reply_count":0,"_bbp_total_topic_count":0,"_bbp_total_reply_count":0,"_bbp_voice_count":0,"_bbp_anonymous_reply_count":0,"_bbp_topic_count_hidden":0,"_bbp_reply_count_hidden":0,"_bbp_forum_subforum_count":0,"site-sidebar-layout":"default","site-content-layout":"","ast-site-content-layout":"default","site-content-style":"default","site-sidebar-style":"default","ast-global-header-display":"","ast-banner-title-visibility":"","ast-main-header-display":"","ast-hfb-above-header-display":"","ast-hfb-below-header-display":"","ast-hfb-mobile-header-display":"","site-post-title":"","ast-breadcrumbs-content":"","ast-featured-img":"","footer-sml-layout":"","theme-transparent-header-meta":"default","adv-header-id-meta":"","stick-header-meta":"","header-above-stick-meta":"","header-main-stick-meta":"","header-below-stick-meta":"","astra-migrate-meta-layouts":"set","ast-page-background-enabled":"default","ast-page-background-meta":{"desktop":{"background-color":"var(--ast-global-color-4)","background-image":"","background-repeat":"repeat","background-position":"center center","background-size":"auto","background-attachment":"scroll","background-type":"","background-media":"","overlay-type":"","overlay-color":"","overlay-opacity":"","overlay-gradient":""},"tablet":{"background-color":"","background-image":"","background-repeat":"repeat","background-position":"center center","background-size":"auto","background-attachment":"scroll","background-type":"","background-media":"","overlay-type":"","overlay-color":"","overlay-opacity":"","overlay-gradient":""},"mobile":{"background-color":"","background-image":"","background-repeat":"repeat","background-position":"center center","background-size":"auto","background-attachment":"scroll","background-type":"","background-media":"","overlay-type":"","overlay-color":"","overlay-opacity":"","overlay-gradient":""}},"ast-content-background-meta":{"desktop":{"background-color":"var(--ast-global-color-5)","background-image":"","background-repeat":"repeat","background-position":"center center","background-size":"auto","background-attachment":"scroll","background-type":"","background-media":"","overlay-type":"","overlay-color":"","overlay-opacity":"","overlay-gradient":""},"tablet":{"background-color":"var(--ast-global-color-5)","background-image":"","background-repeat":"repeat","background-position":"center center","background-size":"auto","background-attachment":"scroll","background-type":"","background-media":"","overlay-type":"","overlay-color":"","overlay-opacity":"","overlay-gradient":""},"mobile":{"background-color":"var(--ast-global-color-5)","background-image":"","background-repeat":"repeat","background-position":"center center","background-size":"auto","background-attachment":"scroll","background-type":"","background-media":"","overlay-type":"","overlay-color":"","overlay-opacity":"","overlay-gradient":""}},"footnotes":""},"class_list":["post-797","page","type-page","status-publish","hentry"],"post_mailing_queue_ids":[],"_links":{"self":[{"href":"https:\/\/agora.xtec.cat\/escola-ribagorcana\/wp-json\/wp\/v2\/pages\/797","targetHints":{"allow":["GET"]}}],"collection":[{"href":"https:\/\/agora.xtec.cat\/escola-ribagorcana\/wp-json\/wp\/v2\/pages"}],"about":[{"href":"https:\/\/agora.xtec.cat\/escola-ribagorcana\/wp-json\/wp\/v2\/types\/page"}],"author":[{"embeddable":true,"href":"https:\/\/agora.xtec.cat\/escola-ribagorcana\/wp-json\/wp\/v2\/users\/1"}],"replies":[{"embeddable":true,"href":"https:\/\/agora.xtec.cat\/escola-ribagorcana\/wp-json\/wp\/v2\/comments?post=797"}],"version-history":[{"count":6,"href":"https:\/\/agora.xtec.cat\/escola-ribagorcana\/wp-json\/wp\/v2\/pages\/797\/revisions"}],"predecessor-version":[{"id":1085,"href":"https:\/\/agora.xtec.cat\/escola-ribagorcana\/wp-json\/wp\/v2\/pages\/797\/revisions\/1085"}],"wp:attachment":[{"href":"https:\/\/agora.xtec.cat\/escola-ribagorcana\/wp-json\/wp\/v2\/media?parent=797"}],"curies":[{"name":"wp","href":"https:\/\/api.w.org\/{rel}","templated":true}]}}