{"id":795,"date":"2026-02-04T14:23:47","date_gmt":"2026-02-04T13:23:47","guid":{"rendered":"https:\/\/agora.xtec.cat\/escola-ribagorcana\/?page_id=795"},"modified":"2026-02-19T14:25:14","modified_gmt":"2026-02-19T13:25:14","slug":"cicle-inicial","status":"publish","type":"page","link":"https:\/\/agora.xtec.cat\/escola-ribagorcana\/cicle-inicial\/","title":{"rendered":"CICLE INICIAL"},"content":{"rendered":"\r\n\t<div class=\"slideshow_container slideshow_container_style-light\" style=\"height: 300px; \" data-slideshow-id=\"888\" data-style-name=\"style-light\" data-style-version=\"2.3.1\" >\r\n\r\n\t\t\t\t\t<div class=\"slideshow_loading_icon\"><\/div>\r\n\t\t\r\n\t\t<div class=\"slideshow_content\" style=\"display: none;\">\r\n\r\n\t\t\t<div class=\"slideshow_view\">\r\n\t\t\t\t<div class=\"slideshow_slide slideshow_slide_image\">\r\n\t\t\t\t\t\t\t\t\t\t\t<img src=\"https:\/\/agora.xtec.cat\/escola-ribagorcana\/wp-content\/uploads\/usu301\/2026\/02\/IMG-20240927-WA0006.jpg\" alt=\"IMG-20240927-WA0006\" width=\"1300\" height=\"582\" \/>\r\n\t\t\t\t\t\t\t\t\t\t<div class=\"slideshow_description_box slideshow_transparent\">\r\n\t\t\t\t\t\t\t\t\t\t\t\t\t\t\t\t\t<\/div>\r\n\t\t\t\t<\/div>\r\n\r\n\t\t\t\t\t\t<div style=\"clear: both;\"><\/div><\/div><div class=\"slideshow_view\">\r\n\t\t\t\t<div class=\"slideshow_slide slideshow_slide_image\">\r\n\t\t\t\t\t\t\t\t\t\t\t<img src=\"https:\/\/agora.xtec.cat\/escola-ribagorcana\/wp-content\/uploads\/usu301\/2026\/02\/IMG-20250305-WA0006.jpg\" alt=\"IMG-20250305-WA0006\" width=\"1600\" height=\"592\" \/>\r\n\t\t\t\t\t\t\t\t\t\t<div class=\"slideshow_description_box slideshow_transparent\">\r\n\t\t\t\t\t\t\t\t\t\t\t\t\t\t\t\t\t<\/div>\r\n\t\t\t\t<\/div>\r\n\r\n\t\t\t\t\t\t<div style=\"clear: both;\"><\/div><\/div><div class=\"slideshow_view\">\r\n\t\t\t\t<div class=\"slideshow_slide slideshow_slide_image\">\r\n\t\t\t\t\t\t\t\t\t\t\t<img src=\"https:\/\/agora.xtec.cat\/escola-ribagorcana\/wp-content\/uploads\/usu301\/2026\/02\/IMG-20250117-WA0010.jpg\" alt=\"IMG-20250117-WA0010\" width=\"1300\" height=\"432\" \/>\r\n\t\t\t\t\t\t\t\t\t\t<div class=\"slideshow_description_box slideshow_transparent\">\r\n\t\t\t\t\t\t\t\t\t\t\t\t\t\t\t\t\t<\/div>\r\n\t\t\t\t<\/div>\r\n\r\n\t\t\t\t\t\t<div style=\"clear: both;\"><\/div><\/div><div class=\"slideshow_view\">\r\n\t\t\t\t<div class=\"slideshow_slide slideshow_slide_image\">\r\n\t\t\t\t\t\t\t\t\t\t\t<img src=\"https:\/\/agora.xtec.cat\/escola-ribagorcana\/wp-content\/uploads\/usu301\/2026\/02\/1766063384396.jpg\" alt=\"1766063384396\" width=\"1300\" height=\"571\" \/>\r\n\t\t\t\t\t\t\t\t\t\t<div class=\"slideshow_description_box slideshow_transparent\">\r\n\t\t\t\t\t\t\t\t\t\t\t\t\t\t\t\t\t<\/div>\r\n\t\t\t\t<\/div>\r\n\r\n\t\t\t\t\t\t<div style=\"clear: both;\"><\/div><\/div><div class=\"slideshow_view\">\r\n\t\t\t\t<div class=\"slideshow_slide slideshow_slide_image\">\r\n\t\t\t\t\t\t\t\t\t\t\t<img src=\"https:\/\/agora.xtec.cat\/escola-ribagorcana\/wp-content\/uploads\/usu301\/2026\/02\/1762005872472.jpg\" alt=\"1762005872472\" width=\"1300\" height=\"659\" \/>\r\n\t\t\t\t\t\t\t\t\t\t<div class=\"slideshow_description_box slideshow_transparent\">\r\n\t\t\t\t\t\t\t\t\t\t\t\t\t\t\t\t\t<\/div>\r\n\t\t\t\t<\/div>\r\n\r\n\t\t\t\t\t\t<div style=\"clear: both;\"><\/div><\/div><div class=\"slideshow_view\">\r\n\t\t\t\t<div class=\"slideshow_slide slideshow_slide_image\">\r\n\t\t\t\t\t\t\t\t\t\t\t<img src=\"https:\/\/agora.xtec.cat\/escola-ribagorcana\/wp-content\/uploads\/usu301\/2026\/02\/1762005752606.jpg\" alt=\"1762005752606\" width=\"1300\" height=\"591\" \/>\r\n\t\t\t\t\t\t\t\t\t\t<div class=\"slideshow_description_box slideshow_transparent\">\r\n\t\t\t\t\t\t\t\t\t\t\t\t\t\t\t\t\t<\/div>\r\n\t\t\t\t<\/div>\r\n\r\n\t\t\t\t\t\t<div style=\"clear: both;\"><\/div><\/div><div class=\"slideshow_view\">\r\n\t\t\t\t<div class=\"slideshow_slide slideshow_slide_image\">\r\n\t\t\t\t\t\t\t\t\t\t\t<img src=\"https:\/\/agora.xtec.cat\/escola-ribagorcana\/wp-content\/uploads\/usu301\/2026\/02\/1759615985063.jpg\" alt=\"1759615985063\" width=\"1300\" height=\"652\" \/>\r\n\t\t\t\t\t\t\t\t\t\t<div class=\"slideshow_description_box slideshow_transparent\">\r\n\t\t\t\t\t\t\t\t\t\t\t\t\t\t\t\t\t<\/div>\r\n\t\t\t\t<\/div>\r\n\r\n\t\t\t\t\t\t<div style=\"clear: both;\"><\/div><\/div><div class=\"slideshow_view\">\r\n\t\t\t\t<div class=\"slideshow_slide slideshow_slide_image\">\r\n\t\t\t\t\t\t\t\t\t\t\t<img src=\"https:\/\/agora.xtec.cat\/escola-ribagorcana\/wp-content\/uploads\/usu301\/2026\/02\/1729800919594.jpg\" alt=\"1729800919594\" width=\"1300\" height=\"560\" \/>\r\n\t\t\t\t\t\t\t\t\t\t<div class=\"slideshow_description_box slideshow_transparent\">\r\n\t\t\t\t\t\t\t\t\t\t\t\t\t\t\t\t\t<\/div>\r\n\t\t\t\t<\/div>\r\n\r\n\t\t\t\t\t\t<div style=\"clear: both;\"><\/div><\/div><div class=\"slideshow_view\">\r\n\t\t\t\t<div class=\"slideshow_slide slideshow_slide_image\">\r\n\t\t\t\t\t\t\t\t\t\t\t<img src=\"https:\/\/agora.xtec.cat\/escola-ribagorcana\/wp-content\/uploads\/usu301\/2026\/02\/1719774203106.jpg\" alt=\"1719774203106\" width=\"1300\" height=\"448\" \/>\r\n\t\t\t\t\t\t\t\t\t\t<div class=\"slideshow_description_box slideshow_transparent\">\r\n\t\t\t\t\t\t\t\t\t\t\t\t\t\t\t\t\t<\/div>\r\n\t\t\t\t<\/div>\r\n\r\n\t\t\t\t\t\t<div style=\"clear: both;\"><\/div><\/div><div class=\"slideshow_view\">\r\n\t\t\t\t<div class=\"slideshow_slide slideshow_slide_image\">\r\n\t\t\t\t\t\t\t\t\t\t\t<img src=\"https:\/\/agora.xtec.cat\/escola-ribagorcana\/wp-content\/uploads\/usu301\/2026\/02\/1710106309600.jpg\" alt=\"1710106309600\" width=\"1300\" height=\"606\" \/>\r\n\t\t\t\t\t\t\t\t\t\t<div class=\"slideshow_description_box slideshow_transparent\">\r\n\t\t\t\t\t\t\t\t\t\t\t\t\t\t\t\t\t<\/div>\r\n\t\t\t\t<\/div>\r\n\r\n\t\t\t\t\t\t<div style=\"clear: both;\"><\/div><\/div>\r\n\t\t<\/div>\r\n\r\n\t\t<div class=\"slideshow_controlPanel slideshow_transparent\" style=\"display: none;\"><ul><li class=\"slideshow_togglePlay\" data-play-text=\"Visualitza\" data-pause-text=\"Pausa\"><\/li><\/ul><\/div>\r\n\r\n\t\t<div class=\"slideshow_button slideshow_previous slideshow_transparent\" role=\"button\" data-previous-text=\"Anterior\" style=\"display: none;\"><\/div>\r\n\t\t<div class=\"slideshow_button slideshow_next slideshow_transparent\" role=\"button\" data-next-text=\"Seg\u00fcent\" style=\"display: none;\"><\/div>\r\n\r\n\t\t<div class=\"slideshow_pagination\" style=\"display: none;\" data-go-to-text=\"V\u00e9s a la diapositiva\"><div class=\"slideshow_pagination_center\"><\/div><\/div>\r\n\r\n\t\t<!-- WordPress Slideshow Version 2.3.1 -->\r\n\r\n\t\t\t<\/div>\r\n\r\n\n<p><strong>CARACTER\u00cdSTIQUES D&#8217;AQUEST CICLE<\/strong><\/p>\n<p>Ens trobem amb alumnes d\u2019edats entre 6 i 8 anys, en aquest moment evolutiu, el creixement \u00e9s harm\u00f2nic de pes i talla. \u00c9s l\u2019etapa en que es comen\u00e7a a definir la lateralitat, es cansen r\u00e0pidament i no s\u00f3n d\u2019estranyar els desequilibris en la coordinaci\u00f3. Es una etapa de gran desenvoltura, espontane\u00eftat i gr\u00e0cia en els moviments. \u00c8poca de consolidaci\u00f3 de les habilitats motrius b\u00e0siques.<\/p>\n<p>\u00c9s el per\u00edode de desenvolupament en el que l\u2019alumnat es troba en l\u2019estadi de les operacions concretes, en el qual \u00e9s capa\u00e7 de construir explicacions senzilles. El tot es explicat per la composici\u00f3 de les parts. \u00c9s capa\u00e7 d\u2019una descentralitzaci\u00f3, no estan limitats \u00fanicament pel seu punt de vista. Encara raona basant-se en enunciats verbals, per tant, necessita recolzar-se en els objectes reals. \u00c8poca de gran egocentrisme.<\/p>\n<p>Compr\u00e8n els cursos de 1r i 2n.<\/p>\n<p>Per atendre millor a la diversitat i ser una escola inclusiva, comptem amb el suport de l&#8217;<a href=\"https:\/\/agora.xtec.cat\/escola-ribagorcana\/atencio-a-la-diversitat\/\">equip d&#8217;atenci\u00f3 a la diversitat<\/a>.<\/p>\n<p><strong>METODOLOGIES DE TREBALL<\/strong><\/p>\n<p>Cal destacar que a la nostra escola apostem per les metodologies innovadores, com ara:<\/p>\n<ul>\n<li>Matem\u00e0tiques amb <a href=\"https:\/\/www.innovamat.com\/ca\/programa-matematiques-primaria\/?region=ES\">innovamat<\/a>.<\/li>\n<li><a href=\"https:\/\/documents.espai.educacio.gencat.cat\/documents_publics\/Centres\/Mesures_suports_universals\/8_ambients_espais.pdf\">Ambients internivells<\/a>, barrejant alumnes de 1r, 2n i 3r i treballant en grups redu\u00efts que permeten activitats m\u00e9s experimentals, art\u00edstiques i l\u00fadiques, aix\u00ed com una atenci\u00f3 m\u00e9s personalitzada.<\/li>\n<li><a href=\"https:\/\/portal.edu.gva.es\/aulestransformadores\/wp-content\/uploads\/sites\/1304\/2022\/03\/Rincones_val.pdf\">Treball en racons<\/a>\u00a0intercicle, per a complementar les \u00e0rees b\u00e0siques del curr\u00edculum, sobretot les lleng\u00fces i les matem\u00e0tiques.<\/li>\n<li>Foment del <a href=\"https:\/\/projectes.xtec.cat\/pensament-computacional\/\">pensament computacional<\/a>, utilitzant els equipaments rob\u00f2tics amb els que compta l&#8217;escola, sobretot a racons i ambients, aix\u00ed com dins de les \u00e0rees, sobretot matem\u00e0tiques.<\/li>\n<li>La Prova d\u2019Avaluaci\u00f3 dels Components B\u00e0sics de l\u2019Aprenentatge de la Lectura, <a href=\"https:\/\/xtec.gencat.cat\/ca\/curriculum\/primaria\/recursos-i-materials\/llengues\/comprensio-lectora\/pacbal\/\">PACBAL<\/a>, \u00e9s un instrument que mesura el grau d\u2019\u00e8xit amb qu\u00e8 un nen progressa en aquelles habilitats cr\u00edtiques que estan a la base de la lectura primerenca.<\/li>\n<li>Apadrinament lector, un projecte vertical per treballar la lectura.\u00a0 Consisteix en que els nens i nenes de Cicle Superior apadrinen a nens i nenes de Cicle Inicial. L\u2019objectiu \u00e9s doble. Per una banda, crear l\u2019h\u00e0bit lector i fer-los gaudir amb la lectura. Per una altra banda, que els nens i nenes de Cicle Superior facin de model lector i alhora adquireixin una responsabilitat en el proc\u00e9s lector. \u00c9s un projecte molt motivador en el proc\u00e9s d\u2019aprenentatge de la lectoescriptura.<\/li>\n<li>Fem el <strong>&#8220;Parlem!&#8221;<\/strong>. En petits grups, l&#8217;alumnat es troba en un espai c\u00f2mode i confidencial per a poder parlar dels seus interessos, emocions o preocupacions. \u00c9s una activitat guiada per a l&#8217;educadora en educaci\u00f3 especial. T\u00e9 com a finalitats el treball de les habilitats comunicatives orals i la gesti\u00f3 emocional.<\/li>\n<li>Un coneixement del medi vivencial i motivador, on poden conviure metodologies m\u00e9s globalitzadores, com el <a href=\"https:\/\/blog.text.cat\/avui01-projectes\/\">treball per projectes<\/a> i les <a href=\"https:\/\/diarieducacio.cat\/espiral\/2025\/09\/29\/les-capses-daprenentatge-quan-laprenentatge-pren-forma-de-repte\/\">capses d&#8217;aprenentatge<\/a>, amb espais de lectura de textos i aproximaci\u00f3 a vocabulari especialitzat.<\/li>\n<li>El Projecte d&#8217;Escola, que suposa un repte com\u00fa que es pot treballar des de totes les \u00e0rees i que desemboca en unes jornades en les quals compartim el fruit del nostre treball amb les fam\u00edlies.<\/li>\n<\/ul>\n<p><strong>COL\u00b7LABORACI\u00d3 AMB L&#8217;ENTORN PROPER I ALTRES ACTIVITATS<\/strong><\/p>\n<p>Per al foment de la lectura&#8230;<\/p>\n<ul>\n<li><a href=\"https:\/\/www.elpontdesuert.cat\/arees-i-serveis\/biblioteca-municipal\">Biblioteca del Pont de Suert<\/a>: Pr\u00e9stec de llibres, visites a exposicions, sessions de Cinexic&#8230;<\/li>\n<li><a href=\"https:\/\/xtec.gencat.cat\/ca\/projectes\/lectura\/gustperlalectura\/\">Programa del Gust per la lectura<\/a>, per al foment i gaudi de la lectura.<\/li>\n<\/ul>\n<p>Per a tenir cura del nostre cos&#8230;<\/p>\n<ul>\n<li>Xerrades i tallers de salut duts a terme per a professionals del CAP del Pont de Suert.<\/li>\n<li>Nataci\u00f3 dins de l&#8217;\u00e0rea d&#8217;Educaci\u00f3 F\u00edsica.<\/li>\n<\/ul>\n<p>Per acostar-nos al coneixement i la cura del nostre entorn natural&#8230;<\/p>\n<ul>\n<li><a href=\"https:\/\/parcsnaturals.gencat.cat\/web\/.content\/Xarxa-de-parcs\/aiguestortes\/viure-hi\/Educacio-ambiental\/oferta-pedagogica\/Oferta-pedagogica.pdf\">Activitats educatives del Parc Nacional d&#8217;Aig\u00fcestortes i Estany de Sant Maurici<\/a><\/li>\n<li><a href=\"https:\/\/serveiseducatius.xtec.cat\/cda-valldeboi\/ambits\/educacio-primaria\/\">Escola de Natura de la Vall de Bo\u00ed<\/a><\/li>\n<\/ul>\n<p>A part de tot aix\u00f2, fem moltes m\u00e9s coses, com ara celebrar les <a href=\"https:\/\/agora.xtec.cat\/escola-ribagorcana\/festes-tradicionals\/\">Festes tradicionals catalanes<\/a>, altres sortides educatives, etc.<\/p>\n<p>Si voleu obtenir informaci\u00f3 m\u00e9s espec\u00edfica sobre alguns aspectes, podeu accedir a l&#8217;espai destinat al <a href=\"https:\/\/agora.xtec.cat\/escola-ribagorcana\/projecte-educatiu\/\">Projecte Educatiu del Centre<\/a>.<\/p>\n","protected":false},"excerpt":{"rendered":"<p>CARACTER\u00cdSTIQUES D&#8217;AQUEST CICLE Ens trobem amb alumnes d\u2019edats entre 6 i 8 anys, en aquest moment evolutiu, el creixement \u00e9s harm\u00f2nic de pes i talla. \u00c9s l\u2019etapa en que es comen\u00e7a a definir la lateralitat, es cansen r\u00e0pidament i no s\u00f3n d\u2019estranyar els desequilibris en la coordinaci\u00f3. Es una etapa de gran desenvoltura, espontane\u00eftat i [&hellip;]<\/p>\n","protected":false},"author":1,"featured_media":0,"parent":0,"menu_order":0,"comment_status":"closed","ping_status":"closed","template":"","meta":{"_bbp_topic_count":0,"_bbp_reply_count":0,"_bbp_total_topic_count":0,"_bbp_total_reply_count":0,"_bbp_voice_count":0,"_bbp_anonymous_reply_count":0,"_bbp_topic_count_hidden":0,"_bbp_reply_count_hidden":0,"_bbp_forum_subforum_count":0,"site-sidebar-layout":"default","site-content-layout":"","ast-site-content-layout":"default","site-content-style":"default","site-sidebar-style":"default","ast-global-header-display":"","ast-banner-title-visibility":"","ast-main-header-display":"","ast-hfb-above-header-display":"","ast-hfb-below-header-display":"","ast-hfb-mobile-header-display":"","site-post-title":"","ast-breadcrumbs-content":"","ast-featured-img":"","footer-sml-layout":"","theme-transparent-header-meta":"default","adv-header-id-meta":"","stick-header-meta":"","header-above-stick-meta":"","header-main-stick-meta":"","header-below-stick-meta":"","astra-migrate-meta-layouts":"set","ast-page-background-enabled":"default","ast-page-background-meta":{"desktop":{"background-color":"var(--ast-global-color-4)","background-image":"","background-repeat":"repeat","background-position":"center center","background-size":"auto","background-attachment":"scroll","background-type":"","background-media":"","overlay-type":"","overlay-color":"","overlay-opacity":"","overlay-gradient":""},"tablet":{"background-color":"","background-image":"","background-repeat":"repeat","background-position":"center center","background-size":"auto","background-attachment":"scroll","background-type":"","background-media":"","overlay-type":"","overlay-color":"","overlay-opacity":"","overlay-gradient":""},"mobile":{"background-color":"","background-image":"","background-repeat":"repeat","background-position":"center center","background-size":"auto","background-attachment":"scroll","background-type":"","background-media":"","overlay-type":"","overlay-color":"","overlay-opacity":"","overlay-gradient":""}},"ast-content-background-meta":{"desktop":{"background-color":"var(--ast-global-color-5)","background-image":"","background-repeat":"repeat","background-position":"center center","background-size":"auto","background-attachment":"scroll","background-type":"","background-media":"","overlay-type":"","overlay-color":"","overlay-opacity":"","overlay-gradient":""},"tablet":{"background-color":"var(--ast-global-color-5)","background-image":"","background-repeat":"repeat","background-position":"center center","background-size":"auto","background-attachment":"scroll","background-type":"","background-media":"","overlay-type":"","overlay-color":"","overlay-opacity":"","overlay-gradient":""},"mobile":{"background-color":"var(--ast-global-color-5)","background-image":"","background-repeat":"repeat","background-position":"center center","background-size":"auto","background-attachment":"scroll","background-type":"","background-media":"","overlay-type":"","overlay-color":"","overlay-opacity":"","overlay-gradient":""}},"footnotes":""},"class_list":["post-795","page","type-page","status-publish","hentry"],"post_mailing_queue_ids":[],"_links":{"self":[{"href":"https:\/\/agora.xtec.cat\/escola-ribagorcana\/wp-json\/wp\/v2\/pages\/795","targetHints":{"allow":["GET"]}}],"collection":[{"href":"https:\/\/agora.xtec.cat\/escola-ribagorcana\/wp-json\/wp\/v2\/pages"}],"about":[{"href":"https:\/\/agora.xtec.cat\/escola-ribagorcana\/wp-json\/wp\/v2\/types\/page"}],"author":[{"embeddable":true,"href":"https:\/\/agora.xtec.cat\/escola-ribagorcana\/wp-json\/wp\/v2\/users\/1"}],"replies":[{"embeddable":true,"href":"https:\/\/agora.xtec.cat\/escola-ribagorcana\/wp-json\/wp\/v2\/comments?post=795"}],"version-history":[{"count":6,"href":"https:\/\/agora.xtec.cat\/escola-ribagorcana\/wp-json\/wp\/v2\/pages\/795\/revisions"}],"predecessor-version":[{"id":1086,"href":"https:\/\/agora.xtec.cat\/escola-ribagorcana\/wp-json\/wp\/v2\/pages\/795\/revisions\/1086"}],"wp:attachment":[{"href":"https:\/\/agora.xtec.cat\/escola-ribagorcana\/wp-json\/wp\/v2\/media?parent=795"}],"curies":[{"name":"wp","href":"https:\/\/api.w.org\/{rel}","templated":true}]}}