{"id":793,"date":"2026-02-04T14:23:28","date_gmt":"2026-02-04T13:23:28","guid":{"rendered":"https:\/\/agora.xtec.cat\/escola-ribagorcana\/?page_id=793"},"modified":"2026-02-18T14:06:27","modified_gmt":"2026-02-18T13:06:27","slug":"educacio-infantil","status":"publish","type":"page","link":"https:\/\/agora.xtec.cat\/escola-ribagorcana\/educacio-infantil\/","title":{"rendered":"EDUCACI\u00d3 INFANTIL"},"content":{"rendered":"\r\n\t<div class=\"slideshow_container slideshow_container_style-light\" style=\"height: 300px; \" data-slideshow-id=\"917\" data-style-name=\"style-light\" data-style-version=\"2.3.1\" >\r\n\r\n\t\t\t\t\t<div class=\"slideshow_loading_icon\"><\/div>\r\n\t\t\r\n\t\t<div class=\"slideshow_content\" style=\"display: none;\">\r\n\r\n\t\t\t<div class=\"slideshow_view\">\r\n\t\t\t\t<div class=\"slideshow_slide slideshow_slide_image\">\r\n\t\t\t\t\t\t\t\t\t\t\t<img src=\"https:\/\/agora.xtec.cat\/escola-ribagorcana\/wp-content\/uploads\/usu301\/2026\/02\/IMG-20251125-WA0012.jpg\" alt=\"IMG-20251125-WA0012\" width=\"1300\" height=\"522\" \/>\r\n\t\t\t\t\t\t\t\t\t\t<div class=\"slideshow_description_box slideshow_transparent\">\r\n\t\t\t\t\t\t\t\t\t\t\t\t\t\t\t\t\t<\/div>\r\n\t\t\t\t<\/div>\r\n\r\n\t\t\t\t\t\t<div style=\"clear: both;\"><\/div><\/div><div class=\"slideshow_view\">\r\n\t\t\t\t<div class=\"slideshow_slide slideshow_slide_image\">\r\n\t\t\t\t\t\t\t\t\t\t\t<img src=\"https:\/\/agora.xtec.cat\/escola-ribagorcana\/wp-content\/uploads\/usu301\/2026\/02\/IMG-20251219-WA0044.jpg\" alt=\"IMG-20251219-WA0044\" width=\"1300\" height=\"540\" \/>\r\n\t\t\t\t\t\t\t\t\t\t<div class=\"slideshow_description_box slideshow_transparent\">\r\n\t\t\t\t\t\t\t\t\t\t\t\t\t\t\t\t\t<\/div>\r\n\t\t\t\t<\/div>\r\n\r\n\t\t\t\t\t\t<div style=\"clear: both;\"><\/div><\/div><div class=\"slideshow_view\">\r\n\t\t\t\t<div class=\"slideshow_slide slideshow_slide_image\">\r\n\t\t\t\t\t\t\t\t\t\t\t<img src=\"https:\/\/agora.xtec.cat\/escola-ribagorcana\/wp-content\/uploads\/usu301\/2026\/02\/IMG-20251215-WA0016.jpg\" alt=\"IMG-20251215-WA0016\" width=\"1300\" height=\"670\" \/>\r\n\t\t\t\t\t\t\t\t\t\t<div class=\"slideshow_description_box slideshow_transparent\">\r\n\t\t\t\t\t\t\t\t\t\t\t\t\t\t\t\t\t<\/div>\r\n\t\t\t\t<\/div>\r\n\r\n\t\t\t\t\t\t<div style=\"clear: both;\"><\/div><\/div><div class=\"slideshow_view\">\r\n\t\t\t\t<div class=\"slideshow_slide slideshow_slide_image\">\r\n\t\t\t\t\t\t\t\t\t\t\t<img src=\"https:\/\/agora.xtec.cat\/escola-ribagorcana\/wp-content\/uploads\/usu301\/2026\/02\/IMG-20251112-WA0022.jpg\" alt=\"IMG-20251112-WA0022\" width=\"1300\" height=\"575\" \/>\r\n\t\t\t\t\t\t\t\t\t\t<div class=\"slideshow_description_box slideshow_transparent\">\r\n\t\t\t\t\t\t\t\t\t\t\t\t\t\t\t\t\t<\/div>\r\n\t\t\t\t<\/div>\r\n\r\n\t\t\t\t\t\t<div style=\"clear: both;\"><\/div><\/div><div class=\"slideshow_view\">\r\n\t\t\t\t<div class=\"slideshow_slide slideshow_slide_image\">\r\n\t\t\t\t\t\t\t\t\t\t\t<img src=\"https:\/\/agora.xtec.cat\/escola-ribagorcana\/wp-content\/uploads\/usu301\/2026\/02\/IMG-20251022-WA0015.jpg\" alt=\"IMG-20251022-WA0015\" width=\"1300\" height=\"520\" \/>\r\n\t\t\t\t\t\t\t\t\t\t<div class=\"slideshow_description_box slideshow_transparent\">\r\n\t\t\t\t\t\t\t\t\t\t\t\t\t\t\t\t\t<\/div>\r\n\t\t\t\t<\/div>\r\n\r\n\t\t\t\t\t\t<div style=\"clear: both;\"><\/div><\/div><div class=\"slideshow_view\">\r\n\t\t\t\t<div class=\"slideshow_slide slideshow_slide_image\">\r\n\t\t\t\t\t\t\t\t\t\t\t<img src=\"https:\/\/agora.xtec.cat\/escola-ribagorcana\/wp-content\/uploads\/usu301\/2026\/02\/IMG-20251022-WA0001.jpg\" alt=\"IMG-20251022-WA0001\" width=\"1300\" height=\"557\" \/>\r\n\t\t\t\t\t\t\t\t\t\t<div class=\"slideshow_description_box slideshow_transparent\">\r\n\t\t\t\t\t\t\t\t\t\t\t\t\t\t\t\t\t<\/div>\r\n\t\t\t\t<\/div>\r\n\r\n\t\t\t\t\t\t<div style=\"clear: both;\"><\/div><\/div><div class=\"slideshow_view\">\r\n\t\t\t\t<div class=\"slideshow_slide slideshow_slide_image\">\r\n\t\t\t\t\t\t\t\t\t\t\t<img src=\"https:\/\/agora.xtec.cat\/escola-ribagorcana\/wp-content\/uploads\/usu301\/2026\/02\/IMG-20251021-WA0109.jpg\" alt=\"IMG-20251021-WA0109\" width=\"1300\" height=\"570\" \/>\r\n\t\t\t\t\t\t\t\t\t\t<div class=\"slideshow_description_box slideshow_transparent\">\r\n\t\t\t\t\t\t\t\t\t\t\t\t\t\t\t\t\t<\/div>\r\n\t\t\t\t<\/div>\r\n\r\n\t\t\t\t\t\t<div style=\"clear: both;\"><\/div><\/div><div class=\"slideshow_view\">\r\n\t\t\t\t<div class=\"slideshow_slide slideshow_slide_image\">\r\n\t\t\t\t\t\t\t\t\t\t\t<img src=\"https:\/\/agora.xtec.cat\/escola-ribagorcana\/wp-content\/uploads\/usu301\/2026\/02\/IMG-20251021-WA0080.jpg\" alt=\"IMG-20251021-WA0080\" width=\"1300\" height=\"584\" \/>\r\n\t\t\t\t\t\t\t\t\t\t<div class=\"slideshow_description_box slideshow_transparent\">\r\n\t\t\t\t\t\t\t\t\t\t\t\t\t\t\t\t\t<\/div>\r\n\t\t\t\t<\/div>\r\n\r\n\t\t\t\t\t\t<div style=\"clear: both;\"><\/div><\/div><div class=\"slideshow_view\">\r\n\t\t\t\t<div class=\"slideshow_slide slideshow_slide_image\">\r\n\t\t\t\t\t\t\t\t\t\t\t<img src=\"https:\/\/agora.xtec.cat\/escola-ribagorcana\/wp-content\/uploads\/usu301\/2026\/02\/IMG-20250611-WA0035.jpg\" alt=\"IMG-20250611-WA0035\" width=\"1300\" height=\"510\" \/>\r\n\t\t\t\t\t\t\t\t\t\t<div class=\"slideshow_description_box slideshow_transparent\">\r\n\t\t\t\t\t\t\t\t\t\t\t\t\t\t\t\t\t<\/div>\r\n\t\t\t\t<\/div>\r\n\r\n\t\t\t\t\t\t<div style=\"clear: both;\"><\/div><\/div><div class=\"slideshow_view\">\r\n\t\t\t\t<div class=\"slideshow_slide slideshow_slide_image\">\r\n\t\t\t\t\t\t\t\t\t\t\t<img src=\"https:\/\/agora.xtec.cat\/escola-ribagorcana\/wp-content\/uploads\/usu301\/2026\/02\/20251031_153106.jpg\" alt=\"Educaci\u00f3 infantil\" width=\"1300\" height=\"486\" \/>\r\n\t\t\t\t\t\t\t\t\t\t<div class=\"slideshow_description_box slideshow_transparent\">\r\n\t\t\t\t\t\t\t\t\t\t\t\t\t\t\t\t\t<\/div>\r\n\t\t\t\t<\/div>\r\n\r\n\t\t\t\t\t\t<div style=\"clear: both;\"><\/div><\/div>\r\n\t\t<\/div>\r\n\r\n\t\t<div class=\"slideshow_controlPanel slideshow_transparent\" style=\"display: none;\"><ul><li class=\"slideshow_togglePlay\" data-play-text=\"Visualitza\" data-pause-text=\"Pausa\"><\/li><\/ul><\/div>\r\n\r\n\t\t<div class=\"slideshow_button slideshow_previous slideshow_transparent\" role=\"button\" data-previous-text=\"Anterior\" style=\"display: none;\"><\/div>\r\n\t\t<div class=\"slideshow_button slideshow_next slideshow_transparent\" role=\"button\" data-next-text=\"Seg\u00fcent\" style=\"display: none;\"><\/div>\r\n\r\n\t\t<div class=\"slideshow_pagination\" style=\"display: none;\" data-go-to-text=\"V\u00e9s a la diapositiva\"><div class=\"slideshow_pagination_center\"><\/div><\/div>\r\n\r\n\t\t<!-- WordPress Slideshow Version 2.3.1 -->\r\n\r\n\t\t\t<\/div>\r\n\r\n\n<p><strong>CARACTER\u00cdSTIQUES D&#8217;AQUESTA ETAPA<\/strong><\/p>\n<p>El segon cicle d&#8217;<a href=\"https:\/\/www.educaweb.cat\/continguts\/educatius\/sistema-educatiu\/educacio-infantil\/#descripcio\">Educaci\u00f3 Infantil<\/a> l&#8217;integren nenes i nens d&#8217;entre 3 i 6 anys.<\/p>\n<div>\n<p>La finalitat de l&#8217;etapa d&#8217;educaci\u00f3 infantil \u00e9s contribuir al desenvolupament integral i harm\u00f2nic dels infants en totes les seves dimensions, proporcionar-los un ambient de benestar, relaci\u00f3 i aprenentatge en qu\u00e8 se sentin acollits, amb la pres\u00e8ncia propera de les fam\u00edlies, l&#8217;equip educatiu i la comunitat a la qual pertanyen, per garantir la igualtat d&#8217;oportunitats de tots i cadascun d&#8217;ells.<\/p>\n<\/div>\n<div>\n<p>Aquesta etapa educativa ha d&#8217;atendre els aspectes relacionats amb el creixement personal de l&#8217;infant i la seva autonomia, el desenvolupament afectiu i emocional, el descobriment de les possibilitats i les necessitats del cos, l&#8217;exploraci\u00f3 de les caracter\u00edstiques del medi en qu\u00e8 viu, la comunicaci\u00f3 amb els altres, i la creaci\u00f3 de relacions de conviv\u00e8ncia i respecte.<\/p>\n<p>L&#8217;educaci\u00f3 infantil ha de procurar entorns rics, acollidors i saludables que facilitin el gaudi, el joc, el moviment, les relacions humanes i l&#8217;aprenentatge amb sentit, en contextos en qu\u00e8 els infants puguin resoldre reptes connectats amb la realitat des de la seva experi\u00e8ncia, prendre la iniciativa del seu aprenentatge i col\u00b7laborar en l&#8217;aprenentatge dels altres.<\/p>\n<\/div>\n<p>Compr\u00e8n els cursos de I3, I4 i I5.<\/p>\n<p>Per atendre millor a la diversitat i ser una escola inclusiva, comptem amb el suport de l&#8217;<a href=\"https:\/\/agora.xtec.cat\/escola-ribagorcana\/atencio-a-la-diversitat\/\">equip d&#8217;atenci\u00f3 a la diversitat<\/a>.<\/p>\n<p><strong>METODOLOGIES DE TREBALL<\/strong><\/p>\n<ul>\n<li>Matem\u00e0tiques amb <a href=\"https:\/\/www.innovamat.com\/ca\/programa-matematiques-infantil\/?region=ES\">innovamat<\/a>.<\/li>\n<li><a href=\"https:\/\/documents.espai.educacio.gencat.cat\/documents_publics\/Centres\/Mesures_suports_universals\/8_ambients_espais.pdf\">Ambients intercicle<\/a>, barrejant alumnes de tots els cursos i treballant en grups redu\u00efts que permeten activitats m\u00e9s experimentals, art\u00edstiques i l\u00fadiques, aix\u00ed com una atenci\u00f3 m\u00e9s personalitzada.<\/li>\n<li><a href=\"https:\/\/portal.edu.gva.es\/aulestransformadores\/wp-content\/uploads\/sites\/1304\/2022\/03\/Rincones_val.pdf\">Treball en racons<\/a>.<\/li>\n<li>Foment del <a href=\"https:\/\/projectes.xtec.cat\/pensament-computacional\/\">pensament computacional<\/a>, utilitzant els equipaments rob\u00f2tics amb els que compta l&#8217;escola, sobretot a racons i ambients, aix\u00ed com dins de les \u00e0rees, sobretot matem\u00e0tiques.<\/li>\n<li>La Prova d\u2019Avaluaci\u00f3 dels Components B\u00e0sics de l\u2019Aprenentatge de la Lectura, <a href=\"https:\/\/xtec.gencat.cat\/ca\/curriculum\/primaria\/recursos-i-materials\/llengues\/comprensio-lectora\/pacbal\/\">PACBAL<\/a>, \u00e9s un instrument que mesura el grau d\u2019\u00e8xit amb qu\u00e8 un nen progressa en aquelles habilitats cr\u00edtiques que estan a la base de la lectura primerenca.<\/li>\n<li>Apadrinament lector, un projecte vertical per treballar la lectura.\u00a0 Consisteix en que els nens i nenes de Cicle Mitj\u00e0 apadrinen a nens i nenes d&#8217;Educaci\u00f3 Infantil. L\u2019objectiu \u00e9s doble. Per una banda, crear l\u2019h\u00e0bit lector i fer-los gaudir amb la lectura. Per una altra banda, que els nens i nenes de Cicle Mitj\u00e0 facin de model lector i alhora adquireixin una responsabilitat en el proc\u00e9s lector. \u00c9s un projecte molt motivador en el proc\u00e9s d\u2019aprenentatge de la lectoescriptura.<\/li>\n<li>El Projecte d&#8217;Escola, que suposa un repte com\u00fa que es pot treballar des de totes les \u00e0rees i que desemboca en unes jornades en les quals compartim el fruit del nostre treball amb les fam\u00edlies.<\/li>\n<\/ul>\n<p><strong style=\"font-size: 16px;\">COL\u00b7LABORACI\u00d3 AMB L&#8217;ENTORN PROPER I ALTRES ACTIVITATS<\/strong><\/p>\n<p>Per al foment de la lectura&#8230;<\/p>\n<ul>\n<li><a href=\"https:\/\/www.elpontdesuert.cat\/arees-i-serveis\/biblioteca-municipal\">Biblioteca del Pont de Suert<\/a>: Pr\u00e9stec de llibres, visites a exposicions, sessions de Cinexic&#8230;<\/li>\n<\/ul>\n<p>Per a tenir cura del nostre cos&#8230;<\/p>\n<ul>\n<li>Tallers de salut duts a terme per a professionals del CAP del Pont de Suert.<\/li>\n<\/ul>\n<p>Per acostar-nos al coneixement i la cura del nostre entorn natural&#8230;<\/p>\n<ul>\n<li><a href=\"https:\/\/parcsnaturals.gencat.cat\/web\/.content\/Xarxa-de-parcs\/aiguestortes\/viure-hi\/Educacio-ambiental\/oferta-pedagogica\/Oferta-pedagogica.pdf\">Activitats educatives del Parc Nacional d&#8217;Aig\u00fcestortes i Estany de Sant Maurici<\/a><\/li>\n<li>Visites al <a href=\"https:\/\/visitaelpontdesuert.com\/centre-de-fauna\/\">Centre de Fauna del Pont de Suert<\/a>.<\/li>\n<\/ul>\n<p>A part de tot aix\u00f2, fem moltes m\u00e9s coses, com ara celebrar les <a href=\"https:\/\/agora.xtec.cat\/escola-ribagorcana\/festes-tradicionals\/\">Festes tradicionals catalanes<\/a>, altres sortides educatives, etc.<\/p>\n<p>Si voleu obtenir informaci\u00f3 m\u00e9s espec\u00edfica sobre alguns aspectes, podeu accedir a l&#8217;espai destinat al <a href=\"https:\/\/agora.xtec.cat\/escola-ribagorcana\/projecte-educatiu\/\">Projecte Educatiu del Centre<\/a>.<\/p>\n<p>&nbsp;<\/p>\n<p>&nbsp;<\/p>\n","protected":false},"excerpt":{"rendered":"<p>CARACTER\u00cdSTIQUES D&#8217;AQUESTA ETAPA El segon cicle d&#8217;Educaci\u00f3 Infantil l&#8217;integren nenes i nens d&#8217;entre 3 i 6 anys. La finalitat de l&#8217;etapa d&#8217;educaci\u00f3 infantil \u00e9s contribuir al desenvolupament integral i harm\u00f2nic dels infants en totes les seves dimensions, proporcionar-los un ambient de benestar, relaci\u00f3 i aprenentatge en qu\u00e8 se sentin acollits, amb la pres\u00e8ncia propera de [&hellip;]<\/p>\n","protected":false},"author":1,"featured_media":0,"parent":0,"menu_order":0,"comment_status":"closed","ping_status":"closed","template":"","meta":{"_bbp_topic_count":0,"_bbp_reply_count":0,"_bbp_total_topic_count":0,"_bbp_total_reply_count":0,"_bbp_voice_count":0,"_bbp_anonymous_reply_count":0,"_bbp_topic_count_hidden":0,"_bbp_reply_count_hidden":0,"_bbp_forum_subforum_count":0,"site-sidebar-layout":"default","site-content-layout":"","ast-site-content-layout":"default","site-content-style":"default","site-sidebar-style":"default","ast-global-header-display":"","ast-banner-title-visibility":"","ast-main-header-display":"","ast-hfb-above-header-display":"","ast-hfb-below-header-display":"","ast-hfb-mobile-header-display":"","site-post-title":"","ast-breadcrumbs-content":"","ast-featured-img":"","footer-sml-layout":"","theme-transparent-header-meta":"default","adv-header-id-meta":"","stick-header-meta":"","header-above-stick-meta":"","header-main-stick-meta":"","header-below-stick-meta":"","astra-migrate-meta-layouts":"set","ast-page-background-enabled":"default","ast-page-background-meta":{"desktop":{"background-color":"var(--ast-global-color-4)","background-image":"","background-repeat":"repeat","background-position":"center center","background-size":"auto","background-attachment":"scroll","background-type":"","background-media":"","overlay-type":"","overlay-color":"","overlay-opacity":"","overlay-gradient":""},"tablet":{"background-color":"","background-image":"","background-repeat":"repeat","background-position":"center center","background-size":"auto","background-attachment":"scroll","background-type":"","background-media":"","overlay-type":"","overlay-color":"","overlay-opacity":"","overlay-gradient":""},"mobile":{"background-color":"","background-image":"","background-repeat":"repeat","background-position":"center center","background-size":"auto","background-attachment":"scroll","background-type":"","background-media":"","overlay-type":"","overlay-color":"","overlay-opacity":"","overlay-gradient":""}},"ast-content-background-meta":{"desktop":{"background-color":"var(--ast-global-color-5)","background-image":"","background-repeat":"repeat","background-position":"center center","background-size":"auto","background-attachment":"scroll","background-type":"","background-media":"","overlay-type":"","overlay-color":"","overlay-opacity":"","overlay-gradient":""},"tablet":{"background-color":"var(--ast-global-color-5)","background-image":"","background-repeat":"repeat","background-position":"center center","background-size":"auto","background-attachment":"scroll","background-type":"","background-media":"","overlay-type":"","overlay-color":"","overlay-opacity":"","overlay-gradient":""},"mobile":{"background-color":"var(--ast-global-color-5)","background-image":"","background-repeat":"repeat","background-position":"center center","background-size":"auto","background-attachment":"scroll","background-type":"","background-media":"","overlay-type":"","overlay-color":"","overlay-opacity":"","overlay-gradient":""}},"footnotes":""},"class_list":["post-793","page","type-page","status-publish","hentry"],"post_mailing_queue_ids":[],"_links":{"self":[{"href":"https:\/\/agora.xtec.cat\/escola-ribagorcana\/wp-json\/wp\/v2\/pages\/793","targetHints":{"allow":["GET"]}}],"collection":[{"href":"https:\/\/agora.xtec.cat\/escola-ribagorcana\/wp-json\/wp\/v2\/pages"}],"about":[{"href":"https:\/\/agora.xtec.cat\/escola-ribagorcana\/wp-json\/wp\/v2\/types\/page"}],"author":[{"embeddable":true,"href":"https:\/\/agora.xtec.cat\/escola-ribagorcana\/wp-json\/wp\/v2\/users\/1"}],"replies":[{"embeddable":true,"href":"https:\/\/agora.xtec.cat\/escola-ribagorcana\/wp-json\/wp\/v2\/comments?post=793"}],"version-history":[{"count":6,"href":"https:\/\/agora.xtec.cat\/escola-ribagorcana\/wp-json\/wp\/v2\/pages\/793\/revisions"}],"predecessor-version":[{"id":1080,"href":"https:\/\/agora.xtec.cat\/escola-ribagorcana\/wp-json\/wp\/v2\/pages\/793\/revisions\/1080"}],"wp:attachment":[{"href":"https:\/\/agora.xtec.cat\/escola-ribagorcana\/wp-json\/wp\/v2\/media?parent=793"}],"curies":[{"name":"wp","href":"https:\/\/api.w.org\/{rel}","templated":true}]}}