{"id":700,"date":"2025-04-23T13:21:15","date_gmt":"2025-04-23T11:21:15","guid":{"rendered":"https:\/\/agora.xtec.cat\/escola-ribagorcana\/?page_id=700"},"modified":"2026-04-20T14:46:19","modified_gmt":"2026-04-20T12:46:19","slug":"participacio-al-gust-per-la-lectura-2026","status":"publish","type":"page","link":"https:\/\/agora.xtec.cat\/escola-ribagorcana\/participacio-al-gust-per-la-lectura-2026\/","title":{"rendered":"PARTICIPACI\u00d3 AL GUST PER LA LECTURA 2026"},"content":{"rendered":"<p>Aquest \u00e9s el segon curs en qu\u00e8 participem al programa EL GUST PER LA LECTURA. Aqu\u00ed teniu la mostra dels nostres treballs<\/p>\n<p>(CAL FER &#8220;CLIC&#8221; SOBRE DEL CURS O LA PORTADA DEL TREBALL):<\/p>\n<p>CICLE INICIAL<\/p>\n<p><a href=\"https:\/\/canva.link\/i3b9iv32cyr460q\">2n<\/a><\/p>\n<p><a href=\"https:\/\/canva.link\/i3b9iv32cyr460q\" rel=\"attachment wp-att-1137\"><img loading=\"lazy\" decoding=\"async\" class=\"size-medium wp-image-1137 alignleft\" src=\"https:\/\/agora.xtec.cat\/escola-ribagorcana\/wp-content\/uploads\/usu301\/2026\/04\/Captura-de-pantalla-2026-04-20-142011-300x165.png\" alt=\"\" width=\"300\" height=\"165\" srcset=\"https:\/\/agora.xtec.cat\/escola-ribagorcana\/wp-content\/uploads\/usu301\/2026\/04\/Captura-de-pantalla-2026-04-20-142011-300x165.png 300w, https:\/\/agora.xtec.cat\/escola-ribagorcana\/wp-content\/uploads\/usu301\/2026\/04\/Captura-de-pantalla-2026-04-20-142011.png 450w\" sizes=\"auto, (max-width: 300px) 100vw, 300px\" \/><\/a><\/p>\n<p>&nbsp;<\/p>\n<p>&nbsp;<\/p>\n<p>&nbsp;<\/p>\n<p>&nbsp;<\/p>\n<p>&nbsp;<\/p>\n<p>CICLE MITJ\u00c0<\/p>\n<p><a href=\"https:\/\/drive.google.com\/file\/d\/1HAUzBP3TtDQvhfCKZk-LxZN_UcC_drBc\/view?usp=sharing\">3r<\/a><\/p>\n<p><a href=\"https:\/\/drive.google.com\/file\/d\/1HAUzBP3TtDQvhfCKZk-LxZN_UcC_drBc\/view?usp=sharing\" rel=\"attachment wp-att-1134\"><img loading=\"lazy\" decoding=\"async\" class=\"wp-image-1134 alignleft\" src=\"https:\/\/agora.xtec.cat\/escola-ribagorcana\/wp-content\/uploads\/usu301\/2026\/04\/Captura-de-pantalla-2026-04-17-140343-219x300.png\" alt=\"\" width=\"179\" height=\"245\" srcset=\"https:\/\/agora.xtec.cat\/escola-ribagorcana\/wp-content\/uploads\/usu301\/2026\/04\/Captura-de-pantalla-2026-04-17-140343-219x300.png 219w, https:\/\/agora.xtec.cat\/escola-ribagorcana\/wp-content\/uploads\/usu301\/2026\/04\/Captura-de-pantalla-2026-04-17-140343.png 566w\" sizes=\"auto, (max-width: 179px) 100vw, 179px\" \/><\/a><\/p>\n<p>&nbsp;<\/p>\n<p>&nbsp;<\/p>\n<p>&nbsp;<\/p>\n<p>&nbsp;<\/p>\n<p>&nbsp;<\/p>\n<p>&nbsp;<\/p>\n<p><a href=\"https:\/\/www.canva.com\/design\/DAG_zbf5bF0\/yDCjnmbilRDqKMbIOgFpaw\/view?utm_content=DAG_zbf5bF0&amp;utm_campaign=designshare&amp;utm_medium=link2&amp;utm_source=uniquelinks&amp;utlId=h80880b958d\">4t<\/a><\/p>\n<p><a href=\"https:\/\/www.canva.com\/design\/DAG_zbf5bF0\/yDCjnmbilRDqKMbIOgFpaw\/view?utm_content=DAG_zbf5bF0&amp;utm_campaign=designshare&amp;utm_medium=link2&amp;utm_source=uniquelinks&amp;utlId=h80880b958d\" rel=\"attachment wp-att-787\"><img loading=\"lazy\" decoding=\"async\" class=\" wp-image-787 alignleft\" src=\"https:\/\/agora.xtec.cat\/escola-ribagorcana\/wp-content\/uploads\/usu301\/2026\/02\/Captura-de-pantalla-2026-02-03-141353-237x300.png\" alt=\"\" width=\"274\" height=\"347\" srcset=\"https:\/\/agora.xtec.cat\/escola-ribagorcana\/wp-content\/uploads\/usu301\/2026\/02\/Captura-de-pantalla-2026-02-03-141353-237x300.png 237w, https:\/\/agora.xtec.cat\/escola-ribagorcana\/wp-content\/uploads\/usu301\/2026\/02\/Captura-de-pantalla-2026-02-03-141353.png 562w\" sizes=\"auto, (max-width: 274px) 100vw, 274px\" \/><\/a><\/p>\n<p>&nbsp;<\/p>\n<p>&nbsp;<\/p>\n<p>&nbsp;<\/p>\n<p>&nbsp;<\/p>\n<p>&nbsp;<\/p>\n<p>&nbsp;<\/p>\n<p>&nbsp;<\/p>\n<p>&nbsp;<\/p>\n<p>CICLE SUPERIOR<\/p>\n<p><a href=\"https:\/\/drive.google.com\/file\/d\/15OqVVv6oSivn21ttCSJNohITyhju_9ax\/view?usp=sharing\">5\u00e8<\/a><\/p>\n<p style=\"text-align: left;\"><a href=\"https:\/\/drive.google.com\/file\/d\/15OqVVv6oSivn21ttCSJNohITyhju_9ax\/view?usp=sharing\" rel=\"attachment wp-att-1119\"><img loading=\"lazy\" decoding=\"async\" class=\"size-medium wp-image-1119 alignleft\" src=\"https:\/\/agora.xtec.cat\/escola-ribagorcana\/wp-content\/uploads\/usu301\/2026\/03\/Captura-de-pantalla-2026-03-23-161712-300x167.png\" alt=\"\" width=\"300\" height=\"167\" srcset=\"https:\/\/agora.xtec.cat\/escola-ribagorcana\/wp-content\/uploads\/usu301\/2026\/03\/Captura-de-pantalla-2026-03-23-161712-300x167.png 300w, https:\/\/agora.xtec.cat\/escola-ribagorcana\/wp-content\/uploads\/usu301\/2026\/03\/Captura-de-pantalla-2026-03-23-161712-1024x571.png 1024w, https:\/\/agora.xtec.cat\/escola-ribagorcana\/wp-content\/uploads\/usu301\/2026\/03\/Captura-de-pantalla-2026-03-23-161712-768x428.png 768w, https:\/\/agora.xtec.cat\/escola-ribagorcana\/wp-content\/uploads\/usu301\/2026\/03\/Captura-de-pantalla-2026-03-23-161712.png 1232w\" sizes=\"auto, (max-width: 300px) 100vw, 300px\" \/><\/a><\/p>\n<p>&nbsp;<\/p>\n<p>&nbsp;<\/p>\n<p>&nbsp;<\/p>\n<p>&nbsp;<\/p>\n<p><a href=\"https:\/\/www.canva.com\/design\/DAHEGmVpxlM\/jpBflKrlSCxce4I8ks4rFQ\/watch?utm_content=DAHEGmVpxlM&amp;utm_campaign=designshare&amp;utm_medium=link2&amp;utm_source=uniquelinks&amp;utlId=h1bc90acc55\">6\u00e8<\/a><\/p>\n<p><a href=\"https:\/\/www.canva.com\/design\/DAHEGmVpxlM\/jpBflKrlSCxce4I8ks4rFQ\/watch?utm_content=DAHEGmVpxlM&amp;utm_campaign=designshare&amp;utm_medium=link2&amp;utm_source=uniquelinks&amp;utlId=h1bc90acc55\" rel=\"attachment wp-att-1114\"><img loading=\"lazy\" decoding=\"async\" class=\"size-medium wp-image-1114 alignleft\" src=\"https:\/\/agora.xtec.cat\/escola-ribagorcana\/wp-content\/uploads\/usu301\/2026\/03\/Mapa-conceptual-del-llibre-300x169.jpg\" alt=\"\" width=\"300\" height=\"169\" srcset=\"https:\/\/agora.xtec.cat\/escola-ribagorcana\/wp-content\/uploads\/usu301\/2026\/03\/Mapa-conceptual-del-llibre-300x169.jpg 300w, https:\/\/agora.xtec.cat\/escola-ribagorcana\/wp-content\/uploads\/usu301\/2026\/03\/Mapa-conceptual-del-llibre-1024x576.jpg 1024w, https:\/\/agora.xtec.cat\/escola-ribagorcana\/wp-content\/uploads\/usu301\/2026\/03\/Mapa-conceptual-del-llibre-768x432.jpg 768w, https:\/\/agora.xtec.cat\/escola-ribagorcana\/wp-content\/uploads\/usu301\/2026\/03\/Mapa-conceptual-del-llibre-1536x864.jpg 1536w, https:\/\/agora.xtec.cat\/escola-ribagorcana\/wp-content\/uploads\/usu301\/2026\/03\/Mapa-conceptual-del-llibre.jpg 1920w\" sizes=\"auto, (max-width: 300px) 100vw, 300px\" \/><\/a><\/p>\n<p>&nbsp;<\/p>\n","protected":false},"excerpt":{"rendered":"<p>Aquest \u00e9s el segon curs en qu\u00e8 participem al programa EL GUST PER LA LECTURA. Aqu\u00ed teniu la mostra dels nostres treballs (CAL FER &#8220;CLIC&#8221; SOBRE DEL CURS O LA PORTADA DEL TREBALL): CICLE INICIAL 2n &nbsp; &nbsp; &nbsp; &nbsp; &nbsp; CICLE MITJ\u00c0 3r &nbsp; &nbsp; &nbsp; &nbsp; &nbsp; &nbsp; 4t &nbsp; &nbsp; &nbsp; &nbsp; [&hellip;]<\/p>\n","protected":false},"author":1,"featured_media":0,"parent":0,"menu_order":0,"comment_status":"closed","ping_status":"closed","template":"","meta":{"_bbp_topic_count":0,"_bbp_reply_count":0,"_bbp_total_topic_count":0,"_bbp_total_reply_count":0,"_bbp_voice_count":0,"_bbp_anonymous_reply_count":0,"_bbp_topic_count_hidden":0,"_bbp_reply_count_hidden":0,"_bbp_forum_subforum_count":0,"site-sidebar-layout":"default","site-content-layout":"","ast-site-content-layout":"default","site-content-style":"default","site-sidebar-style":"default","ast-global-header-display":"","ast-banner-title-visibility":"","ast-main-header-display":"","ast-hfb-above-header-display":"","ast-hfb-below-header-display":"","ast-hfb-mobile-header-display":"","site-post-title":"","ast-breadcrumbs-content":"","ast-featured-img":"","footer-sml-layout":"","theme-transparent-header-meta":"default","adv-header-id-meta":"","stick-header-meta":"","header-above-stick-meta":"","header-main-stick-meta":"","header-below-stick-meta":"","astra-migrate-meta-layouts":"set","ast-page-background-enabled":"default","ast-page-background-meta":{"desktop":{"background-color":"var(--ast-global-color-4)","background-image":"","background-repeat":"repeat","background-position":"center center","background-size":"auto","background-attachment":"scroll","background-type":"","background-media":"","overlay-type":"","overlay-color":"","overlay-opacity":"","overlay-gradient":""},"tablet":{"background-color":"","background-image":"","background-repeat":"repeat","background-position":"center center","background-size":"auto","background-attachment":"scroll","background-type":"","background-media":"","overlay-type":"","overlay-color":"","overlay-opacity":"","overlay-gradient":""},"mobile":{"background-color":"","background-image":"","background-repeat":"repeat","background-position":"center center","background-size":"auto","background-attachment":"scroll","background-type":"","background-media":"","overlay-type":"","overlay-color":"","overlay-opacity":"","overlay-gradient":""}},"ast-content-background-meta":{"desktop":{"background-color":"var(--ast-global-color-5)","background-image":"","background-repeat":"repeat","background-position":"center center","background-size":"auto","background-attachment":"scroll","background-type":"","background-media":"","overlay-type":"","overlay-color":"","overlay-opacity":"","overlay-gradient":""},"tablet":{"background-color":"var(--ast-global-color-5)","background-image":"","background-repeat":"repeat","background-position":"center center","background-size":"auto","background-attachment":"scroll","background-type":"","background-media":"","overlay-type":"","overlay-color":"","overlay-opacity":"","overlay-gradient":""},"mobile":{"background-color":"var(--ast-global-color-5)","background-image":"","background-repeat":"repeat","background-position":"center center","background-size":"auto","background-attachment":"scroll","background-type":"","background-media":"","overlay-type":"","overlay-color":"","overlay-opacity":"","overlay-gradient":""}},"footnotes":""},"class_list":["post-700","page","type-page","status-publish","hentry"],"post_mailing_queue_ids":[],"_links":{"self":[{"href":"https:\/\/agora.xtec.cat\/escola-ribagorcana\/wp-json\/wp\/v2\/pages\/700","targetHints":{"allow":["GET"]}}],"collection":[{"href":"https:\/\/agora.xtec.cat\/escola-ribagorcana\/wp-json\/wp\/v2\/pages"}],"about":[{"href":"https:\/\/agora.xtec.cat\/escola-ribagorcana\/wp-json\/wp\/v2\/types\/page"}],"author":[{"embeddable":true,"href":"https:\/\/agora.xtec.cat\/escola-ribagorcana\/wp-json\/wp\/v2\/users\/1"}],"replies":[{"embeddable":true,"href":"https:\/\/agora.xtec.cat\/escola-ribagorcana\/wp-json\/wp\/v2\/comments?post=700"}],"version-history":[{"count":6,"href":"https:\/\/agora.xtec.cat\/escola-ribagorcana\/wp-json\/wp\/v2\/pages\/700\/revisions"}],"predecessor-version":[{"id":1138,"href":"https:\/\/agora.xtec.cat\/escola-ribagorcana\/wp-json\/wp\/v2\/pages\/700\/revisions\/1138"}],"wp:attachment":[{"href":"https:\/\/agora.xtec.cat\/escola-ribagorcana\/wp-json\/wp\/v2\/media?parent=700"}],"curies":[{"name":"wp","href":"https:\/\/api.w.org\/{rel}","templated":true}]}}