{"id":554,"date":"2022-09-30T09:49:52","date_gmt":"2022-09-30T07:49:52","guid":{"rendered":"https:\/\/agora.xtec.cat\/escola-ribagorcana\/?page_id=554"},"modified":"2025-03-06T14:10:02","modified_gmt":"2025-03-06T13:10:02","slug":"cultura-digital","status":"publish","type":"page","link":"https:\/\/agora.xtec.cat\/escola-ribagorcana\/cultura-digital\/","title":{"rendered":"CULTURA DIGITAL"},"content":{"rendered":"<p>1.- Acolliment digital<\/p>\n<ul style=\"list-style-type: circle;\">\n<li><a href=\"https:\/\/drive.google.com\/file\/d\/1dS9P3qVJ1sx5L_a_HLJe3yfKVwMBuUUN\/view?usp=sharing\">\u00a0Alumnat i fam\u00edlies<\/a><\/li>\n<li>\u00a0<a href=\"https:\/\/drive.google.com\/file\/d\/1uXs4zuxGw6kSbnwRkepCup-WPZXLbehP\/view?usp=sharing\">Professorat<\/a><\/li>\n<\/ul>\n<p>professorat i fam\u00edlies de nova incorporaci\u00f3.<\/p>\n<p>2.- Acords i protocol de centre:<\/p>\n<ul style=\"list-style-type: circle;\">\n<li><a href=\"https:\/\/drive.google.com\/file\/d\/1fGDI5-Ex53Ja7fgdV920WiBa43aMhmAR\/view?usp=drive_link\">Normes d&#8217;\u00fas de l&#8217;ordinador a l&#8217;aula d&#8217;inform\u00e0tica<\/a><\/li>\n<li><a href=\"https:\/\/docs.google.com\/document\/d\/1pX9qfBveVlDmTthCR4nRsaMAsMfjPwAP\/edit?usp=drive_link&amp;ouid=110062389153583745767&amp;rtpof=true&amp;sd=true\">Normes d&#8217;\u00fas dels port\u00e0tils de l&#8217;alumnat<\/a><\/li>\n<li><a href=\"https:\/\/drive.google.com\/file\/d\/1J7Z9lDbZsGBVc0STQlcI2KEFDBx8r2Wz\/view?usp=drive_link\">Reglament d&#8217;\u00fas dels serveis GoogleWorkspace (correu escolar @escolaribagorcana.cat)<\/a><\/li>\n<\/ul>\n<p>3.- Compet\u00e8ncia Digital de l&#8217;alumnat:<\/p>\n<ul style=\"list-style-type: circle;\">\n<li><a href=\"https:\/\/docs.google.com\/spreadsheets\/d\/1M2LD8favExKnyprAVfx7HxP0FLDG33YrammT73_t0XA\/edit?usp=sharing\">Continguts treballats per cursos i \u00e0mbits<\/a><\/li>\n<li><a href=\"https:\/\/drive.google.com\/file\/d\/1kIuFu6rwL2vj6bsHYO_c_TkYfrJ5nb9q\/view?usp=drive_link\">Normes de cortesia per les classes virtuals (meet)<\/a><\/li>\n<\/ul>\n","protected":false},"excerpt":{"rendered":"<p>1.- Acolliment digital \u00a0Alumnat i fam\u00edlies \u00a0Professorat professorat i fam\u00edlies de nova incorporaci\u00f3. 2.- Acords i protocol de centre: Normes d&#8217;\u00fas de l&#8217;ordinador a l&#8217;aula d&#8217;inform\u00e0tica Normes d&#8217;\u00fas dels port\u00e0tils de l&#8217;alumnat Reglament d&#8217;\u00fas dels serveis GoogleWorkspace (correu escolar @escolaribagorcana.cat) 3.- Compet\u00e8ncia Digital de l&#8217;alumnat: Continguts treballats per cursos i \u00e0mbits Normes de cortesia per [&hellip;]<\/p>\n","protected":false},"author":1,"featured_media":0,"parent":0,"menu_order":0,"comment_status":"closed","ping_status":"closed","template":"","meta":{"_bbp_topic_count":0,"_bbp_reply_count":0,"_bbp_total_topic_count":0,"_bbp_total_reply_count":0,"_bbp_voice_count":0,"_bbp_anonymous_reply_count":0,"_bbp_topic_count_hidden":0,"_bbp_reply_count_hidden":0,"_bbp_forum_subforum_count":0,"site-sidebar-layout":"default","site-content-layout":"","ast-site-content-layout":"","site-content-style":"default","site-sidebar-style":"default","ast-global-header-display":"","ast-banner-title-visibility":"","ast-main-header-display":"","ast-hfb-above-header-display":"","ast-hfb-below-header-display":"","ast-hfb-mobile-header-display":"","site-post-title":"","ast-breadcrumbs-content":"","ast-featured-img":"","footer-sml-layout":"","theme-transparent-header-meta":"","adv-header-id-meta":"","stick-header-meta":"","header-above-stick-meta":"","header-main-stick-meta":"","header-below-stick-meta":"","astra-migrate-meta-layouts":"default","ast-page-background-enabled":"default","ast-page-background-meta":{"desktop":{"background-color":"var(--ast-global-color-4)","background-image":"","background-repeat":"repeat","background-position":"center center","background-size":"auto","background-attachment":"scroll","background-type":"","background-media":"","overlay-type":"","overlay-color":"","overlay-opacity":"","overlay-gradient":""},"tablet":{"background-color":"","background-image":"","background-repeat":"repeat","background-position":"center center","background-size":"auto","background-attachment":"scroll","background-type":"","background-media":"","overlay-type":"","overlay-color":"","overlay-opacity":"","overlay-gradient":""},"mobile":{"background-color":"","background-image":"","background-repeat":"repeat","background-position":"center center","background-size":"auto","background-attachment":"scroll","background-type":"","background-media":"","overlay-type":"","overlay-color":"","overlay-opacity":"","overlay-gradient":""}},"ast-content-background-meta":{"desktop":{"background-color":"var(--ast-global-color-5)","background-image":"","background-repeat":"repeat","background-position":"center center","background-size":"auto","background-attachment":"scroll","background-type":"","background-media":"","overlay-type":"","overlay-color":"","overlay-opacity":"","overlay-gradient":""},"tablet":{"background-color":"var(--ast-global-color-5)","background-image":"","background-repeat":"repeat","background-position":"center center","background-size":"auto","background-attachment":"scroll","background-type":"","background-media":"","overlay-type":"","overlay-color":"","overlay-opacity":"","overlay-gradient":""},"mobile":{"background-color":"var(--ast-global-color-5)","background-image":"","background-repeat":"repeat","background-position":"center center","background-size":"auto","background-attachment":"scroll","background-type":"","background-media":"","overlay-type":"","overlay-color":"","overlay-opacity":"","overlay-gradient":""}},"footnotes":""},"class_list":["post-554","page","type-page","status-publish","hentry"],"post_mailing_queue_ids":[],"_links":{"self":[{"href":"https:\/\/agora.xtec.cat\/escola-ribagorcana\/wp-json\/wp\/v2\/pages\/554","targetHints":{"allow":["GET"]}}],"collection":[{"href":"https:\/\/agora.xtec.cat\/escola-ribagorcana\/wp-json\/wp\/v2\/pages"}],"about":[{"href":"https:\/\/agora.xtec.cat\/escola-ribagorcana\/wp-json\/wp\/v2\/types\/page"}],"author":[{"embeddable":true,"href":"https:\/\/agora.xtec.cat\/escola-ribagorcana\/wp-json\/wp\/v2\/users\/1"}],"replies":[{"embeddable":true,"href":"https:\/\/agora.xtec.cat\/escola-ribagorcana\/wp-json\/wp\/v2\/comments?post=554"}],"version-history":[{"count":5,"href":"https:\/\/agora.xtec.cat\/escola-ribagorcana\/wp-json\/wp\/v2\/pages\/554\/revisions"}],"predecessor-version":[{"id":694,"href":"https:\/\/agora.xtec.cat\/escola-ribagorcana\/wp-json\/wp\/v2\/pages\/554\/revisions\/694"}],"wp:attachment":[{"href":"https:\/\/agora.xtec.cat\/escola-ribagorcana\/wp-json\/wp\/v2\/media?parent=554"}],"curies":[{"name":"wp","href":"https:\/\/api.w.org\/{rel}","templated":true}]}}