{"id":36,"date":"2014-09-18T12:33:11","date_gmt":"2014-09-18T12:33:11","guid":{"rendered":"http:\/\/agora.xtec.cat\/escola-ribagorcana\/\/?page_id=36"},"modified":"2026-02-05T15:40:36","modified_gmt":"2026-02-05T14:40:36","slug":"material-escolar","status":"publish","type":"page","link":"https:\/\/agora.xtec.cat\/escola-ribagorcana\/lescola\/material-escolar\/","title":{"rendered":"Material escolar"},"content":{"rendered":"<p style=\"text-align: center;\"><span style=\"text-decoration: underline;\"><strong>REUTILITZACI\u00d3 DE LLIBRES<\/strong><\/span><\/p>\n<p>L&#8217;escola participa al projecte per a la reutilitzaci\u00f3 de llibres.<br \/>\nAquest projecte es basa en l&#8217;\u00fas compartit dels llibres.<br \/>\nConsisteix en rebre a inici de curs tots els llibres de text i, en acabar, les fam\u00edlies els cedeixen tots al centre per tal que la promoci\u00f3 seg\u00fcent en pugui fer \u00fas.<br \/>\nLes fam\u00edlies que hi participen nom\u00e9s han d&#8217;adquirir els llibres i materials que s&#8217;han d&#8217;anar renovant.<br \/>\nL&#8217;AFA de l&#8217;escola hi participa molt directament adquirint i distribuint els llibres necessaris de cada curs.<br \/>\nEn el cas que no desitgeu participar d&#8217;aquest projecte haureu de comprar tots els llibres de text i us haureu de posar en contacte amb el Centre per tal de recollir el llistat complert de llibres i materials.<\/p>\n<p>&nbsp;<\/p>\n<p style=\"text-align: center;\"><span style=\"text-decoration: underline;\"><strong>QUOTA MATERIAL ESCOLAR<\/strong><\/span><\/p>\n<p><strong>SOCIALITZACI\u00d3 DE MATERIAL:<\/strong><br \/>\nEl 27 de juny de 2025 es va aprovar en Consell Escolar (on hi ha representaci\u00f3 de les<br \/>\nfam\u00edlies, el claustre i el PAS) la socialitzaci\u00f3 del material escolar. Es va plantejar aquest<br \/>\ntema arrel d\u2019una petici\u00f3 de l\u2019AFA en una reuni\u00f3 amb l\u2019Equip Directiu del centre. Aix\u00f2<br \/>\nsignifica que les fam\u00edlies fareu una aportaci\u00f3 \u00fanica de 80\u20ac per a tot el curs i l\u2019alumnat<br \/>\ntindr\u00e0 tot el material necessari per treballar al centre.<br \/>\nQu\u00e8 inclou:<br \/>\n\u2022 Material d\u2019escriptura (llapis, goma, maquineta, bol\u00edgrafs, llibretes, fulls&#8230;)<br \/>\n\u2022 Material de dibuix (colors, retoladors, pintures, fulls de dibuix&#8230;)<br \/>\n\u2022 Materials de manualitats (cartolines, tisores, pega, punxons, plastilina, fang&#8230;)<br \/>\n\u2022 Altres materials de treball (comp\u00e0s, regles&#8230;)<br \/>\n\u2022 Fotoc\u00f2pies i material editable (tot aquell que substitueix els llibres de text, ja que<br \/>\nenguany no es faran servir llibres de lectoescriptura a Educaci\u00f3 Infantil, ni els<br \/>\nquaderns d\u2019angl\u00e8s a Prim\u00e0ria i el material de racons i ambients de treball).<br \/>\nNO inclou:<br \/>\n\u2022 Material d\u2019\u00fas personal: tovallola, cantimplora\/ampolla d\u2019aigua, auriculars (nom\u00e9s a<br \/>\nprim\u00e0ria per l\u2019\u00fas de tauletes), mocadors, tovalloletes humides i bata.<br \/>\nVALS ESCOLARS:<br \/>\nIgual que el curs passat, l\u2019alumnat de prim\u00e0ria aquest estiu rebreu a casa dos Vals<br \/>\nEscolars que s\u2019envien des de la Generalitat. S\u00f3n dos vals per valor de 30\u20ac cadascun (60\u20ac<br \/>\nen total) . La novetat d\u2019aquest curs, \u00e9s que a part de bescanviar-los als establiments<br \/>\nadherits al projecte, tamb\u00e9 es podran cedir a l\u2019escola per tal de reduir l\u2019aportaci\u00f3 en<br \/>\nconcepte de material escolar.<br \/>\nAl seg\u00fcent enlla\u00e7 podreu trobar tota la informaci\u00f3 necess\u00e0ria i tamb\u00e9 podreu activar els<br \/>\nvostres vals: https:\/\/www.valescolar.cat\/<br \/>\nFORMALITZACI\u00d3 DEL PAGAMENT:<br \/>\nAlumnat de prim\u00e0ria: si opteu per cedir els vals, ho haureu de fer abans del 30 de<br \/>\nsetembre, i la resta (20\u20ac) ho haureu d\u2019ingressar al n\u00famero de compte que hi ha m\u00e9s avall<br \/>\no b\u00e9 en efectiu a l\u2019escola, tamb\u00e9 fins el 30 de setembre.<\/p>\n<p>Alumnat d\u2019Educaci\u00f3 Infantil: Ingr\u00e9s de la quota complerta (80\u20ac) abans del 30 de<br \/>\nsetembre o b\u00e9 dos pagaments fraccionats: 40\u20ac fins al 30 de setembre i 40\u20ac fins al 30 de<br \/>\ndesembre, al n\u00famero de compte que hi ha m\u00e9s avall.<\/p>\n<p>COL.LEGI P\u00daBLIC RIBAGOR\u00c7ANA<br \/>\nES81 2100 0159 7202 0003 9956<\/p>\n<p>Per L\u00cdNIA OBERTA<\/p>\n<p>Seleccionar: Comptes\/Transfer\u00e8ncies i traspassos\/Pagaments a tercers\/Nou ingr\u00e9s.<br \/>\nEl Codi que haureu d&#8217;introduir \u00e9s: 0322370<\/p>\n<p><span style=\"text-decoration: underline;\"><strong>MATERIAL INDIVIDUAL<\/strong><\/span><\/p>\n<p><strong>EDUCACI\u00d3 INFANTIL:<\/strong><br \/>\n\u2022 2 capses de mocadors<br \/>\n\u2022 1 paquet de tovalloletes humides<br \/>\n\u2022 una tovallola de mans<br \/>\n\u2022 una bata amb beta i el nom escrit<br \/>\n\u2022 una ampolla d\u2019aigua amb el nom<\/p>\n<p><strong>EDUCACI\u00d3 PRIM\u00c0RIA:<\/strong><br \/>\n\u2022 2 capses de mocadors<br \/>\n\u2022 1 paquet de tovalloletes humides<br \/>\n\u2022 una tovallola de mans<br \/>\n\u2022 una ampolla d\u2019aigua amb el nom<br \/>\n\u2022 uns auriculars o cascos amb cable<\/p>\n<p>&nbsp;<\/p>\n","protected":false},"excerpt":{"rendered":"<p>REUTILITZACI\u00d3 DE LLIBRES L&#8217;escola participa al projecte per a la reutilitzaci\u00f3 de llibres. Aquest projecte es basa en l&#8217;\u00fas compartit dels llibres. Consisteix en rebre a inici de curs tots els llibres de text i, en acabar, les fam\u00edlies els cedeixen tots al centre per tal que la promoci\u00f3 seg\u00fcent en pugui fer \u00fas. Les [&hellip;]<\/p>\n","protected":false},"author":2,"featured_media":0,"parent":22,"menu_order":70,"comment_status":"closed","ping_status":"closed","template":"","meta":{"_bbp_topic_count":0,"_bbp_reply_count":0,"_bbp_total_topic_count":0,"_bbp_total_reply_count":0,"_bbp_voice_count":0,"_bbp_anonymous_reply_count":0,"_bbp_topic_count_hidden":0,"_bbp_reply_count_hidden":0,"_bbp_forum_subforum_count":0,"site-sidebar-layout":"default","site-content-layout":"","ast-site-content-layout":"default","site-content-style":"default","site-sidebar-style":"default","ast-global-header-display":"","ast-banner-title-visibility":"","ast-main-header-display":"","ast-hfb-above-header-display":"","ast-hfb-below-header-display":"","ast-hfb-mobile-header-display":"","site-post-title":"","ast-breadcrumbs-content":"","ast-featured-img":"","footer-sml-layout":"","theme-transparent-header-meta":"default","adv-header-id-meta":"","stick-header-meta":"","header-above-stick-meta":"","header-main-stick-meta":"","header-below-stick-meta":"","astra-migrate-meta-layouts":"set","ast-page-background-enabled":"default","ast-page-background-meta":{"desktop":{"background-color":"var(--ast-global-color-4)","background-image":"","background-repeat":"repeat","background-position":"center center","background-size":"auto","background-attachment":"scroll","background-type":"","background-media":"","overlay-type":"","overlay-color":"","overlay-opacity":"","overlay-gradient":""},"tablet":{"background-color":"","background-image":"","background-repeat":"repeat","background-position":"center center","background-size":"auto","background-attachment":"scroll","background-type":"","background-media":"","overlay-type":"","overlay-color":"","overlay-opacity":"","overlay-gradient":""},"mobile":{"background-color":"","background-image":"","background-repeat":"repeat","background-position":"center center","background-size":"auto","background-attachment":"scroll","background-type":"","background-media":"","overlay-type":"","overlay-color":"","overlay-opacity":"","overlay-gradient":""}},"ast-content-background-meta":{"desktop":{"background-color":"var(--ast-global-color-5)","background-image":"","background-repeat":"repeat","background-position":"center center","background-size":"auto","background-attachment":"scroll","background-type":"","background-media":"","overlay-type":"","overlay-color":"","overlay-opacity":"","overlay-gradient":""},"tablet":{"background-color":"var(--ast-global-color-5)","background-image":"","background-repeat":"repeat","background-position":"center center","background-size":"auto","background-attachment":"scroll","background-type":"","background-media":"","overlay-type":"","overlay-color":"","overlay-opacity":"","overlay-gradient":""},"mobile":{"background-color":"var(--ast-global-color-5)","background-image":"","background-repeat":"repeat","background-position":"center center","background-size":"auto","background-attachment":"scroll","background-type":"","background-media":"","overlay-type":"","overlay-color":"","overlay-opacity":"","overlay-gradient":""}},"footnotes":""},"class_list":["post-36","page","type-page","status-publish","hentry"],"post_mailing_queue_ids":[],"_links":{"self":[{"href":"https:\/\/agora.xtec.cat\/escola-ribagorcana\/wp-json\/wp\/v2\/pages\/36","targetHints":{"allow":["GET"]}}],"collection":[{"href":"https:\/\/agora.xtec.cat\/escola-ribagorcana\/wp-json\/wp\/v2\/pages"}],"about":[{"href":"https:\/\/agora.xtec.cat\/escola-ribagorcana\/wp-json\/wp\/v2\/types\/page"}],"author":[{"embeddable":true,"href":"https:\/\/agora.xtec.cat\/escola-ribagorcana\/wp-json\/wp\/v2\/users\/2"}],"replies":[{"embeddable":true,"href":"https:\/\/agora.xtec.cat\/escola-ribagorcana\/wp-json\/wp\/v2\/comments?post=36"}],"version-history":[{"count":6,"href":"https:\/\/agora.xtec.cat\/escola-ribagorcana\/wp-json\/wp\/v2\/pages\/36\/revisions"}],"predecessor-version":[{"id":831,"href":"https:\/\/agora.xtec.cat\/escola-ribagorcana\/wp-json\/wp\/v2\/pages\/36\/revisions\/831"}],"up":[{"embeddable":true,"href":"https:\/\/agora.xtec.cat\/escola-ribagorcana\/wp-json\/wp\/v2\/pages\/22"}],"wp:attachment":[{"href":"https:\/\/agora.xtec.cat\/escola-ribagorcana\/wp-json\/wp\/v2\/media?parent=36"}],"curies":[{"name":"wp","href":"https:\/\/api.w.org\/{rel}","templated":true}]}}