{"id":26,"date":"2014-09-18T12:24:32","date_gmt":"2014-09-18T12:24:32","guid":{"rendered":"http:\/\/agora.xtec.cat\/escola-ribagorcana\/\/?page_id=26"},"modified":"2019-01-29T15:40:33","modified_gmt":"2019-01-29T14:40:33","slug":"historia","status":"publish","type":"page","link":"https:\/\/agora.xtec.cat\/escola-ribagorcana\/lescola\/historia\/","title":{"rendered":"Hist\u00f2ria"},"content":{"rendered":"<p>L&#8217;Escola Ribagor\u00e7ana est\u00e0 situada al barri d&#8217;Arag\u00f3 del Pont de Suert a la comarca de l&#8217;Alta Ribagor\u00e7a.<br \/>\nL&#8217;escola actual es va inaugurar al setembre de l&#8217;any 1973. Fins llavors els alumnes de la comarca podien anar a l&#8217;escola del Patronat d&#8217;Enher o b\u00e9 a altres centres de les comarques ve\u00efnes. Va ser l&#8217;Ajuntament del Pont de Suert qui va decidir crear un centre educatiu nou degut a l&#8217;increment de poblaci\u00f3 que es va produir a la comarca arran de les construccions de les centrals hidroel\u00e8ctriques.  En un principi havia de ser un Institut per\u00f2 amb els canvis en la LLei d&#8217;Educaci\u00f3 de 1972, el centre, encara en construcci\u00f3, va passar a ser escola de prim\u00e0ria.<br \/>\nAl 2006 es va fer una  remodelaci\u00f3 de l&#8217;edifici amb actuacions importants com la reforma de la teulada, les fa\u00e7anes, el canvi de les finestres i alguns arranjaments a l&#8217;interior.<br \/>\nDes de l&#8217;any 2000 el centre va compartir algunes aules i espais amb la guarderia de l&#8217;Ajuntament. El curs 2011-2012 es va inaugurar la nova guarderia i es van recuperar els espais. Actualment tenim cedides algunes d&#8217;aquestes a l&#8217;Escola de M\u00fasica i al Cicle Formatiu de T\u00e8cnic d&#8217;explotacions d&#8217;estaci\u00f3 d&#8217;esqu\u00ed.<\/p>\n","protected":false},"excerpt":{"rendered":"<p>L&#8217;Escola Ribagor\u00e7ana est\u00e0 situada al barri d&#8217;Arag\u00f3 del Pont de Suert a la comarca de l&#8217;Alta Ribagor\u00e7a. L&#8217;escola actual es va inaugurar al setembre de l&#8217;any 1973. Fins llavors els alumnes de la comarca podien anar a l&#8217;escola del Patronat d&#8217;Enher o b\u00e9 a altres centres de les comarques ve\u00efnes. Va ser l&#8217;Ajuntament del Pont [&hellip;]<\/p>\n","protected":false},"author":2,"featured_media":0,"parent":22,"menu_order":20,"comment_status":"closed","ping_status":"closed","template":"page-templates\/side-menu.php","meta":{"_bbp_topic_count":0,"_bbp_reply_count":0,"_bbp_total_topic_count":0,"_bbp_total_reply_count":0,"_bbp_voice_count":0,"_bbp_anonymous_reply_count":0,"_bbp_topic_count_hidden":0,"_bbp_reply_count_hidden":0,"_bbp_forum_subforum_count":0,"site-sidebar-layout":"default","site-content-layout":"","ast-site-content-layout":"","site-content-style":"default","site-sidebar-style":"default","ast-global-header-display":"","ast-banner-title-visibility":"","ast-main-header-display":"","ast-hfb-above-header-display":"","ast-hfb-below-header-display":"","ast-hfb-mobile-header-display":"","site-post-title":"","ast-breadcrumbs-content":"","ast-featured-img":"","footer-sml-layout":"","theme-transparent-header-meta":"","adv-header-id-meta":"","stick-header-meta":"","header-above-stick-meta":"","header-main-stick-meta":"","header-below-stick-meta":"","astra-migrate-meta-layouts":"default","ast-page-background-enabled":"default","ast-page-background-meta":{"desktop":{"background-color":"var(--ast-global-color-4)","background-image":"","background-repeat":"repeat","background-position":"center center","background-size":"auto","background-attachment":"scroll","background-type":"","background-media":"","overlay-type":"","overlay-color":"","overlay-opacity":"","overlay-gradient":""},"tablet":{"background-color":"","background-image":"","background-repeat":"repeat","background-position":"center center","background-size":"auto","background-attachment":"scroll","background-type":"","background-media":"","overlay-type":"","overlay-color":"","overlay-opacity":"","overlay-gradient":""},"mobile":{"background-color":"","background-image":"","background-repeat":"repeat","background-position":"center center","background-size":"auto","background-attachment":"scroll","background-type":"","background-media":"","overlay-type":"","overlay-color":"","overlay-opacity":"","overlay-gradient":""}},"ast-content-background-meta":{"desktop":{"background-color":"var(--ast-global-color-5)","background-image":"","background-repeat":"repeat","background-position":"center center","background-size":"auto","background-attachment":"scroll","background-type":"","background-media":"","overlay-type":"","overlay-color":"","overlay-opacity":"","overlay-gradient":""},"tablet":{"background-color":"var(--ast-global-color-5)","background-image":"","background-repeat":"repeat","background-position":"center center","background-size":"auto","background-attachment":"scroll","background-type":"","background-media":"","overlay-type":"","overlay-color":"","overlay-opacity":"","overlay-gradient":""},"mobile":{"background-color":"var(--ast-global-color-5)","background-image":"","background-repeat":"repeat","background-position":"center center","background-size":"auto","background-attachment":"scroll","background-type":"","background-media":"","overlay-type":"","overlay-color":"","overlay-opacity":"","overlay-gradient":""}},"footnotes":""},"class_list":["post-26","page","type-page","status-publish","hentry"],"post_mailing_queue_ids":[],"_links":{"self":[{"href":"https:\/\/agora.xtec.cat\/escola-ribagorcana\/wp-json\/wp\/v2\/pages\/26","targetHints":{"allow":["GET"]}}],"collection":[{"href":"https:\/\/agora.xtec.cat\/escola-ribagorcana\/wp-json\/wp\/v2\/pages"}],"about":[{"href":"https:\/\/agora.xtec.cat\/escola-ribagorcana\/wp-json\/wp\/v2\/types\/page"}],"author":[{"embeddable":true,"href":"https:\/\/agora.xtec.cat\/escola-ribagorcana\/wp-json\/wp\/v2\/users\/2"}],"replies":[{"embeddable":true,"href":"https:\/\/agora.xtec.cat\/escola-ribagorcana\/wp-json\/wp\/v2\/comments?post=26"}],"version-history":[{"count":3,"href":"https:\/\/agora.xtec.cat\/escola-ribagorcana\/wp-json\/wp\/v2\/pages\/26\/revisions"}],"predecessor-version":[{"id":330,"href":"https:\/\/agora.xtec.cat\/escola-ribagorcana\/wp-json\/wp\/v2\/pages\/26\/revisions\/330"}],"up":[{"embeddable":true,"href":"https:\/\/agora.xtec.cat\/escola-ribagorcana\/wp-json\/wp\/v2\/pages\/22"}],"wp:attachment":[{"href":"https:\/\/agora.xtec.cat\/escola-ribagorcana\/wp-json\/wp\/v2\/media?parent=26"}],"curies":[{"name":"wp","href":"https:\/\/api.w.org\/{rel}","templated":true}]}}