{"id":1021,"date":"2026-02-13T14:14:05","date_gmt":"2026-02-13T13:14:05","guid":{"rendered":"https:\/\/agora.xtec.cat\/escola-ribagorcana\/?page_id=1021"},"modified":"2026-02-13T14:14:05","modified_gmt":"2026-02-13T13:14:05","slug":"afa","status":"publish","type":"page","link":"https:\/\/agora.xtec.cat\/escola-ribagorcana\/afa\/","title":{"rendered":"AFA"},"content":{"rendered":"<div class=\"Y3BBE\" data-sfc-cp=\"\" data-hveid=\"CAEQAA\" data-processed=\"true\">L&#8217;AFA (Associaci\u00f3 de Fam\u00edlies d&#8217;Alumnes) \u00e9s una\u00a0<mark class=\"HxTRcb\" data-processed=\"true\">entitat volunt\u00e0ria i sense \u00e0nim de lucre, formada per pares, mares i tutors d&#8217;un centre educatiu, que promou la participaci\u00f3 i col\u00b7labora en les activitats educatives<\/mark>. \u00c9s el principal interlocutor amb l&#8217;escola, vetllant per una educaci\u00f3 de qualitat, l&#8217;organitzaci\u00f3 d&#8217;activitats i la conciliaci\u00f3.<span class=\"uJ19be notranslate\" data-wiz-uids=\"Tr5ljb_c,Tr5ljb_d\" data-processed=\"true\"><span class=\"vKEkVd\" data-animation-atomic=\"\" data-wiz-attrbind=\"class=Tr5ljb_b\/TKHnVd\" data-processed=\"true\"><span aria-hidden=\"true\" data-processed=\"true\">\u00a0<\/span><\/span><\/span><\/div>\n<ul class=\"KsbFXc U6u95\" data-processed=\"true\">\n<li data-hveid=\"CAMQAA\" data-processed=\"true\"><span class=\"T286Pc\" data-sfc-cp=\"\" data-processed=\"true\"><strong class=\"Yjhzub\" data-processed=\"true\">Objectius:<\/strong>\u00a0Millorar la qualitat de l&#8217;ensenyament, representar els interessos de les fam\u00edlies, fomentar la participaci\u00f3 i col\u00b7laborar amb la direcci\u00f3 del centre.<\/span><\/li>\n<li data-hveid=\"CAMQAQ\" data-processed=\"true\"><span class=\"T286Pc\" data-sfc-cp=\"\" data-processed=\"true\"><strong class=\"Yjhzub\" data-processed=\"true\">Funcions:<\/strong>\u00a0Gestionar activitats extraescolars, vetllar pels serveis de menjador\/acollida, organitzar festes i representar les fam\u00edlies al Consell Escolar.<\/span><\/li>\n<li data-hveid=\"CAMQAg\" data-processed=\"true\"><span class=\"T286Pc\" data-sfc-cp=\"\" data-processed=\"true\"><strong class=\"Yjhzub\" data-processed=\"true\">Funcionament:<\/strong>\u00a0S&#8217;estructura mitjan\u00e7ant una junta directiva i diverses comissions de treball, triades en assemblea.<\/span><\/li>\n<\/ul>\n<p>Aquest \u00e9s l\u2019enlla\u00e7 a la seva web de l&#8217;AFA de la nostra escola.<\/p>\n<p><a href=\"http:\/\/amparibagorana.blogspot.com\/\" target=\"_blank\" rel=\"noopener\">http:\/\/amparibagorana.<wbr \/>blogspot.com\/<\/a><\/p>\n","protected":false},"excerpt":{"rendered":"<p>L&#8217;AFA (Associaci\u00f3 de Fam\u00edlies d&#8217;Alumnes) \u00e9s una\u00a0entitat volunt\u00e0ria i sense \u00e0nim de lucre, formada per pares, mares i tutors d&#8217;un centre educatiu, que promou la participaci\u00f3 i col\u00b7labora en les activitats educatives. \u00c9s el principal interlocutor amb l&#8217;escola, vetllant per una educaci\u00f3 de qualitat, l&#8217;organitzaci\u00f3 d&#8217;activitats i la conciliaci\u00f3.\u00a0 Objectius:\u00a0Millorar la qualitat de l&#8217;ensenyament, representar [&hellip;]<\/p>\n","protected":false},"author":1,"featured_media":0,"parent":0,"menu_order":0,"comment_status":"closed","ping_status":"closed","template":"","meta":{"_bbp_topic_count":0,"_bbp_reply_count":0,"_bbp_total_topic_count":0,"_bbp_total_reply_count":0,"_bbp_voice_count":0,"_bbp_anonymous_reply_count":0,"_bbp_topic_count_hidden":0,"_bbp_reply_count_hidden":0,"_bbp_forum_subforum_count":0,"site-sidebar-layout":"default","site-content-layout":"","ast-site-content-layout":"default","site-content-style":"default","site-sidebar-style":"default","ast-global-header-display":"","ast-banner-title-visibility":"","ast-main-header-display":"","ast-hfb-above-header-display":"","ast-hfb-below-header-display":"","ast-hfb-mobile-header-display":"","site-post-title":"","ast-breadcrumbs-content":"","ast-featured-img":"","footer-sml-layout":"","theme-transparent-header-meta":"default","adv-header-id-meta":"","stick-header-meta":"","header-above-stick-meta":"","header-main-stick-meta":"","header-below-stick-meta":"","astra-migrate-meta-layouts":"set","ast-page-background-enabled":"default","ast-page-background-meta":{"desktop":{"background-color":"var(--ast-global-color-4)","background-image":"","background-repeat":"repeat","background-position":"center center","background-size":"auto","background-attachment":"scroll","background-type":"","background-media":"","overlay-type":"","overlay-color":"","overlay-opacity":"","overlay-gradient":""},"tablet":{"background-color":"","background-image":"","background-repeat":"repeat","background-position":"center center","background-size":"auto","background-attachment":"scroll","background-type":"","background-media":"","overlay-type":"","overlay-color":"","overlay-opacity":"","overlay-gradient":""},"mobile":{"background-color":"","background-image":"","background-repeat":"repeat","background-position":"center center","background-size":"auto","background-attachment":"scroll","background-type":"","background-media":"","overlay-type":"","overlay-color":"","overlay-opacity":"","overlay-gradient":""}},"ast-content-background-meta":{"desktop":{"background-color":"var(--ast-global-color-5)","background-image":"","background-repeat":"repeat","background-position":"center center","background-size":"auto","background-attachment":"scroll","background-type":"","background-media":"","overlay-type":"","overlay-color":"","overlay-opacity":"","overlay-gradient":""},"tablet":{"background-color":"var(--ast-global-color-5)","background-image":"","background-repeat":"repeat","background-position":"center center","background-size":"auto","background-attachment":"scroll","background-type":"","background-media":"","overlay-type":"","overlay-color":"","overlay-opacity":"","overlay-gradient":""},"mobile":{"background-color":"var(--ast-global-color-5)","background-image":"","background-repeat":"repeat","background-position":"center center","background-size":"auto","background-attachment":"scroll","background-type":"","background-media":"","overlay-type":"","overlay-color":"","overlay-opacity":"","overlay-gradient":""}},"footnotes":""},"class_list":["post-1021","page","type-page","status-publish","hentry"],"post_mailing_queue_ids":[],"_links":{"self":[{"href":"https:\/\/agora.xtec.cat\/escola-ribagorcana\/wp-json\/wp\/v2\/pages\/1021","targetHints":{"allow":["GET"]}}],"collection":[{"href":"https:\/\/agora.xtec.cat\/escola-ribagorcana\/wp-json\/wp\/v2\/pages"}],"about":[{"href":"https:\/\/agora.xtec.cat\/escola-ribagorcana\/wp-json\/wp\/v2\/types\/page"}],"author":[{"embeddable":true,"href":"https:\/\/agora.xtec.cat\/escola-ribagorcana\/wp-json\/wp\/v2\/users\/1"}],"replies":[{"embeddable":true,"href":"https:\/\/agora.xtec.cat\/escola-ribagorcana\/wp-json\/wp\/v2\/comments?post=1021"}],"version-history":[{"count":2,"href":"https:\/\/agora.xtec.cat\/escola-ribagorcana\/wp-json\/wp\/v2\/pages\/1021\/revisions"}],"predecessor-version":[{"id":1023,"href":"https:\/\/agora.xtec.cat\/escola-ribagorcana\/wp-json\/wp\/v2\/pages\/1021\/revisions\/1023"}],"wp:attachment":[{"href":"https:\/\/agora.xtec.cat\/escola-ribagorcana\/wp-json\/wp\/v2\/media?parent=1021"}],"curies":[{"name":"wp","href":"https:\/\/api.w.org\/{rel}","templated":true}]}}