{"id":9499,"date":"2025-03-08T09:11:57","date_gmt":"2025-03-08T08:11:57","guid":{"rendered":"https:\/\/agora.xtec.cat\/escola-ramonmuntaner\/?page_id=9499"},"modified":"2025-03-08T09:14:40","modified_gmt":"2025-03-08T08:14:40","slug":"com-treballem-les-matematiques","status":"publish","type":"page","link":"https:\/\/agora.xtec.cat\/escola-ramonmuntaner\/com-treballem-les-matematiques\/","title":{"rendered":"Com treballem les matem\u00e0tiques?"},"content":{"rendered":"<h3 data-start=\"0\" data-end=\"59\"><strong data-start=\"4\" data-end=\"57\">Les matem\u00e0tiques a la nostra escola.<\/strong><\/h3>\n<p data-start=\"61\" data-end=\"400\">A la nostra escola creiem en un aprenentatge de les matem\u00e0tiques que sigui <strong data-start=\"136\" data-end=\"200\">significatiu, competencial i adaptat al ritme de cada alumne<\/strong>. Per aix\u00f2, treballem aquesta mat\u00e8ria a trav\u00e9s d\u2019<strong data-start=\"249\" data-end=\"262\">Innovamat<\/strong>,\u00a0 que ens ajuda a\u00a0 transforma la manera d\u2019ensenyar i aprendre les matem\u00e0tiques, fent-les m\u00e9s vivencials, manipulatives i estimulants.<\/p>\n<p data-start=\"402\" data-end=\"628\">Aquesta manera de treballar est\u00e0 en l\u00ednia amb el <strong data-start=\"451\" data-end=\"485\">Curr\u00edculum d\u2019Educaci\u00f3 Prim\u00e0ria<\/strong>, que posa \u00e8mfasi en el desenvolupament del <strong data-start=\"529\" data-end=\"625\">pensament matem\u00e0tic, la resoluci\u00f3 de problemes, el raonament l\u00f2gic i el treball competencial<\/strong>.<\/p>\n<p data-start=\"630\" data-end=\"789\">\ud83d\udd17 <strong data-start=\"633\" data-end=\"685\">Consulta el curr\u00edculum d\u2019educaci\u00f3 prim\u00e0ria aqu\u00ed:<\/strong> <a target=\"_new\" rel=\"noopener\" data-start=\"686\" data-end=\"787\">Curr\u00edculum d\u2019Educaci\u00f3 Prim\u00e0ria<\/a><\/p>\n<h3 data-start=\"791\" data-end=\"819\"><strong data-start=\"795\" data-end=\"817\">Per qu\u00e8 Innovamat?<\/strong><\/h3>\n<p data-start=\"821\" data-end=\"1019\">Innovamat ens proporciona una estructura d\u2019aprenentatge flexible i personalitzada, basada en la investigaci\u00f3 pedag\u00f2gica i en les \u00faltimes tend\u00e8ncies en educaci\u00f3 matem\u00e0tica. Amb aquesta metodologia:<\/p>\n<p data-start=\"1021\" data-end=\"1254\">\u2705 <strong data-start=\"1023\" data-end=\"1074\">Les matem\u00e0tiques es viuen i es comprenen millor<\/strong>: Els infants descobreixen conceptes mitjan\u00e7ant la manipulaci\u00f3 d\u2019objectes, la resoluci\u00f3 de reptes i el di\u00e0leg matem\u00e0tic, afavorint el <strong data-start=\"1208\" data-end=\"1251\">raonament i la connexi\u00f3 entre conceptes<\/strong>.<\/p>\n<p data-start=\"1256\" data-end=\"1445\">\u2705 <strong data-start=\"1258\" data-end=\"1294\">S\u2019adapta al ritme de cada alumne<\/strong>: Segons el curr\u00edculum, l\u2019aprenentatge ha de ser <strong data-start=\"1343\" data-end=\"1381\">inclusiu i respectar la diversitat<\/strong>, permetent que cada infant avanci segons el seu propi proc\u00e9s.<\/p>\n<p data-start=\"1447\" data-end=\"1725\">\u2705 <strong data-start=\"1449\" data-end=\"1504\">Es fomenta el raonament i la resoluci\u00f3 de problemes<\/strong>: El curr\u00edculum estableix que els alumnes han de desenvolupar estrat\u00e8gies per resoldre problemes en diferents contextos, i amb Innovamat treballem aquesta habilitat de manera progressiva i aplicada a la vida quotidiana.<\/p>\n<p data-start=\"1727\" data-end=\"1939\">\u2705 <strong data-start=\"1729\" data-end=\"1782\">Inclou recursos digitals i materials manipulatius<\/strong>: L\u2019\u00fas de diferents eines facilita un <strong data-start=\"1820\" data-end=\"1857\">aprenentatge actiu i experimental<\/strong>, tal com recomana el curr\u00edculum per a la construcci\u00f3 del coneixement matem\u00e0tic.<\/p>\n<p data-start=\"1941\" data-end=\"2174\">\u2705 <strong data-start=\"1943\" data-end=\"1990\">Es treballa en grup i de manera cooperativa<\/strong>: El curr\u00edculum destaca la import\u00e0ncia de la <strong data-start=\"2035\" data-end=\"2084\">interacci\u00f3 entre iguals i el treball en equip<\/strong> per a la construcci\u00f3 del coneixement, aspectes fonamentals en la metodologia Innovamat.<\/p>\n<h3 data-start=\"2176\" data-end=\"2226\"><strong data-start=\"2180\" data-end=\"2224\">Un aprenentatge competencial i vivencial<\/strong><\/h3>\n<p data-start=\"2228\" data-end=\"2482\">A trav\u00e9s d\u2019Innovamat, els nostres alumnes viuen les matem\u00e0tiques com una eina per comprendre el m\u00f3n, desenvolupant el <strong data-start=\"2346\" data-end=\"2394\">pensament cr\u00edtic, la l\u00f2gica i la creativitat<\/strong>. A m\u00e9s, aquesta metodologia connecta amb les directrius del curr\u00edculum, que promouen:<\/p>\n<p data-start=\"2484\" data-end=\"2812\">\ud83d\udccc <strong data-start=\"2487\" data-end=\"2518\">L\u2019aprenentatge competencial<\/strong>, amb situacions reals i aplicacions pr\u00e0ctiques.<br data-start=\"2566\" data-end=\"2569\" \/>\ud83d\udccc <strong data-start=\"2572\" data-end=\"2600\">L\u2019autonomia de l\u2019alumnat<\/strong>, donant eines perqu\u00e8 cada infant desenvolupi el seu propi pensament matem\u00e0tic.<br data-start=\"2679\" data-end=\"2682\" \/>\ud83d\udccc <strong data-start=\"2685\" data-end=\"2750\">L\u2019\u00fas de diferents estrat\u00e8gies per a la resoluci\u00f3 de problemes<\/strong>, treballant el <strong data-start=\"2766\" data-end=\"2809\">raonament l\u00f2gic i el pensament flexible<\/strong>.<\/p>\n<p data-start=\"2814\" data-end=\"2956\">\ud83d\udca1 <strong data-start=\"2817\" data-end=\"2954\">A la nostra escola no nom\u00e9s ensenyem matem\u00e0tiques, sin\u00f3 que ajudem els infants a gaudir-ne i entendre-les d\u2019una manera significativa!<\/strong><\/p>\n","protected":false},"excerpt":{"rendered":"<p>Les matem\u00e0tiques a la nostra escola. A la nostra escola creiem en un aprenentatge de les matem\u00e0tiques que sigui significatiu, [&hellip;]<\/p>\n","protected":false},"author":1,"featured_media":0,"parent":0,"menu_order":0,"comment_status":"closed","ping_status":"closed","template":"","meta":{"_bbp_topic_count":0,"_bbp_reply_count":0,"_bbp_total_topic_count":0,"_bbp_total_reply_count":0,"_bbp_voice_count":0,"_bbp_anonymous_reply_count":0,"_bbp_topic_count_hidden":0,"_bbp_reply_count_hidden":0,"_bbp_forum_subforum_count":0,"site-sidebar-layout":"default","site-content-layout":"","ast-site-content-layout":"default","site-content-style":"default","site-sidebar-style":"default","ast-global-header-display":"","ast-banner-title-visibility":"","ast-main-header-display":"","ast-hfb-above-header-display":"","ast-hfb-below-header-display":"","ast-hfb-mobile-header-display":"","site-post-title":"","ast-breadcrumbs-content":"","ast-featured-img":"","footer-sml-layout":"","theme-transparent-header-meta":"default","adv-header-id-meta":"","stick-header-meta":"","header-above-stick-meta":"","header-main-stick-meta":"","header-below-stick-meta":"","astra-migrate-meta-layouts":"set","ast-page-background-enabled":"default","ast-page-background-meta":{"desktop":{"background-color":"var(--ast-global-color-4)","background-image":"","background-repeat":"repeat","background-position":"center center","background-size":"auto","background-attachment":"scroll","background-type":"","background-media":"","overlay-type":"","overlay-color":"","overlay-opacity":"","overlay-gradient":""},"tablet":{"background-color":"","background-image":"","background-repeat":"repeat","background-position":"center center","background-size":"auto","background-attachment":"scroll","background-type":"","background-media":"","overlay-type":"","overlay-color":"","overlay-opacity":"","overlay-gradient":""},"mobile":{"background-color":"","background-image":"","background-repeat":"repeat","background-position":"center center","background-size":"auto","background-attachment":"scroll","background-type":"","background-media":"","overlay-type":"","overlay-color":"","overlay-opacity":"","overlay-gradient":""}},"ast-content-background-meta":{"desktop":{"background-color":"var(--ast-global-color-5)","background-image":"","background-repeat":"repeat","background-position":"center center","background-size":"auto","background-attachment":"scroll","background-type":"","background-media":"","overlay-type":"","overlay-color":"","overlay-opacity":"","overlay-gradient":""},"tablet":{"background-color":"var(--ast-global-color-5)","background-image":"","background-repeat":"repeat","background-position":"center center","background-size":"auto","background-attachment":"scroll","background-type":"","background-media":"","overlay-type":"","overlay-color":"","overlay-opacity":"","overlay-gradient":""},"mobile":{"background-color":"var(--ast-global-color-5)","background-image":"","background-repeat":"repeat","background-position":"center center","background-size":"auto","background-attachment":"scroll","background-type":"","background-media":"","overlay-type":"","overlay-color":"","overlay-opacity":"","overlay-gradient":""}},"footnotes":""},"class_list":["post-9499","page","type-page","status-publish","hentry"],"post_mailing_queue_ids":[],"_links":{"self":[{"href":"https:\/\/agora.xtec.cat\/escola-ramonmuntaner\/wp-json\/wp\/v2\/pages\/9499","targetHints":{"allow":["GET"]}}],"collection":[{"href":"https:\/\/agora.xtec.cat\/escola-ramonmuntaner\/wp-json\/wp\/v2\/pages"}],"about":[{"href":"https:\/\/agora.xtec.cat\/escola-ramonmuntaner\/wp-json\/wp\/v2\/types\/page"}],"author":[{"embeddable":true,"href":"https:\/\/agora.xtec.cat\/escola-ramonmuntaner\/wp-json\/wp\/v2\/users\/1"}],"replies":[{"embeddable":true,"href":"https:\/\/agora.xtec.cat\/escola-ramonmuntaner\/wp-json\/wp\/v2\/comments?post=9499"}],"version-history":[{"count":2,"href":"https:\/\/agora.xtec.cat\/escola-ramonmuntaner\/wp-json\/wp\/v2\/pages\/9499\/revisions"}],"predecessor-version":[{"id":9501,"href":"https:\/\/agora.xtec.cat\/escola-ramonmuntaner\/wp-json\/wp\/v2\/pages\/9499\/revisions\/9501"}],"wp:attachment":[{"href":"https:\/\/agora.xtec.cat\/escola-ramonmuntaner\/wp-json\/wp\/v2\/media?parent=9499"}],"curies":[{"name":"wp","href":"https:\/\/api.w.org\/{rel}","templated":true}]}}