{"id":9467,"date":"2025-02-06T11:05:52","date_gmt":"2025-02-06T10:05:52","guid":{"rendered":"https:\/\/agora.xtec.cat\/escola-ramonmuntaner\/?page_id=9467"},"modified":"2025-06-26T10:07:17","modified_gmt":"2025-06-26T08:07:17","slug":"acollida-matinal-2","status":"publish","type":"page","link":"https:\/\/agora.xtec.cat\/escola-ramonmuntaner\/acollida-matinal-2\/","title":{"rendered":"Servei d\u2019acollida matinal \u2013 Curs 2025-26"},"content":{"rendered":"<p data-start=\"154\" data-end=\"343\">L\u2019AFA Ramon Muntaner ofereix el servei d\u2019acollida per a alumnes d\u2019Infantil i Prim\u00e0ria, pensat per ajudar les fam\u00edlies que necessiten deixar els seus fills abans de l\u2019inici de les classes.<br \/>\n\ud83d\udd70\ufe0f <strong data-start=\"349\" data-end=\"360\">Horari:<\/strong><\/p>\n<ul>\n<li data-start=\"365\" data-end=\"397\">Franja 1: 7:30 h a 9:00 h<\/li>\n<li data-start=\"365\" data-end=\"397\">Franja 2: 8:15 h a 9:00 h<\/li>\n<\/ul>\n<p data-start=\"433\" data-end=\"573\">\ud83c\udfa8 <strong data-start=\"436\" data-end=\"451\">Activitats:<\/strong><br data-start=\"451\" data-end=\"454\" \/>Els infants realitzen activitats tranquilles i l\u00fadiques com jocs de taula, manualitats, contes, lectura o joc exterior.<\/p>\n<p data-start=\"575\" data-end=\"692\">\ud83d\udc67\ud83e\uddd2 <strong data-start=\"580\" data-end=\"592\">Usuaris:<\/strong><br data-start=\"592\" data-end=\"595\" \/>Poden fer \u00fas del servei tots els alumnes matriculats al centre, amb inscripci\u00f3 fixa o espor\u00e0dica.<\/p>\n<p data-start=\"694\" data-end=\"728\">\ud83d\udcdd <strong data-start=\"697\" data-end=\"726\">Inscripcions i pagaments:<\/strong><\/p>\n<ul data-start=\"729\" data-end=\"947\">\n<li data-start=\"729\" data-end=\"803\">\n<p data-start=\"731\" data-end=\"803\">Servei fix: amb inscripci\u00f3 pr\u00e8via i pagament mensual per banc.<\/p>\n<\/li>\n<li data-start=\"804\" data-end=\"947\">\n<p data-start=\"806\" data-end=\"947\">Servei espor\u00e0dic: mitjan\u00e7ant TPV, amb o sense inscripci\u00f3 pr\u00e8via.<br data-start=\"870\" data-end=\"873\" \/>En casos puntuals, es poden contractar mesos solts contactant amb l\u2019AFA.<\/p>\n<\/li>\n<\/ul>\n<p data-start=\"1137\" data-end=\"1166\">\ud83d\udccc <strong data-start=\"1140\" data-end=\"1164\">Normativa destacada:<\/strong><\/p>\n<ul data-start=\"1167\" data-end=\"1446\">\n<li data-start=\"1167\" data-end=\"1247\">\n<p data-start=\"1169\" data-end=\"1247\">Els imports es paguen per avan\u00e7at i no es retornaran per abs\u00e8ncies puntuals.<\/p>\n<\/li>\n<li data-start=\"1248\" data-end=\"1329\">\n<p data-start=\"1250\" data-end=\"1329\">Cal notificar qualsevol modificaci\u00f3 o baixa amb 15 dies d&#8217;antelaci\u00f3 a <a class=\"cursor-pointer\" rel=\"noopener\" data-start=\"1310\" data-end=\"1326\">afa@muntaner.cat<\/a>.<\/p>\n<\/li>\n<li data-start=\"1330\" data-end=\"1446\">\n<p data-start=\"1332\" data-end=\"1446\">Els impagaments poden implicar la suspensi\u00f3 del servei i la impossibilitat d\u2019accedir a altres activitats de l\u2019AFA.<\/p>\n<\/li>\n<\/ul>\n<p><a href=\"https:\/\/agora.xtec.cat\/escola-ramonmuntaner\/wp-content\/uploads\/usu445\/2025\/06\/Acollida.png\"><img loading=\"lazy\" decoding=\"async\" class=\"alignnone size-medium wp-image-9625\" src=\"https:\/\/agora.xtec.cat\/escola-ramonmuntaner\/wp-content\/uploads\/usu445\/2025\/06\/Acollida-212x300.png\" alt=\"\" width=\"212\" height=\"300\" srcset=\"https:\/\/agora.xtec.cat\/escola-ramonmuntaner\/wp-content\/uploads\/usu445\/2025\/06\/Acollida-212x300.png 212w, https:\/\/agora.xtec.cat\/escola-ramonmuntaner\/wp-content\/uploads\/usu445\/2025\/06\/Acollida-724x1024.png 724w, https:\/\/agora.xtec.cat\/escola-ramonmuntaner\/wp-content\/uploads\/usu445\/2025\/06\/Acollida-768x1086.png 768w, https:\/\/agora.xtec.cat\/escola-ramonmuntaner\/wp-content\/uploads\/usu445\/2025\/06\/Acollida-1086x1536.png 1086w, https:\/\/agora.xtec.cat\/escola-ramonmuntaner\/wp-content\/uploads\/usu445\/2025\/06\/Acollida.png 1414w\" sizes=\"auto, (max-width: 212px) 100vw, 212px\" \/><\/a><\/p>\n<p><strong data-start=\"1453\" data-end=\"1534\">Per a qualsevol dubte o gesti\u00f3, podeu contactar amb l\u2019AFA a <a class=\"cursor-pointer\" rel=\"noopener\" data-start=\"1515\" data-end=\"1531\">afa@muntaner.cat<\/a>.<\/strong><\/p>\n","protected":false},"excerpt":{"rendered":"<p>L\u2019AFA Ramon Muntaner ofereix el servei d\u2019acollida per a alumnes d\u2019Infantil i Prim\u00e0ria, pensat per ajudar les fam\u00edlies que necessiten [&hellip;]<\/p>\n","protected":false},"author":1,"featured_media":0,"parent":0,"menu_order":0,"comment_status":"closed","ping_status":"closed","template":"","meta":{"_bbp_topic_count":0,"_bbp_reply_count":0,"_bbp_total_topic_count":0,"_bbp_total_reply_count":0,"_bbp_voice_count":0,"_bbp_anonymous_reply_count":0,"_bbp_topic_count_hidden":0,"_bbp_reply_count_hidden":0,"_bbp_forum_subforum_count":0,"site-sidebar-layout":"default","site-content-layout":"","ast-site-content-layout":"default","site-content-style":"default","site-sidebar-style":"default","ast-global-header-display":"","ast-banner-title-visibility":"","ast-main-header-display":"","ast-hfb-above-header-display":"","ast-hfb-below-header-display":"","ast-hfb-mobile-header-display":"","site-post-title":"","ast-breadcrumbs-content":"","ast-featured-img":"","footer-sml-layout":"","theme-transparent-header-meta":"default","adv-header-id-meta":"","stick-header-meta":"","header-above-stick-meta":"","header-main-stick-meta":"","header-below-stick-meta":"","astra-migrate-meta-layouts":"set","ast-page-background-enabled":"default","ast-page-background-meta":{"desktop":{"background-color":"var(--ast-global-color-4)","background-image":"","background-repeat":"repeat","background-position":"center center","background-size":"auto","background-attachment":"scroll","background-type":"","background-media":"","overlay-type":"","overlay-color":"","overlay-opacity":"","overlay-gradient":""},"tablet":{"background-color":"","background-image":"","background-repeat":"repeat","background-position":"center center","background-size":"auto","background-attachment":"scroll","background-type":"","background-media":"","overlay-type":"","overlay-color":"","overlay-opacity":"","overlay-gradient":""},"mobile":{"background-color":"","background-image":"","background-repeat":"repeat","background-position":"center center","background-size":"auto","background-attachment":"scroll","background-type":"","background-media":"","overlay-type":"","overlay-color":"","overlay-opacity":"","overlay-gradient":""}},"ast-content-background-meta":{"desktop":{"background-color":"var(--ast-global-color-5)","background-image":"","background-repeat":"repeat","background-position":"center center","background-size":"auto","background-attachment":"scroll","background-type":"","background-media":"","overlay-type":"","overlay-color":"","overlay-opacity":"","overlay-gradient":""},"tablet":{"background-color":"var(--ast-global-color-5)","background-image":"","background-repeat":"repeat","background-position":"center center","background-size":"auto","background-attachment":"scroll","background-type":"","background-media":"","overlay-type":"","overlay-color":"","overlay-opacity":"","overlay-gradient":""},"mobile":{"background-color":"var(--ast-global-color-5)","background-image":"","background-repeat":"repeat","background-position":"center center","background-size":"auto","background-attachment":"scroll","background-type":"","background-media":"","overlay-type":"","overlay-color":"","overlay-opacity":"","overlay-gradient":""}},"footnotes":""},"class_list":["post-9467","page","type-page","status-publish","hentry"],"post_mailing_queue_ids":[],"_links":{"self":[{"href":"https:\/\/agora.xtec.cat\/escola-ramonmuntaner\/wp-json\/wp\/v2\/pages\/9467","targetHints":{"allow":["GET"]}}],"collection":[{"href":"https:\/\/agora.xtec.cat\/escola-ramonmuntaner\/wp-json\/wp\/v2\/pages"}],"about":[{"href":"https:\/\/agora.xtec.cat\/escola-ramonmuntaner\/wp-json\/wp\/v2\/types\/page"}],"author":[{"embeddable":true,"href":"https:\/\/agora.xtec.cat\/escola-ramonmuntaner\/wp-json\/wp\/v2\/users\/1"}],"replies":[{"embeddable":true,"href":"https:\/\/agora.xtec.cat\/escola-ramonmuntaner\/wp-json\/wp\/v2\/comments?post=9467"}],"version-history":[{"count":6,"href":"https:\/\/agora.xtec.cat\/escola-ramonmuntaner\/wp-json\/wp\/v2\/pages\/9467\/revisions"}],"predecessor-version":[{"id":9630,"href":"https:\/\/agora.xtec.cat\/escola-ramonmuntaner\/wp-json\/wp\/v2\/pages\/9467\/revisions\/9630"}],"wp:attachment":[{"href":"https:\/\/agora.xtec.cat\/escola-ramonmuntaner\/wp-json\/wp\/v2\/media?parent=9467"}],"curies":[{"name":"wp","href":"https:\/\/api.w.org\/{rel}","templated":true}]}}