{"id":9460,"date":"2025-02-06T11:00:22","date_gmt":"2025-02-06T10:00:22","guid":{"rendered":"https:\/\/agora.xtec.cat\/escola-ramonmuntaner\/?page_id=9460"},"modified":"2025-06-26T12:24:05","modified_gmt":"2025-06-26T10:24:05","slug":"menjador","status":"publish","type":"page","link":"https:\/\/agora.xtec.cat\/escola-ramonmuntaner\/menjador\/","title":{"rendered":"MENJADOR"},"content":{"rendered":"<p data-start=\"153\" data-end=\"357\">El servei de menjador de l\u2019Escola Ramon Muntaner \u00e9s un espai educatiu i complementari, obert a tot l\u2019alumnat d\u2019infantil i prim\u00e0ria, que fomenta h\u00e0bits saludables i la conviv\u00e8ncia en un ambient tranquil.<\/p>\n<p data-start=\"359\" data-end=\"428\">Els infants poden fer \u00fas del servei de menjador en dues modalitats:<\/p>\n<ul data-start=\"429\" data-end=\"558\">\n<li data-start=\"429\" data-end=\"504\">\n<p data-start=\"431\" data-end=\"504\"><strong data-start=\"431\" data-end=\"446\">Alumnat fix<\/strong>: amb pagament mensual mitjan\u00e7ant domiciliaci\u00f3 banc\u00e0ria.<\/p>\n<\/li>\n<li data-start=\"505\" data-end=\"558\">\n<p data-start=\"507\" data-end=\"558\"><strong data-start=\"507\" data-end=\"528\">Alumnat espor\u00e0dic<\/strong>: amb compra pr\u00e8via de tiquet.<\/p>\n<\/li>\n<\/ul>\n<p data-start=\"560\" data-end=\"773\">Els men\u00fas s\u00f3n equilibrats, supervisats per un dietista, amb especial atenci\u00f3 a les necessitats aliment\u00e0ries (al\u00b7l\u00e8rgies, intoler\u00e0ncies o motius culturals), i es fan servir productes de temporada i de proximitat.<\/p>\n<p data-start=\"775\" data-end=\"971\">Amb el suport d\u2019un equip de monitors i monitores amb formaci\u00f3 espec\u00edfica, es vetlla perqu\u00e8 l\u2019estona del migdia sigui tamb\u00e9 educativa i de lleure, treballant h\u00e0bits d\u2019higiene, autonomia i respecte.<\/p>\n<p data-start=\"775\" data-end=\"971\"><a href=\"https:\/\/agora.xtec.cat\/escola-ramonmuntaner\/wp-content\/uploads\/usu445\/2025\/06\/Menjador.png\"><img loading=\"lazy\" decoding=\"async\" class=\"alignnone size-medium wp-image-9635\" src=\"https:\/\/agora.xtec.cat\/escola-ramonmuntaner\/wp-content\/uploads\/usu445\/2025\/06\/Menjador-212x300.png\" alt=\"\" width=\"212\" height=\"300\" srcset=\"https:\/\/agora.xtec.cat\/escola-ramonmuntaner\/wp-content\/uploads\/usu445\/2025\/06\/Menjador-212x300.png 212w, https:\/\/agora.xtec.cat\/escola-ramonmuntaner\/wp-content\/uploads\/usu445\/2025\/06\/Menjador-724x1024.png 724w, https:\/\/agora.xtec.cat\/escola-ramonmuntaner\/wp-content\/uploads\/usu445\/2025\/06\/Menjador-768x1086.png 768w, https:\/\/agora.xtec.cat\/escola-ramonmuntaner\/wp-content\/uploads\/usu445\/2025\/06\/Menjador-1086x1536.png 1086w, https:\/\/agora.xtec.cat\/escola-ramonmuntaner\/wp-content\/uploads\/usu445\/2025\/06\/Menjador.png 1414w\" sizes=\"auto, (max-width: 212px) 100vw, 212px\" \/><\/a><\/p>\n","protected":false},"excerpt":{"rendered":"<p>El servei de menjador de l\u2019Escola Ramon Muntaner \u00e9s un espai educatiu i complementari, obert a tot l\u2019alumnat d\u2019infantil i [&hellip;]<\/p>\n","protected":false},"author":1,"featured_media":0,"parent":0,"menu_order":0,"comment_status":"closed","ping_status":"closed","template":"","meta":{"_bbp_topic_count":0,"_bbp_reply_count":0,"_bbp_total_topic_count":0,"_bbp_total_reply_count":0,"_bbp_voice_count":0,"_bbp_anonymous_reply_count":0,"_bbp_topic_count_hidden":0,"_bbp_reply_count_hidden":0,"_bbp_forum_subforum_count":0,"site-sidebar-layout":"default","site-content-layout":"","ast-site-content-layout":"default","site-content-style":"default","site-sidebar-style":"default","ast-global-header-display":"","ast-banner-title-visibility":"","ast-main-header-display":"","ast-hfb-above-header-display":"","ast-hfb-below-header-display":"","ast-hfb-mobile-header-display":"","site-post-title":"","ast-breadcrumbs-content":"","ast-featured-img":"","footer-sml-layout":"","theme-transparent-header-meta":"default","adv-header-id-meta":"","stick-header-meta":"","header-above-stick-meta":"","header-main-stick-meta":"","header-below-stick-meta":"","astra-migrate-meta-layouts":"set","ast-page-background-enabled":"default","ast-page-background-meta":{"desktop":{"background-color":"var(--ast-global-color-4)","background-image":"","background-repeat":"repeat","background-position":"center center","background-size":"auto","background-attachment":"scroll","background-type":"","background-media":"","overlay-type":"","overlay-color":"","overlay-opacity":"","overlay-gradient":""},"tablet":{"background-color":"","background-image":"","background-repeat":"repeat","background-position":"center center","background-size":"auto","background-attachment":"scroll","background-type":"","background-media":"","overlay-type":"","overlay-color":"","overlay-opacity":"","overlay-gradient":""},"mobile":{"background-color":"","background-image":"","background-repeat":"repeat","background-position":"center center","background-size":"auto","background-attachment":"scroll","background-type":"","background-media":"","overlay-type":"","overlay-color":"","overlay-opacity":"","overlay-gradient":""}},"ast-content-background-meta":{"desktop":{"background-color":"var(--ast-global-color-5)","background-image":"","background-repeat":"repeat","background-position":"center center","background-size":"auto","background-attachment":"scroll","background-type":"","background-media":"","overlay-type":"","overlay-color":"","overlay-opacity":"","overlay-gradient":""},"tablet":{"background-color":"var(--ast-global-color-5)","background-image":"","background-repeat":"repeat","background-position":"center center","background-size":"auto","background-attachment":"scroll","background-type":"","background-media":"","overlay-type":"","overlay-color":"","overlay-opacity":"","overlay-gradient":""},"mobile":{"background-color":"var(--ast-global-color-5)","background-image":"","background-repeat":"repeat","background-position":"center center","background-size":"auto","background-attachment":"scroll","background-type":"","background-media":"","overlay-type":"","overlay-color":"","overlay-opacity":"","overlay-gradient":""}},"footnotes":""},"class_list":["post-9460","page","type-page","status-publish","hentry"],"post_mailing_queue_ids":[],"_links":{"self":[{"href":"https:\/\/agora.xtec.cat\/escola-ramonmuntaner\/wp-json\/wp\/v2\/pages\/9460","targetHints":{"allow":["GET"]}}],"collection":[{"href":"https:\/\/agora.xtec.cat\/escola-ramonmuntaner\/wp-json\/wp\/v2\/pages"}],"about":[{"href":"https:\/\/agora.xtec.cat\/escola-ramonmuntaner\/wp-json\/wp\/v2\/types\/page"}],"author":[{"embeddable":true,"href":"https:\/\/agora.xtec.cat\/escola-ramonmuntaner\/wp-json\/wp\/v2\/users\/1"}],"replies":[{"embeddable":true,"href":"https:\/\/agora.xtec.cat\/escola-ramonmuntaner\/wp-json\/wp\/v2\/comments?post=9460"}],"version-history":[{"count":2,"href":"https:\/\/agora.xtec.cat\/escola-ramonmuntaner\/wp-json\/wp\/v2\/pages\/9460\/revisions"}],"predecessor-version":[{"id":9636,"href":"https:\/\/agora.xtec.cat\/escola-ramonmuntaner\/wp-json\/wp\/v2\/pages\/9460\/revisions\/9636"}],"wp:attachment":[{"href":"https:\/\/agora.xtec.cat\/escola-ramonmuntaner\/wp-json\/wp\/v2\/media?parent=9460"}],"curies":[{"name":"wp","href":"https:\/\/api.w.org\/{rel}","templated":true}]}}