{"id":9456,"date":"2025-02-06T10:56:11","date_gmt":"2025-02-06T09:56:11","guid":{"rendered":"https:\/\/agora.xtec.cat\/escola-ramonmuntaner\/?page_id=9456"},"modified":"2025-06-26T10:17:25","modified_gmt":"2025-06-26T08:17:25","slug":"informacio-afa","status":"publish","type":"page","link":"https:\/\/agora.xtec.cat\/escola-ramonmuntaner\/informacio-afa\/","title":{"rendered":"INFORMACI\u00d3 AFA"},"content":{"rendered":"<p data-start=\"102\" data-end=\"454\"><strong data-start=\"102\" data-end=\"119\">Qu\u00e8 \u00e9s l\u2019AFA?<\/strong><br data-start=\"119\" data-end=\"122\" \/>L\u2019AFA (Associaci\u00f3 de Fam\u00edlies d\u2019Alumnes) \u00e9s una entitat sense \u00e0nim de lucre formada per fam\u00edlies volunt\u00e0ries que treballem per millorar el benestar dels nostres fills i filles a l\u2019escola. Organitzem serveis com el menjador, l\u2019acollida, les activitats extraescolars i moltes altres iniciatives que fan m\u00e9s f\u00e0cil el dia a dia escolar.<\/p>\n<p data-start=\"456\" data-end=\"755\"><strong data-start=\"456\" data-end=\"480\">Vols formar-ne part?<\/strong><br data-start=\"480\" data-end=\"483\" \/>Qualsevol fam\u00edlia pot fer-se s\u00f2cia i beneficiar-se d\u2019avantatges en els nostres serveis. A m\u00e9s, si tens ganes d\u2019implicar-te m\u00e9s, <strong>pots formar part de la junta i col\u00b7laborar en les decisions i activitats que impulsem.<\/strong><br data-start=\"697\" data-end=\"700\" \/>T\u2019animes a sumar-t\u2019hi? T\u2019esperem amb els bra\u00e7os oberts!<\/p>\n<p><a href=\"https:\/\/agora.xtec.cat\/escola-ramonmuntaner\/wp-content\/uploads\/usu445\/2024\/11\/PRESENTACIO-AFA-ASSAMBLEA-24-25.pdf\">PRESENTACIO-AFA-ASSAMBLEA<\/a><\/p>\n<p><a href=\"https:\/\/agora.xtec.cat\/escola-ramonmuntaner\/wp-content\/uploads\/usu445\/2025\/06\/Preus-serveis-AFA-2-26.png\"><img loading=\"lazy\" decoding=\"async\" class=\"alignnone size-medium wp-image-9633\" src=\"https:\/\/agora.xtec.cat\/escola-ramonmuntaner\/wp-content\/uploads\/usu445\/2025\/06\/Preus-serveis-AFA-2-26-212x300.png\" alt=\"\" width=\"212\" height=\"300\" srcset=\"https:\/\/agora.xtec.cat\/escola-ramonmuntaner\/wp-content\/uploads\/usu445\/2025\/06\/Preus-serveis-AFA-2-26-212x300.png 212w, https:\/\/agora.xtec.cat\/escola-ramonmuntaner\/wp-content\/uploads\/usu445\/2025\/06\/Preus-serveis-AFA-2-26-724x1024.png 724w, https:\/\/agora.xtec.cat\/escola-ramonmuntaner\/wp-content\/uploads\/usu445\/2025\/06\/Preus-serveis-AFA-2-26-768x1086.png 768w, https:\/\/agora.xtec.cat\/escola-ramonmuntaner\/wp-content\/uploads\/usu445\/2025\/06\/Preus-serveis-AFA-2-26-1086x1536.png 1086w, https:\/\/agora.xtec.cat\/escola-ramonmuntaner\/wp-content\/uploads\/usu445\/2025\/06\/Preus-serveis-AFA-2-26.png 1414w\" sizes=\"auto, (max-width: 212px) 100vw, 212px\" \/><\/a><\/p>\n<p>&nbsp;<\/p>\n","protected":false},"excerpt":{"rendered":"<p>Qu\u00e8 \u00e9s l\u2019AFA?L\u2019AFA (Associaci\u00f3 de Fam\u00edlies d\u2019Alumnes) \u00e9s una entitat sense \u00e0nim de lucre formada per fam\u00edlies volunt\u00e0ries que treballem [&hellip;]<\/p>\n","protected":false},"author":1,"featured_media":0,"parent":0,"menu_order":0,"comment_status":"closed","ping_status":"closed","template":"","meta":{"_bbp_topic_count":0,"_bbp_reply_count":0,"_bbp_total_topic_count":0,"_bbp_total_reply_count":0,"_bbp_voice_count":0,"_bbp_anonymous_reply_count":0,"_bbp_topic_count_hidden":0,"_bbp_reply_count_hidden":0,"_bbp_forum_subforum_count":0,"site-sidebar-layout":"default","site-content-layout":"","ast-site-content-layout":"default","site-content-style":"default","site-sidebar-style":"default","ast-global-header-display":"","ast-banner-title-visibility":"","ast-main-header-display":"","ast-hfb-above-header-display":"","ast-hfb-below-header-display":"","ast-hfb-mobile-header-display":"","site-post-title":"","ast-breadcrumbs-content":"","ast-featured-img":"","footer-sml-layout":"","theme-transparent-header-meta":"default","adv-header-id-meta":"","stick-header-meta":"","header-above-stick-meta":"","header-main-stick-meta":"","header-below-stick-meta":"","astra-migrate-meta-layouts":"set","ast-page-background-enabled":"default","ast-page-background-meta":{"desktop":{"background-color":"var(--ast-global-color-4)","background-image":"","background-repeat":"repeat","background-position":"center center","background-size":"auto","background-attachment":"scroll","background-type":"","background-media":"","overlay-type":"","overlay-color":"","overlay-opacity":"","overlay-gradient":""},"tablet":{"background-color":"","background-image":"","background-repeat":"repeat","background-position":"center center","background-size":"auto","background-attachment":"scroll","background-type":"","background-media":"","overlay-type":"","overlay-color":"","overlay-opacity":"","overlay-gradient":""},"mobile":{"background-color":"","background-image":"","background-repeat":"repeat","background-position":"center center","background-size":"auto","background-attachment":"scroll","background-type":"","background-media":"","overlay-type":"","overlay-color":"","overlay-opacity":"","overlay-gradient":""}},"ast-content-background-meta":{"desktop":{"background-color":"var(--ast-global-color-5)","background-image":"","background-repeat":"repeat","background-position":"center center","background-size":"auto","background-attachment":"scroll","background-type":"","background-media":"","overlay-type":"","overlay-color":"","overlay-opacity":"","overlay-gradient":""},"tablet":{"background-color":"var(--ast-global-color-5)","background-image":"","background-repeat":"repeat","background-position":"center center","background-size":"auto","background-attachment":"scroll","background-type":"","background-media":"","overlay-type":"","overlay-color":"","overlay-opacity":"","overlay-gradient":""},"mobile":{"background-color":"var(--ast-global-color-5)","background-image":"","background-repeat":"repeat","background-position":"center center","background-size":"auto","background-attachment":"scroll","background-type":"","background-media":"","overlay-type":"","overlay-color":"","overlay-opacity":"","overlay-gradient":""}},"footnotes":""},"class_list":["post-9456","page","type-page","status-publish","hentry"],"post_mailing_queue_ids":[],"_links":{"self":[{"href":"https:\/\/agora.xtec.cat\/escola-ramonmuntaner\/wp-json\/wp\/v2\/pages\/9456","targetHints":{"allow":["GET"]}}],"collection":[{"href":"https:\/\/agora.xtec.cat\/escola-ramonmuntaner\/wp-json\/wp\/v2\/pages"}],"about":[{"href":"https:\/\/agora.xtec.cat\/escola-ramonmuntaner\/wp-json\/wp\/v2\/types\/page"}],"author":[{"embeddable":true,"href":"https:\/\/agora.xtec.cat\/escola-ramonmuntaner\/wp-json\/wp\/v2\/users\/1"}],"replies":[{"embeddable":true,"href":"https:\/\/agora.xtec.cat\/escola-ramonmuntaner\/wp-json\/wp\/v2\/comments?post=9456"}],"version-history":[{"count":6,"href":"https:\/\/agora.xtec.cat\/escola-ramonmuntaner\/wp-json\/wp\/v2\/pages\/9456\/revisions"}],"predecessor-version":[{"id":9634,"href":"https:\/\/agora.xtec.cat\/escola-ramonmuntaner\/wp-json\/wp\/v2\/pages\/9456\/revisions\/9634"}],"wp:attachment":[{"href":"https:\/\/agora.xtec.cat\/escola-ramonmuntaner\/wp-json\/wp\/v2\/media?parent=9456"}],"curies":[{"name":"wp","href":"https:\/\/api.w.org\/{rel}","templated":true}]}}