{"id":9446,"date":"2025-02-06T10:37:49","date_gmt":"2025-02-06T09:37:49","guid":{"rendered":"https:\/\/agora.xtec.cat\/escola-ramonmuntaner\/?page_id=9446"},"modified":"2025-11-07T14:05:07","modified_gmt":"2025-11-07T13:05:07","slug":"pla-funcionament-menjador","status":"publish","type":"page","link":"https:\/\/agora.xtec.cat\/escola-ramonmuntaner\/pla-funcionament-menjador\/","title":{"rendered":"PLA FUNCIONAMENT MENJADOR"},"content":{"rendered":"<h3><strong>\ud83c\udf7d Pla de funcionament del menjador escolar<\/strong><\/h3>\n<p>&nbsp;<\/p>\n<div>El menjador de l\u2019Escola Ramon Muntaner \u00e9s <strong>un servei educatiu i complementari<\/strong> que ofereix un espai segur, saludable i de conviv\u00e8ncia per a tot l\u2019alumnat d\u2019infantil i prim\u00e0ria. Durant el temps de migdia <strong>es treballen h\u00e0bits d\u2019alimentaci\u00f3, higiene, autonomia i respecte<\/strong>, amb activitats l\u00fadiques que promouen la cooperaci\u00f3 i el benestar.<\/div>\n<div><\/div>\n<div>El servei \u00e9s gestionat per l\u2019AFA, amb men\u00fas <strong>elaborats di\u00e0riament a la cuina del centre i supervisats per un\/a dietista<\/strong>. Es fomenta una alimentaci\u00f3 equilibrada, amb productes de temporada i men\u00fas adaptats a les diferents necessitats aliment\u00e0ries o culturals.<\/div>\n<div><\/div>\n<div>\ud83d\udc49 Pots consultar tots els detalls al document complet: <strong><a href=\"https:\/\/agora.xtec.cat\/escola-ramonmuntaner\/wp-content\/uploads\/usu445\/2025\/10\/FUNCIONAMENT-DE-MENJADOR-25-26.pdf\">FUNCIONAMENT DE MENJADOR 25-26<\/a><\/strong><\/div>\n<p>&nbsp;<\/p>\n<h3>\ud83e\udd1d Normes de conviv\u00e8ncia del menjador<\/h3>\n<p>El temps de menjador \u00e9s un espai educatiu compartit entre fam\u00edlies, escola i AFA, on treballem conjuntament per afavorir el benestar i el creixement personal dels infants.<\/p>\n<p>Les normes de conviv\u00e8ncia del menjador tenen com a objectiu garantir un ambient tranquil, respectu\u00f3s i positiu, on cada nen i nena aprengui a ser aut\u00f2nom, responsable i respectu\u00f3s amb els altres.<\/p>\n<p>Amb la col\u00b7laboraci\u00f3 de tothom \u2014fam\u00edlies, monitors\/es i equip docent\u2014, aconseguim que aquest espai sigui una continuaci\u00f3 dels valors educatius de l\u2019escola i una oportunitat m\u00e9s per aprendre a viure junts.<\/p>\n<p>\ud83d\udc49 Consulta el document complet aqu\u00ed:\u00a0<strong><a href=\"https:\/\/agora.xtec.cat\/escola-ramonmuntaner\/wp-content\/uploads\/usu445\/2025\/10\/NORMATIVA-MENJADOR-25-26.pdf\">NORMATIVA MENJADOR 25-26<\/a><\/strong><\/p>\n","protected":false},"excerpt":{"rendered":"<p>\ud83c\udf7d Pla de funcionament del menjador escolar &nbsp; El menjador de l\u2019Escola Ramon Muntaner \u00e9s un servei educatiu i complementari [&hellip;]<\/p>\n","protected":false},"author":1,"featured_media":0,"parent":0,"menu_order":0,"comment_status":"closed","ping_status":"closed","template":"","meta":{"_bbp_topic_count":0,"_bbp_reply_count":0,"_bbp_total_topic_count":0,"_bbp_total_reply_count":0,"_bbp_voice_count":0,"_bbp_anonymous_reply_count":0,"_bbp_topic_count_hidden":0,"_bbp_reply_count_hidden":0,"_bbp_forum_subforum_count":0,"site-sidebar-layout":"default","site-content-layout":"","ast-site-content-layout":"default","site-content-style":"default","site-sidebar-style":"default","ast-global-header-display":"","ast-banner-title-visibility":"","ast-main-header-display":"","ast-hfb-above-header-display":"","ast-hfb-below-header-display":"","ast-hfb-mobile-header-display":"","site-post-title":"","ast-breadcrumbs-content":"","ast-featured-img":"","footer-sml-layout":"","theme-transparent-header-meta":"default","adv-header-id-meta":"","stick-header-meta":"","header-above-stick-meta":"","header-main-stick-meta":"","header-below-stick-meta":"","astra-migrate-meta-layouts":"set","ast-page-background-enabled":"default","ast-page-background-meta":{"desktop":{"background-color":"var(--ast-global-color-4)","background-image":"","background-repeat":"repeat","background-position":"center center","background-size":"auto","background-attachment":"scroll","background-type":"","background-media":"","overlay-type":"","overlay-color":"","overlay-opacity":"","overlay-gradient":""},"tablet":{"background-color":"","background-image":"","background-repeat":"repeat","background-position":"center center","background-size":"auto","background-attachment":"scroll","background-type":"","background-media":"","overlay-type":"","overlay-color":"","overlay-opacity":"","overlay-gradient":""},"mobile":{"background-color":"","background-image":"","background-repeat":"repeat","background-position":"center center","background-size":"auto","background-attachment":"scroll","background-type":"","background-media":"","overlay-type":"","overlay-color":"","overlay-opacity":"","overlay-gradient":""}},"ast-content-background-meta":{"desktop":{"background-color":"var(--ast-global-color-5)","background-image":"","background-repeat":"repeat","background-position":"center center","background-size":"auto","background-attachment":"scroll","background-type":"","background-media":"","overlay-type":"","overlay-color":"","overlay-opacity":"","overlay-gradient":""},"tablet":{"background-color":"var(--ast-global-color-5)","background-image":"","background-repeat":"repeat","background-position":"center center","background-size":"auto","background-attachment":"scroll","background-type":"","background-media":"","overlay-type":"","overlay-color":"","overlay-opacity":"","overlay-gradient":""},"mobile":{"background-color":"var(--ast-global-color-5)","background-image":"","background-repeat":"repeat","background-position":"center center","background-size":"auto","background-attachment":"scroll","background-type":"","background-media":"","overlay-type":"","overlay-color":"","overlay-opacity":"","overlay-gradient":""}},"footnotes":""},"class_list":["post-9446","page","type-page","status-publish","hentry"],"post_mailing_queue_ids":[],"_links":{"self":[{"href":"https:\/\/agora.xtec.cat\/escola-ramonmuntaner\/wp-json\/wp\/v2\/pages\/9446","targetHints":{"allow":["GET"]}}],"collection":[{"href":"https:\/\/agora.xtec.cat\/escola-ramonmuntaner\/wp-json\/wp\/v2\/pages"}],"about":[{"href":"https:\/\/agora.xtec.cat\/escola-ramonmuntaner\/wp-json\/wp\/v2\/types\/page"}],"author":[{"embeddable":true,"href":"https:\/\/agora.xtec.cat\/escola-ramonmuntaner\/wp-json\/wp\/v2\/users\/1"}],"replies":[{"embeddable":true,"href":"https:\/\/agora.xtec.cat\/escola-ramonmuntaner\/wp-json\/wp\/v2\/comments?post=9446"}],"version-history":[{"count":6,"href":"https:\/\/agora.xtec.cat\/escola-ramonmuntaner\/wp-json\/wp\/v2\/pages\/9446\/revisions"}],"predecessor-version":[{"id":9707,"href":"https:\/\/agora.xtec.cat\/escola-ramonmuntaner\/wp-json\/wp\/v2\/pages\/9446\/revisions\/9707"}],"wp:attachment":[{"href":"https:\/\/agora.xtec.cat\/escola-ramonmuntaner\/wp-json\/wp\/v2\/media?parent=9446"}],"curies":[{"name":"wp","href":"https:\/\/api.w.org\/{rel}","templated":true}]}}