{"id":9271,"date":"2024-09-02T14:01:08","date_gmt":"2024-09-02T12:01:08","guid":{"rendered":"https:\/\/agora.xtec.cat\/escola-ramonmuntaner\/?page_id=9271"},"modified":"2026-04-08T12:17:53","modified_gmt":"2026-04-08T10:17:53","slug":"butlleti","status":"publish","type":"page","link":"https:\/\/agora.xtec.cat\/escola-ramonmuntaner\/lescola\/butlleti\/","title":{"rendered":"Butllet\u00ed"},"content":{"rendered":"<h5><strong>CURS 2025 &#8211; 26<\/strong><\/h5>\n<p><a href=\"https:\/\/drive.google.com\/file\/d\/1QoGMZ3WanGOo6K3vXprvDIauWb48uMu1\/view?usp=sharing\">Butllet\u00ed 1 Setembre<\/a><\/p>\n<p><a href=\"https:\/\/drive.google.com\/file\/d\/1KEEOzCpEHQbhei9WkHEtvSuqDrv1M5FD\/view?usp=drive_link\">Butllet\u00ed 2 Octubre<\/a><\/p>\n<p><a href=\"https:\/\/drive.google.com\/file\/d\/17oIIZiKss57Mtrbh1pEA4fRgoZ-a7apB\/view?usp=drive_link\">Butllet\u00ed 3 Novembre<\/a><\/p>\n<p><a href=\"https:\/\/drive.google.com\/file\/d\/1w3NDQ1EnBz1ifYfNksbQm-l07QeHsVMz\/view?usp=sharing\">Butllet\u00ed 4 Desembre<\/a><\/p>\n<p><a href=\"https:\/\/drive.google.com\/file\/d\/1r-Mkj-fk9b6unVlQ48sU_Ei3TwGhlt-8\/view?usp=drive_link\">Butllet\u00ed 5 Gener<\/a><\/p>\n<p><a href=\"https:\/\/drive.google.com\/file\/d\/17Q6GpZCKhvdICr4YNdzh6f9qQZqu4k12\/view?usp=drive_link\">Butllet\u00ed 6 Febrer<\/a><\/p>\n<p><a href=\"https:\/\/drive.google.com\/file\/d\/1G3qGEFnBg6kp5mkt_qpWfg-XnWyKwGvk\/view?usp=drive_link\">Butllet\u00ed 7 Mar\u00e7<\/a><\/p>\n<p><a href=\"https:\/\/drive.google.com\/file\/d\/1EKmFoUtBzp70I2E-tSow9_tz4B6FEF-C\/view?usp=drive_link\">Butllet\u00ed 8 Abril<\/a><\/p>\n<p>Butllet\u00ed 9 Maig<\/p>\n<p>Butllet\u00ed 10 Juny<\/p>\n<p>&nbsp;<\/p>\n<h5>CURS 2024 &#8211; 25<\/h5>\n<p><a href=\"https:\/\/drive.google.com\/file\/d\/1TGyXi_5X36jKS9SK1Im4Ewk1zbNrf_uR\/view?usp=sharing\">Butllet\u00ed 1 Setembre<\/a><\/p>\n<p><a href=\"https:\/\/drive.google.com\/file\/d\/1zuRD_MeX_kS0YYvGZ4WaFSS8hSajPGcj\/view?usp=sharing\">Butllet\u00ed 2 Octubre<\/a><\/p>\n<p><a href=\"https:\/\/drive.google.com\/file\/d\/1Ehim_iCh3Tm6AJIn_wNDvKdjLabBXHG-\/view?usp=sharing\">Butllet\u00ed 3 Novembre<\/a><\/p>\n<p><a href=\"https:\/\/drive.google.com\/file\/d\/1nB9hihdd47u116g6f3pEhDd_TKhnmbDW\/view?usp=sharing\">Butllet\u00ed 4 Desembre<\/a><\/p>\n<p><a href=\"https:\/\/drive.google.com\/file\/d\/1sgYh-XP_Yg3XbUaWR5am_EjWWzFkhs-7\/view?usp=sharing\">Butllet\u00ed 5 Gener<\/a><\/p>\n<p><a href=\"https:\/\/drive.google.com\/file\/d\/1ZAKVOIsRfLbPR0qV7QUhIZ3Rg5wyEJDU\/view?usp=sharing\">Butllet\u00ed 6 Febrer<\/a><\/p>\n<p><a href=\"https:\/\/drive.google.com\/file\/d\/1ebkZxRiI_EAL0w-FoB4axQXGHbK3lJe6\/view?usp=sharing\">Butllet\u00ed 7 Mar\u00e7<\/a><\/p>\n<p><a href=\"https:\/\/drive.google.com\/file\/d\/1cmkikkSg_But5i31rg5K05VA_djcn5sW\/view?usp=sharing\">Butllet\u00ed 8 Abril<\/a><\/p>\n<p><a href=\"https:\/\/drive.google.com\/file\/d\/1UqIYVKG0w-55Br_GViS34hUTunib2CEB\/view?usp=drive_link\">Butllet\u00ed 9 Maig<\/a><\/p>\n<p><a href=\"https:\/\/agora.xtec.cat\/escola-ramonmuntaner\/wp-content\/uploads\/usu445\/2025\/05\/10-JUNY-Butlleti.pdf.pdf\" target=\"_blank\" rel=\"noopener\">Butllet\u00ed 10 Juny<\/a><\/p>\n","protected":false},"excerpt":{"rendered":"<p>CURS 2025 &#8211; 26 Butllet\u00ed 1 Setembre Butllet\u00ed 2 Octubre Butllet\u00ed 3 Novembre Butllet\u00ed 4 Desembre Butllet\u00ed 5 Gener Butllet\u00ed [&hellip;]<\/p>\n","protected":false},"author":1,"featured_media":0,"parent":22,"menu_order":12,"comment_status":"closed","ping_status":"closed","template":"","meta":{"_bbp_topic_count":0,"_bbp_reply_count":0,"_bbp_total_topic_count":0,"_bbp_total_reply_count":0,"_bbp_voice_count":0,"_bbp_anonymous_reply_count":0,"_bbp_topic_count_hidden":0,"_bbp_reply_count_hidden":0,"_bbp_forum_subforum_count":0,"site-sidebar-layout":"default","site-content-layout":"","ast-site-content-layout":"default","site-content-style":"default","site-sidebar-style":"default","ast-global-header-display":"","ast-banner-title-visibility":"","ast-main-header-display":"","ast-hfb-above-header-display":"","ast-hfb-below-header-display":"","ast-hfb-mobile-header-display":"","site-post-title":"","ast-breadcrumbs-content":"","ast-featured-img":"","footer-sml-layout":"","theme-transparent-header-meta":"default","adv-header-id-meta":"","stick-header-meta":"","header-above-stick-meta":"","header-main-stick-meta":"","header-below-stick-meta":"","astra-migrate-meta-layouts":"set","ast-page-background-enabled":"default","ast-page-background-meta":{"desktop":{"background-color":"var(--ast-global-color-4)","background-image":"","background-repeat":"repeat","background-position":"center center","background-size":"auto","background-attachment":"scroll","background-type":"","background-media":"","overlay-type":"","overlay-color":"","overlay-opacity":"","overlay-gradient":""},"tablet":{"background-color":"","background-image":"","background-repeat":"repeat","background-position":"center center","background-size":"auto","background-attachment":"scroll","background-type":"","background-media":"","overlay-type":"","overlay-color":"","overlay-opacity":"","overlay-gradient":""},"mobile":{"background-color":"","background-image":"","background-repeat":"repeat","background-position":"center center","background-size":"auto","background-attachment":"scroll","background-type":"","background-media":"","overlay-type":"","overlay-color":"","overlay-opacity":"","overlay-gradient":""}},"ast-content-background-meta":{"desktop":{"background-color":"var(--ast-global-color-5)","background-image":"","background-repeat":"repeat","background-position":"center center","background-size":"auto","background-attachment":"scroll","background-type":"","background-media":"","overlay-type":"","overlay-color":"","overlay-opacity":"","overlay-gradient":""},"tablet":{"background-color":"var(--ast-global-color-5)","background-image":"","background-repeat":"repeat","background-position":"center center","background-size":"auto","background-attachment":"scroll","background-type":"","background-media":"","overlay-type":"","overlay-color":"","overlay-opacity":"","overlay-gradient":""},"mobile":{"background-color":"var(--ast-global-color-5)","background-image":"","background-repeat":"repeat","background-position":"center center","background-size":"auto","background-attachment":"scroll","background-type":"","background-media":"","overlay-type":"","overlay-color":"","overlay-opacity":"","overlay-gradient":""}},"footnotes":""},"class_list":["post-9271","page","type-page","status-publish","hentry"],"post_mailing_queue_ids":[],"_links":{"self":[{"href":"https:\/\/agora.xtec.cat\/escola-ramonmuntaner\/wp-json\/wp\/v2\/pages\/9271","targetHints":{"allow":["GET"]}}],"collection":[{"href":"https:\/\/agora.xtec.cat\/escola-ramonmuntaner\/wp-json\/wp\/v2\/pages"}],"about":[{"href":"https:\/\/agora.xtec.cat\/escola-ramonmuntaner\/wp-json\/wp\/v2\/types\/page"}],"author":[{"embeddable":true,"href":"https:\/\/agora.xtec.cat\/escola-ramonmuntaner\/wp-json\/wp\/v2\/users\/1"}],"replies":[{"embeddable":true,"href":"https:\/\/agora.xtec.cat\/escola-ramonmuntaner\/wp-json\/wp\/v2\/comments?post=9271"}],"version-history":[{"count":7,"href":"https:\/\/agora.xtec.cat\/escola-ramonmuntaner\/wp-json\/wp\/v2\/pages\/9271\/revisions"}],"predecessor-version":[{"id":9770,"href":"https:\/\/agora.xtec.cat\/escola-ramonmuntaner\/wp-json\/wp\/v2\/pages\/9271\/revisions\/9770"}],"up":[{"embeddable":true,"href":"https:\/\/agora.xtec.cat\/escola-ramonmuntaner\/wp-json\/wp\/v2\/pages\/22"}],"wp:attachment":[{"href":"https:\/\/agora.xtec.cat\/escola-ramonmuntaner\/wp-json\/wp\/v2\/media?parent=9271"}],"curies":[{"name":"wp","href":"https:\/\/api.w.org\/{rel}","templated":true}]}}