{"id":907,"date":"2016-11-14T16:03:07","date_gmt":"2016-11-14T15:03:07","guid":{"rendered":"http:\/\/agora.xtec.cat\/escola-ramonmuntaner\/?page_id=907"},"modified":"2022-02-22T12:26:53","modified_gmt":"2022-02-22T11:26:53","slug":"escola-verda","status":"publish","type":"page","link":"https:\/\/agora.xtec.cat\/escola-ramonmuntaner\/projecte-educatiu\/escola-verda\/","title":{"rendered":"Escola verda i Agenda 21"},"content":{"rendered":"<p>Com som Escola Verda des del curs 2010, cada any portem a terme diverses activitats relacionades amb el Medi Ambient.<\/p>\n<p>Les\u00a0 actuacions d\u2019enguany s\u00f3n:<\/p>\n<p>HORT: Es treballa des de les aules i aquest curs es faran dues plantades.<\/p>\n<p>DELEGATS VERDS: Hi ha dos delegats per curs que assumeixen responsabilitats (tancar llums i obrir finestres de la classe a l&#8217;hora del pati, buidar contenidor de paper).<\/p>\n<p>SETMANA VERDA: Durant aquesta setmana s&#8217;aniran treballant aspectes relacionats amb la sostenibilitat i el medi ambient, a trav\u00e9s de tallers i bicicletades.<\/p>\n<p>A\u00a0 m\u00e9s a m\u00e9s, es fa el seguiment de: participaci\u00f3 en el Projecte Re-paper, apadrinament d\u2019espais p\u00fablics, aprofitament did\u00e0ctic del compostatge, reutilitzaci\u00f3 de llibres de text, reutilitzaci\u00f3 de fulls, \u00fas de la carmanyola i creativitat a traves del reciclatge.<\/p>\n<p>Seguim en contacte amb l&#8217;associaci\u00f3 <a href=\"http:\/\/www.mobilitzatperlaselva.org\">Jane Goodall<\/a> i tamb\u00e9 amb la fundaci\u00f3<a href=\"https:\/\/fundacionmona.org\/ca\/\"> MONA.<\/a><\/p>\n<p>I per acabar, tamb\u00e9 formem part de <a href=\"http:\/\/www.global21.cat\/que-es-lagenda-21-escolar\/\">l&#8217;Agenda 21<\/a> per millorar l&#8217;ambientalitzaci\u00f3 de la nostra escola.<\/p>\n<p>&nbsp;<\/p>\n","protected":false},"excerpt":{"rendered":"<p>Com som Escola Verda des del curs 2010, cada any portem a terme diverses activitats relacionades amb el Medi Ambient. [&hellip;]<\/p>\n","protected":false},"author":60,"featured_media":0,"parent":64,"menu_order":6,"comment_status":"closed","ping_status":"closed","template":"page-templates\/side-menu.php","meta":{"_bbp_topic_count":0,"_bbp_reply_count":0,"_bbp_total_topic_count":0,"_bbp_total_reply_count":0,"_bbp_voice_count":0,"_bbp_anonymous_reply_count":0,"_bbp_topic_count_hidden":0,"_bbp_reply_count_hidden":0,"_bbp_forum_subforum_count":0,"site-sidebar-layout":"default","site-content-layout":"","ast-site-content-layout":"","site-content-style":"default","site-sidebar-style":"default","ast-global-header-display":"","ast-banner-title-visibility":"","ast-main-header-display":"","ast-hfb-above-header-display":"","ast-hfb-below-header-display":"","ast-hfb-mobile-header-display":"","site-post-title":"","ast-breadcrumbs-content":"","ast-featured-img":"","footer-sml-layout":"","theme-transparent-header-meta":"","adv-header-id-meta":"","stick-header-meta":"","header-above-stick-meta":"","header-main-stick-meta":"","header-below-stick-meta":"","astra-migrate-meta-layouts":"default","ast-page-background-enabled":"default","ast-page-background-meta":{"desktop":{"background-color":"var(--ast-global-color-4)","background-image":"","background-repeat":"repeat","background-position":"center center","background-size":"auto","background-attachment":"scroll","background-type":"","background-media":"","overlay-type":"","overlay-color":"","overlay-opacity":"","overlay-gradient":""},"tablet":{"background-color":"","background-image":"","background-repeat":"repeat","background-position":"center center","background-size":"auto","background-attachment":"scroll","background-type":"","background-media":"","overlay-type":"","overlay-color":"","overlay-opacity":"","overlay-gradient":""},"mobile":{"background-color":"","background-image":"","background-repeat":"repeat","background-position":"center center","background-size":"auto","background-attachment":"scroll","background-type":"","background-media":"","overlay-type":"","overlay-color":"","overlay-opacity":"","overlay-gradient":""}},"ast-content-background-meta":{"desktop":{"background-color":"var(--ast-global-color-5)","background-image":"","background-repeat":"repeat","background-position":"center center","background-size":"auto","background-attachment":"scroll","background-type":"","background-media":"","overlay-type":"","overlay-color":"","overlay-opacity":"","overlay-gradient":""},"tablet":{"background-color":"var(--ast-global-color-5)","background-image":"","background-repeat":"repeat","background-position":"center center","background-size":"auto","background-attachment":"scroll","background-type":"","background-media":"","overlay-type":"","overlay-color":"","overlay-opacity":"","overlay-gradient":""},"mobile":{"background-color":"var(--ast-global-color-5)","background-image":"","background-repeat":"repeat","background-position":"center center","background-size":"auto","background-attachment":"scroll","background-type":"","background-media":"","overlay-type":"","overlay-color":"","overlay-opacity":"","overlay-gradient":""}},"footnotes":""},"class_list":["post-907","page","type-page","status-publish","hentry"],"post_mailing_queue_ids":[],"_links":{"self":[{"href":"https:\/\/agora.xtec.cat\/escola-ramonmuntaner\/wp-json\/wp\/v2\/pages\/907","targetHints":{"allow":["GET"]}}],"collection":[{"href":"https:\/\/agora.xtec.cat\/escola-ramonmuntaner\/wp-json\/wp\/v2\/pages"}],"about":[{"href":"https:\/\/agora.xtec.cat\/escola-ramonmuntaner\/wp-json\/wp\/v2\/types\/page"}],"author":[{"embeddable":true,"href":"https:\/\/agora.xtec.cat\/escola-ramonmuntaner\/wp-json\/wp\/v2\/users\/60"}],"replies":[{"embeddable":true,"href":"https:\/\/agora.xtec.cat\/escola-ramonmuntaner\/wp-json\/wp\/v2\/comments?post=907"}],"version-history":[{"count":4,"href":"https:\/\/agora.xtec.cat\/escola-ramonmuntaner\/wp-json\/wp\/v2\/pages\/907\/revisions"}],"predecessor-version":[{"id":7576,"href":"https:\/\/agora.xtec.cat\/escola-ramonmuntaner\/wp-json\/wp\/v2\/pages\/907\/revisions\/7576"}],"up":[{"embeddable":true,"href":"https:\/\/agora.xtec.cat\/escola-ramonmuntaner\/wp-json\/wp\/v2\/pages\/64"}],"wp:attachment":[{"href":"https:\/\/agora.xtec.cat\/escola-ramonmuntaner\/wp-json\/wp\/v2\/media?parent=907"}],"curies":[{"name":"wp","href":"https:\/\/api.w.org\/{rel}","templated":true}]}}