{"id":8758,"date":"2023-06-14T11:28:24","date_gmt":"2023-06-14T09:28:24","guid":{"rendered":"https:\/\/agora.xtec.cat\/escola-ramonmuntaner\/?page_id=8758"},"modified":"2026-04-08T12:00:18","modified_gmt":"2026-04-08T10:00:18","slug":"radio-muntaner","status":"publish","type":"page","link":"https:\/\/agora.xtec.cat\/escola-ramonmuntaner\/radio-muntaner\/","title":{"rendered":"R\u00e0dio Muntaner"},"content":{"rendered":"<h1><img loading=\"lazy\" decoding=\"async\" class=\"wp-image-9732 alignnone\" src=\"https:\/\/agora.xtec.cat\/escola-ramonmuntaner\/wp-content\/uploads\/usu445\/2026\/01\/1.png\" alt=\"\" width=\"169\" height=\"169\" srcset=\"https:\/\/agora.xtec.cat\/escola-ramonmuntaner\/wp-content\/uploads\/usu445\/2026\/01\/1.png 500w, https:\/\/agora.xtec.cat\/escola-ramonmuntaner\/wp-content\/uploads\/usu445\/2026\/01\/1-300x300.png 300w, https:\/\/agora.xtec.cat\/escola-ramonmuntaner\/wp-content\/uploads\/usu445\/2026\/01\/1-150x150.png 150w\" sizes=\"auto, (max-width: 169px) 100vw, 169px\" \/>\u00a0\u00a0 \u00a0\u00a0 \u00a0 \u00a0 \u00a0 \u00a0 \u00a0 \u00a0<img loading=\"lazy\" decoding=\"async\" class=\"alignnone wp-image-9737\" src=\"https:\/\/agora.xtec.cat\/escola-ramonmuntaner\/wp-content\/uploads\/usu445\/2026\/01\/Foto-radio-web.jpg\" alt=\"\" width=\"380\" height=\"183\" srcset=\"https:\/\/agora.xtec.cat\/escola-ramonmuntaner\/wp-content\/uploads\/usu445\/2026\/01\/Foto-radio-web.jpg 754w, https:\/\/agora.xtec.cat\/escola-ramonmuntaner\/wp-content\/uploads\/usu445\/2026\/01\/Foto-radio-web-300x144.jpg 300w\" sizes=\"auto, (max-width: 380px) 100vw, 380px\" \/><\/h1>\n<h2><strong>CURS 25\/26<\/strong><\/h2>\n<h4>Segon trimestre<\/h4>\n<p data-path-to-node=\"1\">L\u2019alumnat de 5\u00e8 ens presenta una nova edici\u00f3 de la R\u00e0dio Muntaner marcada per la sostenibilitat, amb una entrevista a la directora Montse Roig sobre les obres del pati i la participaci\u00f3 dels infants de 1r. Destaquem tamb\u00e9 una conversa amb el senyor Josep Maria Laredo jugador del Bar\u00e7a, Espai Lila dedicat al feminisme, i un recorregut per la cultura de Peralada que inclou gegants, hereus i pubilles. Tot plegat es completa amb l&#8217;actualitat de les xarxes socials i les darreres novetats de l&#8217;English Corner.<\/p>\n<p><iframe loading=\"lazy\" src=\"https:\/\/www.ivoox.com\/player_ej_171570209_6_1.html?c1=23ade8\" width=\"100%\" height=\"200\" frameborder=\"0\" scrolling=\"no\" allowfullscreen=\"allowfullscreen\"><\/iframe><\/p>\n<h4><\/h4>\n<h4>Primer trimestre<\/h4>\n<p style=\"text-align: justify;\">Ja tenim disponible el primer programa de r\u00e0dio, realitzat per l&#8217;alumnat de 6\u00e8 de l&#8217;escola. Aquest programa de r\u00e0dio combina l&#8217;actualitat m\u00e9s propera amb grans fites esportives, destacant les entrevistes a la campiona d&#8217;halterof\u00edlia Anna Jorquera i al patinador \u00c0ngel Mart\u00ednez Bayona. Tamb\u00e9 repassa les reformes del pati de l&#8217;escola entre molts altres temes.<\/p>\n<p><iframe loading=\"lazy\" src=\"https:\/\/www.ivoox.com\/player_ej_166740188_6_1.html?c1=5abb3e\" width=\"100%\" height=\"200\" frameborder=\"0\" scrolling=\"no\" allowfullscreen=\"allowfullscreen\"><\/iframe><\/p>\n<p>&nbsp;<\/p>\n<p>&nbsp;<\/p>\n<p>&nbsp;<\/p>\n<p>&nbsp;<\/p>\n<p>&nbsp;<\/p>\n","protected":false},"excerpt":{"rendered":"<p>\u00a0\u00a0 \u00a0\u00a0 \u00a0 \u00a0 \u00a0 \u00a0 \u00a0 \u00a0 CURS 25\/26 Segon trimestre L\u2019alumnat de 5\u00e8 ens presenta una nova edici\u00f3 [&hellip;]<\/p>\n","protected":false},"author":1,"featured_media":0,"parent":0,"menu_order":0,"comment_status":"closed","ping_status":"closed","template":"","meta":{"_bbp_topic_count":0,"_bbp_reply_count":0,"_bbp_total_topic_count":0,"_bbp_total_reply_count":0,"_bbp_voice_count":0,"_bbp_anonymous_reply_count":0,"_bbp_topic_count_hidden":0,"_bbp_reply_count_hidden":0,"_bbp_forum_subforum_count":0,"site-sidebar-layout":"default","site-content-layout":"","ast-site-content-layout":"default","site-content-style":"default","site-sidebar-style":"default","ast-global-header-display":"","ast-banner-title-visibility":"","ast-main-header-display":"","ast-hfb-above-header-display":"","ast-hfb-below-header-display":"","ast-hfb-mobile-header-display":"","site-post-title":"","ast-breadcrumbs-content":"","ast-featured-img":"","footer-sml-layout":"","theme-transparent-header-meta":"default","adv-header-id-meta":"","stick-header-meta":"","header-above-stick-meta":"","header-main-stick-meta":"","header-below-stick-meta":"","astra-migrate-meta-layouts":"set","ast-page-background-enabled":"default","ast-page-background-meta":{"desktop":{"background-color":"var(--ast-global-color-4)","background-image":"","background-repeat":"repeat","background-position":"center center","background-size":"auto","background-attachment":"scroll","background-type":"","background-media":"","overlay-type":"","overlay-color":"","overlay-opacity":"","overlay-gradient":""},"tablet":{"background-color":"","background-image":"","background-repeat":"repeat","background-position":"center center","background-size":"auto","background-attachment":"scroll","background-type":"","background-media":"","overlay-type":"","overlay-color":"","overlay-opacity":"","overlay-gradient":""},"mobile":{"background-color":"","background-image":"","background-repeat":"repeat","background-position":"center center","background-size":"auto","background-attachment":"scroll","background-type":"","background-media":"","overlay-type":"","overlay-color":"","overlay-opacity":"","overlay-gradient":""}},"ast-content-background-meta":{"desktop":{"background-color":"var(--ast-global-color-5)","background-image":"","background-repeat":"repeat","background-position":"center center","background-size":"auto","background-attachment":"scroll","background-type":"","background-media":"","overlay-type":"","overlay-color":"","overlay-opacity":"","overlay-gradient":""},"tablet":{"background-color":"var(--ast-global-color-5)","background-image":"","background-repeat":"repeat","background-position":"center center","background-size":"auto","background-attachment":"scroll","background-type":"","background-media":"","overlay-type":"","overlay-color":"","overlay-opacity":"","overlay-gradient":""},"mobile":{"background-color":"var(--ast-global-color-5)","background-image":"","background-repeat":"repeat","background-position":"center center","background-size":"auto","background-attachment":"scroll","background-type":"","background-media":"","overlay-type":"","overlay-color":"","overlay-opacity":"","overlay-gradient":""}},"footnotes":""},"class_list":["post-8758","page","type-page","status-publish","hentry"],"post_mailing_queue_ids":[],"_links":{"self":[{"href":"https:\/\/agora.xtec.cat\/escola-ramonmuntaner\/wp-json\/wp\/v2\/pages\/8758","targetHints":{"allow":["GET"]}}],"collection":[{"href":"https:\/\/agora.xtec.cat\/escola-ramonmuntaner\/wp-json\/wp\/v2\/pages"}],"about":[{"href":"https:\/\/agora.xtec.cat\/escola-ramonmuntaner\/wp-json\/wp\/v2\/types\/page"}],"author":[{"embeddable":true,"href":"https:\/\/agora.xtec.cat\/escola-ramonmuntaner\/wp-json\/wp\/v2\/users\/1"}],"replies":[{"embeddable":true,"href":"https:\/\/agora.xtec.cat\/escola-ramonmuntaner\/wp-json\/wp\/v2\/comments?post=8758"}],"version-history":[{"count":6,"href":"https:\/\/agora.xtec.cat\/escola-ramonmuntaner\/wp-json\/wp\/v2\/pages\/8758\/revisions"}],"predecessor-version":[{"id":9769,"href":"https:\/\/agora.xtec.cat\/escola-ramonmuntaner\/wp-json\/wp\/v2\/pages\/8758\/revisions\/9769"}],"wp:attachment":[{"href":"https:\/\/agora.xtec.cat\/escola-ramonmuntaner\/wp-json\/wp\/v2\/media?parent=8758"}],"curies":[{"name":"wp","href":"https:\/\/api.w.org\/{rel}","templated":true}]}}